{"id":64710,"date":"2026-01-07T11:23:07","date_gmt":"2026-01-07T11:23:07","guid":{"rendered":"https:\/\/shoponlinedz.com\/product\/masseur-electrique-double-tetes-6-vitesses-reglables\/"},"modified":"2026-02-13T21:15:41","modified_gmt":"2026-02-13T20:15:41","slug":"masseur-electrique-double-tetes-6-vitesses-reglables","status":"publish","type":"product","link":"https:\/\/shoponlinedz.com\/en\/product\/masseur-electrique-double-tetes-6-vitesses-reglables\/","title":{"rendered":"Masseur \u00e9lectrique double t\u00eates 6 vitesses r\u00e9glables"},"content":{"rendered":"<figure class=\"attachment attachment--preview\" data-trix-attachment=\"{&quot;contentType&quot;:&quot;image&quot;,&quot;height&quot;:1024,&quot;url&quot;:&quot;https:\/\/sawaqli.fra1.cdn.digitaloceanspaces.com\/1587\/38-cm-5-3.jpg&quot;,&quot;width&quot;:1024}\" data-trix-content-type=\"image\"><img decoding=\"async\" class=\"aligncenter\" src=\"https:\/\/sawaqli.fra1.cdn.digitaloceanspaces.com\/1587\/38-cm-5-3.jpg\" width=\"1024\" height=\"1024\" \/><figcaption class=\"attachment__caption\"><\/figcaption><\/figure>\n<figure class=\"attachment attachment--preview\" data-trix-attachment=\"{&quot;contentType&quot;:&quot;image&quot;,&quot;height&quot;:1024,&quot;url&quot;:&quot;https:\/\/sawaqli.fra1.cdn.digitaloceanspaces.com\/1588\/Sc6a3a196b14d4b25bc9bd01487c89c4fE.jpg&quot;,&quot;width&quot;:1024}\" data-trix-content-type=\"image\"><img decoding=\"async\" class=\"aligncenter\" src=\"https:\/\/sawaqli.fra1.cdn.digitaloceanspaces.com\/1588\/Sc6a3a196b14d4b25bc9bd01487c89c4fE.jpg\" width=\"1024\" height=\"1024\" \/><figcaption class=\"attachment__caption\"><\/figcaption><\/figure>\n<figure class=\"attachment attachment--preview\" data-trix-attachment=\"{&quot;contentType&quot;:&quot;image&quot;,&quot;height&quot;:1024,&quot;url&quot;:&quot;https:\/\/sawaqli.fra1.cdn.digitaloceanspaces.com\/1589\/41Jh6m2AcyL.jpg&quot;,&quot;width&quot;:1024}\" data-trix-content-type=\"image\"><img decoding=\"async\" class=\"aligncenter\" src=\"https:\/\/sawaqli.fra1.cdn.digitaloceanspaces.com\/1589\/41Jh6m2AcyL.jpg\" width=\"1024\" height=\"1024\" \/><figcaption class=\"attachment__caption\"><\/figcaption><\/figure>\n<figure class=\"attachment attachment--preview\" data-trix-attachment=\"{&quot;contentType&quot;:&quot;image&quot;,&quot;height&quot;:1024,&quot;url&quot;:&quot;https:\/\/sawaqli.fra1.cdn.digitaloceanspaces.com\/1590\/S74fa60dd9aec436895249fb5ecd68dfc4.jpg&quot;,&quot;width&quot;:1024}\" data-trix-content-type=\"image\"><img decoding=\"async\" class=\"aligncenter\" src=\"https:\/\/sawaqli.fra1.cdn.digitaloceanspaces.com\/1590\/S74fa60dd9aec436895249fb5ecd68dfc4.jpg\" width=\"1024\" height=\"1024\" \/><figcaption class=\"attachment__caption\"><\/figcaption><\/figure>\n<figure class=\"attachment attachment--preview\" data-trix-attachment=\"{&quot;contentType&quot;:&quot;image&quot;,&quot;height&quot;:1024,&quot;url&quot;:&quot;https:\/\/sawaqli.fra1.cdn.digitaloceanspaces.com\/23835\/Massager-Pro-cnc.jpg&quot;,&quot;width&quot;:1024}\" data-trix-content-type=\"image\"><img decoding=\"async\" class=\"aligncenter\" src=\"https:\/\/sawaqli.fra1.cdn.digitaloceanspaces.com\/23835\/Massager-Pro-cnc.jpg\" width=\"1024\" height=\"1024\" \/><figcaption class=\"attachment__caption\"><\/figcaption><\/figure>\n<p style=\"text-align: center;\">","protected":false},"excerpt":{"rendered":"<p>\u062c\u0647\u0627\u0632 \u062a\u062f\u0644\u064a\u0643 \u0643\u0647\u0631\u0628\u0627\u0626\u064a \u0644\u0644\u0639\u0636\u0644\u0627\u062a6 \u0633\u0631\u0639\u0627\u062a \u0627\u0647\u062a\u0632\u0627\u0632 \u0642\u0627\u0628\u0644\u0629 \u0644\u0644\u062a\u0639\u062f\u064a\u0644\u062a\u0635\u0645\u064a\u0645 \u0628\u0631\u0623\u0633\u064a\u0646 \u0644\u062a\u062f\u0644\u064a\u0643 \u0645\u0631\u064a\u062d\u064a\u0633\u0627\u0639\u062f \u0639\u0644\u0649 \u062a\u062e\u0641\u064a\u0641 \u0622\u0644\u0627\u0645 \u0627\u0644\u0639\u0636\u0644\u0627\u062a \u0628\u0639\u062f \u0627\u0644\u062a\u062f\u0631\u064a\u0628 \u0623\u0648 \u0627\u0644\u062a\u0645\u0627\u0631\u064a\u0646\u0645\u0646\u0627\u0633\u0628 \u0644\u0645\u062e\u062a\u0644\u0641 \u0645\u0646\u0627\u0637\u0642 \u0627\u0644\u062c\u0633\u0645: \u0627\u0644\u0643\u062a\u0641\u060c \u0627\u0644\u0638\u0647\u0631\u060c \u0627\u0644\u0630\u0631\u0627\u0639\u060c \u0627\u0644\u0633\u0627\u0642\u062a\u0635\u0645\u064a\u0645 \u0645\u0646\u062e\u0641\u0636 \u0627\u0644\u0636\u0648\u0636\u0627\u0621 \u0627\u0644\u0645\u0648\u0627\u0635\u0641\u0627\u062a:\u0628\u0637\u0627\u0631\u064a\u0629 \u0628\u0633\u0639\u0629: \u200e1500mAh\u200e \u0645\u062f\u0645\u062c\u0629\u0627\u0644\u062c\u0647\u062f: \u200e5V\u200e\u0627\u0644\u062a\u064a\u0627\u0631: \u200e3A\u200e\u0627\u0644\u0642\u062f\u0631\u0629: \u200e25W\u200e\u0627\u0644\u062a\u0631\u062f\u062f: \u200e50Hz\u200e\u0633\u0631\u0639\u0629 \u0627\u0644\u0645\u062d\u0631\u0643: \u200e3200\u200e \u062f\u0648\u0631\u0629\u0627\u0644\u0645\u0627\u062f\u0629: ABS\u0627\u0644\u062d\u062c\u0645: \u062a\u0642\u0631\u064a\u0628\u0627\u064b \u200e14\u00d714\u00d74 \u0633\u0645\u200e<\/p>","protected":false},"featured_media":64709,"comment_status":"open","ping_status":"closed","template":"","meta":[],"product_brand":[],"product_cat":[2463],"product_tag":[],"class_list":{"0":"post-64710","1":"product","2":"type-product","3":"status-publish","4":"has-post-thumbnail","6":"product_cat-electronique","8":"first","9":"instock","10":"taxable","11":"shipping-taxable","12":"purchasable","13":"product-type-simple"},"jetpack_sharing_enabled":true,"_links":{"self":[{"href":"https:\/\/shoponlinedz.com\/en\/wp-json\/wp\/v2\/product\/64710","targetHints":{"allow":["GET"]}}],"collection":[{"href":"https:\/\/shoponlinedz.com\/en\/wp-json\/wp\/v2\/product"}],"about":[{"href":"https:\/\/shoponlinedz.com\/en\/wp-json\/wp\/v2\/types\/product"}],"replies":[{"embeddable":true,"href":"https:\/\/shoponlinedz.com\/en\/wp-json\/wp\/v2\/comments?post=64710"}],"version-history":[{"count":0,"href":"https:\/\/shoponlinedz.com\/en\/wp-json\/wp\/v2\/product\/64710\/revisions"}],"wp:featuredmedia":[{"embeddable":true,"href":"https:\/\/shoponlinedz.com\/en\/wp-json\/wp\/v2\/media\/64709"}],"wp:attachment":[{"href":"https:\/\/shoponlinedz.com\/en\/wp-json\/wp\/v2\/media?parent=64710"}],"wp:term":[{"taxonomy":"product_brand","embeddable":true,"href":"https:\/\/shoponlinedz.com\/en\/wp-json\/wp\/v2\/product_brand?post=64710"},{"taxonomy":"product_cat","embeddable":true,"href":"https:\/\/shoponlinedz.com\/en\/wp-json\/wp\/v2\/product_cat?post=64710"},{"taxonomy":"product_tag","embeddable":true,"href":"https:\/\/shoponlinedz.com\/en\/wp-json\/wp\/v2\/product_tag?post=64710"}],"curies":[{"name":"wp","href":"https:\/\/api.w.org\/{rel}","templated":true}]}}