{"id":64691,"date":"2026-01-07T11:22:17","date_gmt":"2026-01-07T11:22:17","guid":{"rendered":"https:\/\/shoponlinedz.com\/product\/reveil-numerique-intelligent-horloge-a-affichage-numerique-miroir-avec-lumiere-led\/"},"modified":"2026-02-13T21:15:42","modified_gmt":"2026-02-13T20:15:42","slug":"reveil-numerique-intelligent-horloge-a-affichage-numerique-miroir-avec-lumiere-led","status":"publish","type":"product","link":"https:\/\/shoponlinedz.com\/en\/product\/reveil-numerique-intelligent-horloge-a-affichage-numerique-miroir-avec-lumiere-led\/","title":{"rendered":"R\u00e9veil num\u00e9rique intelligent horloge \u00e0 affichage num\u00e9rique miroir avec lumi\u00e8re LED"},"content":{"rendered":"<figure class=\"attachment attachment--preview\" data-trix-attachment=\"{&quot;contentType&quot;:&quot;image&quot;,&quot;height&quot;:1024,&quot;url&quot;:&quot;https:\/\/sawaqli.fra1.cdn.digitaloceanspaces.com\/1635\/dddddddd.jpg&quot;,&quot;width&quot;:1024}\" data-trix-content-type=\"image\"><img decoding=\"async\" class=\"aligncenter\" src=\"https:\/\/sawaqli.fra1.cdn.digitaloceanspaces.com\/1635\/dddddddd.jpg\" width=\"1024\" height=\"1024\" \/><figcaption class=\"attachment__caption\"><\/figcaption><\/figure>\n<figure class=\"attachment attachment--preview\" data-trix-attachment=\"{&quot;contentType&quot;:&quot;image&quot;,&quot;height&quot;:1024,&quot;url&quot;:&quot;https:\/\/sawaqli.fra1.cdn.digitaloceanspaces.com\/1636\/WhatsApp-Image-2022-05-19-at-17.49.03-1.jpeg&quot;,&quot;width&quot;:1024}\" data-trix-content-type=\"image\"><img decoding=\"async\" class=\"aligncenter\" src=\"https:\/\/sawaqli.fra1.cdn.digitaloceanspaces.com\/1636\/WhatsApp-Image-2022-05-19-at-17.49.03-1.jpeg\" width=\"1024\" height=\"1024\" \/><figcaption class=\"attachment__caption\"><\/figcaption><\/figure>\n<figure class=\"attachment attachment--preview\" data-trix-attachment=\"{&quot;contentType&quot;:&quot;image&quot;,&quot;height&quot;:1024,&quot;url&quot;:&quot;https:\/\/sawaqli.fra1.cdn.digitaloceanspaces.com\/1637\/WhatsApp-Image-2022-05-19-at-17.49.02-1.jpeg&quot;,&quot;width&quot;:1024}\" data-trix-content-type=\"image\"><img decoding=\"async\" class=\"aligncenter\" src=\"https:\/\/sawaqli.fra1.cdn.digitaloceanspaces.com\/1637\/WhatsApp-Image-2022-05-19-at-17.49.02-1.jpeg\" width=\"1024\" height=\"1024\" \/><figcaption class=\"attachment__caption\"><\/figcaption><\/figure>\n<figure class=\"attachment attachment--preview\" data-trix-attachment=\"{&quot;contentType&quot;:&quot;image&quot;,&quot;height&quot;:1024,&quot;url&quot;:&quot;https:\/\/sawaqli.fra1.cdn.digitaloceanspaces.com\/1638\/Se0909ecdf35a4a5cb7a4070a5b0f398cM.jpg&quot;,&quot;width&quot;:1024}\" data-trix-content-type=\"image\"><img decoding=\"async\" class=\"aligncenter\" src=\"https:\/\/sawaqli.fra1.cdn.digitaloceanspaces.com\/1638\/Se0909ecdf35a4a5cb7a4070a5b0f398cM.jpg\" width=\"1024\" height=\"1024\" \/><figcaption class=\"attachment__caption\"><\/figcaption><\/figure>\n<figure class=\"attachment attachment--preview\" data-trix-attachment=\"{&quot;contentType&quot;:&quot;image&quot;,&quot;height&quot;:1024,&quot;url&quot;:&quot;https:\/\/sawaqli.fra1.cdn.digitaloceanspaces.com\/1639\/Sfd648a2a3c7d4fc386992962abea8c7ei.jpg&quot;,&quot;width&quot;:1024}\" data-trix-content-type=\"image\"><img decoding=\"async\" class=\"aligncenter\" src=\"https:\/\/sawaqli.fra1.cdn.digitaloceanspaces.com\/1639\/Sfd648a2a3c7d4fc386992962abea8c7ei.jpg\" width=\"1024\" height=\"1024\" \/><figcaption class=\"attachment__caption\"><\/figcaption><\/figure>\n<p style=\"text-align: center;\">","protected":false},"excerpt":{"rendered":"<p>\u0645\u0646\u0628\u0647 \u0631\u0642\u0645\u064a \u0645\u0639 \u0645\u0631\u0622\u0629\u0627\u0644\u0645\u0648\u0627\u0635\u0641\u0627\u062a:\u064a\u0639\u0645\u0644 \u0643\u0645\u0646\u0628\u0647 \u0648\u0645\u0631\u0622\u0629 \u0648\u0645\u0642\u064a\u0627\u0633 \u062d\u0631\u0627\u0631\u0629.\u0634\u0627\u0634\u0629 LED \u062a\u062a\u063a\u064a\u0631 \u0634\u062f\u062a\u0647\u0627 \u062d\u0633\u0628 \u0627\u0644\u0625\u0636\u0627\u0621\u0629 (\u0633\u0631\u0639\u062a\u0627\u0646 \u0644\u0644\u0633\u0637\u0648\u0639).\u0639\u0631\u0636 \u0627\u0644\u0648\u0642\u062a \u0628\u0646\u0638\u0627\u0645 12\/24 \u0633\u0627\u0639\u0629.\u0645\u062f\u0649 \u0627\u0633\u062a\u0634\u0639\u0627\u0631 \u0627\u0644\u062d\u0631\u0627\u0631\u0629: -10 \u0625\u0644\u0649 50 \u062f\u0631\u062c\u0629 \u0645\u0626\u0648\u064a\u0629.\u0645\u0627\u062f\u0629 \u0627\u0644\u0635\u0646\u0639: ABS.\u0627\u0644\u0637\u0627\u0642\u0629: 3 \u0628\u0637\u0627\u0631\u064a\u0627\u062a AAA (\u063a\u064a\u0631 \u0645\u0631\u0641\u0642\u0629) \u0623\u0648 \u0639\u0628\u0631 \u0645\u0646\u0641\u0630 USB.\u0627\u0644\u062d\u062c\u0645: \u200e15.2 \u00d7 4.5 \u00d7 3.4 \u0633\u0645. \u0645\u062d\u062a\u0648\u064a\u0627\u062a \u0627\u0644\u0639\u0628\u0648\u0629:1 \u00d7 \u0645\u0646\u0628\u0647.1 \u00d7 \u0643\u0627\u0628\u0644 \u0634\u062d\u0646. .<\/p>","protected":false},"featured_media":64690,"comment_status":"open","ping_status":"closed","template":"","meta":[],"product_brand":[],"product_cat":[2463],"product_tag":[],"class_list":{"0":"post-64691","1":"product","2":"type-product","3":"status-publish","4":"has-post-thumbnail","6":"product_cat-electronique","8":"first","9":"instock","10":"taxable","11":"shipping-taxable","12":"purchasable","13":"product-type-simple"},"jetpack_sharing_enabled":true,"_links":{"self":[{"href":"https:\/\/shoponlinedz.com\/en\/wp-json\/wp\/v2\/product\/64691","targetHints":{"allow":["GET"]}}],"collection":[{"href":"https:\/\/shoponlinedz.com\/en\/wp-json\/wp\/v2\/product"}],"about":[{"href":"https:\/\/shoponlinedz.com\/en\/wp-json\/wp\/v2\/types\/product"}],"replies":[{"embeddable":true,"href":"https:\/\/shoponlinedz.com\/en\/wp-json\/wp\/v2\/comments?post=64691"}],"version-history":[{"count":0,"href":"https:\/\/shoponlinedz.com\/en\/wp-json\/wp\/v2\/product\/64691\/revisions"}],"wp:featuredmedia":[{"embeddable":true,"href":"https:\/\/shoponlinedz.com\/en\/wp-json\/wp\/v2\/media\/64690"}],"wp:attachment":[{"href":"https:\/\/shoponlinedz.com\/en\/wp-json\/wp\/v2\/media?parent=64691"}],"wp:term":[{"taxonomy":"product_brand","embeddable":true,"href":"https:\/\/shoponlinedz.com\/en\/wp-json\/wp\/v2\/product_brand?post=64691"},{"taxonomy":"product_cat","embeddable":true,"href":"https:\/\/shoponlinedz.com\/en\/wp-json\/wp\/v2\/product_cat?post=64691"},{"taxonomy":"product_tag","embeddable":true,"href":"https:\/\/shoponlinedz.com\/en\/wp-json\/wp\/v2\/product_tag?post=64691"}],"curies":[{"name":"wp","href":"https:\/\/api.w.org\/{rel}","templated":true}]}}