{"id":64675,"date":"2026-01-07T11:21:34","date_gmt":"2026-01-07T11:21:34","guid":{"rendered":"https:\/\/shoponlinedz.com\/product\/flame-diffuseur-dhuile-essentielle-et-darome-pour-aromatherapie\/"},"modified":"2026-02-13T21:15:43","modified_gmt":"2026-02-13T20:15:43","slug":"flame-diffuseur-dhuile-essentielle-et-darome-pour-aromatherapie","status":"publish","type":"product","link":"https:\/\/shoponlinedz.com\/en\/product\/flame-diffuseur-dhuile-essentielle-et-darome-pour-aromatherapie\/","title":{"rendered":"Flame Diffuseur d&#8217;huile essentielle et d&#8217;ar\u00f4me pour aromath\u00e9rapie"},"content":{"rendered":"<figure class=\"attachment attachment--preview\" data-trix-attachment=\"{&quot;contentType&quot;:&quot;image&quot;,&quot;height&quot;:1024,&quot;url&quot;:&quot;https:\/\/sawaqli.fra1.cdn.digitaloceanspaces.com\/23838\/Humdificateur-flame-2.jpg&quot;,&quot;width&quot;:1024}\" data-trix-content-type=\"image\"><img decoding=\"async\" class=\"aligncenter\" src=\"https:\/\/sawaqli.fra1.cdn.digitaloceanspaces.com\/23838\/Humdificateur-flame-2.jpg\" width=\"1024\" height=\"1024\" \/><figcaption class=\"attachment__caption\"><\/figcaption><\/figure>\n<figure class=\"attachment attachment--preview\" data-trix-attachment=\"{&quot;contentType&quot;:&quot;image&quot;,&quot;height&quot;:1024,&quot;url&quot;:&quot;https:\/\/sawaqli.fra1.cdn.digitaloceanspaces.com\/1640\/WhatsApp-Image-2023-03-12-at-6.09.55-PM.jpeg&quot;,&quot;width&quot;:1024}\" data-trix-content-type=\"image\"><img decoding=\"async\" class=\"aligncenter\" src=\"https:\/\/sawaqli.fra1.cdn.digitaloceanspaces.com\/1640\/WhatsApp-Image-2023-03-12-at-6.09.55-PM.jpeg\" width=\"1024\" height=\"1024\" \/><figcaption class=\"attachment__caption\"><\/figcaption><\/figure>\n<figure class=\"attachment attachment--preview\" data-trix-attachment=\"{&quot;contentType&quot;:&quot;image&quot;,&quot;height&quot;:1024,&quot;url&quot;:&quot;https:\/\/sawaqli.fra1.cdn.digitaloceanspaces.com\/1641\/WhatsApp-Image-2023-02-27-at-2.10.04-PM-1.jpeg&quot;,&quot;width&quot;:1024}\" data-trix-content-type=\"image\"><img decoding=\"async\" class=\"aligncenter\" src=\"https:\/\/sawaqli.fra1.cdn.digitaloceanspaces.com\/1641\/WhatsApp-Image-2023-02-27-at-2.10.04-PM-1.jpeg\" width=\"1024\" height=\"1024\" \/><figcaption class=\"attachment__caption\"><\/figcaption><\/figure>\n<figure class=\"attachment attachment--preview\" data-trix-attachment=\"{&quot;contentType&quot;:&quot;image&quot;,&quot;height&quot;:1024,&quot;url&quot;:&quot;https:\/\/sawaqli.fra1.cdn.digitaloceanspaces.com\/1642\/WhatsApp-Image-2023-02-27-at-2.10.04-PM.jpeg&quot;,&quot;width&quot;:1024}\" data-trix-content-type=\"image\"><img decoding=\"async\" class=\"aligncenter\" src=\"https:\/\/sawaqli.fra1.cdn.digitaloceanspaces.com\/1642\/WhatsApp-Image-2023-02-27-at-2.10.04-PM.jpeg\" width=\"1024\" height=\"1024\" \/><figcaption class=\"attachment__caption\"><\/figcaption><\/figure>\n<figure class=\"attachment attachment--preview\" data-trix-attachment=\"{&quot;contentType&quot;:&quot;image&quot;,&quot;height&quot;:1024,&quot;url&quot;:&quot;https:\/\/sawaqli.fra1.cdn.digitaloceanspaces.com\/1643\/WhatsApp-Image-2023-02-27-at-2.10.05-PM-1.jpeg&quot;,&quot;width&quot;:1024}\" data-trix-content-type=\"image\"><img decoding=\"async\" class=\"aligncenter\" src=\"https:\/\/sawaqli.fra1.cdn.digitaloceanspaces.com\/1643\/WhatsApp-Image-2023-02-27-at-2.10.05-PM-1.jpeg\" width=\"1024\" height=\"1024\" \/><figcaption class=\"attachment__caption\"><\/figcaption><\/figure>\n<p style=\"text-align: center;\">","protected":false},"excerpt":{"rendered":"<p>\u062c\u0647\u0627\u0632 \u062a\u0631\u0637\u064a\u0628 \u0635\u063a\u064a\u0631\u0627\u0644\u0645\u0648\u0627\u0635\u0641\u0627\u062a:\u0627\u0644\u0623\u0644\u0648\u0627\u0646: \u0623\u0628\u064a\u0636\u060c \u0623\u0633\u0648\u062f.\u0627\u0644\u062d\u062c\u0645: \u200e171\u00d776\u00d7102 \u0645\u0645.\u0627\u0644\u0633\u0639\u0629: 200 \u0645\u0644.\u0642\u062f\u0631\u0629 \u0627\u0644\u062a\u0634\u063a\u064a\u0644: \u2264 4.5 \u0648\u0627\u0637.\u0645\u0639\u062f\u0644 \u0627\u0644\u0631\u0630\u0627\u0630: 20-30 \u0645\u0644\/\u0633\u0627\u0639\u0629.\u0627\u0644\u062d\u0645\u0627\u064a\u0629: \u0625\u064a\u0642\u0627\u0641 \u062a\u0644\u0642\u0627\u0626\u064a \u0639\u0646\u062f \u0646\u0641\u0627\u062f \u0627\u0644\u0645\u0627\u0621Aromath\u00e9rapie fonction:Ajouter de l&#8217;eau au r\u00e9servoir d&#8217;eau (ne peut pas d\u00e9passer la ligne de niveau d&#8217;eau), ajouter une quantit\u00e9 appropri\u00e9e d&#8217;huile essentielle, appuyez bri\u00e8vement sur le bouton de l&#8217;interrupteur d&#8217;atomisation pour d\u00e9marrer l&#8217;atomisation d&#8217;aromath\u00e9rapie; appuyez \u00e0 nouveau bri\u00e8vement pour arr\u00eater le travail d&#8217;atomisation. Fonction d&#8217;\u00e9clairage: appuyez bri\u00e8vement sur le bouton de l&#8217;interrupteur pour allumer l&#8217;\u00e9clairage de l&#8217;atmosph\u00e8re de la flamme; Appuyez bri\u00e8vement \u00e0 nouveau, la luminosit\u00e9 de l&#8217;\u00e9clairage de l&#8217;atmosph\u00e8re de la flamme augmente de 30%; Appuyez \u00e0 nouveau sur court; \u00e9teignez l&#8217;\u00e9clairage de l&#8217;atmosph\u00e8re de la flamme. Fonction de Protection: puce int\u00e9gr\u00e9e de protection contre les p\u00e9nuries d&#8217;eau, arr\u00eate automatiquement de fonctionner apr\u00e8s n&#8217;avoir d\u00e9tect\u00e9 aucune eauPackeg comprennent:1 X diffuseur d&#8217;huile essentielle 1 X c\u00e2ble type-c 1 X manuel chinois et anglais<\/p>","protected":false},"featured_media":64674,"comment_status":"open","ping_status":"closed","template":"","meta":[],"product_brand":[],"product_cat":[2463],"product_tag":[],"class_list":{"0":"post-64675","1":"product","2":"type-product","3":"status-publish","4":"has-post-thumbnail","6":"product_cat-electronique","8":"first","9":"instock","10":"taxable","11":"shipping-taxable","12":"purchasable","13":"product-type-simple"},"jetpack_sharing_enabled":true,"_links":{"self":[{"href":"https:\/\/shoponlinedz.com\/en\/wp-json\/wp\/v2\/product\/64675","targetHints":{"allow":["GET"]}}],"collection":[{"href":"https:\/\/shoponlinedz.com\/en\/wp-json\/wp\/v2\/product"}],"about":[{"href":"https:\/\/shoponlinedz.com\/en\/wp-json\/wp\/v2\/types\/product"}],"replies":[{"embeddable":true,"href":"https:\/\/shoponlinedz.com\/en\/wp-json\/wp\/v2\/comments?post=64675"}],"version-history":[{"count":0,"href":"https:\/\/shoponlinedz.com\/en\/wp-json\/wp\/v2\/product\/64675\/revisions"}],"wp:featuredmedia":[{"embeddable":true,"href":"https:\/\/shoponlinedz.com\/en\/wp-json\/wp\/v2\/media\/64674"}],"wp:attachment":[{"href":"https:\/\/shoponlinedz.com\/en\/wp-json\/wp\/v2\/media?parent=64675"}],"wp:term":[{"taxonomy":"product_brand","embeddable":true,"href":"https:\/\/shoponlinedz.com\/en\/wp-json\/wp\/v2\/product_brand?post=64675"},{"taxonomy":"product_cat","embeddable":true,"href":"https:\/\/shoponlinedz.com\/en\/wp-json\/wp\/v2\/product_cat?post=64675"},{"taxonomy":"product_tag","embeddable":true,"href":"https:\/\/shoponlinedz.com\/en\/wp-json\/wp\/v2\/product_tag?post=64675"}],"curies":[{"name":"wp","href":"https:\/\/api.w.org\/{rel}","templated":true}]}}