{"id":64625,"date":"2026-01-07T11:19:26","date_gmt":"2026-01-07T11:19:26","guid":{"rendered":"https:\/\/shoponlinedz.com\/product\/casque-audio-stereo-bluetooth-sans-fil-modele-p47-pliable\/"},"modified":"2026-02-13T21:15:45","modified_gmt":"2026-02-13T20:15:45","slug":"casque-audio-stereo-bluetooth-sans-fil-modele-p47-pliable","status":"publish","type":"product","link":"https:\/\/shoponlinedz.com\/en\/product\/casque-audio-stereo-bluetooth-sans-fil-modele-p47-pliable\/","title":{"rendered":"Casque Audio Stereo Bluetooth sans fil mod\u00e8le P47 pliable"},"content":{"rendered":"<figure class=\"attachment attachment--preview\" data-trix-attachment=\"{&quot;contentType&quot;:&quot;image&quot;,&quot;height&quot;:1024,&quot;url&quot;:&quot;https:\/\/sawaqli.fra1.cdn.digitaloceanspaces.com\/23843\/p47-cnc.jpg&quot;,&quot;width&quot;:1024}\" data-trix-content-type=\"image\"><img decoding=\"async\" class=\"aligncenter\" src=\"https:\/\/sawaqli.fra1.cdn.digitaloceanspaces.com\/23843\/p47-cnc.jpg\" width=\"1024\" height=\"1024\" \/><figcaption class=\"attachment__caption\"><\/figcaption><\/figure>\n<figure class=\"attachment attachment--preview\" data-trix-attachment=\"{&quot;contentType&quot;:&quot;image&quot;,&quot;height&quot;:1024,&quot;url&quot;:&quot;https:\/\/sawaqli.fra1.cdn.digitaloceanspaces.com\/1740\/Hot-Selling-Bluetooth-Headphone-Audifonos-P47-Headphone.jpg&quot;,&quot;width&quot;:1024}\" data-trix-content-type=\"image\"><img decoding=\"async\" class=\"aligncenter\" src=\"https:\/\/sawaqli.fra1.cdn.digitaloceanspaces.com\/1740\/Hot-Selling-Bluetooth-Headphone-Audifonos-P47-Headphone.jpg\" width=\"1024\" height=\"1024\" \/><figcaption class=\"attachment__caption\"><\/figcaption><\/figure>\n<figure class=\"attachment attachment--preview\" data-trix-attachment=\"{&quot;contentType&quot;:&quot;image&quot;,&quot;height&quot;:1024,&quot;url&quot;:&quot;https:\/\/sawaqli.fra1.cdn.digitaloceanspaces.com\/1741\/51Jpb1nATpL._AC_SL1500_.jpg&quot;,&quot;width&quot;:1024}\" data-trix-content-type=\"image\"><img decoding=\"async\" class=\"aligncenter\" src=\"https:\/\/sawaqli.fra1.cdn.digitaloceanspaces.com\/1741\/51Jpb1nATpL._AC_SL1500_.jpg\" width=\"1024\" height=\"1024\" \/><figcaption class=\"attachment__caption\"><\/figcaption><\/figure>\n<figure class=\"attachment attachment--preview\" data-trix-attachment=\"{&quot;contentType&quot;:&quot;image&quot;,&quot;height&quot;:1024,&quot;url&quot;:&quot;https:\/\/sawaqli.fra1.cdn.digitaloceanspaces.com\/1742\/51Kw5LKCdvL._AC_SL1091_.jpg&quot;,&quot;width&quot;:1024}\" data-trix-content-type=\"image\"><img decoding=\"async\" class=\"aligncenter\" src=\"https:\/\/sawaqli.fra1.cdn.digitaloceanspaces.com\/1742\/51Kw5LKCdvL._AC_SL1091_.jpg\" width=\"1024\" height=\"1024\" \/><figcaption class=\"attachment__caption\"><\/figcaption><\/figure>\n<figure class=\"attachment attachment--preview\" data-trix-attachment=\"{&quot;contentType&quot;:&quot;image&quot;,&quot;height&quot;:1024,&quot;url&quot;:&quot;https:\/\/sawaqli.fra1.cdn.digitaloceanspaces.com\/1743\/51meHsZO-vL._AC_SL1500_.jpg&quot;,&quot;width&quot;:1024}\" data-trix-content-type=\"image\"><img decoding=\"async\" class=\"aligncenter\" src=\"https:\/\/sawaqli.fra1.cdn.digitaloceanspaces.com\/1743\/51meHsZO-vL._AC_SL1500_.jpg\" width=\"1024\" height=\"1024\" \/><figcaption class=\"attachment__caption\"><\/figcaption><\/figure>\n<p style=\"text-align: center;\">","protected":false},"excerpt":{"rendered":"<p>\u0633\u0645\u0627\u0639\u0627\u062a \u0628\u0644\u0648\u062a\u0648\u062b \u0628\u0645\u0642\u0628\u0633 3.5 \u0645\u0645\u0627\u0644\u0625\u0635\u062f\u0627\u0631: ISSC4.2 + EDR\u0627\u0644\u0645\u0644\u0641\u0627\u062a \u0627\u0644\u0645\u062f\u0639\u0648\u0645\u0629: HSP, HFP, A2DP, AVRCP\u0646\u0637\u0627\u0642 \u0627\u0644\u062a\u0631\u062f\u062f: \u200e2.4026 \u2013 2.480 \u062c\u064a\u062c\u0627\u0647\u0631\u062a\u0632\u0648\u0642\u062a \u062a\u0634\u063a\u064a\u0644 \u0627\u0644\u0645\u0648\u0633\u064a\u0642\u0649: 8 \u2013 10 \u0633\u0627\u0639\u0627\u062a\u0632\u0645\u0646 \u0627\u0644\u0627\u0646\u062a\u0638\u0627\u0631: 120 \u0633\u0627\u0639\u0629\u0632\u0645\u0646 \u0627\u0644\u0634\u062d\u0646: 2 \u2013 3 \u0633\u0627\u0639\u0627\u062a\u0646\u0648\u0639 \u0627\u0644\u0642\u0627\u0628\u0633: 3.5 \u0645\u0645\u0627\u0644\u0644\u0648\u0646: \u0623\u0628\u064a\u0636 \/ \u0623\u0633\u0648\u062fCaqsue Bluetooth Extr\u00eamement confortable et d\u00e9livre des basses de tr\u00e8s haute qualit\u00e9. D\u00e9marquez-vous avec les couleurs vives et le design branch\u00e9, et vous n&#8217;avez plus \u00e0 vous soucier du bruit avec sa superbe capacit\u00e9 d&#8217;annulation de bruit et son micro int\u00e9gr\u00e9 de haute qualit\u00e9 qui peut \u00e9liminer les moufles et les bruits de fond. Non seulement sans fil, peut \u00e9galement \u00eatre utilis\u00e9 comme casque filaire (fournit une simple connexion filaire de 3,5 mm d&#8217;une vari\u00e9t\u00e9 d&#8217;appareils)<\/p>","protected":false},"featured_media":64624,"comment_status":"open","ping_status":"closed","template":"","meta":[],"product_brand":[],"product_cat":[2463],"product_tag":[],"class_list":{"0":"post-64625","1":"product","2":"type-product","3":"status-publish","4":"has-post-thumbnail","6":"product_cat-electronique","8":"first","9":"instock","10":"taxable","11":"shipping-taxable","12":"purchasable","13":"product-type-simple"},"jetpack_sharing_enabled":true,"_links":{"self":[{"href":"https:\/\/shoponlinedz.com\/en\/wp-json\/wp\/v2\/product\/64625","targetHints":{"allow":["GET"]}}],"collection":[{"href":"https:\/\/shoponlinedz.com\/en\/wp-json\/wp\/v2\/product"}],"about":[{"href":"https:\/\/shoponlinedz.com\/en\/wp-json\/wp\/v2\/types\/product"}],"replies":[{"embeddable":true,"href":"https:\/\/shoponlinedz.com\/en\/wp-json\/wp\/v2\/comments?post=64625"}],"version-history":[{"count":0,"href":"https:\/\/shoponlinedz.com\/en\/wp-json\/wp\/v2\/product\/64625\/revisions"}],"wp:featuredmedia":[{"embeddable":true,"href":"https:\/\/shoponlinedz.com\/en\/wp-json\/wp\/v2\/media\/64624"}],"wp:attachment":[{"href":"https:\/\/shoponlinedz.com\/en\/wp-json\/wp\/v2\/media?parent=64625"}],"wp:term":[{"taxonomy":"product_brand","embeddable":true,"href":"https:\/\/shoponlinedz.com\/en\/wp-json\/wp\/v2\/product_brand?post=64625"},{"taxonomy":"product_cat","embeddable":true,"href":"https:\/\/shoponlinedz.com\/en\/wp-json\/wp\/v2\/product_cat?post=64625"},{"taxonomy":"product_tag","embeddable":true,"href":"https:\/\/shoponlinedz.com\/en\/wp-json\/wp\/v2\/product_tag?post=64625"}],"curies":[{"name":"wp","href":"https:\/\/api.w.org\/{rel}","templated":true}]}}