{"id":64403,"date":"2026-01-07T11:08:30","date_gmt":"2026-01-07T11:08:30","guid":{"rendered":"https:\/\/shoponlinedz.com\/product\/appareil-anti-moustique-usb-5w-avec-lampe-led-ecologique\/"},"modified":"2026-02-16T16:01:51","modified_gmt":"2026-02-16T15:01:51","slug":"appareil-anti-moustique-usb-5w-avec-lampe-led-ecologique","status":"publish","type":"product","link":"https:\/\/shoponlinedz.com\/en\/product\/appareil-anti-moustique-usb-5w-avec-lampe-led-ecologique\/","title":{"rendered":"Appareil Anti-Moustique USB 5W Avec Lampe LED \u00c9cologique"},"content":{"rendered":"<figure class=\"attachment attachment--preview\" data-trix-attachment=\"{&quot;contentType&quot;:&quot;image&quot;,&quot;height&quot;:1024,&quot;url&quot;:&quot;https:\/\/sawaqli.fra1.cdn.digitaloceanspaces.com\/2150\/s-l1600-2.jpg&quot;,&quot;width&quot;:1024}\" data-trix-content-type=\"image\"><img decoding=\"async\" class=\"aligncenter\" src=\"https:\/\/sawaqli.fra1.cdn.digitaloceanspaces.com\/2150\/s-l1600-2.jpg\" width=\"1024\" height=\"1024\" \/><figcaption class=\"attachment__caption\"><\/figcaption><\/figure>\n<figure class=\"attachment attachment--preview\" data-trix-attachment=\"{&quot;contentType&quot;:&quot;image&quot;,&quot;height&quot;:1024,&quot;url&quot;:&quot;https:\/\/sawaqli.fra1.cdn.digitaloceanspaces.com\/2151\/WhatsApp-Image-2022-05-17-at-23.31.47.jpeg&quot;,&quot;width&quot;:1024}\" data-trix-content-type=\"image\"><img decoding=\"async\" class=\"aligncenter\" src=\"https:\/\/sawaqli.fra1.cdn.digitaloceanspaces.com\/2151\/WhatsApp-Image-2022-05-17-at-23.31.47.jpeg\" width=\"1024\" height=\"1024\" \/><figcaption class=\"attachment__caption\"><\/figcaption><\/figure>\n<figure class=\"attachment attachment--preview\" data-trix-attachment=\"{&quot;contentType&quot;:&quot;image&quot;,&quot;height&quot;:1024,&quot;url&quot;:&quot;https:\/\/sawaqli.fra1.cdn.digitaloceanspaces.com\/2152\/lutte-contre-les-ravageurs-de-la-lampe-piege-a-ins.jpg&quot;,&quot;width&quot;:1024}\" data-trix-content-type=\"image\"><img decoding=\"async\" class=\"aligncenter\" src=\"https:\/\/sawaqli.fra1.cdn.digitaloceanspaces.com\/2152\/lutte-contre-les-ravageurs-de-la-lampe-piege-a-ins.jpg\" width=\"1024\" height=\"1024\" \/><figcaption class=\"attachment__caption\"><\/figcaption><\/figure>\n<figure class=\"attachment attachment--preview\" data-trix-attachment=\"{&quot;contentType&quot;:&quot;image&quot;,&quot;height&quot;:1024,&quot;url&quot;:&quot;https:\/\/sawaqli.fra1.cdn.digitaloceanspaces.com\/2153\/WhatsApp-Image-2022-05-17-at-23.31.47-2.jpeg&quot;,&quot;width&quot;:1024}\" data-trix-content-type=\"image\"><img decoding=\"async\" class=\"aligncenter\" src=\"https:\/\/sawaqli.fra1.cdn.digitaloceanspaces.com\/2153\/WhatsApp-Image-2022-05-17-at-23.31.47-2.jpeg\" width=\"1024\" height=\"1024\" \/><figcaption class=\"attachment__caption\"><\/figcaption><\/figure>\n<p style=\"text-align: center;\">","protected":false},"excerpt":{"rendered":"<p>\u0627\u0644\u0645\u0635\u0628\u0627\u062d \u0627\u0644\u0643\u0647\u0631\u0628\u0627\u0626\u064a \u0627\u0644\u0637\u0627\u0631\u062f \u0644\u0644\u0628\u0639\u0648\u0636 (\u0627\u0644\u0645\u0648\u0627\u0635\u0641\u0627\u062a \u0627\u0644\u0623\u0648\u0644\u0649) \u0627\u0644\u0645\u064a\u0632\u0627\u062a \u0627\u0644\u0631\u0626\u064a\u0633\u064a\u0629:\u0645\u0635\u0646\u0648\u0639 \u0645\u0646 \u0645\u0627\u062f\u0629 ABS \u0635\u062f\u064a\u0642\u0629 \u0644\u0644\u0628\u064a\u0626\u0629 \u0648\u0622\u0645\u0646\u0629 \u0648\u0645\u062a\u064a\u0646\u0629.\u0636\u0648\u0621 LED \u0628\u0646\u0641\u0633\u062c\u064a \u0628\u0637\u0648\u0644 \u0645\u0648\u062c\u064a 360 \u2013 400 \u0646\u0627\u0646\u0648\u0645\u062a\u0631 \u064a\u062c\u0630\u0628 \u0627\u0644\u0628\u0639\u0648\u0636 \u0648\u0627\u0644\u062d\u0634\u0631\u0627\u062a \u0628\u0633\u0647\u0648\u0644\u0629.\u062c\u0647\u062f \u0645\u0646\u062e\u0641\u0636 \u0644\u062a\u0648\u0641\u064a\u0631 \u0627\u0644\u0637\u0627\u0642\u0629 \u0648\u0627\u0644\u0627\u0633\u062a\u062e\u062f\u0627\u0645 \u0627\u0644\u0622\u0645\u0646.\u0645\u0631\u0648\u062d\u0629 \u0647\u0627\u062f\u0626\u0629 \u062a\u0648\u0641\u0631 \u0628\u064a\u0626\u0629 \u0634\u0628\u0647 \u0635\u0627\u0645\u062a\u0629 \u0644\u0646\u0648\u0645 \u0645\u0631\u064a\u062d.\u062a\u062f\u0641\u0642 \u0647\u0648\u0627\u0621 \u0642\u0648\u064a \u064a\u0643\u0648\u0651\u0646 \u062f\u0648\u0627\u0645\u0629 \u0644\u0642\u062a\u0644 \u0627\u0644\u0628\u0639\u0648\u0636 \u0628\u0648\u0633\u064a\u0644\u0629 \u0627\u0644\u062a\u062c\u0641\u064a\u0641 \u0648\u0646\u0632\u0639 \u0627\u0644\u0631\u0637\u0648\u0628\u0629.\u0643\u0627\u0628\u0644 USB \u064a\u0645\u0643\u0646 \u0634\u062d\u0646\u0647 \u0628\u0633\u0647\u0648\u0644\u0629 \u0639\u0628\u0631 \u062c\u0647\u0627\u0632 \u0644\u0648\u062d\u064a \u0623\u0648 \u0628\u0646\u0643 \u0637\u0627\u0642\u0629 \u0623\u0648 \u0634\u0627\u062d\u0646 \u0647\u0627\u062a\u0641 5V\/1-2A.\u0635\u0646\u062f\u0648\u0642 \u062d\u062c\u0632 \u0627\u0644\u062d\u0634\u0631\u0627\u062a \u064a\u0645\u0646\u0639 \u0627\u0644\u0628\u0639\u0648\u0636 \u0645\u0646 \u0627\u0644\u0647\u0631\u0648\u0628 \u0648\u0633\u0647\u0644 \u0627\u0644\u0641\u062a\u062d \u0644\u0644\u062a\u0646\u0638\u064a\u0641.\u0627\u0644\u0645\u0648\u0627\u0635\u0641\u0627\u062a:\u0627\u0644\u0645\u0627\u062f\u0629: ABS\u0627\u0644\u0623\u0644\u0648\u0627\u0646 \u0627\u0644\u0645\u062a\u0627\u062d\u0629: \u0623\u0628\u064a\u0636\u060c \u0623\u0633\u0648\u062f\u0627\u0644\u0642\u062f\u0631\u0629: 5 \u0648\u0627\u0637\u062e\u0631\u062c \u0627\u0644\u0637\u0627\u0642\u0629: 5V\/1A\u0645\u0635\u062f\u0631 \u0627\u0644\u0636\u0648\u0621: 360 \u2013 400 \u0646\u0627\u0646\u0648\u0645\u062a\u0631\u0627\u0644\u0645\u0633\u0627\u062d\u0629 \u0627\u0644\u0641\u0639\u0627\u0644\u0629: \u2264 60\u33a1 (\u0644\u0644\u0627\u0633\u062a\u062e\u062f\u0627\u0645 \u0627\u0644\u062f\u0627\u062e\u0644\u064a)\u0627\u0644\u0623\u0628\u0639\u0627\u062f: \u200e13.5\u00d713.5\u00d720 \u0633\u0645\u200e\u0627\u0644\u0646\u0648\u0639: \u062c\u0647\u0627\u0632 \u0643\u0647\u0631\u0628\u0627\u0626\u064a \u0637\u0627\u0631\u062f \u0644\u0644\u062d\u0634\u0631\u0627\u062a\u0627\u0644\u0648\u0632\u0646: \u200e360 \u062c\u0645\u200e\u0645\u062d\u062a\u0648\u064a\u0627\u062a \u0627\u0644\u0639\u0628\u0648\u0629:1 \u00d7 \u0645\u0635\u0628\u0627\u062d \u0637\u0627\u0631\u062f \u0644\u0644\u0628\u0639\u0648\u06361 \u00d7 \u0643\u0627\u0628\u0644 USB1 \u00d7 \u062f\u0644\u064a\u0644 \u0627\u0633\u062a\u062e\u062f\u0627\u0645 \u0628\u0627\u0644\u0644\u063a\u0629 \u0627\u0644\u0625\u0646\u062c\u0644\u064a\u0632\u064a\u0629Appareil Anti-Moustique USB 5W Avec Lampe LED \u00c9cologique Cet appareil anti-moustique fonctionne de mani\u00e8re absolument silencieuse, sans faire de bruit ni gr\u00e9sillement. Facile \u00e0 installer et \u00e0 entretenir, la lampe est id\u00e9ale pour une utilisation int\u00e9rieure et ext\u00e9rieure. Ainsi, vous pouvez facilement placer la lampe pr\u00e8s de chez vous, o\u00f9 que vous soyez: dans le couloir, sur la v\u00e9randa, dans la grange, dans la cour ou sur la terrasse ext\u00e9rieure. En raison du fait que la conception est faite de mat\u00e9riaux respectueux de l\u2019environnement, elle n\u2019\u00e9met pas de produits chimiques. Cela le rend s\u00fbr pour les personnes et les animaux domestiques. Le principe d\u2019action de base est le rayonnement ultraviolet, qui est utilis\u00e9 pour attirer les insectes. D\u00e8s que le ravageur vole jusqu\u2019\u00e0 la lampe, il est imm\u00e9diatement aspir\u00e9 par le courant d\u2019air cr\u00e9\u00e9 par le ventilateur \u00e0 l\u2019int\u00e9rieur. Les insectes morts sont rassembl\u00e9s dans un compartiment sp\u00e9cial, qui peut \u00eatre facilement retir\u00e9 et nettoy\u00e9 (retirez la bo\u00eete de rangement pour nettoyer les moustiques avec un tissu ou une petite brosse). Ce rayonnement est totalement sans danger pour la sant\u00e9 humaine. Contrairement \u00e0 la plupart des autres lampes \u00e0 moustiques. L\u2019appareil se compose d\u2019une lampe pratique, efficace et \u00e9conomique de lutter contre les moucherons, moustiques et autres insectes suceurs de sang. Tout ce dont vous avez besoin est de connecter l\u2019appareil au r\u00e9seau via le port USB et vous pouvez oublier les moustiques dans la maison pour toujours. Le pi\u00e8ge ne n\u00e9cessite le remplacement d\u2019aucune cartouche, liquide ou plaque.<\/p>","protected":false},"featured_media":64402,"comment_status":"open","ping_status":"closed","template":"","meta":[],"product_brand":[],"product_cat":[2463],"product_tag":[],"class_list":{"0":"post-64403","1":"product","2":"type-product","3":"status-publish","4":"has-post-thumbnail","6":"product_cat-electronique","8":"first","9":"instock","10":"taxable","11":"shipping-taxable","12":"purchasable","13":"product-type-simple"},"jetpack_sharing_enabled":true,"_links":{"self":[{"href":"https:\/\/shoponlinedz.com\/en\/wp-json\/wp\/v2\/product\/64403","targetHints":{"allow":["GET"]}}],"collection":[{"href":"https:\/\/shoponlinedz.com\/en\/wp-json\/wp\/v2\/product"}],"about":[{"href":"https:\/\/shoponlinedz.com\/en\/wp-json\/wp\/v2\/types\/product"}],"replies":[{"embeddable":true,"href":"https:\/\/shoponlinedz.com\/en\/wp-json\/wp\/v2\/comments?post=64403"}],"version-history":[{"count":0,"href":"https:\/\/shoponlinedz.com\/en\/wp-json\/wp\/v2\/product\/64403\/revisions"}],"wp:featuredmedia":[{"embeddable":true,"href":"https:\/\/shoponlinedz.com\/en\/wp-json\/wp\/v2\/media\/64402"}],"wp:attachment":[{"href":"https:\/\/shoponlinedz.com\/en\/wp-json\/wp\/v2\/media?parent=64403"}],"wp:term":[{"taxonomy":"product_brand","embeddable":true,"href":"https:\/\/shoponlinedz.com\/en\/wp-json\/wp\/v2\/product_brand?post=64403"},{"taxonomy":"product_cat","embeddable":true,"href":"https:\/\/shoponlinedz.com\/en\/wp-json\/wp\/v2\/product_cat?post=64403"},{"taxonomy":"product_tag","embeddable":true,"href":"https:\/\/shoponlinedz.com\/en\/wp-json\/wp\/v2\/product_tag?post=64403"}],"curies":[{"name":"wp","href":"https:\/\/api.w.org\/{rel}","templated":true}]}}