{"id":64335,"date":"2026-01-07T11:05:04","date_gmt":"2026-01-07T11:05:04","guid":{"rendered":"https:\/\/shoponlinedz.com\/product\/piscine-ronde-gonflable-fraise-pour-enfants-160-x-38-cm-bestway-51145\/"},"modified":"2026-02-16T16:01:52","modified_gmt":"2026-02-16T15:01:52","slug":"piscine-ronde-gonflable-fraise-pour-enfants-160-x-38-cm-bestway-51145","status":"publish","type":"product","link":"https:\/\/shoponlinedz.com\/en\/product\/piscine-ronde-gonflable-fraise-pour-enfants-160-x-38-cm-bestway-51145\/","title":{"rendered":"Piscine Ronde Gonflable \u201cFraise\u201d Pour Enfants 160 x 38 cm Bestway 51145"},"content":{"rendered":"<figure class=\"attachment attachment--preview\" data-trix-attachment=\"{&quot;contentType&quot;:&quot;image&quot;,&quot;height&quot;:1024,&quot;url&quot;:&quot;https:\/\/sawaqli.fra1.cdn.digitaloceanspaces.com\/2354\/0fcbe7e7bb38f55af19a4eacb19814e2.jpg&quot;,&quot;width&quot;:1024}\" data-trix-content-type=\"image\"><img decoding=\"async\" class=\"aligncenter\" src=\"https:\/\/sawaqli.fra1.cdn.digitaloceanspaces.com\/2354\/0fcbe7e7bb38f55af19a4eacb19814e2.jpg\" width=\"1024\" height=\"1024\" \/><figcaption class=\"attachment__caption\"><\/figcaption><\/figure>\n<figure class=\"attachment attachment--preview\" data-trix-attachment=\"{&quot;contentType&quot;:&quot;image&quot;,&quot;height&quot;:1024,&quot;url&quot;:&quot;https:\/\/sawaqli.fra1.cdn.digitaloceanspaces.com\/2355\/Bestway-Piscine-51145-7-1.jpg&quot;,&quot;width&quot;:1024}\" data-trix-content-type=\"image\"><img decoding=\"async\" class=\"aligncenter\" src=\"https:\/\/sawaqli.fra1.cdn.digitaloceanspaces.com\/2355\/Bestway-Piscine-51145-7-1.jpg\" width=\"1024\" height=\"1024\" \/><figcaption class=\"attachment__caption\"><\/figcaption><\/figure>\n<figure class=\"attachment attachment--preview\" data-trix-attachment=\"{&quot;contentType&quot;:&quot;image&quot;,&quot;height&quot;:1024,&quot;url&quot;:&quot;https:\/\/sawaqli.fra1.cdn.digitaloceanspaces.com\/2356\/Bestway-Piscine-51145-5.jpg&quot;,&quot;width&quot;:1024}\" data-trix-content-type=\"image\"><img decoding=\"async\" class=\"aligncenter\" src=\"https:\/\/sawaqli.fra1.cdn.digitaloceanspaces.com\/2356\/Bestway-Piscine-51145-5.jpg\" width=\"1024\" height=\"1024\" \/><figcaption class=\"attachment__caption\"><\/figcaption><\/figure>\n<figure class=\"attachment attachment--preview\" data-trix-attachment=\"{&quot;contentType&quot;:&quot;image&quot;,&quot;height&quot;:1024,&quot;url&quot;:&quot;https:\/\/sawaqli.fra1.cdn.digitaloceanspaces.com\/2357\/Bestway-Piscine-51145-4.jpg&quot;,&quot;width&quot;:1024}\" data-trix-content-type=\"image\"><img decoding=\"async\" class=\"aligncenter\" src=\"https:\/\/sawaqli.fra1.cdn.digitaloceanspaces.com\/2357\/Bestway-Piscine-51145-4.jpg\" width=\"1024\" height=\"1024\" \/><figcaption class=\"attachment__caption\"><\/figcaption><\/figure>\n<figure class=\"attachment attachment--preview\" data-trix-attachment=\"{&quot;contentType&quot;:&quot;image&quot;,&quot;height&quot;:1024,&quot;url&quot;:&quot;https:\/\/sawaqli.fra1.cdn.digitaloceanspaces.com\/2358\/Bestway-Piscine-51145-2.jpg&quot;,&quot;width&quot;:1024}\" data-trix-content-type=\"image\"><img decoding=\"async\" class=\"aligncenter\" src=\"https:\/\/sawaqli.fra1.cdn.digitaloceanspaces.com\/2358\/Bestway-Piscine-51145-2.jpg\" width=\"1024\" height=\"1024\" \/><figcaption class=\"attachment__caption\"><\/figcaption><\/figure>\n<p style=\"text-align: center;\">","protected":false},"excerpt":{"rendered":"<p>\u0645\u0635\u0646\u0648\u0639 \u0645\u0646 \u0641\u064a\u0646\u064a\u0644 \u0634\u062f\u064a\u062f \u0627\u0644\u062a\u062d\u0645\u0644 \u062a\u0645 \u0627\u062e\u062a\u0628\u0627\u0631\u0647 \u0645\u0633\u0628\u0642\u064b\u0627\u064a\u062a\u0643\u0648\u0646 \u0645\u0646 3 \u062d\u0644\u0642\u0627\u062a \u0644\u062b\u0628\u0627\u062a \u0648\u0645\u062a\u0627\u0646\u0629 \u0625\u0636\u0627\u0641\u064a\u064a\u0646.\u0631\u0642\u0639\u0629 \u0625\u0635\u0644\u0627\u062d \u0645\u0631\u0641\u0642\u0629.\u0633\u0647\u0644 \u0627\u0644\u0646\u0641\u062e \u0648\u0627\u0644\u062a\u0641\u0631\u064a\u063a \u0645\u0646 \u0627\u0644\u0647\u0648\u0627\u0621.\u0633\u0639\u0629 \u0645\u0627\u0621 \u0643\u0628\u064a\u0631\u0629: 390 \u0644\u062a\u0631\u064b\u0627.\u0627\u0644\u0623\u0628\u0639\u0627\u062f: 160\u00d738 \u0633\u0645..Piscine Ronde Gonflable \u201cFraise\u201d Pour Enfants 160 x 38 cm Bestway 51145Plongez et jouez avec vos petits tout l\u2019\u00e9t\u00e9 dans la pataugeoire Sweet Strawberry de Bestway\u00ae ! La piscine 51145 de Bestway est facile \u00e0 transporter, facile \u00e0 ranger et tout simplement parfait pour jouer au soleil. Les trois anneaux gonflables de taille \u00e9gale cr\u00e9ent des parois ext\u00e9rieures fermes qui peuvent r\u00e9sister aux \u00e9claboussures, aux tiraillements et \u00e0 une utilisation g\u00e9n\u00e9rale. Les murs sont extra larges, ce qui facilite grandement l\u2019entr\u00e9e et la sortie de la piscine et prot\u00e8ge les enfants pendant les jeux. Fabriqu\u00e9 en vinyle solide r\u00e9sistant aux dommages m\u00e9caniques et \u00e0 la lumi\u00e8re du soleil. Une piscine d\u00e9licieuse pour que les enfants s\u2019amusent et se rafra\u00eechissent tout l\u2019\u00e9t\u00e9.Caract\u00e9ristiques techniques :TYPE | Piscine gonflableMARQUE | BestwayR\u00c9F\u00c9RENCE | 51145COULEUR | Rouge, VertDIMENTIONS (L X L X H) | 160 x 38 cmPOIDS | 1.79 kg<\/p>","protected":false},"featured_media":64334,"comment_status":"open","ping_status":"closed","template":"","meta":[],"product_brand":[],"product_cat":[2459],"product_tag":[],"class_list":{"0":"post-64335","1":"product","2":"type-product","3":"status-publish","4":"has-post-thumbnail","6":"product_cat-jouet-gaming","8":"first","9":"instock","10":"taxable","11":"shipping-taxable","12":"purchasable","13":"product-type-simple"},"jetpack_sharing_enabled":true,"_links":{"self":[{"href":"https:\/\/shoponlinedz.com\/en\/wp-json\/wp\/v2\/product\/64335","targetHints":{"allow":["GET"]}}],"collection":[{"href":"https:\/\/shoponlinedz.com\/en\/wp-json\/wp\/v2\/product"}],"about":[{"href":"https:\/\/shoponlinedz.com\/en\/wp-json\/wp\/v2\/types\/product"}],"replies":[{"embeddable":true,"href":"https:\/\/shoponlinedz.com\/en\/wp-json\/wp\/v2\/comments?post=64335"}],"version-history":[{"count":0,"href":"https:\/\/shoponlinedz.com\/en\/wp-json\/wp\/v2\/product\/64335\/revisions"}],"wp:featuredmedia":[{"embeddable":true,"href":"https:\/\/shoponlinedz.com\/en\/wp-json\/wp\/v2\/media\/64334"}],"wp:attachment":[{"href":"https:\/\/shoponlinedz.com\/en\/wp-json\/wp\/v2\/media?parent=64335"}],"wp:term":[{"taxonomy":"product_brand","embeddable":true,"href":"https:\/\/shoponlinedz.com\/en\/wp-json\/wp\/v2\/product_brand?post=64335"},{"taxonomy":"product_cat","embeddable":true,"href":"https:\/\/shoponlinedz.com\/en\/wp-json\/wp\/v2\/product_cat?post=64335"},{"taxonomy":"product_tag","embeddable":true,"href":"https:\/\/shoponlinedz.com\/en\/wp-json\/wp\/v2\/product_tag?post=64335"}],"curies":[{"name":"wp","href":"https:\/\/api.w.org\/{rel}","templated":true}]}}