{"id":64316,"date":"2026-01-07T11:04:14","date_gmt":"2026-01-07T11:04:14","guid":{"rendered":"https:\/\/shoponlinedz.com\/product\/piscine-aquariumronde-en-vinyle-et-pvc-transparente-pour-enfants-183x38cm55030\/"},"modified":"2026-02-16T16:01:52","modified_gmt":"2026-02-16T15:01:52","slug":"piscine-aquariumronde-en-vinyle-et-pvc-transparente-pour-enfants-183x38cm55030","status":"publish","type":"product","link":"https:\/\/shoponlinedz.com\/en\/product\/piscine-aquariumronde-en-vinyle-et-pvc-transparente-pour-enfants-183x38cm55030\/","title":{"rendered":"Piscine AquariumRonde en Vinyle et PVC Transparente Pour Enfants 183x38cm#55030"},"content":{"rendered":"<figure class=\"attachment attachment--preview\" data-trix-attachment=\"{&quot;contentType&quot;:&quot;image&quot;,&quot;height&quot;:1024,&quot;url&quot;:&quot;https:\/\/sawaqli.fra1.cdn.digitaloceanspaces.com\/2398\/bestway-piscine-rigide-55030.jpg&quot;,&quot;width&quot;:1024}\" data-trix-content-type=\"image\"><img decoding=\"async\" class=\"aligncenter\" src=\"https:\/\/sawaqli.fra1.cdn.digitaloceanspaces.com\/2398\/bestway-piscine-rigide-55030.jpg\" width=\"1024\" height=\"1024\" \/><figcaption class=\"attachment__caption\"><\/figcaption><\/figure>\n<figure class=\"attachment attachment--preview\" data-trix-attachment=\"{&quot;contentType&quot;:&quot;image&quot;,&quot;height&quot;:1024,&quot;url&quot;:&quot;https:\/\/sawaqli.fra1.cdn.digitaloceanspaces.com\/2399\/qsdqsdqs354dqsd.jpg&quot;,&quot;width&quot;:1024}\" data-trix-content-type=\"image\"><img decoding=\"async\" class=\"aligncenter\" src=\"https:\/\/sawaqli.fra1.cdn.digitaloceanspaces.com\/2399\/qsdqsdqs354dqsd.jpg\" width=\"1024\" height=\"1024\" \/><figcaption class=\"attachment__caption\"><\/figcaption><\/figure>\n<figure class=\"attachment attachment--preview\" data-trix-attachment=\"{&quot;contentType&quot;:&quot;image&quot;,&quot;height&quot;:1024,&quot;url&quot;:&quot;https:\/\/sawaqli.fra1.cdn.digitaloceanspaces.com\/2400\/bestway-piscine-rigide-55030-img-1.jpg&quot;,&quot;width&quot;:1024}\" data-trix-content-type=\"image\"><img decoding=\"async\" class=\"aligncenter\" src=\"https:\/\/sawaqli.fra1.cdn.digitaloceanspaces.com\/2400\/bestway-piscine-rigide-55030-img-1.jpg\" width=\"1024\" height=\"1024\" \/><figcaption class=\"attachment__caption\"><\/figcaption><\/figure>\n<figure class=\"attachment attachment--preview\" data-trix-attachment=\"{&quot;contentType&quot;:&quot;image&quot;,&quot;height&quot;:1024,&quot;url&quot;:&quot;https:\/\/sawaqli.fra1.cdn.digitaloceanspaces.com\/2401\/bestway-piscine-rigide-55030-img-3.jpg&quot;,&quot;width&quot;:1024}\" data-trix-content-type=\"image\"><img decoding=\"async\" class=\"aligncenter\" src=\"https:\/\/sawaqli.fra1.cdn.digitaloceanspaces.com\/2401\/bestway-piscine-rigide-55030-img-3.jpg\" width=\"1024\" height=\"1024\" \/><figcaption class=\"attachment__caption\"><\/figcaption><\/figure>\n<figure class=\"attachment attachment--preview\" data-trix-attachment=\"{&quot;contentType&quot;:&quot;image&quot;,&quot;height&quot;:1024,&quot;url&quot;:&quot;https:\/\/sawaqli.fra1.cdn.digitaloceanspaces.com\/2402\/bestway-piscine-rigide-55030-img-6.jpg&quot;,&quot;width&quot;:1024}\" data-trix-content-type=\"image\"><img decoding=\"async\" class=\"aligncenter\" src=\"https:\/\/sawaqli.fra1.cdn.digitaloceanspaces.com\/2402\/bestway-piscine-rigide-55030-img-6.jpg\" width=\"1024\" height=\"1024\" \/><figcaption class=\"attachment__caption\"><\/figcaption><\/figure>\n<p style=\"text-align: center;\">","protected":false},"excerpt":{"rendered":"<p>\u062a\u0635\u0645\u064a\u0645 \u0645\u0646\u0627\u0633\u0628 \u0644\u0644\u0623\u0637\u0641\u0627\u0644 \u0645\u0639 \u0631\u0633\u0648\u0645\u0627\u062a \u0623\u0633\u0645\u0627\u0643 \u0645\u0645\u062a\u0639\u0629\u0633\u0647\u0644 \u0627\u0644\u062a\u0631\u0643\u064a\u0628 \u062f\u0648\u0646 \u0627\u0644\u062d\u0627\u062c\u0629 \u0625\u0644\u0649 \u0623\u062f\u0648\u0627\u062a\u060c \u0641\u0642\u0637 \u0627\u0645\u0644\u0623\u0647 \u0628\u0627\u0644\u0645\u0627\u0621 \u0644\u064a\u0635\u0628\u062d \u062c\u0627\u0647\u0632\u064b\u0627 \u0644\u0644\u0627\u0633\u062a\u062e\u062f\u0627\u0645.\u062c\u062f\u0631\u0627\u0646 \u0645\u0646 PVC \u0642\u0648\u064a\u0629 \u0648\u0645\u062a\u064a\u0646\u0629 \u0645\u0639 \u0642\u0627\u0639\u062f\u0629 \u0645\u0646 \u0627\u0644\u0641\u064a\u0646\u064a\u0644 \u0645\u062b\u0628\u062a\u0629 \u062f\u0627\u0626\u0645\u064b\u0627.\u0645\u0646\u0627\u0633\u0628 \u0644\u0644\u0627\u0633\u062a\u062e\u062f\u0627\u0645 \u0642\u0635\u064a\u0631 \u0627\u0644\u0645\u062f\u0649 \u0648\u0645\u062b\u0627\u0644\u064a \u0644\u0623\u064a\u0627\u0645 \u0627\u0644\u0635\u064a\u0641 \u0627\u0644\u062d\u0627\u0631\u0629.\u0633\u0639\u0629 \u0645\u0627\u0621 \u0643\u0628\u064a\u0631\u0629: 749 \u0644\u062a\u0631\u064b\u0627.\u0627\u0644\u0623\u0628\u0639\u0627\u062f: 183\u00d738 \u0633\u0645.Piscine Aquarium Ronde Non Gonflable En Vinyle Pour Enfants 1.83 X 0.38 M Bestway 55030Amusez-vous bien avec votre famille et vos amis dans cette piscine 55030 de la marque bestway. Avec cette \u00e9tonnante piscine Aquarium dans votre jardin ou votre arri\u00e8re-cour, vos enfants s\u2019amuseront beaucoup en \u00e9t\u00e9.Cette piscine est robuste et durable.Elle est compos\u00e9e d\u2019une paroi rigide en PVC robuste fix\u00e9e de fa\u00e7on permanente \u00e0 un sol en vinyle r\u00e9sistant et une durabilit\u00e9 sup\u00e9rieures. Cette piscine il est facile d\u2019\u00e9vacuer l\u2019eau. La piscine hors sol peut \u00eatre install\u00e9e rapidement et facilement. Il suffit de poser la piscine sur une surface plane,et de remplir la piscine d\u2019eau. Il est \u00e9galement facile de replier la piscine pour le stockage ou le transport. L\u2019installation prend g\u00e9n\u00e9ralement environ 5 minutes.Choisissez la simplicit\u00e9 et la rapidit\u00e9 sans n\u00e9gliger le confort et la qualit\u00e9 avec la piscine 55030 de Bestway pour enfants !Caract\u00e9ristiques techniques :TYPE | Piscine Aquarium Ronde Non GonflableMARQUE | BestwayR\u00c9F\u00c9RENCE | 55030COULEUR | BleuDIMENTIONS (L X L X H) | 183 x 38 cmCAPACIT\u00c9 | 749Lhttps:\/\/www.youtube.com\/watch?v=9MHD853-pVk<\/p>","protected":false},"featured_media":64315,"comment_status":"open","ping_status":"closed","template":"","meta":[],"product_brand":[],"product_cat":[2459],"product_tag":[],"class_list":{"0":"post-64316","1":"product","2":"type-product","3":"status-publish","4":"has-post-thumbnail","6":"product_cat-jouet-gaming","8":"first","9":"instock","10":"taxable","11":"shipping-taxable","12":"purchasable","13":"product-type-simple"},"jetpack_sharing_enabled":true,"_links":{"self":[{"href":"https:\/\/shoponlinedz.com\/en\/wp-json\/wp\/v2\/product\/64316","targetHints":{"allow":["GET"]}}],"collection":[{"href":"https:\/\/shoponlinedz.com\/en\/wp-json\/wp\/v2\/product"}],"about":[{"href":"https:\/\/shoponlinedz.com\/en\/wp-json\/wp\/v2\/types\/product"}],"replies":[{"embeddable":true,"href":"https:\/\/shoponlinedz.com\/en\/wp-json\/wp\/v2\/comments?post=64316"}],"version-history":[{"count":0,"href":"https:\/\/shoponlinedz.com\/en\/wp-json\/wp\/v2\/product\/64316\/revisions"}],"wp:featuredmedia":[{"embeddable":true,"href":"https:\/\/shoponlinedz.com\/en\/wp-json\/wp\/v2\/media\/64315"}],"wp:attachment":[{"href":"https:\/\/shoponlinedz.com\/en\/wp-json\/wp\/v2\/media?parent=64316"}],"wp:term":[{"taxonomy":"product_brand","embeddable":true,"href":"https:\/\/shoponlinedz.com\/en\/wp-json\/wp\/v2\/product_brand?post=64316"},{"taxonomy":"product_cat","embeddable":true,"href":"https:\/\/shoponlinedz.com\/en\/wp-json\/wp\/v2\/product_cat?post=64316"},{"taxonomy":"product_tag","embeddable":true,"href":"https:\/\/shoponlinedz.com\/en\/wp-json\/wp\/v2\/product_tag?post=64316"}],"curies":[{"name":"wp","href":"https:\/\/api.w.org\/{rel}","templated":true}]}}