{"id":64291,"date":"2026-01-07T11:02:56","date_gmt":"2026-01-07T11:02:56","guid":{"rendered":"https:\/\/shoponlinedz.com\/product\/piscine-gonflable-ronde-pour-enfants-70-x-30cm-bestway51033\/"},"modified":"2026-02-16T16:01:53","modified_gmt":"2026-02-16T15:01:53","slug":"piscine-gonflable-ronde-pour-enfants-70-x-30cm-bestway51033","status":"publish","type":"product","link":"https:\/\/shoponlinedz.com\/en\/product\/piscine-gonflable-ronde-pour-enfants-70-x-30cm-bestway51033\/","title":{"rendered":"Piscine Gonflable Ronde Pour Enfants 70 x 30cm Bestway#51033"},"content":{"rendered":"<figure class=\"attachment attachment--preview\" data-trix-attachment=\"{&quot;contentType&quot;:&quot;image&quot;,&quot;height&quot;:1024,&quot;url&quot;:&quot;https:\/\/sawaqli.fra1.cdn.digitaloceanspaces.com\/2410\/bestway-51033-9.jpg&quot;,&quot;width&quot;:1024}\" data-trix-content-type=\"image\"><img decoding=\"async\" class=\"aligncenter\" src=\"https:\/\/sawaqli.fra1.cdn.digitaloceanspaces.com\/2410\/bestway-51033-9.jpg\" width=\"1024\" height=\"1024\" \/><figcaption class=\"attachment__caption\"><\/figcaption><\/figure>\n<figure class=\"attachment attachment--preview\" data-trix-attachment=\"{&quot;contentType&quot;:&quot;image&quot;,&quot;height&quot;:1024,&quot;url&quot;:&quot;https:\/\/sawaqli.fra1.cdn.digitaloceanspaces.com\/2411\/bestway-51033-3.jpg&quot;,&quot;width&quot;:1024}\" data-trix-content-type=\"image\"><img decoding=\"async\" class=\"aligncenter\" src=\"https:\/\/sawaqli.fra1.cdn.digitaloceanspaces.com\/2411\/bestway-51033-3.jpg\" width=\"1024\" height=\"1024\" \/><figcaption class=\"attachment__caption\"><\/figcaption><\/figure>\n<figure class=\"attachment attachment--preview\" data-trix-attachment=\"{&quot;contentType&quot;:&quot;image&quot;,&quot;height&quot;:1024,&quot;url&quot;:&quot;https:\/\/sawaqli.fra1.cdn.digitaloceanspaces.com\/2412\/bestway-51033-8.jpg&quot;,&quot;width&quot;:1024}\" data-trix-content-type=\"image\"><img decoding=\"async\" class=\"aligncenter\" src=\"https:\/\/sawaqli.fra1.cdn.digitaloceanspaces.com\/2412\/bestway-51033-8.jpg\" width=\"1024\" height=\"1024\" \/><figcaption class=\"attachment__caption\"><\/figcaption><\/figure>\n<figure class=\"attachment attachment--preview\" data-trix-attachment=\"{&quot;contentType&quot;:&quot;image&quot;,&quot;height&quot;:1024,&quot;url&quot;:&quot;https:\/\/sawaqli.fra1.cdn.digitaloceanspaces.com\/2413\/bestway-51033-5.jpg&quot;,&quot;width&quot;:1024}\" data-trix-content-type=\"image\"><img decoding=\"async\" class=\"aligncenter\" src=\"https:\/\/sawaqli.fra1.cdn.digitaloceanspaces.com\/2413\/bestway-51033-5.jpg\" width=\"1024\" height=\"1024\" \/><figcaption class=\"attachment__caption\"><\/figcaption><\/figure>\n<figure class=\"attachment attachment--preview\" data-trix-attachment=\"{&quot;contentType&quot;:&quot;image&quot;,&quot;height&quot;:1024,&quot;url&quot;:&quot;https:\/\/sawaqli.fra1.cdn.digitaloceanspaces.com\/2414\/bestway-51033.jpg&quot;,&quot;width&quot;:1024}\" data-trix-content-type=\"image\"><img decoding=\"async\" class=\"aligncenter\" src=\"https:\/\/sawaqli.fra1.cdn.digitaloceanspaces.com\/2414\/bestway-51033.jpg\" width=\"1024\" height=\"1024\" \/><figcaption class=\"attachment__caption\"><\/figcaption><\/figure>\n<p style=\"text-align: center;\">","protected":false},"excerpt":{"rendered":"<p>\u0627\u0644\u0645\u0648\u0627\u0635\u0641\u0627\u062a:\u0645\u0633\u0628\u062d \u0642\u0627\u0628\u0644 \u0644\u0644\u0646\u0641\u062e \u0644\u0644\u0623\u0637\u0641\u0627\u0644.\u0645\u0646\u0627\u0633\u0628 \u0644\u0644\u0623\u0637\u0641\u0627\u0644 \u0645\u0646 \u0639\u0645\u0631 \u0633\u0646\u062a\u064a\u0646 \u0641\u0623\u0643\u062b\u0631.\u0645\u0635\u0646\u0648\u0639 \u0645\u0646 \u0645\u0648\u0627\u062f \u0645\u062a\u064a\u0646\u0629 \u0648\u0642\u0648\u064a\u0629.\u062a\u0635\u0645\u064a\u0645 \u0623\u0646\u064a\u0642 \u0648\u0645\u0631\u064a\u062d.\u0627\u0644\u0623\u0628\u0639\u0627\u062f: \u200e70 \u00d7 70 \u00d7 30 \u0633\u0645. Caract\u00e9ristiques techniques :TYPE | Piscine Ronde GonflableMARQUE | BestwayR\u00c9F\u00c9RENCE | 51033COULEUR | Rose, BleuDIMENSIONS | 70 x 70 x 30 cm<\/p>","protected":false},"featured_media":64290,"comment_status":"open","ping_status":"closed","template":"","meta":[],"product_brand":[],"product_cat":[2459],"product_tag":[],"class_list":{"0":"post-64291","1":"product","2":"type-product","3":"status-publish","4":"has-post-thumbnail","6":"product_cat-jouet-gaming","8":"first","9":"instock","10":"taxable","11":"shipping-taxable","12":"purchasable","13":"product-type-simple"},"jetpack_sharing_enabled":true,"_links":{"self":[{"href":"https:\/\/shoponlinedz.com\/en\/wp-json\/wp\/v2\/product\/64291","targetHints":{"allow":["GET"]}}],"collection":[{"href":"https:\/\/shoponlinedz.com\/en\/wp-json\/wp\/v2\/product"}],"about":[{"href":"https:\/\/shoponlinedz.com\/en\/wp-json\/wp\/v2\/types\/product"}],"replies":[{"embeddable":true,"href":"https:\/\/shoponlinedz.com\/en\/wp-json\/wp\/v2\/comments?post=64291"}],"version-history":[{"count":0,"href":"https:\/\/shoponlinedz.com\/en\/wp-json\/wp\/v2\/product\/64291\/revisions"}],"wp:featuredmedia":[{"embeddable":true,"href":"https:\/\/shoponlinedz.com\/en\/wp-json\/wp\/v2\/media\/64290"}],"wp:attachment":[{"href":"https:\/\/shoponlinedz.com\/en\/wp-json\/wp\/v2\/media?parent=64291"}],"wp:term":[{"taxonomy":"product_brand","embeddable":true,"href":"https:\/\/shoponlinedz.com\/en\/wp-json\/wp\/v2\/product_brand?post=64291"},{"taxonomy":"product_cat","embeddable":true,"href":"https:\/\/shoponlinedz.com\/en\/wp-json\/wp\/v2\/product_cat?post=64291"},{"taxonomy":"product_tag","embeddable":true,"href":"https:\/\/shoponlinedz.com\/en\/wp-json\/wp\/v2\/product_tag?post=64291"}],"curies":[{"name":"wp","href":"https:\/\/api.w.org\/{rel}","templated":true}]}}