{"id":64259,"date":"2026-01-07T11:01:23","date_gmt":"2026-01-07T11:01:23","guid":{"rendered":"https:\/\/shoponlinedz.com\/product\/ensemble-de-pendentifs-en-argile-pour-la-fabrication-de-bijoux-enfant\/"},"modified":"2026-02-16T16:01:53","modified_gmt":"2026-02-16T15:01:53","slug":"ensemble-de-pendentifs-en-argile-pour-la-fabrication-de-bijoux-enfant","status":"publish","type":"product","link":"https:\/\/shoponlinedz.com\/en\/product\/ensemble-de-pendentifs-en-argile-pour-la-fabrication-de-bijoux-enfant\/","title":{"rendered":"Ensemble de pendentifs en argile pour la fabrication de bijoux enfant"},"content":{"rendered":"<figure class=\"attachment attachment--preview\" data-trix-attachment=\"{&quot;contentType&quot;:&quot;image&quot;,&quot;height&quot;:1024,&quot;url&quot;:&quot;https:\/\/sawaqli.fra1.cdn.digitaloceanspaces.com\/2539\/548444784.jpg&quot;,&quot;width&quot;:1024}\" data-trix-content-type=\"image\"><img decoding=\"async\" class=\"aligncenter\" src=\"https:\/\/sawaqli.fra1.cdn.digitaloceanspaces.com\/2539\/548444784.jpg\" width=\"1024\" height=\"1024\" \/><figcaption class=\"attachment__caption\"><\/figcaption><\/figure>\n<figure class=\"attachment attachment--preview\" data-trix-attachment=\"{&quot;contentType&quot;:&quot;image&quot;,&quot;height&quot;:1024,&quot;url&quot;:&quot;https:\/\/sawaqli.fra1.cdn.digitaloceanspaces.com\/2540\/61BtjeETPbL._AC_UF350350_QL80_.jpg&quot;,&quot;width&quot;:1024}\" data-trix-content-type=\"image\"><img decoding=\"async\" class=\"aligncenter\" src=\"https:\/\/sawaqli.fra1.cdn.digitaloceanspaces.com\/2540\/61BtjeETPbL._AC_UF350350_QL80_.jpg\" width=\"1024\" height=\"1024\" \/><figcaption class=\"attachment__caption\"><\/figcaption><\/figure>\n<figure class=\"attachment attachment--preview\" data-trix-attachment=\"{&quot;contentType&quot;:&quot;image&quot;,&quot;height&quot;:1024,&quot;url&quot;:&quot;https:\/\/sawaqli.fra1.cdn.digitaloceanspaces.com\/2541\/Hb5332beccb024a419ff1191c45c15b4fq.jpg&quot;,&quot;width&quot;:1024}\" data-trix-content-type=\"image\"><img decoding=\"async\" class=\"aligncenter\" src=\"https:\/\/sawaqli.fra1.cdn.digitaloceanspaces.com\/2541\/Hb5332beccb024a419ff1191c45c15b4fq.jpg\" width=\"1024\" height=\"1024\" \/><figcaption class=\"attachment__caption\"><\/figcaption><\/figure>\n<figure class=\"attachment attachment--preview\" data-trix-attachment=\"{&quot;contentType&quot;:&quot;image&quot;,&quot;height&quot;:1024,&quot;url&quot;:&quot;https:\/\/sawaqli.fra1.cdn.digitaloceanspaces.com\/2542\/2-8.jpg&quot;,&quot;width&quot;:1024}\" data-trix-content-type=\"image\"><img decoding=\"async\" class=\"aligncenter\" src=\"https:\/\/sawaqli.fra1.cdn.digitaloceanspaces.com\/2542\/2-8.jpg\" width=\"1024\" height=\"1024\" \/><figcaption class=\"attachment__caption\"><\/figcaption><\/figure>\n<figure class=\"attachment attachment--preview\" data-trix-attachment=\"{&quot;contentType&quot;:&quot;image&quot;,&quot;height&quot;:1024,&quot;url&quot;:&quot;https:\/\/sawaqli.fra1.cdn.digitaloceanspaces.com\/2543\/5-6.jpg&quot;,&quot;width&quot;:1024}\" data-trix-content-type=\"image\"><img decoding=\"async\" class=\"aligncenter\" src=\"https:\/\/sawaqli.fra1.cdn.digitaloceanspaces.com\/2543\/5-6.jpg\" width=\"1024\" height=\"1024\" \/><figcaption class=\"attachment__caption\"><\/figcaption><\/figure>\n<p style=\"text-align: center;\">","protected":false},"excerpt":{"rendered":"<p>\u0639\u0644\u0628\u0629 \u062e\u0631\u0632 \u0637\u064a\u0646\u064a \u0648\u062d\u0628\u0627\u062a \u0632\u062c\u0627\u062c\u064a\u0629 \u0644\u0635\u0646\u0627\u0639\u0629 \u0627\u0644\u0625\u0643\u0633\u0633\u0648\u0627\u0631\u0627\u062a\u0645\u062c\u0645\u0648\u0639\u0629 \u0623\u062f\u0648\u0627\u062a \u0645\u062a\u0643\u0627\u0645\u0644\u0629 \u0644\u0635\u0646\u0639 \u0627\u0644\u0623\u0633\u0627\u0648\u0631 \u0648\u0627\u0644\u062e\u0648\u0627\u062a\u0645 \u0648\u0627\u0644\u0625\u0643\u0633\u0633\u0648\u0627\u0631\u0627\u062a \u0627\u0644\u064a\u062f\u0648\u064a\u0629.\u0627\u0644\u0645\u0627\u062f\u0629: \u0623\u0643\u0631\u064a\u0644\u064a\u0643.\u062d\u062c\u0645 \u0627\u0644\u062e\u0631\u0632: 10 \u0645\u0645.\u0627\u0644\u062a\u0639\u0628\u0626\u0629: \u0641\u064a \u0639\u0644\u0628\u0629 \u0628\u0644\u0627\u0633\u062a\u064a\u0643\u064a\u0629 \u0639\u0645\u0644\u064a\u0629.\u0645\u0646\u0627\u0633\u0628\u0629 \u0644\u0644\u062d\u0641\u0644\u0627\u062a\u060c \u0623\u0639\u064a\u0627\u062f \u0627\u0644\u0645\u064a\u0644\u0627\u062f\u060c \u0648\u0627\u0644\u0627\u0633\u062a\u062e\u062f\u0627\u0645 \u0627\u0644\u064a\u0648\u0645\u064a.\u0645\u0644\u0627\u062d\u0638\u0629: \u0643\u0644 \u0639\u0644\u0628\u0629 \u062a\u062e\u062a\u0644\u0641 \u0639\u0646 \u0627\u0644\u0623\u062e\u0631\u0649 \u0645\u0646 \u062d\u064a\u062b \u0627\u0644\u0623\u0644\u0648\u0627\u0646 \u0648\u0627\u0644\u0623\u0634\u0643\u0627\u0644. Ce Kit de perles est merveilleux pour toutes sortes de fabrication de bijoux, artisanat de bricolage, porte-cl\u00e9s de bracelet nom, peut \u00eatre utilis\u00e9 comme cadeau pour la famille et les amis. Les perles rondes peuvent \u00eatre utilis\u00e9es comme perles d&#8217;espacement, pour faire diff\u00e9rents bracelets de perles de lettres, ou vous pouvez utiliser le cordon \u00e9lastique pour tisser un bracelet de perles de lettres personnalis\u00e9.<\/p>","protected":false},"featured_media":64258,"comment_status":"open","ping_status":"closed","template":"","meta":[],"product_brand":[],"product_cat":[2459],"product_tag":[],"class_list":{"0":"post-64259","1":"product","2":"type-product","3":"status-publish","4":"has-post-thumbnail","6":"product_cat-jouet-gaming","8":"first","9":"instock","10":"taxable","11":"shipping-taxable","12":"purchasable","13":"product-type-simple"},"jetpack_sharing_enabled":true,"_links":{"self":[{"href":"https:\/\/shoponlinedz.com\/en\/wp-json\/wp\/v2\/product\/64259","targetHints":{"allow":["GET"]}}],"collection":[{"href":"https:\/\/shoponlinedz.com\/en\/wp-json\/wp\/v2\/product"}],"about":[{"href":"https:\/\/shoponlinedz.com\/en\/wp-json\/wp\/v2\/types\/product"}],"replies":[{"embeddable":true,"href":"https:\/\/shoponlinedz.com\/en\/wp-json\/wp\/v2\/comments?post=64259"}],"version-history":[{"count":0,"href":"https:\/\/shoponlinedz.com\/en\/wp-json\/wp\/v2\/product\/64259\/revisions"}],"wp:featuredmedia":[{"embeddable":true,"href":"https:\/\/shoponlinedz.com\/en\/wp-json\/wp\/v2\/media\/64258"}],"wp:attachment":[{"href":"https:\/\/shoponlinedz.com\/en\/wp-json\/wp\/v2\/media?parent=64259"}],"wp:term":[{"taxonomy":"product_brand","embeddable":true,"href":"https:\/\/shoponlinedz.com\/en\/wp-json\/wp\/v2\/product_brand?post=64259"},{"taxonomy":"product_cat","embeddable":true,"href":"https:\/\/shoponlinedz.com\/en\/wp-json\/wp\/v2\/product_cat?post=64259"},{"taxonomy":"product_tag","embeddable":true,"href":"https:\/\/shoponlinedz.com\/en\/wp-json\/wp\/v2\/product_tag?post=64259"}],"curies":[{"name":"wp","href":"https:\/\/api.w.org\/{rel}","templated":true}]}}