{"id":64240,"date":"2026-01-07T11:00:30","date_gmt":"2026-01-07T11:00:30","guid":{"rendered":"https:\/\/shoponlinedz.com\/product\/detecteurs-de-monoxyde-de-carbone-alarme-lcd\/"},"modified":"2026-02-16T16:01:54","modified_gmt":"2026-02-16T15:01:54","slug":"detecteurs-de-monoxyde-de-carbone-alarme-lcd","status":"publish","type":"product","link":"https:\/\/shoponlinedz.com\/en\/product\/detecteurs-de-monoxyde-de-carbone-alarme-lcd\/","title":{"rendered":"D\u00e9tecteurs de Monoxyde de Carbone alarme LCD"},"content":{"rendered":"<figure class=\"attachment attachment--preview\" data-trix-attachment=\"{&quot;contentType&quot;:&quot;image&quot;,&quot;height&quot;:1024,&quot;url&quot;:&quot;https:\/\/sawaqli.fra1.cdn.digitaloceanspaces.com\/2821\/38-cm-12.jpg&quot;,&quot;width&quot;:1024}\" data-trix-content-type=\"image\"><img decoding=\"async\" class=\"aligncenter\" src=\"https:\/\/sawaqli.fra1.cdn.digitaloceanspaces.com\/2821\/38-cm-12.jpg\" width=\"1024\" height=\"1024\" \/><figcaption class=\"attachment__caption\"><\/figcaption><\/figure>\n<figure class=\"attachment attachment--preview\" data-trix-attachment=\"{&quot;contentType&quot;:&quot;image&quot;,&quot;height&quot;:1024,&quot;url&quot;:&quot;https:\/\/sawaqli.fra1.cdn.digitaloceanspaces.com\/2822\/WhatsApp-Image-2022-12-27-at-2.17.40-PM-2.jpeg&quot;,&quot;width&quot;:1024}\" data-trix-content-type=\"image\"><img decoding=\"async\" class=\"aligncenter\" src=\"https:\/\/sawaqli.fra1.cdn.digitaloceanspaces.com\/2822\/WhatsApp-Image-2022-12-27-at-2.17.40-PM-2.jpeg\" width=\"1024\" height=\"1024\" \/><figcaption class=\"attachment__caption\"><\/figcaption><\/figure>\n<figure class=\"attachment attachment--preview\" data-trix-attachment=\"{&quot;contentType&quot;:&quot;image&quot;,&quot;height&quot;:1024,&quot;url&quot;:&quot;https:\/\/sawaqli.fra1.cdn.digitaloceanspaces.com\/2823\/WhatsApp-Image-2022-12-27-at-2.17.41-PM.jpeg&quot;,&quot;width&quot;:1024}\" data-trix-content-type=\"image\"><img decoding=\"async\" class=\"aligncenter\" src=\"https:\/\/sawaqli.fra1.cdn.digitaloceanspaces.com\/2823\/WhatsApp-Image-2022-12-27-at-2.17.41-PM.jpeg\" width=\"1024\" height=\"1024\" \/><figcaption class=\"attachment__caption\"><\/figcaption><\/figure>\n<figure class=\"attachment attachment--preview\" data-trix-attachment=\"{&quot;contentType&quot;:&quot;image&quot;,&quot;height&quot;:1024,&quot;url&quot;:&quot;https:\/\/sawaqli.fra1.cdn.digitaloceanspaces.com\/2824\/WhatsApp-Image-2022-12-27-at-2.17.41-PM-1.jpeg&quot;,&quot;width&quot;:1024}\" data-trix-content-type=\"image\"><img decoding=\"async\" class=\"aligncenter\" src=\"https:\/\/sawaqli.fra1.cdn.digitaloceanspaces.com\/2824\/WhatsApp-Image-2022-12-27-at-2.17.41-PM-1.jpeg\" width=\"1024\" height=\"1024\" \/><figcaption class=\"attachment__caption\"><\/figcaption><\/figure>\n<figure class=\"attachment attachment--preview\" data-trix-attachment=\"{&quot;contentType&quot;:&quot;image&quot;,&quot;height&quot;:1024,&quot;url&quot;:&quot;https:\/\/sawaqli.fra1.cdn.digitaloceanspaces.com\/2825\/WhatsApp-Image-2022-12-27-at-2.17.40-PM-1.jpeg&quot;,&quot;width&quot;:1024}\" data-trix-content-type=\"image\"><img decoding=\"async\" class=\"aligncenter\" src=\"https:\/\/sawaqli.fra1.cdn.digitaloceanspaces.com\/2825\/WhatsApp-Image-2022-12-27-at-2.17.40-PM-1.jpeg\" width=\"1024\" height=\"1024\" \/><figcaption class=\"attachment__caption\"><\/figcaption><\/figure>\n<p style=\"text-align: center\">","protected":false},"excerpt":{"rendered":"<p>\u0627\u0644\u0648\u0635\u0641: \u0639\u0646\u062f \u0627\u0631\u062a\u0641\u0627\u0639 \u062a\u0631\u0643\u064a\u0632 \u0623\u0648\u0644 \u0623\u0643\u0633\u064a\u062f \u0627\u0644\u0643\u0631\u0628\u0648\u0646 \u0641\u0648\u0642 \u0627\u0644\u0645\u0633\u062a\u0648\u0649 \u0627\u0644\u0622\u0645\u0646\u060c \u064a\u0635\u062f\u0631 \u0643\u0627\u0634\u0641 \u0627\u0644\u063a\u0627\u0632 \u0625\u0646\u0630\u0627\u0631\u064b\u0627 \u0644\u062a\u0646\u0628\u064a\u0647\u0643 \u0648\u062d\u0645\u0627\u064a\u0629 \u0645\u0646\u0632\u0644\u0643. \u0645\u0632\u0648\u062f \u0628\u0634\u0627\u0634\u0629 LCD \u0631\u0642\u0645\u064a\u0629 \u062b\u0644\u0627\u062b\u064a\u0629 \u062a\u0639\u0631\u0636 \u062a\u0631\u0643\u064a\u0632 \u0627\u0644\u063a\u0627\u0632 \u0628\u0634\u0643\u0644 \u0648\u0627\u0636\u062d \u0648\u0645\u0628\u0627\u0634\u0631.\u0627\u0644\u0645\u0648\u0627\u0635\u0641\u0627\u062a:\u064a\u0639\u0645\u0644 \u0628\u06403 \u0628\u0637\u0627\u0631\u064a\u0627\u062a AA (\u063a\u064a\u0631 \u0645\u0634\u0645\u0648\u0644\u0629)\u0646\u0637\u0627\u0642 \u0627\u0644\u062a\u0634\u063a\u064a\u0644: \u0645\u0646 4\u00b0 \u0645\u0626\u0648\u064a\u0629 \u062d\u062a\u0649 38\u00b0 \u0645\u0626\u0648\u064a\u0629\u0625\u0646\u0630\u0627\u0631 \u0635\u0648\u062a\u064a \u0628\u0642\u0648\u0629 85 \u062f\u064a\u0633\u064a\u0628\u0644 \u0639\u0644\u0649 \u0628\u0639\u062f 3 \u0623\u0645\u062a\u0627\u0631\u0645\u062d\u062a\u0648\u064a\u0627\u062a \u0627\u0644\u0639\u0628\u0648\u0629:\u062c\u0647\u0627\u0632 \u0625\u0646\u0630\u0627\u0631 \u0623\u0648\u0644 \u0623\u0643\u0633\u064a\u062f \u0627\u0644\u0643\u0631\u0628\u0648\u0646 \u00d71 (\u0628\u062f\u0648\u0646 \u0628\u0637\u0627\u0631\u064a\u0627\u062a)Les d\u00e9tecteurs de monoxyde de carbone d\u00e9clenchent une alarme lorsqu&#8217;ils d\u00e9tectent une certaine quantit\u00e9 de monoxyde de carbone dans l&#8217;air au fil du temps. Diff\u00e9rents types d&#8217;alarmes sont d\u00e9clench\u00e9s par diff\u00e9rents types de capteurs. Le monoxyde de carbone est un gaz inodore, incolore et insipide qui est presque impossible \u00e0 identifier sans un d\u00e9tecteur appropri\u00e9. Elle est caus\u00e9e par des combustibles qui ne br\u00fblent pas compl\u00e8tement, notamment le bois, l&#8217;essence, le charbon, le propane, le gaz naturel, l&#8217;essence et le mazout. Ce carburant non br\u00fbl\u00e9 peut provenir de n&#8217;importe quoi, des s\u00e9cheuses, des chauffe-eau et des fours aux cuisini\u00e8res, un foyer au feu ou une voiture laiss\u00e9e en marche dans un garage ferm\u00e9. Lorsque le monoxyde de carbone traverse les poumons, il p\u00e9n\u00e8tre dans les globules rouges et se lie \u00e0 l&#8217;h\u00e9moglobine au m\u00eame endroit que l&#8217;oxyg\u00e8ne. Cela forme de la carboxyh\u00e9moglobine, qui interf\u00e8re avec le transport et l&#8217;\u00e9change gazeux de l&#8217;oxyg\u00e8ne dans les globules rouges. Cela prive le corps d&#8217;oxyg\u00e8ne, endommage de fa\u00e7on permanente les tissus du cerveau et des poumons et provoque la suffocation. Le plus troublant est peut-\u00eatre qu&#8217;avant que les sympt\u00f4mes ne deviennent mortels, ils peuvent appara\u00eetre comme des sympt\u00f4mes d&#8217;une grippe ou d&#8217;un rhume, tels qu&#8217;un essoufflement, des naus\u00e9es ou de l\u00e9gers maux de t\u00eate. https:\/\/www.youtube.com\/watch?v=9Of8ZZhcZ4s<\/p>","protected":false},"featured_media":64239,"comment_status":"open","ping_status":"closed","template":"","meta":[],"product_brand":[],"product_cat":[2455],"product_tag":[],"class_list":{"0":"post-64240","1":"product","2":"type-product","3":"status-publish","4":"has-post-thumbnail","6":"product_cat-maison","8":"first","9":"outofstock","10":"taxable","11":"shipping-taxable","12":"purchasable","13":"product-type-simple"},"jetpack_sharing_enabled":true,"_links":{"self":[{"href":"https:\/\/shoponlinedz.com\/en\/wp-json\/wp\/v2\/product\/64240","targetHints":{"allow":["GET"]}}],"collection":[{"href":"https:\/\/shoponlinedz.com\/en\/wp-json\/wp\/v2\/product"}],"about":[{"href":"https:\/\/shoponlinedz.com\/en\/wp-json\/wp\/v2\/types\/product"}],"replies":[{"embeddable":true,"href":"https:\/\/shoponlinedz.com\/en\/wp-json\/wp\/v2\/comments?post=64240"}],"version-history":[{"count":0,"href":"https:\/\/shoponlinedz.com\/en\/wp-json\/wp\/v2\/product\/64240\/revisions"}],"wp:featuredmedia":[{"embeddable":true,"href":"https:\/\/shoponlinedz.com\/en\/wp-json\/wp\/v2\/media\/64239"}],"wp:attachment":[{"href":"https:\/\/shoponlinedz.com\/en\/wp-json\/wp\/v2\/media?parent=64240"}],"wp:term":[{"taxonomy":"product_brand","embeddable":true,"href":"https:\/\/shoponlinedz.com\/en\/wp-json\/wp\/v2\/product_brand?post=64240"},{"taxonomy":"product_cat","embeddable":true,"href":"https:\/\/shoponlinedz.com\/en\/wp-json\/wp\/v2\/product_cat?post=64240"},{"taxonomy":"product_tag","embeddable":true,"href":"https:\/\/shoponlinedz.com\/en\/wp-json\/wp\/v2\/product_tag?post=64240"}],"curies":[{"name":"wp","href":"https:\/\/api.w.org\/{rel}","templated":true}]}}