{"id":64220,"date":"2026-01-07T10:59:45","date_gmt":"2026-01-07T10:59:45","guid":{"rendered":"https:\/\/shoponlinedz.com\/product\/etagere-de-rangement-en-acier-inoxydable-pour-machine-a-laver\/"},"modified":"2026-02-16T16:01:54","modified_gmt":"2026-02-16T15:01:54","slug":"etagere-de-rangement-en-acier-inoxydable-pour-machine-a-laver","status":"publish","type":"product","link":"https:\/\/shoponlinedz.com\/en\/product\/etagere-de-rangement-en-acier-inoxydable-pour-machine-a-laver\/","title":{"rendered":"\u00c9tag\u00e8re de rangement en acier inoxydable pour machine \u00e0 laver"},"content":{"rendered":"<figure class=\"attachment attachment--preview\" data-trix-attachment=\"{&quot;contentType&quot;:&quot;image&quot;,&quot;height&quot;:1024,&quot;url&quot;:&quot;https:\/\/sawaqli.fra1.cdn.digitaloceanspaces.com\/2869\/1-16.jpg&quot;,&quot;width&quot;:1024}\" data-trix-content-type=\"image\"><img decoding=\"async\" class=\"aligncenter\" src=\"https:\/\/sawaqli.fra1.cdn.digitaloceanspaces.com\/2869\/1-16.jpg\" width=\"1024\" height=\"1024\" \/><figcaption class=\"attachment__caption\"><\/figcaption><\/figure>\n<figure class=\"attachment attachment--preview\" data-trix-attachment=\"{&quot;contentType&quot;:&quot;image&quot;,&quot;height&quot;:1024,&quot;url&quot;:&quot;https:\/\/sawaqli.fra1.cdn.digitaloceanspaces.com\/2870\/2-5.jpg&quot;,&quot;width&quot;:1024}\" data-trix-content-type=\"image\"><img decoding=\"async\" class=\"aligncenter\" src=\"https:\/\/sawaqli.fra1.cdn.digitaloceanspaces.com\/2870\/2-5.jpg\" width=\"1024\" height=\"1024\" \/><figcaption class=\"attachment__caption\"><\/figcaption><\/figure>\n<figure class=\"attachment attachment--preview\" data-trix-attachment=\"{&quot;contentType&quot;:&quot;image&quot;,&quot;height&quot;:1024,&quot;url&quot;:&quot;https:\/\/sawaqli.fra1.cdn.digitaloceanspaces.com\/2871\/tag-re-en-acier-inoxydable-pour-salle-de-bain-meuble-de-rangement-pour-toilettes-Machine.jpg_Q90.jpg_.jpg&quot;,&quot;width&quot;:1024}\" data-trix-content-type=\"image\"><img decoding=\"async\" class=\"aligncenter\" src=\"https:\/\/sawaqli.fra1.cdn.digitaloceanspaces.com\/2871\/tag-re-en-acier-inoxydable-pour-salle-de-bain-meuble-de-rangement-pour-toilettes-Machine.jpg_Q90.jpg_.jpg\" width=\"1024\" height=\"1024\" \/><figcaption class=\"attachment__caption\"><\/figcaption><\/figure>\n<figure class=\"attachment attachment--preview\" data-trix-attachment=\"{&quot;contentType&quot;:&quot;image&quot;,&quot;height&quot;:1024,&quot;url&quot;:&quot;https:\/\/sawaqli.fra1.cdn.digitaloceanspaces.com\/2872\/WhatsApp-Image-2022-10-30-at-1.12.14-PM-1.jpeg&quot;,&quot;width&quot;:1024}\" data-trix-content-type=\"image\"><img decoding=\"async\" class=\"aligncenter\" src=\"https:\/\/sawaqli.fra1.cdn.digitaloceanspaces.com\/2872\/WhatsApp-Image-2022-10-30-at-1.12.14-PM-1.jpeg\" width=\"1024\" height=\"1024\" \/><figcaption class=\"attachment__caption\"><\/figcaption><\/figure>\n<figure class=\"attachment attachment--preview\" data-trix-attachment=\"{&quot;contentType&quot;:&quot;image&quot;,&quot;height&quot;:1024,&quot;url&quot;:&quot;https:\/\/sawaqli.fra1.cdn.digitaloceanspaces.com\/2873\/WhatsApp-Image-2022-10-30-at-1.12.14-PM.jpeg&quot;,&quot;width&quot;:1024}\" data-trix-content-type=\"image\"><img decoding=\"async\" class=\"aligncenter\" src=\"https:\/\/sawaqli.fra1.cdn.digitaloceanspaces.com\/2873\/WhatsApp-Image-2022-10-30-at-1.12.14-PM.jpeg\" width=\"1024\" height=\"1024\" \/><figcaption class=\"attachment__caption\"><\/figcaption><\/figure>\n<p style=\"text-align: center;\">","protected":false},"excerpt":{"rendered":"<p>\u0627\u0644\u062a\u0641\u0627\u0635\u064a\u0644: \u0645\u0635\u0646\u0648\u0639 \u0645\u0646 \u0627\u0644\u062d\u062f\u064a\u062f \u0639\u0627\u0644\u064a \u0627\u0644\u062c\u0648\u062f\u0629\u060c \u0642\u0648\u064a \u0648\u0645\u062a\u064a\u0646 \u0648\u0630\u0648 \u0639\u0645\u0631 \u062e\u062f\u0645\u0629 \u0637\u0648\u064a\u0644. \u064a\u0633\u062a\u0641\u064a\u062f \u0628\u0641\u0639\u0627\u0644\u064a\u0629 \u0645\u0646 \u0627\u0644\u0645\u0633\u0627\u062d\u0629 \u063a\u064a\u0631 \u0627\u0644\u0645\u0633\u062a\u062e\u062f\u0645\u0629 \u0641\u0648\u0642 \u0627\u0644\u0623\u062f\u0648\u0627\u062a \u0627\u0644\u0642\u0631\u064a\u0628\u0629\u060c \u0645\u0645\u0627 \u064a\u062e\u0644\u0642 \u0645\u0633\u0627\u062d\u0627\u062a \u062a\u062e\u0632\u064a\u0646 \u0625\u0636\u0627\u0641\u064a\u0629 \u0645\u062a\u0639\u062f\u062f\u0629 \u0644\u062d\u0645\u0627\u0645 \u0645\u0632\u062f\u062d\u0645. \u064a\u0623\u062a\u064a \u0645\u0639 \u062c\u0645\u064a\u0639 \u0645\u0644\u062d\u0642\u0627\u062a \u0627\u0644\u062a\u062b\u0628\u064a\u062a \u0648\u062a\u0639\u0644\u064a\u0645\u0627\u062a \u0645\u0641\u0635\u0644\u0629\u060c \u0633\u0647\u0644 \u0627\u0644\u062a\u0631\u0643\u064a\u0628. \u0645\u0632\u0648\u062f \u0628\u062e\u0637\u0627\u0641 \u062c\u0627\u0646\u0628\u064a \u06483 \u0631\u0641\u0648\u0641\u060c \u0645\u0646\u0627\u0633\u0628 \u0644\u062a\u062e\u0632\u064a\u0646 \u0627\u0644\u0634\u0627\u0645\u0628\u0648\u060c \u0627\u0644\u0645\u0646\u0627\u0634\u0641\u060c \u0634\u0641\u0631\u0627\u062a \u0627\u0644\u062d\u0644\u0627\u0642\u0629\u060c \u0644\u0641\u0627\u0626\u0641 \u0627\u0644\u0648\u0631\u0642\u060c \u0639\u0644\u0628 \u0627\u0644\u0645\u0646\u0627\u062f\u064a\u0644 \u0648\u063a\u064a\u0631\u0647\u0627. \u062a\u0635\u0645\u064a\u0645 \u0639\u0635\u0631\u064a \u062c\u0645\u064a\u0644 \u0627\u0644\u0634\u0643\u0644\u060c \u0645\u062b\u0627\u0644\u064a \u0644\u062d\u0645\u0627\u0645\u0643 \u0623\u0648 \u063a\u0631\u0641\u0629 \u0627\u0644\u063a\u0633\u064a\u0644.\u0627\u0644\u0645\u0648\u0627\u0635\u0641\u0627\u062a \u0627\u0644\u0623\u0633\u0627\u0633\u064a\u0629:\u0645\u0633\u0627\u062d\u0629 \u062a\u062e\u0632\u064a\u0646 \u0644\u062a\u0648\u0641\u064a\u0631 \u0627\u0644\u0645\u0633\u0627\u062d\u0629 \u0648\u0627\u0633\u062a\u062e\u062f\u0627\u0645 \u0627\u0644\u0645\u0646\u0637\u0642\u0629 \u0641\u0648\u0642 \u0627\u0644\u063a\u0633\u0627\u0644\u0629 \u0628\u0633\u0647\u0648\u0644\u0629.\u0645\u0635\u0646\u0648\u0639 \u0645\u0646 \u0627\u0644\u0641\u0648\u0644\u0627\u0630 \u0627\u0644\u0643\u0631\u0628\u0648\u0646\u064a\u060c \u0647\u064a\u0643\u0644 \u0645\u0639\u062f\u0646\u064a \u0642\u0648\u064a \u0648\u0645\u062a\u064a\u0646 \u0648\u063a\u064a\u0631 \u0642\u0627\u0628\u0644 \u0644\u0644\u0635\u062f\u0623 \u0628\u0633\u0647\u0648\u0644\u0629.\u062a\u0635\u0645\u064a\u0645 \u0647\u064a\u0643\u0644 \u0645\u062d\u0633\u0651\u0646 \u0645\u0639 \u0631\u0648\u0627\u0628\u0637 \u0642\u0648\u064a\u0629 \u0648\u0642\u062f\u0631\u0629 \u062a\u062d\u0645\u0651\u0644 \u0639\u0627\u0644\u064a\u0629\u060c \u0648\u0642\u0627\u0639\u062f\u0629 \u0642\u0627\u0628\u0644\u0629 \u0644\u0644\u062a\u0639\u062f\u064a\u0644.\u062a\u0635\u0645\u064a\u0645 \u0628\u062b\u0644\u0627\u062b\u0629 \u0645\u0633\u062a\u0648\u064a\u0627\u062a\u060c \u0633\u0639\u0629 \u0643\u0628\u064a\u0631\u0629 \u0648\u0627\u0633\u062a\u062e\u062f\u0627\u0645\u0627\u062a \u0645\u062a\u0639\u062f\u062f\u0629.\u0627\u0644\u0644\u0648\u0646: \u0623\u0628\u064a\u0636.<\/p>","protected":false},"featured_media":64219,"comment_status":"open","ping_status":"closed","template":"","meta":[],"product_brand":[],"product_cat":[2455],"product_tag":[],"class_list":{"0":"post-64220","1":"product","2":"type-product","3":"status-publish","4":"has-post-thumbnail","6":"product_cat-maison","8":"first","9":"instock","10":"taxable","11":"shipping-taxable","12":"purchasable","13":"product-type-simple"},"jetpack_sharing_enabled":true,"_links":{"self":[{"href":"https:\/\/shoponlinedz.com\/en\/wp-json\/wp\/v2\/product\/64220","targetHints":{"allow":["GET"]}}],"collection":[{"href":"https:\/\/shoponlinedz.com\/en\/wp-json\/wp\/v2\/product"}],"about":[{"href":"https:\/\/shoponlinedz.com\/en\/wp-json\/wp\/v2\/types\/product"}],"replies":[{"embeddable":true,"href":"https:\/\/shoponlinedz.com\/en\/wp-json\/wp\/v2\/comments?post=64220"}],"version-history":[{"count":0,"href":"https:\/\/shoponlinedz.com\/en\/wp-json\/wp\/v2\/product\/64220\/revisions"}],"wp:featuredmedia":[{"embeddable":true,"href":"https:\/\/shoponlinedz.com\/en\/wp-json\/wp\/v2\/media\/64219"}],"wp:attachment":[{"href":"https:\/\/shoponlinedz.com\/en\/wp-json\/wp\/v2\/media?parent=64220"}],"wp:term":[{"taxonomy":"product_brand","embeddable":true,"href":"https:\/\/shoponlinedz.com\/en\/wp-json\/wp\/v2\/product_brand?post=64220"},{"taxonomy":"product_cat","embeddable":true,"href":"https:\/\/shoponlinedz.com\/en\/wp-json\/wp\/v2\/product_cat?post=64220"},{"taxonomy":"product_tag","embeddable":true,"href":"https:\/\/shoponlinedz.com\/en\/wp-json\/wp\/v2\/product_tag?post=64220"}],"curies":[{"name":"wp","href":"https:\/\/api.w.org\/{rel}","templated":true}]}}