{"id":64170,"date":"2026-01-07T10:58:11","date_gmt":"2026-01-07T10:58:11","guid":{"rendered":"https:\/\/shoponlinedz.com\/product\/armoire-chaussures-5-niveaux-etageres-15-paires-ou-plus-tres-pratique-pour-salon-chambre-et-entree\/"},"modified":"2026-04-10T17:07:32","modified_gmt":"2026-04-10T16:07:32","slug":"armoire-chaussures-5-niveaux-etageres-15-paires-ou-plus-tres-pratique-pour-salon-chambre-et-entree","status":"publish","type":"product","link":"https:\/\/shoponlinedz.com\/en\/product\/armoire-chaussures-5-niveaux-etageres-15-paires-ou-plus-tres-pratique-pour-salon-chambre-et-entree\/","title":{"rendered":"Armoire Chaussures 5 niveaux \u00e9tag\u00e8res 15 paires ou plus tr\u00e8s pratique pour Salon, Chambre et Entr\u00e9e"},"content":{"rendered":"<figure class=\"attachment attachment--preview\" data-trix-attachment=\"{&quot;contentType&quot;:&quot;image&quot;,&quot;height&quot;:1024,&quot;url&quot;:&quot;https:\/\/sawaqli.fra1.cdn.digitaloceanspaces.com\/2934\/321438157_5618190778228828_1100937887287436625_n.jpg&quot;,&quot;width&quot;:1024}\" data-trix-content-type=\"image\"><img decoding=\"async\" class=\"aligncenter\" src=\"https:\/\/sawaqli.fra1.cdn.digitaloceanspaces.com\/2934\/321438157_5618190778228828_1100937887287436625_n.jpg\" width=\"1024\" height=\"1024\" \/><figcaption class=\"attachment__caption\"><\/figcaption><\/figure>\n<figure class=\"attachment attachment--preview\" data-trix-attachment=\"{&quot;contentType&quot;:&quot;image&quot;,&quot;height&quot;:1024,&quot;url&quot;:&quot;https:\/\/sawaqli.fra1.cdn.digitaloceanspaces.com\/2935\/61zJIktbQzL._AC_SL1500_.jpg&quot;,&quot;width&quot;:1024}\" data-trix-content-type=\"image\"><img decoding=\"async\" class=\"aligncenter\" src=\"https:\/\/sawaqli.fra1.cdn.digitaloceanspaces.com\/2935\/61zJIktbQzL._AC_SL1500_.jpg\" width=\"1024\" height=\"1024\" \/><figcaption class=\"attachment__caption\"><\/figcaption><\/figure>\n<figure class=\"attachment attachment--preview\" data-trix-attachment=\"{&quot;contentType&quot;:&quot;image&quot;,&quot;height&quot;:1024,&quot;url&quot;:&quot;https:\/\/sawaqli.fra1.cdn.digitaloceanspaces.com\/2936\/Armoire-chaussures-Simple-porte-roulante-rangement-domestique-moderne-minimaliste-porte-chaussures-de-chambre-coucher-conomique-dortoir-1.jpg_Q90-1.jpg_-1.jpg&quot;,&quot;width&quot;:1024}\" data-trix-content-type=\"image\"><img decoding=\"async\" class=\"aligncenter\" src=\"https:\/\/sawaqli.fra1.cdn.digitaloceanspaces.com\/2936\/Armoire-chaussures-Simple-porte-roulante-rangement-domestique-moderne-minimaliste-porte-chaussures-de-chambre-coucher-conomique-dortoir-1.jpg_Q90-1.jpg_-1.jpg\" width=\"1024\" height=\"1024\" \/><figcaption class=\"attachment__caption\"><\/figcaption><\/figure>\n<figure class=\"attachment attachment--preview\" data-trix-attachment=\"{&quot;contentType&quot;:&quot;image&quot;,&quot;height&quot;:1024,&quot;url&quot;:&quot;https:\/\/sawaqli.fra1.cdn.digitaloceanspaces.com\/2937\/WhatsApp-Image-2022-10-10-at-7.20.07-PM.jpeg&quot;,&quot;width&quot;:1024}\" data-trix-content-type=\"image\"><img decoding=\"async\" class=\"aligncenter\" src=\"https:\/\/sawaqli.fra1.cdn.digitaloceanspaces.com\/2937\/WhatsApp-Image-2022-10-10-at-7.20.07-PM.jpeg\" width=\"1024\" height=\"1024\" \/><figcaption class=\"attachment__caption\"><\/figcaption><\/figure>\n<p style=\"text-align: center;\">","protected":false},"excerpt":{"rendered":"<p>\u0631\u0641 \u0623\u062d\u0630\u064a\u0629 \u0639\u0627\u0645 \u0628\u062e\u0645\u0633 \u0637\u0628\u0642\u0627\u062a \u2013 \u064a\u0633\u0639 15 \u0632\u0648\u062c\u0627\u064b \u0623\u0648 \u0623\u0643\u062b\u0631 \u2013 \u0639\u0645\u0644\u064a \u062c\u062f\u0627\u064b \u0644\u063a\u0631\u0641\u0629 \u0627\u0644\u0645\u0639\u064a\u0634\u0629 \u0623\u0648 \u063a\u0631\u0641\u0629 \u0627\u0644\u0646\u0648\u0645 \u0623\u0648 \u0627\u0644\u0645\u062f\u062e\u0644\u0633\u0647\u0644 \u0627\u0644\u062a\u0631\u0643\u064a\u0628\u060c \u0628\u062f\u0648\u0646 \u0623\u062f\u0648\u0627\u062a\u060c \u0645\u0635\u0646\u0648\u0639 \u0645\u0646 \u0645\u0648\u0627\u062f \u0645\u062e\u062a\u0627\u0631\u0629 \u0628\u0639\u0646\u0627\u064a\u0629\u060c \u0642\u062f\u0631\u0629 \u062a\u062d\u0645\u0644 \u0639\u0627\u0644\u064a\u0629 \u0644\u0636\u0645\u0627\u0646 \u0627\u0644\u0645\u062a\u0627\u0646\u0629 \u0648\u0627\u0644\u062b\u0628\u0627\u062a.\u0645\u0639 \u0647\u0630\u0627 \u0627\u0644\u0631\u0641 \u0627\u0644\u0623\u0646\u064a\u0642\u060c \u0644\u0646 \u062a\u0636\u064a\u0639 \u0623\u062d\u0630\u064a\u062a\u0643 \u0628\u0639\u062f \u0627\u0644\u064a\u0648\u0645 \u0648\u0644\u0646 \u062a\u0639\u0627\u0646\u064a \u0645\u0646 \u0627\u0644\u0641\u0648\u0636\u0649\u060c \u062d\u064a\u062b \u064a\u0645\u0646\u062d \u0623\u062d\u0630\u064a\u062a\u0643 \u0645\u0643\u0627\u0646\u0627\u064b \u0645\u0646\u0638\u0645\u0627\u064b.\u0645\u0646\u0638\u0645 \u0623\u062d\u0630\u064a\u0629 \u0645\u0648\u0641\u0631 \u0644\u0644\u0645\u0633\u0627\u062d\u0629 \u2013 \u064a\u062d\u0627\u0641\u0638 \u0639\u0644\u0649 \u062a\u0631\u062a\u064a\u0628 \u0627\u0644\u0623\u062d\u0630\u064a\u0629 \u0628\u0641\u0636\u0644 \u062a\u0635\u0645\u064a\u0645\u0647 \u0627\u0644\u0639\u0635\u0631\u064a \u0648\u0627\u0644\u0645\u062f\u0645\u062c\u060c \u0648\u064a\u0645\u0643\u0646 \u0627\u0633\u062a\u062e\u062f\u0627\u0645\u0647 \u0643\u0630\u0644\u0643 \u0644\u062a\u062e\u0632\u064a\u0646 \u0627\u0644\u062d\u0642\u0627\u0626\u0628 \u0623\u0648 \u0627\u0644\u0646\u0628\u0627\u062a\u0627\u062a \u0623\u0648 \u0627\u0644\u0633\u0644\u0627\u0644.\u0627\u0644\u0645\u0648\u0627\u0635\u0641\u0627\u062a:\u0646\u0648\u0639 \u0627\u0644\u0645\u0646\u062a\u062c: \u0631\u0641 \u0623\u062d\u0630\u064a\u0629\u0639\u062f\u062f \u0627\u0644\u0631\u0641\u0648\u0641: 5\u0627\u0644\u0645\u0648\u0627\u062f: \u0628\u0644\u0627\u0633\u062a\u064a\u0643 \u0645\u0639 \u0642\u0636\u0628\u0627\u0646 \u062d\u062f\u064a\u062f\u064a\u0629\u0627\u0644\u0623\u0628\u0639\u0627\u062f \u0627\u0644\u0643\u0644\u064a\u0629 (\u0627\u0631\u062a\u0641\u0627\u0639 \u00d7 \u0639\u0631\u0636 \u00d7 \u0639\u0645\u0642): \u062d\u0648\u0627\u0644\u064a 90 \u00d7 60 \u00d7 35 \u0633\u0645\u0639\u062f\u062f \u0627\u0644\u0645\u0633\u062a\u0648\u064a\u0627\u062a: \u062d\u062a\u0649 8 \u0645\u0633\u062a\u0648\u064a\u0627\u062a\u0627\u0644\u0648\u0632\u0646: \u062d\u0648\u0627\u0644\u064a 1.5 \u0643\u062c\u0645\u0627\u0644\u0645\u0648\u0627\u062f: \u0642\u0645\u0627\u0634 \u0645\u0639 \u0642\u0636\u0628\u0627\u0646 \u062d\u062f\u064a\u062f\u064a\u0629\u0645\u062d\u062a\u0648\u064a\u0627\u062a \u0627\u0644\u0639\u0628\u0648\u0629: \u0637\u0642\u0645 \u0643\u0627\u0645\u0644 \u0644\u062a\u0631\u0643\u064a\u0628 \u0631\u0641 \u0627\u0644\u0623\u062d\u0630\u064a\u0629<\/p>","protected":false},"featured_media":64169,"comment_status":"open","ping_status":"closed","template":"","meta":[],"product_brand":[],"product_cat":[2455],"product_tag":[],"class_list":{"0":"post-64170","1":"product","2":"type-product","3":"status-publish","4":"has-post-thumbnail","6":"product_cat-maison","8":"first","9":"outofstock","10":"taxable","11":"shipping-taxable","12":"purchasable","13":"product-type-simple"},"jetpack_sharing_enabled":true,"_links":{"self":[{"href":"https:\/\/shoponlinedz.com\/en\/wp-json\/wp\/v2\/product\/64170","targetHints":{"allow":["GET"]}}],"collection":[{"href":"https:\/\/shoponlinedz.com\/en\/wp-json\/wp\/v2\/product"}],"about":[{"href":"https:\/\/shoponlinedz.com\/en\/wp-json\/wp\/v2\/types\/product"}],"replies":[{"embeddable":true,"href":"https:\/\/shoponlinedz.com\/en\/wp-json\/wp\/v2\/comments?post=64170"}],"version-history":[{"count":0,"href":"https:\/\/shoponlinedz.com\/en\/wp-json\/wp\/v2\/product\/64170\/revisions"}],"wp:featuredmedia":[{"embeddable":true,"href":"https:\/\/shoponlinedz.com\/en\/wp-json\/wp\/v2\/media\/64169"}],"wp:attachment":[{"href":"https:\/\/shoponlinedz.com\/en\/wp-json\/wp\/v2\/media?parent=64170"}],"wp:term":[{"taxonomy":"product_brand","embeddable":true,"href":"https:\/\/shoponlinedz.com\/en\/wp-json\/wp\/v2\/product_brand?post=64170"},{"taxonomy":"product_cat","embeddable":true,"href":"https:\/\/shoponlinedz.com\/en\/wp-json\/wp\/v2\/product_cat?post=64170"},{"taxonomy":"product_tag","embeddable":true,"href":"https:\/\/shoponlinedz.com\/en\/wp-json\/wp\/v2\/product_tag?post=64170"}],"curies":[{"name":"wp","href":"https:\/\/api.w.org\/{rel}","templated":true}]}}