{"id":64102,"date":"2026-01-06T20:08:25","date_gmt":"2026-01-06T20:08:25","guid":{"rendered":"https:\/\/shoponlinedz.com\/product\/pommeau-de-douche-avec-ventilateur-economie-pour-salle-de-bains-debit-360-degres-rotation\/"},"modified":"2026-02-16T16:01:56","modified_gmt":"2026-02-16T15:01:56","slug":"pommeau-de-douche-avec-ventilateur-economie-pour-salle-de-bains-debit-360-degres-rotation","status":"publish","type":"product","link":"https:\/\/shoponlinedz.com\/en\/product\/pommeau-de-douche-avec-ventilateur-economie-pour-salle-de-bains-debit-360-degres-rotation\/","title":{"rendered":"Pommeau de Douche avec Ventilateur \u00c9conomie pour Salle de Bains D\u00e9bit 360 Degr\u00e9s Rotation"},"content":{"rendered":"<figure class=\"attachment attachment--preview\" data-trix-attachment=\"{&quot;contentType&quot;:&quot;image&quot;,&quot;height&quot;:1024,&quot;url&quot;:&quot;https:\/\/sawa9ly.app\/storage\/64576\/water-faucet.jpg&quot;,&quot;width&quot;:1024}\" data-trix-content-type=\"image\"><img decoding=\"async\" class=\"aligncenter\" src=\"https:\/\/sawa9ly.app\/storage\/64576\/water-faucet.jpg\" width=\"1024\" height=\"1024\" \/><figcaption class=\"attachment__caption\"><\/figcaption><\/figure>\n<figure class=\"attachment attachment--preview\" data-trix-attachment=\"{&quot;contentType&quot;:&quot;image&quot;,&quot;height&quot;:1024,&quot;url&quot;:&quot;https:\/\/sawaqli.fra1.cdn.digitaloceanspaces.com\/3095\/Pommeau-de-douche-conomie-d-eau-rotation-de-2022-degr-s-avec-petit-ventilateur-buse-de.jpg_.jpg&quot;,&quot;width&quot;:1024}\" data-trix-content-type=\"image\"><img decoding=\"async\" class=\"aligncenter\" src=\"https:\/\/sawaqli.fra1.cdn.digitaloceanspaces.com\/3095\/Pommeau-de-douche-conomie-d-eau-rotation-de-2022-degr-s-avec-petit-ventilateur-buse-de.jpg_.jpg\" width=\"1024\" height=\"1024\" \/><figcaption class=\"attachment__caption\"><\/figcaption><\/figure>\n<figure class=\"attachment attachment--preview\" data-trix-attachment=\"{&quot;contentType&quot;:&quot;image&quot;,&quot;height&quot;:1024,&quot;url&quot;:&quot;https:\/\/sawaqli.fra1.cdn.digitaloceanspaces.com\/3096\/WhatsApp-Image-2022-07-16-at-17.43.41-1.jpeg&quot;,&quot;width&quot;:1024}\" data-trix-content-type=\"image\"><img decoding=\"async\" class=\"aligncenter\" src=\"https:\/\/sawaqli.fra1.cdn.digitaloceanspaces.com\/3096\/WhatsApp-Image-2022-07-16-at-17.43.41-1.jpeg\" width=\"1024\" height=\"1024\" \/><figcaption class=\"attachment__caption\"><\/figcaption><\/figure>\n<figure class=\"attachment attachment--preview\" data-trix-attachment=\"{&quot;contentType&quot;:&quot;image&quot;,&quot;height&quot;:1024,&quot;url&quot;:&quot;https:\/\/sawaqli.fra1.cdn.digitaloceanspaces.com\/3098\/WhatsApp-Image-2022-07-16-at-17.43.41-3.jpeg&quot;,&quot;width&quot;:1024}\" data-trix-content-type=\"image\"><img decoding=\"async\" class=\"aligncenter\" src=\"https:\/\/sawaqli.fra1.cdn.digitaloceanspaces.com\/3098\/WhatsApp-Image-2022-07-16-at-17.43.41-3.jpeg\" width=\"1024\" height=\"1024\" \/><figcaption class=\"attachment__caption\"><\/figcaption><\/figure>\n<figure class=\"attachment attachment--preview\" data-trix-attachment=\"{&quot;contentType&quot;:&quot;image&quot;,&quot;height&quot;:1024,&quot;url&quot;:&quot;https:\/\/sawaqli.fra1.cdn.digitaloceanspaces.com\/3099\/WhatsApp-Image-2022-07-16-at-17.43.42-1.jpeg&quot;,&quot;width&quot;:1024}\" data-trix-content-type=\"image\"><img decoding=\"async\" class=\"aligncenter\" src=\"https:\/\/sawaqli.fra1.cdn.digitaloceanspaces.com\/3099\/WhatsApp-Image-2022-07-16-at-17.43.42-1.jpeg\" width=\"1024\" height=\"1024\" \/><figcaption class=\"attachment__caption\"><\/figcaption><\/figure>\n<p style=\"text-align: center;\">","protected":false},"excerpt":{"rendered":"<p>\u0648\u0635\u0641 \u0627\u0644\u0645\u0646\u062a\u062c \u2013 \u0631\u0623\u0633 \u062f\u0634 \u0628\u0636\u063a\u0637 \u0645\u0631\u062a\u0641\u0639\u062a\u0635\u0645\u064a\u0645 \u0639\u0627\u0644\u064a \u0627\u0644\u0636\u063a\u0637: \u0631\u0623\u0633 \u0627\u0644\u062f\u0634 \u064a\u0648\u0644\u0651\u062f \u062a\u062f\u0641\u0642\u064b\u0627 \u0642\u0648\u064a\u064b\u0627 \u0644\u0644\u0645\u0627\u0621 \u0639\u0628\u0631 \u0639\u062c\u0644\u0629 \u062f\u0648\u0651\u0627\u0631\u0629 \u062a\u0632\u064a\u062f \u0645\u0646 \u0633\u0631\u0639\u0629 \u0627\u0644\u0645\u0627\u0621\u060c \u0645\u0645\u0627 \u064a\u0631\u0641\u0639 \u0636\u063a\u0637\u0647 \u062d\u062a\u0649 \u0641\u064a \u0627\u0644\u0623\u0645\u0627\u0643\u0646 \u0630\u0627\u062a \u0627\u0644\u0636\u063a\u0637 \u0627\u0644\u0645\u0646\u062e\u0641\u0636.\u062a\u0648\u0641\u064a\u0631 \u0627\u0644\u0645\u064a\u0627\u0647: \u0628\u0641\u0636\u0644 \u062a\u0642\u0646\u064a\u0629 \u0627\u0644\u0641\u0648\u0647\u0627\u062a \u0627\u0644\u062f\u0642\u064a\u0642\u0629 \u062a\u0635\u0628\u062d \u0641\u062a\u062d\u0627\u062a \u062e\u0631\u0648\u062c \u0627\u0644\u0645\u0627\u0621 \u0623\u0635\u063a\u0631 \u0648\u0623\u0643\u062b\u0631 \u0643\u062b\u0627\u0641\u0629\u060c \u0645\u0645\u0627 \u064a\u0632\u064a\u062f \u0633\u0631\u0639\u0629 \u0627\u0644\u062a\u062f\u0641\u0642 \u0648\u064a\u0648\u0641\u0631 \u062d\u062a\u0649 40\u066a \u0645\u0646 \u0627\u0633\u062a\u0647\u0644\u0627\u0643 \u0627\u0644\u0645\u064a\u0627\u0647 \u0645\u0642\u0627\u0631\u0646\u0629 \u0628\u0631\u0624\u0648\u0633 \u0627\u0644\u062f\u0634 \u0627\u0644\u0639\u0627\u062f\u064a\u0629.\u0632\u0631 \u062a\u0634\u063a\u064a\u0644\/\u0625\u064a\u0642\u0627\u0641: \u064a\u0648\u062c\u062f \u0632\u0631 \u0639\u0644\u0649 \u0627\u0644\u0645\u0642\u0628\u0636 \u0644\u0625\u064a\u0642\u0627\u0641 \u0627\u0644\u0645\u0627\u0621 \u0641\u064a \u0623\u064a \u0648\u0642\u062a \u0628\u0633\u0647\u0648\u0644\u0629.\u0633\u0647\u0648\u0644\u0629 \u0627\u0644\u062a\u0631\u0643\u064a\u0628: \u0648\u0627\u062c\u0647\u0629 \u0642\u064a\u0627\u0633\u064a\u0629 G1\/2\u060c \u062a\u0646\u0627\u0633\u0628 \u0645\u0639\u0638\u0645 \u0627\u0644\u062e\u0631\u0627\u0637\u064a\u0645 \u0648\u0627\u0644\u062d\u0648\u0627\u0645\u0644 \u0628\u062f\u0648\u0646 \u0627\u0644\u062d\u0627\u062c\u0629 \u0625\u0644\u0649 \u0623\u062f\u0648\u0627\u062a \u0623\u0648 \u0633\u0628\u0627\u0643.\u0645\u062b\u0627\u0644\u064a \u0644\u0644\u0623\u0645\u0627\u0643\u0646 \u0630\u0627\u062a \u0627\u0644\u0636\u063a\u0637 \u0627\u0644\u0645\u0646\u062e\u0641\u0636 \u0645\u062b\u0644 \u0627\u0644\u0634\u0642\u0642 \u0627\u0644\u0639\u0627\u0644\u064a\u0629\u060c \u0627\u0644\u0645\u0628\u0627\u0646\u064a \u0627\u0644\u0642\u062f\u064a\u0645\u0629\u060c \u0627\u0644\u0642\u0648\u0627\u0631\u0628\u060c \u0623\u0648 \u0633\u064a\u0627\u0631\u0627\u062a \u0627\u0644\u062a\u062e\u064a\u064a\u0645. \u0627\u0644\u0645\u062c\u0645\u0648\u0639\u0629 \u062a\u0634\u0645\u0644: 1 \u00d7 \u0631\u0623\u0633 \u062f\u0634 \u0628\u0636\u063a\u0637 \u0645\u0631\u062a\u0641\u0639<\/p>","protected":false},"featured_media":64101,"comment_status":"open","ping_status":"closed","template":"","meta":[],"product_brand":[],"product_cat":[2455],"product_tag":[],"class_list":{"0":"post-64102","1":"product","2":"type-product","3":"status-publish","4":"has-post-thumbnail","6":"product_cat-maison","8":"first","9":"instock","10":"taxable","11":"shipping-taxable","12":"purchasable","13":"product-type-simple"},"jetpack_sharing_enabled":true,"_links":{"self":[{"href":"https:\/\/shoponlinedz.com\/en\/wp-json\/wp\/v2\/product\/64102","targetHints":{"allow":["GET"]}}],"collection":[{"href":"https:\/\/shoponlinedz.com\/en\/wp-json\/wp\/v2\/product"}],"about":[{"href":"https:\/\/shoponlinedz.com\/en\/wp-json\/wp\/v2\/types\/product"}],"replies":[{"embeddable":true,"href":"https:\/\/shoponlinedz.com\/en\/wp-json\/wp\/v2\/comments?post=64102"}],"version-history":[{"count":0,"href":"https:\/\/shoponlinedz.com\/en\/wp-json\/wp\/v2\/product\/64102\/revisions"}],"wp:featuredmedia":[{"embeddable":true,"href":"https:\/\/shoponlinedz.com\/en\/wp-json\/wp\/v2\/media\/64101"}],"wp:attachment":[{"href":"https:\/\/shoponlinedz.com\/en\/wp-json\/wp\/v2\/media?parent=64102"}],"wp:term":[{"taxonomy":"product_brand","embeddable":true,"href":"https:\/\/shoponlinedz.com\/en\/wp-json\/wp\/v2\/product_brand?post=64102"},{"taxonomy":"product_cat","embeddable":true,"href":"https:\/\/shoponlinedz.com\/en\/wp-json\/wp\/v2\/product_cat?post=64102"},{"taxonomy":"product_tag","embeddable":true,"href":"https:\/\/shoponlinedz.com\/en\/wp-json\/wp\/v2\/product_tag?post=64102"}],"curies":[{"name":"wp","href":"https:\/\/api.w.org\/{rel}","templated":true}]}}