{"id":64087,"date":"2026-01-06T20:07:41","date_gmt":"2026-01-06T20:07:41","guid":{"rendered":"https:\/\/shoponlinedz.com\/product\/porte-balai-mural-a-5-positions-et-6-crochets-cintre-de-rangement-pour-etagere-de-cuisine\/"},"modified":"2026-02-16T16:01:57","modified_gmt":"2026-02-16T15:01:57","slug":"porte-balai-mural-a-5-positions-et-6-crochets-cintre-de-rangement-pour-etagere-de-cuisine","status":"publish","type":"product","link":"https:\/\/shoponlinedz.com\/en\/product\/porte-balai-mural-a-5-positions-et-6-crochets-cintre-de-rangement-pour-etagere-de-cuisine\/","title":{"rendered":"Porte-balai mural \u00e0 5 positions et 6 crochets, cintre de rangement pour \u00e9tag\u00e8re de cuisine"},"content":{"rendered":"<figure class=\"attachment attachment--preview\" data-trix-attachment=\"{&quot;contentType&quot;:&quot;image&quot;,&quot;height&quot;:1024,&quot;url&quot;:&quot;https:\/\/sawaqli.fra1.cdn.digitaloceanspaces.com\/3101\/WhatsApp-Image-2022-07-02-at-19.58.43-600x600-1.jpeg&quot;,&quot;width&quot;:1024}\" data-trix-content-type=\"image\"><img decoding=\"async\" class=\"aligncenter\" src=\"https:\/\/sawaqli.fra1.cdn.digitaloceanspaces.com\/3101\/WhatsApp-Image-2022-07-02-at-19.58.43-600x600-1.jpeg\" width=\"1024\" height=\"1024\" \/><figcaption class=\"attachment__caption\"><\/figcaption><\/figure>\n<figure class=\"attachment attachment--preview\" data-trix-attachment=\"{&quot;contentType&quot;:&quot;image&quot;,&quot;height&quot;:1024,&quot;url&quot;:&quot;https:\/\/sawaqli.fra1.cdn.digitaloceanspaces.com\/3102\/WhatsApp-Image-2022-07-02-at-19.58.45-1.jpeg&quot;,&quot;width&quot;:1024}\" data-trix-content-type=\"image\"><img decoding=\"async\" class=\"aligncenter\" src=\"https:\/\/sawaqli.fra1.cdn.digitaloceanspaces.com\/3102\/WhatsApp-Image-2022-07-02-at-19.58.45-1.jpeg\" width=\"1024\" height=\"1024\" \/><figcaption class=\"attachment__caption\"><\/figcaption><\/figure>\n<figure class=\"attachment attachment--preview\" data-trix-attachment=\"{&quot;contentType&quot;:&quot;image&quot;,&quot;height&quot;:1024,&quot;url&quot;:&quot;https:\/\/sawaqli.fra1.cdn.digitaloceanspaces.com\/3103\/WhatsApp-Image-2022-07-02-at-19.58.47-2.jpeg&quot;,&quot;width&quot;:1024}\" data-trix-content-type=\"image\"><img decoding=\"async\" class=\"aligncenter\" src=\"https:\/\/sawaqli.fra1.cdn.digitaloceanspaces.com\/3103\/WhatsApp-Image-2022-07-02-at-19.58.47-2.jpeg\" width=\"1024\" height=\"1024\" \/><figcaption class=\"attachment__caption\"><\/figcaption><\/figure>\n<figure class=\"attachment attachment--preview\" data-trix-attachment=\"{&quot;contentType&quot;:&quot;image&quot;,&quot;height&quot;:1024,&quot;url&quot;:&quot;https:\/\/sawaqli.fra1.cdn.digitaloceanspaces.com\/3104\/WhatsApp-Image-2022-07-02-at-19.58.46-1.jpeg&quot;,&quot;width&quot;:1024}\" data-trix-content-type=\"image\"><img decoding=\"async\" class=\"aligncenter\" src=\"https:\/\/sawaqli.fra1.cdn.digitaloceanspaces.com\/3104\/WhatsApp-Image-2022-07-02-at-19.58.46-1.jpeg\" width=\"1024\" height=\"1024\" \/><figcaption class=\"attachment__caption\"><\/figcaption><\/figure>\n<figure class=\"attachment attachment--preview\" data-trix-attachment=\"{&quot;contentType&quot;:&quot;image&quot;,&quot;height&quot;:1024,&quot;url&quot;:&quot;https:\/\/sawaqli.fra1.cdn.digitaloceanspaces.com\/3105\/WhatsApp-Image-2022-07-02-at-19.58.46.jpeg&quot;,&quot;width&quot;:1024}\" data-trix-content-type=\"image\"><img decoding=\"async\" class=\"aligncenter\" src=\"https:\/\/sawaqli.fra1.cdn.digitaloceanspaces.com\/3105\/WhatsApp-Image-2022-07-02-at-19.58.46.jpeg\" width=\"1024\" height=\"1024\" \/><figcaption class=\"attachment__caption\"><\/figcaption><\/figure>\n<p style=\"text-align: center;\">","protected":false},"excerpt":{"rendered":"<p>\u062d\u0627\u0645\u0644 \u0627\u0644\u0645\u0643\u0627\u0646\u0633 \u064a\u0631\u064a\u062d\u0643 \u0645\u0646 \u0641\u0648\u0636\u0649 \u0627\u0644\u0645\u0643\u0627\u0646\u0633 \u0648\u0623\u062f\u0648\u0627\u062a \u0627\u0644\u062a\u0646\u0636\u064a\u0641\u060c \u064a\u0645\u0633\u0643 \u0627\u0644\u0639\u0635\u0649 \u0628\u0642\u0628\u0636\u062a\u064a\u0646 \u0648\u062a\u0643\u0648\u0646 \u0643\u0644 \u0627\u0644\u0645\u0643\u0627\u0646\u0633 \u0628\u0627\u062a\u062c\u0627\u0647 \u0648\u0627\u062d\u062f \u0644\u0644\u0623\u0633\u0641\u0644 \u0628\u0645\u0646\u0638\u0631 \u062c\u062f \u0645\u0631\u062a\u0628 \u0648\u0645\u0631\u064a\u062d \u0644\u0627 \u062a\u0634\u063a\u0644 \u062d\u064a\u0632 \u0648\u0645\u0633\u0627\u062d\u0629 \u0643\u0628\u064a\u0631\u0629 \u0639\u0644\u0649 \u0627\u0644\u0639\u0643\u0633 \u062a\u0648\u0641\u0631 \u0623\u0643\u0628\u0631 \u0645\u0633\u0627\u062d\u0629 \u0645\u0645\u0643\u0646\u0629..\u064a\u0645\u0643\u0646 \u062a\u062b\u0628\u064a\u062a\u0647\u0627 \u0639\u0644\u0649 \u0627\u0644\u062d\u0627\u0626\u0637 \u0623\u0648 \u0639\u0644\u0649 \u0628\u0627\u0628 \u0627\u0644\u062e\u0632\u0627\u0646\u0647.\u062a\u062d\u062a\u0648\u064a \u0639\u0644\u0649 \u062e\u0645\u0633 \u0641\u062a\u062d\u0627\u062a \u062a\u0633\u062a\u0648\u0639\u0628 \u0639\u062f\u062f \u0643\u0628\u064a\u0631 \u0645\u0646 \u0627\u0644\u0623\u063a\u0631\u0627\u0636: \u0643\u0645\u0627 \u064a\u0648\u062c\u062f \u0628\u0647\u0627 6 \u0639\u0644\u0627\u0642\u0627\u062a \u0644\u0645\u062e\u062a\u0644\u0641 \u0627\u0644\u0623\u062f\u0648\u0627\u062a .. \u0642\u062f\u0645 \u0637\u0644\u0628\u0643 \u0641\u0648\u0631\u0627 \u2026 \u0645\u062a\u064a\u0646 \u0648\u0630\u0648 \u062c\u0648\u062f\u0629 \u0639\u0627\u0644\u064a\u0629 . 4 \u0645\u0642\u0627\u0628\u0636 \u06485 \u0639\u0644\u0627\u0642\u0627\u062a . \u0645\u0648\u0641\u0631 \u0644\u0644\u0645\u0633\u0627\u062d\u0629 . \u0645\u062b\u0627\u0644\u064a \u0644\u0648\u0636\u0639\u0647 \u062f\u0627\u062e\u0644 \u0627\u0644\u062d\u0645\u0627\u0645. \u064a\u0645\u0643\u0646 \u062a\u062b\u0628\u064a\u062a\u0647 \u0639\u0644\u0649 \u0627\u0644\u062c\u062f\u0627\u0631 \u0627\u0648 \u0639\u0644\u0649 \u0627\u0644\u0628\u0627\u0628.<\/p>","protected":false},"featured_media":64086,"comment_status":"open","ping_status":"closed","template":"","meta":[],"product_brand":[],"product_cat":[2455],"product_tag":[],"class_list":{"0":"post-64087","1":"product","2":"type-product","3":"status-publish","4":"has-post-thumbnail","6":"product_cat-maison","8":"first","9":"instock","10":"taxable","11":"shipping-taxable","12":"purchasable","13":"product-type-simple"},"jetpack_sharing_enabled":true,"_links":{"self":[{"href":"https:\/\/shoponlinedz.com\/en\/wp-json\/wp\/v2\/product\/64087","targetHints":{"allow":["GET"]}}],"collection":[{"href":"https:\/\/shoponlinedz.com\/en\/wp-json\/wp\/v2\/product"}],"about":[{"href":"https:\/\/shoponlinedz.com\/en\/wp-json\/wp\/v2\/types\/product"}],"replies":[{"embeddable":true,"href":"https:\/\/shoponlinedz.com\/en\/wp-json\/wp\/v2\/comments?post=64087"}],"version-history":[{"count":0,"href":"https:\/\/shoponlinedz.com\/en\/wp-json\/wp\/v2\/product\/64087\/revisions"}],"wp:featuredmedia":[{"embeddable":true,"href":"https:\/\/shoponlinedz.com\/en\/wp-json\/wp\/v2\/media\/64086"}],"wp:attachment":[{"href":"https:\/\/shoponlinedz.com\/en\/wp-json\/wp\/v2\/media?parent=64087"}],"wp:term":[{"taxonomy":"product_brand","embeddable":true,"href":"https:\/\/shoponlinedz.com\/en\/wp-json\/wp\/v2\/product_brand?post=64087"},{"taxonomy":"product_cat","embeddable":true,"href":"https:\/\/shoponlinedz.com\/en\/wp-json\/wp\/v2\/product_cat?post=64087"},{"taxonomy":"product_tag","embeddable":true,"href":"https:\/\/shoponlinedz.com\/en\/wp-json\/wp\/v2\/product_tag?post=64087"}],"curies":[{"name":"wp","href":"https:\/\/api.w.org\/{rel}","templated":true}]}}