{"id":64073,"date":"2026-01-06T20:07:08","date_gmt":"2026-01-06T20:07:08","guid":{"rendered":"https:\/\/shoponlinedz.com\/product\/bestway-chaise-longue-confortable-soft-top-portable-75064\/"},"modified":"2026-02-16T16:01:57","modified_gmt":"2026-02-16T15:01:57","slug":"bestway-chaise-longue-confortable-soft-top-portable-75064","status":"publish","type":"product","link":"https:\/\/shoponlinedz.com\/en\/product\/bestway-chaise-longue-confortable-soft-top-portable-75064\/","title":{"rendered":"Bestway Chaise Longue Confortable Soft Top Portable 75064"},"content":{"rendered":"<figure class=\"attachment attachment--preview\" data-trix-attachment=\"{&quot;contentType&quot;:&quot;image&quot;,&quot;height&quot;:1024,&quot;url&quot;:&quot;https:\/\/sawaqli.fra1.cdn.digitaloceanspaces.com\/2782\/38-cm-65.jpg&quot;,&quot;width&quot;:1024}\" data-trix-content-type=\"image\"><img decoding=\"async\" class=\"aligncenter\" src=\"https:\/\/sawaqli.fra1.cdn.digitaloceanspaces.com\/2782\/38-cm-65.jpg\" width=\"1024\" height=\"1024\" \/><figcaption class=\"attachment__caption\"><\/figcaption><\/figure>\n<figure class=\"attachment attachment--preview\" data-trix-attachment=\"{&quot;contentType&quot;:&quot;image&quot;,&quot;height&quot;:1024,&quot;url&quot;:&quot;https:\/\/sawaqli.fra1.cdn.digitaloceanspaces.com\/2783\/75064_9-510x510-1.jpg&quot;,&quot;width&quot;:1024}\" data-trix-content-type=\"image\"><img decoding=\"async\" class=\"aligncenter\" src=\"https:\/\/sawaqli.fra1.cdn.digitaloceanspaces.com\/2783\/75064_9-510x510-1.jpg\" width=\"1024\" height=\"1024\" \/><figcaption class=\"attachment__caption\"><\/figcaption><\/figure>\n<figure class=\"attachment attachment--preview\" data-trix-attachment=\"{&quot;contentType&quot;:&quot;image&quot;,&quot;height&quot;:1024,&quot;url&quot;:&quot;https:\/\/sawaqli.fra1.cdn.digitaloceanspaces.com\/2784\/Fauteuil-gonflable-75064-2-1.jpg&quot;,&quot;width&quot;:1024}\" data-trix-content-type=\"image\"><img decoding=\"async\" class=\"aligncenter\" src=\"https:\/\/sawaqli.fra1.cdn.digitaloceanspaces.com\/2784\/Fauteuil-gonflable-75064-2-1.jpg\" width=\"1024\" height=\"1024\" \/><figcaption class=\"attachment__caption\"><\/figcaption><\/figure>\n<figure class=\"attachment attachment--preview\" data-trix-attachment=\"{&quot;contentType&quot;:&quot;image&quot;,&quot;height&quot;:1024,&quot;url&quot;:&quot;https:\/\/sawaqli.fra1.cdn.digitaloceanspaces.com\/2785\/Fauteuil-gonflable-75064-1-1.jpg&quot;,&quot;width&quot;:1024}\" data-trix-content-type=\"image\"><img decoding=\"async\" class=\"aligncenter\" src=\"https:\/\/sawaqli.fra1.cdn.digitaloceanspaces.com\/2785\/Fauteuil-gonflable-75064-1-1.jpg\" width=\"1024\" height=\"1024\" \/><figcaption class=\"attachment__caption\"><\/figcaption><\/figure>\n<figure class=\"attachment attachment--preview\" data-trix-attachment=\"{&quot;contentType&quot;:&quot;image&quot;,&quot;height&quot;:1024,&quot;url&quot;:&quot;https:\/\/sawaqli.fra1.cdn.digitaloceanspaces.com\/2786\/2-6.jpg&quot;,&quot;width&quot;:1024}\" data-trix-content-type=\"image\"><img decoding=\"async\" class=\"aligncenter\" src=\"https:\/\/sawaqli.fra1.cdn.digitaloceanspaces.com\/2786\/2-6.jpg\" width=\"1024\" height=\"1024\" \/><figcaption class=\"attachment__caption\"><\/figcaption><\/figure>\n<p style=\"text-align: center;\">","protected":false},"excerpt":{"rendered":"<p>\u0627\u0644\u0648\u0635\u0641: \u064a\u0645\u0643\u0646 \u0627\u0633\u062a\u062e\u062f\u0627\u0645\u0647 \u0641\u064a \u0627\u0644\u063a\u0631\u0641 \u0623\u0648 \u062d\u062a\u0649 \u0623\u062b\u0646\u0627\u0621 \u0627\u0644\u062a\u062e\u064a\u064a\u0645. \u0645\u0635\u0646\u0648\u0639 \u0645\u0646 \u0645\u0648\u0627\u062f \u0642\u0648\u064a\u0629 \u0648\u0645\u0631\u064a\u062d\u0629. \u0642\u0627\u0628\u0644 \u0644\u0644\u0637\u064a \u0644\u0633\u0647\u0648\u0644\u0629 \u0627\u0644\u062a\u062e\u0632\u064a\u0646. \u0645\u0632\u0648\u062f \u0628\u0635\u0645\u0627\u0645 \u062a\u0641\u0631\u064a\u063a \u0633\u0631\u064a\u0639. \u0633\u0637\u062d \u0645\u0631\u064a\u062d \u0648\u0633\u0644\u0633. \u0647\u064a\u0643\u0644 \u0645\u062a\u064a\u0646 \u0628\u062a\u0635\u0645\u064a\u0645 \u0645\u0631\u064a\u062d \u0648\u062b\u0627\u0628\u062a. \u0638\u0647\u0631 \u0645\u0627\u0626\u0644 \u0645\u0631\u064a\u062d \u0644\u0644\u063a\u0627\u064a\u0629.\u0643\u0631\u0633\u064a \u0627\u0633\u062a\u0631\u062e\u0627\u0621 \u0645\u0631\u064a\u062d \u0642\u0627\u0628\u0644 \u0644\u0644\u0637\u064a \u0645\u0646 \u0627\u0644\u0642\u0645\u0627\u0634 Bestway 75064\u0645\u0646\u0627\u0633\u0628 \u0644\u0644\u0627\u0633\u062a\u062e\u062f\u0627\u0645 \u0627\u0644\u062f\u0627\u062e\u0644\u064a \u0648\u0627\u0644\u062e\u0627\u0631\u062c\u064a\u060c \u0641\u064a \u0627\u0644\u0645\u0646\u0632\u0644\u060c \u0628\u062c\u0627\u0646\u0628 \u0627\u0644\u0645\u0633\u0628\u062d \u0623\u0648 \u0641\u064a \u0627\u0644\u062d\u062f\u064a\u0642\u0629.\u0645\u0635\u0646\u0648\u0639 \u0645\u0646 \u0645\u0648\u0627\u062f \u0645\u0631\u0646\u0629 \u0648\u0645\u062a\u064a\u0646\u0629 \u0645\u0642\u0627\u0648\u0645\u0629 \u0644\u0644\u0645\u0627\u0621.\u0633\u0647\u0644 \u0627\u0644\u0637\u064a \u0648\u0627\u0644\u062d\u0645\u0644 \u0625\u0644\u0649 \u0623\u064a \u0645\u0643\u0627\u0646.\u0643\u0631\u0633\u064a \u0647\u0648\u0627\u0626\u064a \u0642\u0627\u0628\u0644 \u0644\u0644\u0646\u0641\u062e \u0628\u0633\u0647\u0648\u0644\u0629 \u0648\u0645\u0631\u064a\u062d \u0644\u0644\u062c\u0644\u0648\u0633.\u062a\u0635\u0645\u064a\u0645 \u0623\u0646\u064a\u0642 \u0648\u0639\u0635\u0631\u064a\u060c \u0645\u0646\u0627\u0633\u0628 \u0644\u0644\u0645\u0646\u0632\u0644 \u0623\u0648 \u0627\u0644\u0631\u062d\u0644\u0627\u062a \u0623\u0648 \u0627\u0644\u062a\u062e\u064a\u064a\u0645.\u0642\u062f\u0631\u0629 \u062a\u062d\u0645\u0651\u0644 \u062a\u0635\u0644 \u0625\u0644\u0649 100 \u0643\u062c\u0645.\u0627\u0644\u0623\u0628\u0639\u0627\u062f: 165 \u00d7 84 \u00d7 79 \u0633\u0645.Caract\u00e9ristiques techniques :TYPE | Chaise Longue ConfortableMARQUE | BestwayR\u00c9F\u00c9RENCE | 75064DIMENSIONS | 165 x 84 x 79 cmMATI\u00c8RE | VelloursCONVIENT POUR | Int\u00e9rieur et Ext\u00e9rieur.POIDS | 2.54 kg<\/p>","protected":false},"featured_media":64072,"comment_status":"open","ping_status":"closed","template":"","meta":[],"product_brand":[],"product_cat":[2455],"product_tag":[],"class_list":{"0":"post-64073","1":"product","2":"type-product","3":"status-publish","4":"has-post-thumbnail","6":"product_cat-maison","8":"first","9":"instock","10":"taxable","11":"shipping-taxable","12":"purchasable","13":"product-type-simple"},"jetpack_sharing_enabled":true,"_links":{"self":[{"href":"https:\/\/shoponlinedz.com\/en\/wp-json\/wp\/v2\/product\/64073","targetHints":{"allow":["GET"]}}],"collection":[{"href":"https:\/\/shoponlinedz.com\/en\/wp-json\/wp\/v2\/product"}],"about":[{"href":"https:\/\/shoponlinedz.com\/en\/wp-json\/wp\/v2\/types\/product"}],"replies":[{"embeddable":true,"href":"https:\/\/shoponlinedz.com\/en\/wp-json\/wp\/v2\/comments?post=64073"}],"version-history":[{"count":0,"href":"https:\/\/shoponlinedz.com\/en\/wp-json\/wp\/v2\/product\/64073\/revisions"}],"wp:featuredmedia":[{"embeddable":true,"href":"https:\/\/shoponlinedz.com\/en\/wp-json\/wp\/v2\/media\/64072"}],"wp:attachment":[{"href":"https:\/\/shoponlinedz.com\/en\/wp-json\/wp\/v2\/media?parent=64073"}],"wp:term":[{"taxonomy":"product_brand","embeddable":true,"href":"https:\/\/shoponlinedz.com\/en\/wp-json\/wp\/v2\/product_brand?post=64073"},{"taxonomy":"product_cat","embeddable":true,"href":"https:\/\/shoponlinedz.com\/en\/wp-json\/wp\/v2\/product_cat?post=64073"},{"taxonomy":"product_tag","embeddable":true,"href":"https:\/\/shoponlinedz.com\/en\/wp-json\/wp\/v2\/product_tag?post=64073"}],"curies":[{"name":"wp","href":"https:\/\/api.w.org\/{rel}","templated":true}]}}