{"id":64041,"date":"2026-01-06T20:05:29","date_gmt":"2026-01-06T20:05:29","guid":{"rendered":"https:\/\/shoponlinedz.com\/product\/rideau-lumineux-33-m-220-v-pour-la-decoration-exterieure-et-des-fetes-a-la-maison\/"},"modified":"2026-02-16T16:01:57","modified_gmt":"2026-02-16T15:01:57","slug":"rideau-lumineux-33-m-220-v-pour-la-decoration-exterieure-et-des-fetes-a-la-maison","status":"publish","type":"product","link":"https:\/\/shoponlinedz.com\/en\/product\/rideau-lumineux-33-m-220-v-pour-la-decoration-exterieure-et-des-fetes-a-la-maison\/","title":{"rendered":"Rideau Lumineux 33 M 220 V pour la d\u00e9coration ext\u00e9rieure Et des f\u00eates \u00e0 la maison"},"content":{"rendered":"<figure class=\"attachment attachment--preview\" data-trix-attachment=\"{&quot;contentType&quot;:&quot;image&quot;,&quot;height&quot;:1024,&quot;url&quot;:&quot;https:\/\/sawaqli.fra1.cdn.digitaloceanspaces.com\/3197\/WhatsApp-Image-2022-05-24-at-17.18.14.jpeg&quot;,&quot;width&quot;:1024}\" data-trix-content-type=\"image\"><img decoding=\"async\" class=\"aligncenter\" src=\"https:\/\/sawaqli.fra1.cdn.digitaloceanspaces.com\/3197\/WhatsApp-Image-2022-05-24-at-17.18.14.jpeg\" width=\"1024\" height=\"1024\" \/><figcaption class=\"attachment__caption\"><\/figcaption><\/figure>\n<figure class=\"attachment attachment--preview\" data-trix-attachment=\"{&quot;contentType&quot;:&quot;image&quot;,&quot;height&quot;:1024,&quot;url&quot;:&quot;https:\/\/sawaqli.fra1.cdn.digitaloceanspaces.com\/3198\/WhatsApp-Image-2022-05-24-at-17.49.50-1.jpeg&quot;,&quot;width&quot;:1024}\" data-trix-content-type=\"image\"><img decoding=\"async\" class=\"aligncenter\" src=\"https:\/\/sawaqli.fra1.cdn.digitaloceanspaces.com\/3198\/WhatsApp-Image-2022-05-24-at-17.49.50-1.jpeg\" width=\"1024\" height=\"1024\" \/><figcaption class=\"attachment__caption\"><\/figcaption><\/figure>\n<figure class=\"attachment attachment--preview\" data-trix-attachment=\"{&quot;contentType&quot;:&quot;image&quot;,&quot;height&quot;:1024,&quot;url&quot;:&quot;https:\/\/sawaqli.fra1.cdn.digitaloceanspaces.com\/3199\/WhatsApp-Image-2022-05-24-at-17.18.15.jpeg&quot;,&quot;width&quot;:1024}\" data-trix-content-type=\"image\"><img decoding=\"async\" class=\"aligncenter\" src=\"https:\/\/sawaqli.fra1.cdn.digitaloceanspaces.com\/3199\/WhatsApp-Image-2022-05-24-at-17.18.15.jpeg\" width=\"1024\" height=\"1024\" \/><figcaption class=\"attachment__caption\"><\/figcaption><\/figure>\n<figure class=\"attachment attachment--preview\" data-trix-attachment=\"{&quot;contentType&quot;:&quot;image&quot;,&quot;height&quot;:1024,&quot;url&quot;:&quot;https:\/\/sawaqli.fra1.cdn.digitaloceanspaces.com\/3200\/WhatsApp-Image-2022-05-24-at-17.49.50-3.jpeg&quot;,&quot;width&quot;:1024}\" data-trix-content-type=\"image\"><img decoding=\"async\" class=\"aligncenter\" src=\"https:\/\/sawaqli.fra1.cdn.digitaloceanspaces.com\/3200\/WhatsApp-Image-2022-05-24-at-17.49.50-3.jpeg\" width=\"1024\" height=\"1024\" \/><figcaption class=\"attachment__caption\"><\/figcaption><\/figure>\n<figure class=\"attachment attachment--preview\" data-trix-attachment=\"{&quot;contentType&quot;:&quot;image&quot;,&quot;height&quot;:1024,&quot;url&quot;:&quot;https:\/\/sawaqli.fra1.cdn.digitaloceanspaces.com\/3201\/WhatsApp-Image-2022-05-24-at-17.18.15-3.jpeg&quot;,&quot;width&quot;:1024}\" data-trix-content-type=\"image\"><img decoding=\"async\" class=\"aligncenter\" src=\"https:\/\/sawaqli.fra1.cdn.digitaloceanspaces.com\/3201\/WhatsApp-Image-2022-05-24-at-17.18.15-3.jpeg\" width=\"1024\" height=\"1024\" \/><figcaption class=\"attachment__caption\"><\/figcaption><\/figure>\n<p style=\"text-align: center;\">","protected":false},"excerpt":{"rendered":"<p>\u0633\u062a\u0627\u0631\u0629 \u0625\u0636\u0627\u0621\u0629 LED\u0627\u0644\u062d\u062c\u0645: 3\u00d73 \u0645\u062a\u0631 \u2013 \u062a\u062d\u062a\u0648\u064a \u0639\u0644\u0649 304 \u0644\u0645\u0628\u0629 LED.\u0627\u0644\u0623\u0644\u0648\u0627\u0646: \u0623\u0628\u064a\u0636 \u062f\u0627\u0641\u0626 \/ \u0623\u0628\u064a\u0636 \/ \u0645\u062a\u0639\u062f\u062f \u0627\u0644\u0623\u0644\u0648\u0627\u0646 \/ \u0623\u0632\u0631\u0642.\u062a\u0639\u0645\u0644 \u0628\u062c\u0647\u062f 220V \u0645\u0639 \u0648\u062d\u062f\u0629 \u062a\u062d\u0643\u0645 \u062a\u0648\u0641\u0631 8 \u0623\u0648\u0636\u0627\u0639 \u0644\u0644\u0625\u0636\u0627\u0621\u0629.\u0627\u0644\u0645\u0627\u062f\u0629: \u0633\u0644\u0643 \u0646\u062d\u0627\u0633\u064a \u0645\u0639 \u063a\u0637\u0627\u0621 \u0628\u0644\u0627\u0633\u062a\u064a\u0643\u064a.\u0645\u0646\u0627\u0633\u0628\u0629 \u0644\u0644\u0627\u0633\u062a\u062e\u062f\u0627\u0645 \u0627\u0644\u062f\u0627\u062e\u0644\u064a \u0648\u0627\u0644\u062e\u0627\u0631\u062c\u064a (\u0641\u0646\u0627\u062f\u0642\u060c \u062d\u062f\u0627\u0626\u0642\u060c \u063a\u0631\u0641\u060c \u0645\u0646\u0627\u0633\u0628\u0627\u062a).\u0633\u0647\u0644\u0629 \u0627\u0644\u062a\u0631\u0643\u064a\u0628 \u0639\u0644\u0649 \u0627\u0644\u0632\u062c\u0627\u062c\u060c \u0627\u0644\u062e\u0634\u0628\u060c \u0627\u0644\u0645\u0639\u062f\u0646 \u0623\u0648 \u0627\u0644\u0628\u0644\u0627\u0633\u062a\u064a\u0643.\u0639\u0645\u0631 \u0627\u0641\u062a\u0631\u0627\u0636\u064a \u0637\u0648\u064a\u0644 \u0648\u0627\u0633\u062a\u0647\u0644\u0627\u0643 \u0637\u0627\u0642\u0629 \u0645\u0646\u062e\u0641\u0636.<\/p>","protected":false},"featured_media":64040,"comment_status":"open","ping_status":"closed","template":"","meta":[],"product_brand":[],"product_cat":[2455],"product_tag":[],"class_list":{"0":"post-64041","1":"product","2":"type-product","3":"status-publish","4":"has-post-thumbnail","6":"product_cat-maison","8":"first","9":"instock","10":"taxable","11":"shipping-taxable","12":"purchasable","13":"product-type-simple"},"jetpack_sharing_enabled":true,"_links":{"self":[{"href":"https:\/\/shoponlinedz.com\/en\/wp-json\/wp\/v2\/product\/64041","targetHints":{"allow":["GET"]}}],"collection":[{"href":"https:\/\/shoponlinedz.com\/en\/wp-json\/wp\/v2\/product"}],"about":[{"href":"https:\/\/shoponlinedz.com\/en\/wp-json\/wp\/v2\/types\/product"}],"replies":[{"embeddable":true,"href":"https:\/\/shoponlinedz.com\/en\/wp-json\/wp\/v2\/comments?post=64041"}],"version-history":[{"count":0,"href":"https:\/\/shoponlinedz.com\/en\/wp-json\/wp\/v2\/product\/64041\/revisions"}],"wp:featuredmedia":[{"embeddable":true,"href":"https:\/\/shoponlinedz.com\/en\/wp-json\/wp\/v2\/media\/64040"}],"wp:attachment":[{"href":"https:\/\/shoponlinedz.com\/en\/wp-json\/wp\/v2\/media?parent=64041"}],"wp:term":[{"taxonomy":"product_brand","embeddable":true,"href":"https:\/\/shoponlinedz.com\/en\/wp-json\/wp\/v2\/product_brand?post=64041"},{"taxonomy":"product_cat","embeddable":true,"href":"https:\/\/shoponlinedz.com\/en\/wp-json\/wp\/v2\/product_cat?post=64041"},{"taxonomy":"product_tag","embeddable":true,"href":"https:\/\/shoponlinedz.com\/en\/wp-json\/wp\/v2\/product_tag?post=64041"}],"curies":[{"name":"wp","href":"https:\/\/api.w.org\/{rel}","templated":true}]}}