{"id":64034,"date":"2026-01-06T20:05:11","date_gmt":"2026-01-06T20:05:11","guid":{"rendered":"https:\/\/shoponlinedz.com\/product\/piscine-rond-gonflable-giraffe-pour-enfants-avec-arroseur-266x157x127cm-bestway-53089\/"},"modified":"2026-02-16T16:01:58","modified_gmt":"2026-02-16T15:01:58","slug":"piscine-rond-gonflable-giraffe-pour-enfants-avec-arroseur-266x157x127cm-bestway-53089","status":"publish","type":"product","link":"https:\/\/shoponlinedz.com\/en\/product\/piscine-rond-gonflable-giraffe-pour-enfants-avec-arroseur-266x157x127cm-bestway-53089\/","title":{"rendered":"Piscine Rond Gonflable Giraffe Pour Enfants Avec Arroseur 266x157x127cm Bestway 53089"},"content":{"rendered":"<figure class=\"attachment attachment--preview\" data-trix-attachment=\"{&quot;contentType&quot;:&quot;image&quot;,&quot;height&quot;:1024,&quot;url&quot;:&quot;https:\/\/sawaqli.fra1.cdn.digitaloceanspaces.com\/2311\/Bestway-Plein-air-girafe-53089-6.jpg&quot;,&quot;width&quot;:1024}\" data-trix-content-type=\"image\"><img decoding=\"async\" class=\"aligncenter\" src=\"https:\/\/sawaqli.fra1.cdn.digitaloceanspaces.com\/2311\/Bestway-Plein-air-girafe-53089-6.jpg\" width=\"1024\" height=\"1024\" \/><figcaption class=\"attachment__caption\"><\/figcaption><\/figure>\n<figure class=\"attachment attachment--preview\" data-trix-attachment=\"{&quot;contentType&quot;:&quot;image&quot;,&quot;height&quot;:1024,&quot;url&quot;:&quot;https:\/\/sawaqli.fra1.cdn.digitaloceanspaces.com\/2312\/Bestway-Plein-air-girafe-53089-4-Copie.jpg&quot;,&quot;width&quot;:1024}\" data-trix-content-type=\"image\"><img decoding=\"async\" class=\"aligncenter\" src=\"https:\/\/sawaqli.fra1.cdn.digitaloceanspaces.com\/2312\/Bestway-Plein-air-girafe-53089-4-Copie.jpg\" width=\"1024\" height=\"1024\" \/><figcaption class=\"attachment__caption\"><\/figcaption><\/figure>\n<figure class=\"attachment attachment--preview\" data-trix-attachment=\"{&quot;contentType&quot;:&quot;image&quot;,&quot;height&quot;:1024,&quot;url&quot;:&quot;https:\/\/sawaqli.fra1.cdn.digitaloceanspaces.com\/2313\/Bestway-Plein-air-girafe-53089-3-Copie.jpg&quot;,&quot;width&quot;:1024}\" data-trix-content-type=\"image\"><img decoding=\"async\" class=\"aligncenter\" src=\"https:\/\/sawaqli.fra1.cdn.digitaloceanspaces.com\/2313\/Bestway-Plein-air-girafe-53089-3-Copie.jpg\" width=\"1024\" height=\"1024\" \/><figcaption class=\"attachment__caption\"><\/figcaption><\/figure>\n<figure class=\"attachment attachment--preview\" data-trix-attachment=\"{&quot;contentType&quot;:&quot;image&quot;,&quot;height&quot;:1024,&quot;url&quot;:&quot;https:\/\/sawaqli.fra1.cdn.digitaloceanspaces.com\/2314\/Bestway-Plein-air-girafe-53089-2-Copie.jpg&quot;,&quot;width&quot;:1024}\" data-trix-content-type=\"image\"><img decoding=\"async\" class=\"aligncenter\" src=\"https:\/\/sawaqli.fra1.cdn.digitaloceanspaces.com\/2314\/Bestway-Plein-air-girafe-53089-2-Copie.jpg\" width=\"1024\" height=\"1024\" \/><figcaption class=\"attachment__caption\"><\/figcaption><\/figure>\n<figure class=\"attachment attachment--preview\" data-trix-attachment=\"{&quot;contentType&quot;:&quot;image&quot;,&quot;height&quot;:1024,&quot;url&quot;:&quot;https:\/\/sawaqli.fra1.cdn.digitaloceanspaces.com\/2315\/Bestway-Plein-air-girafe-53089-1-Copie.jpg&quot;,&quot;width&quot;:1024}\" data-trix-content-type=\"image\"><img decoding=\"async\" class=\"aligncenter\" src=\"https:\/\/sawaqli.fra1.cdn.digitaloceanspaces.com\/2315\/Bestway-Plein-air-girafe-53089-1-Copie.jpg\" width=\"1024\" height=\"1024\" \/><figcaption class=\"attachment__caption\"><\/figcaption><\/figure>\n<p style=\"text-align: center;\">","protected":false},"excerpt":{"rendered":"<p>\ud83e\udd92 \u0645\u0633\u0628\u062d \u0623\u0637\u0641\u0627\u0644 \u0645\u0639 \u0631\u0634\u0627\u0634 \u0645\u0627\u0621 \u0628\u0637\u0628\u0639\u0629 \u0632\u0631\u0627\u0641\u0629\u0631\u0633\u0648\u0645\u0627\u062a \u0632\u0631\u0627\u0641\u0629 \u0632\u0627\u0647\u064a\u0629 \u062a\u0636\u064a\u0641 \u0627\u0644\u0645\u0631\u062d \u0644\u0644\u0639\u0628.\u0631\u0634\u0627\u0634 \u0645\u0627\u0621 \u0645\u062f\u0645\u062c \u0644\u0645\u0632\u064a\u062f \u0645\u0646 \u0627\u0644\u0645\u062a\u0639\u0629.\u0635\u0645\u0627\u0645 \u062a\u0635\u0631\u064a\u0641 \u0633\u0647\u0644 \u0644\u062a\u0641\u0631\u064a\u063a \u0627\u0644\u0645\u064a\u0627\u0647.\u0627\u0644\u0631\u0634\u0627\u0634 \u064a\u064f\u0648\u0635\u0644 \u0645\u0628\u0627\u0634\u0631\u0629 \u0628\u062e\u0631\u0637\u0648\u0645 \u0627\u0644\u0645\u0627\u0621.\u0627\u0644\u0623\u0628\u0639\u0627\u062f: 266 \u00d7 157 \u00d7 127 \u0633\u0645.Caract\u00e9ristiques techniques :TYPE | Piscine rond gonflableMARQUE | BestwayR\u00c9F\u00c9RENCE | 53089COULEUR | Couleurs de la GiraffeDIMENTIONS | 266x157x127cmCAPACIT\u00c9 | 220L<\/p>","protected":false},"featured_media":64033,"comment_status":"open","ping_status":"closed","template":"","meta":[],"product_brand":[],"product_cat":[2459],"product_tag":[],"class_list":{"0":"post-64034","1":"product","2":"type-product","3":"status-publish","4":"has-post-thumbnail","6":"product_cat-jouet-gaming","8":"first","9":"instock","10":"taxable","11":"shipping-taxable","12":"purchasable","13":"product-type-simple"},"jetpack_sharing_enabled":true,"_links":{"self":[{"href":"https:\/\/shoponlinedz.com\/en\/wp-json\/wp\/v2\/product\/64034","targetHints":{"allow":["GET"]}}],"collection":[{"href":"https:\/\/shoponlinedz.com\/en\/wp-json\/wp\/v2\/product"}],"about":[{"href":"https:\/\/shoponlinedz.com\/en\/wp-json\/wp\/v2\/types\/product"}],"replies":[{"embeddable":true,"href":"https:\/\/shoponlinedz.com\/en\/wp-json\/wp\/v2\/comments?post=64034"}],"version-history":[{"count":0,"href":"https:\/\/shoponlinedz.com\/en\/wp-json\/wp\/v2\/product\/64034\/revisions"}],"wp:featuredmedia":[{"embeddable":true,"href":"https:\/\/shoponlinedz.com\/en\/wp-json\/wp\/v2\/media\/64033"}],"wp:attachment":[{"href":"https:\/\/shoponlinedz.com\/en\/wp-json\/wp\/v2\/media?parent=64034"}],"wp:term":[{"taxonomy":"product_brand","embeddable":true,"href":"https:\/\/shoponlinedz.com\/en\/wp-json\/wp\/v2\/product_brand?post=64034"},{"taxonomy":"product_cat","embeddable":true,"href":"https:\/\/shoponlinedz.com\/en\/wp-json\/wp\/v2\/product_cat?post=64034"},{"taxonomy":"product_tag","embeddable":true,"href":"https:\/\/shoponlinedz.com\/en\/wp-json\/wp\/v2\/product_tag?post=64034"}],"curies":[{"name":"wp","href":"https:\/\/api.w.org\/{rel}","templated":true}]}}