{"id":64017,"date":"2026-01-06T20:04:26","date_gmt":"2026-01-06T20:04:26","guid":{"rendered":"https:\/\/shoponlinedz.com\/product\/panier-a-linge-de-grande-capacite-pliable-pour-vetements-couette-vetements-sales-pour-salle-de-bain-moderne\/"},"modified":"2026-02-16T16:01:58","modified_gmt":"2026-02-16T15:01:58","slug":"panier-a-linge-de-grande-capacite-pliable-pour-vetements-couette-vetements-sales-pour-salle-de-bain-moderne","status":"publish","type":"product","link":"https:\/\/shoponlinedz.com\/en\/product\/panier-a-linge-de-grande-capacite-pliable-pour-vetements-couette-vetements-sales-pour-salle-de-bain-moderne\/","title":{"rendered":"Panier \u00e0 linge de grande capacit\u00e9 pliable pour v\u00eatements couette, v\u00eatements sales pour salle de bain moderne"},"content":{"rendered":"<figure class=\"attachment attachment--preview\" data-trix-attachment=\"{&quot;contentType&quot;:&quot;image&quot;,&quot;height&quot;:1024,&quot;url&quot;:&quot;https:\/\/sawaqli.fra1.cdn.digitaloceanspaces.com\/3212\/WhatsApp-Image-2022-05-18-at-20.31.29.jpeg&quot;,&quot;width&quot;:1024}\" data-trix-content-type=\"image\"><img decoding=\"async\" class=\"aligncenter\" src=\"https:\/\/sawaqli.fra1.cdn.digitaloceanspaces.com\/3212\/WhatsApp-Image-2022-05-18-at-20.31.29.jpeg\" width=\"1024\" height=\"1024\" \/><figcaption class=\"attachment__caption\"><\/figcaption><\/figure>\n<figure class=\"attachment attachment--preview\" data-trix-attachment=\"{&quot;contentType&quot;:&quot;image&quot;,&quot;height&quot;:1024,&quot;url&quot;:&quot;https:\/\/sawaqli.fra1.cdn.digitaloceanspaces.com\/3213\/WhatsApp-Image-2022-05-18-at-20.31.33-4.jpeg&quot;,&quot;width&quot;:1024}\" data-trix-content-type=\"image\"><img decoding=\"async\" class=\"aligncenter\" src=\"https:\/\/sawaqli.fra1.cdn.digitaloceanspaces.com\/3213\/WhatsApp-Image-2022-05-18-at-20.31.33-4.jpeg\" width=\"1024\" height=\"1024\" \/><figcaption class=\"attachment__caption\"><\/figcaption><\/figure>\n<figure class=\"attachment attachment--preview\" data-trix-attachment=\"{&quot;contentType&quot;:&quot;image&quot;,&quot;height&quot;:1024,&quot;url&quot;:&quot;https:\/\/sawaqli.fra1.cdn.digitaloceanspaces.com\/3214\/WhatsApp-Image-2022-05-18-at-20.31.30.jpeg&quot;,&quot;width&quot;:1024}\" data-trix-content-type=\"image\"><img decoding=\"async\" class=\"aligncenter\" src=\"https:\/\/sawaqli.fra1.cdn.digitaloceanspaces.com\/3214\/WhatsApp-Image-2022-05-18-at-20.31.30.jpeg\" width=\"1024\" height=\"1024\" \/><figcaption class=\"attachment__caption\"><\/figcaption><\/figure>\n<figure class=\"attachment attachment--preview\" data-trix-attachment=\"{&quot;contentType&quot;:&quot;image&quot;,&quot;height&quot;:1024,&quot;url&quot;:&quot;https:\/\/sawaqli.fra1.cdn.digitaloceanspaces.com\/3215\/WhatsApp-Image-2022-05-18-at-20.31.31-2.jpeg&quot;,&quot;width&quot;:1024}\" data-trix-content-type=\"image\"><img decoding=\"async\" class=\"aligncenter\" src=\"https:\/\/sawaqli.fra1.cdn.digitaloceanspaces.com\/3215\/WhatsApp-Image-2022-05-18-at-20.31.31-2.jpeg\" width=\"1024\" height=\"1024\" \/><figcaption class=\"attachment__caption\"><\/figcaption><\/figure>\n<figure class=\"attachment attachment--preview\" data-trix-attachment=\"{&quot;contentType&quot;:&quot;image&quot;,&quot;height&quot;:1024,&quot;url&quot;:&quot;https:\/\/sawaqli.fra1.cdn.digitaloceanspaces.com\/3216\/WhatsApp-Image-2022-05-18-at-20.31.31-3.jpeg&quot;,&quot;width&quot;:1024}\" data-trix-content-type=\"image\"><img decoding=\"async\" class=\"aligncenter\" src=\"https:\/\/sawaqli.fra1.cdn.digitaloceanspaces.com\/3216\/WhatsApp-Image-2022-05-18-at-20.31.31-3.jpeg\" width=\"1024\" height=\"1024\" \/><figcaption class=\"attachment__caption\"><\/figcaption><\/figure>\n<p style=\"text-align: center;\">","protected":false},"excerpt":{"rendered":"<p>\u0633\u0644\u0629 \u063a\u0633\u064a\u0644 \u0642\u0645\u0627\u0634\u064a\u0629\u062d\u062c\u0645 44\u00d735\u00d750 \u0633\u0645 \u0628\u0633\u0639\u0629 75 \u0644\u062a\u0631 \u0644\u062a\u062e\u0632\u064a\u0646 \u0627\u0644\u0645\u0644\u0627\u0628\u0633 \u0623\u0648 \u0627\u0644\u0623\u063a\u0631\u0627\u0636 \u0627\u0644\u0645\u062e\u062a\u0644\u0641\u0629.\u0642\u0645\u0627\u0634 \u0633\u0645\u064a\u0643 \u0645\u0639 \u0645\u0642\u0627\u0628\u0636 \u0645\u062a\u064a\u0646\u0629 \u0644\u0633\u0647\u0648\u0644\u0629 \u0627\u0644\u062d\u0645\u0644.\u062a\u0635\u0645\u064a\u0645 \u0623\u0646\u064a\u0642 \u0648\u0628\u0633\u064a\u0637 \u064a\u0646\u0627\u0633\u0628 \u0623\u064a \u062f\u064a\u0643\u0648\u0631.\u0642\u0627\u0628\u0644\u0629 \u0644\u0644\u0637\u064a \u0644\u062a\u062e\u0632\u064a\u0646\u0647\u0627 \u0628\u0633\u0647\u0648\u0644\u0629.\u0625\u063a\u0644\u0627\u0642 \u0628\u062d\u0628\u0644 \u0644\u062a\u0623\u0645\u064a\u0646 \u0627\u0644\u0645\u062d\u062a\u0648\u064a\u0627\u062a.\u0627\u0644\u0645\u0627\u062f\u0629: \u0642\u0645\u0627\u0634 \u064a\u0634\u0628\u0647 \u0627\u0644\u0643\u062a\u0627\u0646.<\/p>","protected":false},"featured_media":64016,"comment_status":"open","ping_status":"closed","template":"","meta":[],"product_brand":[],"product_cat":[2455],"product_tag":[],"class_list":{"0":"post-64017","1":"product","2":"type-product","3":"status-publish","4":"has-post-thumbnail","6":"product_cat-maison","8":"first","9":"instock","10":"taxable","11":"shipping-taxable","12":"purchasable","13":"product-type-simple"},"jetpack_sharing_enabled":true,"_links":{"self":[{"href":"https:\/\/shoponlinedz.com\/en\/wp-json\/wp\/v2\/product\/64017","targetHints":{"allow":["GET"]}}],"collection":[{"href":"https:\/\/shoponlinedz.com\/en\/wp-json\/wp\/v2\/product"}],"about":[{"href":"https:\/\/shoponlinedz.com\/en\/wp-json\/wp\/v2\/types\/product"}],"replies":[{"embeddable":true,"href":"https:\/\/shoponlinedz.com\/en\/wp-json\/wp\/v2\/comments?post=64017"}],"version-history":[{"count":0,"href":"https:\/\/shoponlinedz.com\/en\/wp-json\/wp\/v2\/product\/64017\/revisions"}],"wp:featuredmedia":[{"embeddable":true,"href":"https:\/\/shoponlinedz.com\/en\/wp-json\/wp\/v2\/media\/64016"}],"wp:attachment":[{"href":"https:\/\/shoponlinedz.com\/en\/wp-json\/wp\/v2\/media?parent=64017"}],"wp:term":[{"taxonomy":"product_brand","embeddable":true,"href":"https:\/\/shoponlinedz.com\/en\/wp-json\/wp\/v2\/product_brand?post=64017"},{"taxonomy":"product_cat","embeddable":true,"href":"https:\/\/shoponlinedz.com\/en\/wp-json\/wp\/v2\/product_cat?post=64017"},{"taxonomy":"product_tag","embeddable":true,"href":"https:\/\/shoponlinedz.com\/en\/wp-json\/wp\/v2\/product_tag?post=64017"}],"curies":[{"name":"wp","href":"https:\/\/api.w.org\/{rel}","templated":true}]}}