{"id":63967,"date":"2026-01-06T20:02:21","date_gmt":"2026-01-06T20:02:21","guid":{"rendered":"https:\/\/shoponlinedz.com\/product\/maison-de-jeux-pour-enfants-avec-porte-et-fenetre-bestway-52007\/"},"modified":"2026-02-16T16:01:59","modified_gmt":"2026-02-16T15:01:59","slug":"maison-de-jeux-pour-enfants-avec-porte-et-fenetre-bestway-52007","status":"publish","type":"product","link":"https:\/\/shoponlinedz.com\/en\/product\/maison-de-jeux-pour-enfants-avec-porte-et-fenetre-bestway-52007\/","title":{"rendered":"Maison De Jeux Pour Enfants Avec Porte Et Fen\u00eatre Bestway 52007"},"content":{"rendered":"<figure class=\"attachment attachment--preview\" data-trix-attachment=\"{&quot;contentType&quot;:&quot;image&quot;,&quot;height&quot;:1024,&quot;url&quot;:&quot;https:\/\/sawaqli.fra1.cdn.digitaloceanspaces.com\/2575\/65191411_2289973971118031_5178396567903666176_n.jpg&quot;,&quot;width&quot;:1024}\" data-trix-content-type=\"image\"><img decoding=\"async\" class=\"aligncenter\" src=\"https:\/\/sawaqli.fra1.cdn.digitaloceanspaces.com\/2575\/65191411_2289973971118031_5178396567903666176_n.jpg\" width=\"1024\" height=\"1024\" \/><figcaption class=\"attachment__caption\"><\/figcaption><\/figure>\n<figure class=\"attachment attachment--preview\" data-trix-attachment=\"{&quot;contentType&quot;:&quot;image&quot;,&quot;height&quot;:1024,&quot;url&quot;:&quot;https:\/\/sawaqli.fra1.cdn.digitaloceanspaces.com\/2573\/38-cm-73.jpg&quot;,&quot;width&quot;:1024}\" data-trix-content-type=\"image\"><img decoding=\"async\" class=\"aligncenter\" src=\"https:\/\/sawaqli.fra1.cdn.digitaloceanspaces.com\/2573\/38-cm-73.jpg\" width=\"1024\" height=\"1024\" \/><figcaption class=\"attachment__caption\"><\/figcaption><\/figure>\n<figure class=\"attachment attachment--preview\" data-trix-attachment=\"{&quot;contentType&quot;:&quot;image&quot;,&quot;height&quot;:1024,&quot;url&quot;:&quot;https:\/\/sawaqli.fra1.cdn.digitaloceanspaces.com\/2574\/Maison-De-Jeux-Pour-Enfants-En-Plastique-Colore-Avec-Porte-Et-Fenetre-Bestway-52007_5.jpg&quot;,&quot;width&quot;:1024}\" data-trix-content-type=\"image\"><img decoding=\"async\" class=\"aligncenter\" src=\"https:\/\/sawaqli.fra1.cdn.digitaloceanspaces.com\/2574\/Maison-De-Jeux-Pour-Enfants-En-Plastique-Colore-Avec-Porte-Et-Fenetre-Bestway-52007_5.jpg\" width=\"1024\" height=\"1024\" \/><figcaption class=\"attachment__caption\"><\/figcaption><\/figure>\n<figure class=\"attachment attachment--preview\" data-trix-attachment=\"{&quot;contentType&quot;:&quot;image&quot;,&quot;height&quot;:1024,&quot;url&quot;:&quot;https:\/\/sawaqli.fra1.cdn.digitaloceanspaces.com\/2576\/Bestway-Kids-House-1.jpg&quot;,&quot;width&quot;:1024}\" data-trix-content-type=\"image\"><img decoding=\"async\" class=\"aligncenter\" src=\"https:\/\/sawaqli.fra1.cdn.digitaloceanspaces.com\/2576\/Bestway-Kids-House-1.jpg\" width=\"1024\" height=\"1024\" \/><figcaption class=\"attachment__caption\"><\/figcaption><\/figure>\n<figure class=\"attachment attachment--preview\" data-trix-attachment=\"{&quot;contentType&quot;:&quot;image&quot;,&quot;height&quot;:1024,&quot;url&quot;:&quot;https:\/\/sawaqli.fra1.cdn.digitaloceanspaces.com\/2577\/Maison-De-Jeux-Pour-Enfants-En-Plastique-Colore-Avec-Porte-Et-Fenetre-Bestway-52007_7.jpg&quot;,&quot;width&quot;:1024}\" data-trix-content-type=\"image\"><img decoding=\"async\" class=\"aligncenter\" src=\"https:\/\/sawaqli.fra1.cdn.digitaloceanspaces.com\/2577\/Maison-De-Jeux-Pour-Enfants-En-Plastique-Colore-Avec-Porte-Et-Fenetre-Bestway-52007_7.jpg\" width=\"1024\" height=\"1024\" \/><figcaption class=\"attachment__caption\"><\/figcaption><\/figure>\n<p style=\"text-align: center;\">","protected":false},"excerpt":{"rendered":"<p>\u0645\u0646\u0632\u0644 \u0623\u0644\u0639\u0627\u0628 \u0644\u0644\u0623\u0637\u0641\u0627\u0644 \u0645\u0646 Bestway (52007)\u0645\u0635\u0646\u0648\u0639 \u0645\u0646 PVC \u0639\u0627\u0644\u064a \u0627\u0644\u062c\u0648\u062f\u0629 \u0648\u0633\u0647\u0644 \u0627\u0644\u062a\u0631\u0643\u064a\u0628 \u0628\u062f\u0648\u0646 \u0623\u062f\u0648\u0627\u062a.\u064a\u062d\u062a\u0648\u064a \u0639\u0644\u0649 \u0628\u0627\u0628 \u0645\u0646\u0632\u0644\u0642 \u06483 \u0646\u0648\u0627\u0641\u0630 \u0634\u0641\u0627\u0641\u0629.\u0627\u0644\u0623\u0628\u0639\u0627\u062f: 102 \u00d7 76 \u00d7 114 \u0633\u0645.\u062a\u0635\u0645\u064a\u0645 \u0645\u0644\u0648\u0646 \u0648\u0645\u062b\u0627\u0644\u064a \u0644\u0644\u062d\u062f\u0627\u0626\u0642 \u0623\u0648 \u062f\u0627\u062e\u0644 \u0627\u0644\u0645\u0646\u0632\u0644.\u0645\u0627\u062f\u0629 \u0645\u062a\u064a\u0646\u0629 \u0648\u0622\u0645\u0646\u0629 \u0628\u0646\u0633\u0628\u0629 100\u066a.caract\u00e9ristiques techniques :TYPE | Maison De JeuxMARQUE | BestwayR\u00c9F\u00c9RENCE | 52007MATI\u00c8RE | VinyleDIMENSIONS | 102 x 76 x 114 cm<\/p>","protected":false},"featured_media":63966,"comment_status":"open","ping_status":"closed","template":"","meta":[],"product_brand":[],"product_cat":[2459],"product_tag":[],"class_list":{"0":"post-63967","1":"product","2":"type-product","3":"status-publish","4":"has-post-thumbnail","6":"product_cat-jouet-gaming","8":"first","9":"instock","10":"taxable","11":"shipping-taxable","12":"purchasable","13":"product-type-simple"},"jetpack_sharing_enabled":true,"_links":{"self":[{"href":"https:\/\/shoponlinedz.com\/en\/wp-json\/wp\/v2\/product\/63967","targetHints":{"allow":["GET"]}}],"collection":[{"href":"https:\/\/shoponlinedz.com\/en\/wp-json\/wp\/v2\/product"}],"about":[{"href":"https:\/\/shoponlinedz.com\/en\/wp-json\/wp\/v2\/types\/product"}],"replies":[{"embeddable":true,"href":"https:\/\/shoponlinedz.com\/en\/wp-json\/wp\/v2\/comments?post=63967"}],"version-history":[{"count":0,"href":"https:\/\/shoponlinedz.com\/en\/wp-json\/wp\/v2\/product\/63967\/revisions"}],"wp:featuredmedia":[{"embeddable":true,"href":"https:\/\/shoponlinedz.com\/en\/wp-json\/wp\/v2\/media\/63966"}],"wp:attachment":[{"href":"https:\/\/shoponlinedz.com\/en\/wp-json\/wp\/v2\/media?parent=63967"}],"wp:term":[{"taxonomy":"product_brand","embeddable":true,"href":"https:\/\/shoponlinedz.com\/en\/wp-json\/wp\/v2\/product_brand?post=63967"},{"taxonomy":"product_cat","embeddable":true,"href":"https:\/\/shoponlinedz.com\/en\/wp-json\/wp\/v2\/product_cat?post=63967"},{"taxonomy":"product_tag","embeddable":true,"href":"https:\/\/shoponlinedz.com\/en\/wp-json\/wp\/v2\/product_tag?post=63967"}],"curies":[{"name":"wp","href":"https:\/\/api.w.org\/{rel}","templated":true}]}}