{"id":63897,"date":"2026-01-06T19:59:02","date_gmt":"2026-01-06T19:59:02","guid":{"rendered":"https:\/\/shoponlinedz.com\/product\/ruban-adhesif-etanche-super-resistant-de-150cm-bande-auto-fixante-ruban-de-reparation-de-joints-ruban-de-conduit-isolant\/"},"modified":"2026-02-16T16:02:00","modified_gmt":"2026-02-16T15:02:00","slug":"ruban-adhesif-etanche-super-resistant-de-150cm-bande-auto-fixante-ruban-de-reparation-de-joints-ruban-de-conduit-isolant","status":"publish","type":"product","link":"https:\/\/shoponlinedz.com\/en\/product\/ruban-adhesif-etanche-super-resistant-de-150cm-bande-auto-fixante-ruban-de-reparation-de-joints-ruban-de-conduit-isolant\/","title":{"rendered":"Ruban adh\u00e9sif \u00e9tanche Super r\u00e9sistant de 150cm, bande auto-fixante, ruban de r\u00e9paration de joints, ruban de conduit isolant"},"content":{"rendered":"<figure class=\"attachment attachment--preview\" data-trix-attachment=\"{&quot;contentType&quot;:&quot;image&quot;,&quot;height&quot;:1024,&quot;url&quot;:&quot;https:\/\/sawaqli.fra1.cdn.digitaloceanspaces.com\/3530\/216066484_4366845590027430_1064670543691724253_n.jpg&quot;,&quot;width&quot;:1024}\" data-trix-content-type=\"image\"><img decoding=\"async\" class=\"aligncenter\" src=\"https:\/\/sawaqli.fra1.cdn.digitaloceanspaces.com\/3530\/216066484_4366845590027430_1064670543691724253_n.jpg\" width=\"1024\" height=\"1024\" \/><figcaption class=\"attachment__caption\"><\/figcaption><\/figure>\n<figure class=\"attachment attachment--preview\" data-trix-attachment=\"{&quot;contentType&quot;:&quot;image&quot;,&quot;height&quot;:1024,&quot;url&quot;:&quot;https:\/\/sawaqli.fra1.cdn.digitaloceanspaces.com\/3531\/WhatsApp-Image-2022-07-21-at-10.46.55.jpeg&quot;,&quot;width&quot;:1024}\" data-trix-content-type=\"image\"><img decoding=\"async\" class=\"aligncenter\" src=\"https:\/\/sawaqli.fra1.cdn.digitaloceanspaces.com\/3531\/WhatsApp-Image-2022-07-21-at-10.46.55.jpeg\" width=\"1024\" height=\"1024\" \/><figcaption class=\"attachment__caption\"><\/figcaption><\/figure>\n<figure class=\"attachment attachment--preview\" data-trix-attachment=\"{&quot;contentType&quot;:&quot;image&quot;,&quot;height&quot;:1024,&quot;url&quot;:&quot;https:\/\/sawaqli.fra1.cdn.digitaloceanspaces.com\/3532\/WhatsApp-Image-2022-07-21-at-10.41.50-1.jpeg&quot;,&quot;width&quot;:1024}\" data-trix-content-type=\"image\"><img decoding=\"async\" class=\"aligncenter\" src=\"https:\/\/sawaqli.fra1.cdn.digitaloceanspaces.com\/3532\/WhatsApp-Image-2022-07-21-at-10.41.50-1.jpeg\" width=\"1024\" height=\"1024\" \/><figcaption class=\"attachment__caption\"><\/figcaption><\/figure>\n<figure class=\"attachment attachment--preview\" data-trix-attachment=\"{&quot;contentType&quot;:&quot;image&quot;,&quot;height&quot;:1024,&quot;url&quot;:&quot;https:\/\/sawaqli.fra1.cdn.digitaloceanspaces.com\/3533\/WhatsApp-Image-2022-07-21-at-10.41.50-2.jpeg&quot;,&quot;width&quot;:1024}\" data-trix-content-type=\"image\"><img decoding=\"async\" class=\"aligncenter\" src=\"https:\/\/sawaqli.fra1.cdn.digitaloceanspaces.com\/3533\/WhatsApp-Image-2022-07-21-at-10.41.50-2.jpeg\" width=\"1024\" height=\"1024\" \/><figcaption class=\"attachment__caption\"><\/figcaption><\/figure>\n<figure class=\"attachment attachment--preview\" data-trix-attachment=\"{&quot;contentType&quot;:&quot;image&quot;,&quot;height&quot;:1024,&quot;url&quot;:&quot;https:\/\/sawaqli.fra1.cdn.digitaloceanspaces.com\/3534\/WhatsApp-Image-2022-07-21-at-10.41.50-3.jpeg&quot;,&quot;width&quot;:1024}\" data-trix-content-type=\"image\"><img decoding=\"async\" class=\"aligncenter\" src=\"https:\/\/sawaqli.fra1.cdn.digitaloceanspaces.com\/3534\/WhatsApp-Image-2022-07-21-at-10.41.50-3.jpeg\" width=\"1024\" height=\"1024\" \/><figcaption class=\"attachment__caption\"><\/figcaption><\/figure>\n<p style=\"text-align: center;\">","protected":false},"excerpt":{"rendered":"<p>\u0634\u0631\u064a\u0637 \u0644\u0627\u0635\u0642 \u0645\u0642\u0627\u0648\u0645 \u0644\u0644\u0645\u0627\u0621 \u0634\u062f\u064a\u062f \u0627\u0644\u062a\u062d\u0645\u0644\u0637\u0648\u0644: 1.52 \u0645\u062a\u0631 \u2013 \u0639\u0631\u0636: 10 \u0645\u0645 \u2013 \u0633\u0645\u0627\u0643\u0629: \u200e0.8\u200e \u0645\u0645.\u064a\u062a\u062d\u0645\u0644 \u062f\u0631\u062c\u0629 \u062d\u0631\u0627\u0631\u0629 \u0645\u0646 \u200e-60\u200e \u0625\u0644\u0649 \u200e260\u200e \u0645\u0626\u0648\u064a\u0629 \u0648\u0636\u063a\u0637 \u062d\u062a\u0649 \u200e5\u200e \u0628\u0627\u0631.\u0639\u0632\u0644 \u0643\u0647\u0631\u0628\u0627\u0626\u064a \u062d\u062a\u0649 \u200e800\u200e \u0641\u0648\u0644\u062a.\u0645\u062b\u0627\u0644\u064a \u0644\u0625\u0635\u0644\u0627\u062d \u0627\u0644\u062a\u0633\u0631\u064a\u0628\u0627\u062a \u0641\u064a \u0627\u0644\u0623\u0646\u0627\u0628\u064a\u0628 \u0648\u0627\u0644\u0648\u0635\u0644\u0627\u062a \u0627\u0644\u0643\u0647\u0631\u0628\u0627\u0626\u064a\u0629 \u0648\u0623\u062d\u0632\u0645\u0629 \u0627\u0644\u0645\u0631\u0627\u0648\u062d \u0627\u0644\u0637\u0627\u0631\u0626\u0629.\u0627\u0644\u0644\u0648\u0646: \u0623\u0633\u0648\u062f.<\/p>","protected":false},"featured_media":63896,"comment_status":"open","ping_status":"closed","template":"","meta":[],"product_brand":[],"product_cat":[2466],"product_tag":[],"class_list":{"0":"post-63897","1":"product","2":"type-product","3":"status-publish","4":"has-post-thumbnail","6":"product_cat-outillage-et-bricolage","8":"first","9":"instock","10":"taxable","11":"shipping-taxable","12":"purchasable","13":"product-type-simple"},"jetpack_sharing_enabled":true,"_links":{"self":[{"href":"https:\/\/shoponlinedz.com\/en\/wp-json\/wp\/v2\/product\/63897","targetHints":{"allow":["GET"]}}],"collection":[{"href":"https:\/\/shoponlinedz.com\/en\/wp-json\/wp\/v2\/product"}],"about":[{"href":"https:\/\/shoponlinedz.com\/en\/wp-json\/wp\/v2\/types\/product"}],"replies":[{"embeddable":true,"href":"https:\/\/shoponlinedz.com\/en\/wp-json\/wp\/v2\/comments?post=63897"}],"version-history":[{"count":0,"href":"https:\/\/shoponlinedz.com\/en\/wp-json\/wp\/v2\/product\/63897\/revisions"}],"wp:featuredmedia":[{"embeddable":true,"href":"https:\/\/shoponlinedz.com\/en\/wp-json\/wp\/v2\/media\/63896"}],"wp:attachment":[{"href":"https:\/\/shoponlinedz.com\/en\/wp-json\/wp\/v2\/media?parent=63897"}],"wp:term":[{"taxonomy":"product_brand","embeddable":true,"href":"https:\/\/shoponlinedz.com\/en\/wp-json\/wp\/v2\/product_brand?post=63897"},{"taxonomy":"product_cat","embeddable":true,"href":"https:\/\/shoponlinedz.com\/en\/wp-json\/wp\/v2\/product_cat?post=63897"},{"taxonomy":"product_tag","embeddable":true,"href":"https:\/\/shoponlinedz.com\/en\/wp-json\/wp\/v2\/product_tag?post=63897"}],"curies":[{"name":"wp","href":"https:\/\/api.w.org\/{rel}","templated":true}]}}