{"id":63890,"date":"2026-01-06T19:58:44","date_gmt":"2026-01-06T19:58:44","guid":{"rendered":"https:\/\/shoponlinedz.com\/product\/ruban-detancheite-auto-adhesif-daluminium-5m\/"},"modified":"2026-02-16T16:02:00","modified_gmt":"2026-02-16T15:02:00","slug":"ruban-detancheite-auto-adhesif-daluminium-5m","status":"publish","type":"product","link":"https:\/\/shoponlinedz.com\/en\/product\/ruban-detancheite-auto-adhesif-daluminium-5m\/","title":{"rendered":"Ruban d&#8217;\u00e9tanch\u00e9it\u00e9 Auto-adh\u00e9sif d\u2019aluminium 5M"},"content":{"rendered":"<figure class=\"attachment attachment--preview\" data-trix-attachment=\"{&quot;contentType&quot;:&quot;image&quot;,&quot;height&quot;:1024,&quot;url&quot;:&quot;https:\/\/sawaqli.fra1.cdn.digitaloceanspaces.com\/3552\/38-cm-94.jpg&quot;,&quot;width&quot;:1024}\" data-trix-content-type=\"image\"><img decoding=\"async\" class=\"aligncenter\" src=\"https:\/\/sawaqli.fra1.cdn.digitaloceanspaces.com\/3552\/38-cm-94.jpg\" width=\"1024\" height=\"1024\" \/><figcaption class=\"attachment__caption\"><\/figcaption><\/figure>\n<figure class=\"attachment attachment--preview\" data-trix-attachment=\"{&quot;contentType&quot;:&quot;image&quot;,&quot;height&quot;:1024,&quot;url&quot;:&quot;https:\/\/sawaqli.fra1.cdn.digitaloceanspaces.com\/3553\/38-cm-95.jpg&quot;,&quot;width&quot;:1024}\" data-trix-content-type=\"image\"><img decoding=\"async\" class=\"aligncenter\" src=\"https:\/\/sawaqli.fra1.cdn.digitaloceanspaces.com\/3553\/38-cm-95.jpg\" width=\"1024\" height=\"1024\" \/><figcaption class=\"attachment__caption\"><\/figcaption><\/figure>\n<figure class=\"attachment attachment--preview\" data-trix-attachment=\"{&quot;contentType&quot;:&quot;image&quot;,&quot;height&quot;:1024,&quot;url&quot;:&quot;https:\/\/sawaqli.fra1.cdn.digitaloceanspaces.com\/3554\/WhatsApp-Image-2022-07-01-at-20.37.24-2.jpeg&quot;,&quot;width&quot;:1024}\" data-trix-content-type=\"image\"><img decoding=\"async\" class=\"aligncenter\" src=\"https:\/\/sawaqli.fra1.cdn.digitaloceanspaces.com\/3554\/WhatsApp-Image-2022-07-01-at-20.37.24-2.jpeg\" width=\"1024\" height=\"1024\" \/><figcaption class=\"attachment__caption\"><\/figcaption><\/figure>\n<figure class=\"attachment attachment--preview\" data-trix-attachment=\"{&quot;contentType&quot;:&quot;image&quot;,&quot;height&quot;:1024,&quot;url&quot;:&quot;https:\/\/sawaqli.fra1.cdn.digitaloceanspaces.com\/3555\/WhatsApp-Image-2022-07-01-at-20.37.22-2.jpeg&quot;,&quot;width&quot;:1024}\" data-trix-content-type=\"image\"><img decoding=\"async\" class=\"aligncenter\" src=\"https:\/\/sawaqli.fra1.cdn.digitaloceanspaces.com\/3555\/WhatsApp-Image-2022-07-01-at-20.37.22-2.jpeg\" width=\"1024\" height=\"1024\" \/><figcaption class=\"attachment__caption\"><\/figcaption><\/figure>\n<figure class=\"attachment attachment--preview\" data-trix-attachment=\"{&quot;contentType&quot;:&quot;image&quot;,&quot;height&quot;:1024,&quot;url&quot;:&quot;https:\/\/sawaqli.fra1.cdn.digitaloceanspaces.com\/3556\/WhatsApp-Image-2022-07-01-at-20.37.23-1.jpeg&quot;,&quot;width&quot;:1024}\" data-trix-content-type=\"image\"><img decoding=\"async\" class=\"aligncenter\" src=\"https:\/\/sawaqli.fra1.cdn.digitaloceanspaces.com\/3556\/WhatsApp-Image-2022-07-01-at-20.37.23-1.jpeg\" width=\"1024\" height=\"1024\" \/><figcaption class=\"attachment__caption\"><\/figcaption><\/figure>\n<p style=\"text-align: center;\">","protected":false},"excerpt":{"rendered":"<p>\u0634\u0631\u064a\u0637 \u0644\u0627\u0635\u0642 \u0645\u0627\u0646\u0639 \u0644\u0644\u062a\u0633\u0631\u0628 (\u0634\u0631\u064a\u0637 \u0628\u0648\u062a\u064a\u0644):\u0627\u0644\u0645\u0627\u062f\u0629: \u0631\u0642\u0627\u0626\u0642 \u0623\u0644\u0648\u0645\u0646\u064a\u0648\u0645 + \u0645\u0627\u062f\u0629 \u0628\u0648\u062a\u064a\u0644\u0645\u0642\u0627\u0648\u0645 \u0644\u0644\u0645\u0627\u0621 \u0648\u062f\u0631\u062c\u0627\u062a \u0627\u0644\u062d\u0631\u0627\u0631\u0629 \u0627\u0644\u0639\u0627\u0644\u064a\u0629 (-40\u00b0 \u062d\u062a\u0649 120\u00b0)\u0645\u0639\u062f\u0644 \u0627\u0633\u062a\u0637\u0627\u0644\u0629: 1000%\u0639\u0645\u0631 \u0627\u0641\u062a\u0631\u0627\u0636\u064a: 30 \u0633\u0646\u0629\u0627\u0644\u0627\u0633\u062a\u062e\u062f\u0627\u0645\u0627\u062a:\u0625\u0635\u0644\u0627\u062d \u0627\u0644\u062b\u0642\u0648\u0628 \u0641\u064a \u0627\u0644\u0635\u0641\u0627\u0626\u062d \u0627\u0644\u0645\u0639\u062f\u0646\u064a\u0629\u062a\u0631\u0645\u064a\u0645 \u0627\u0644\u0634\u0642\u0648\u0642 \u0627\u0644\u062c\u062f\u0627\u0631\u064a\u0629\u0633\u062f \u0627\u0644\u0641\u0648\u0627\u0635\u0644 \u0627\u0644\u0645\u0639\u062f\u0646\u064a\u0629\u062a\u0631\u0645\u064a\u0645 \u0634\u0642\u0648\u0642 \u0627\u0644\u0623\u0633\u0645\u0646\u062a\u0625\u0635\u0644\u0627\u062d \u0627\u0644\u0623\u0636\u0631\u0627\u0631 \u0627\u0644\u0633\u0637\u062d\u064a\u0629\u0645\u0639\u0627\u0644\u062c\u0629 \u062a\u0633\u0631\u0628 \u0627\u0644\u0645\u064a\u0627\u0647\u0645\u0642\u0627\u0648\u0645\u0629 \u0627\u0644\u062d\u0631\u0627\u0631\u0629 \u0627\u0644\u0639\u0627\u0644\u064a\u0629\u062f\u064a\u0643\u0648\u0631\u0627\u062a \u0627\u0644\u0645\u0628\u0627\u0646\u064a\u0623\u0639\u0645\u0627\u0644 \u0627\u0644\u0639\u0632\u0644\u0627\u0644\u062d\u0645\u0627\u064a\u0629 \u0645\u0646 \u0627\u0644\u062a\u0622\u0643\u0644 \u0644\u0644\u0623\u0646\u0627\u0628\u064a\u0628\u0627\u0644\u0645\u0634\u0627\u0631\u064a\u0639 \u0627\u0644\u0647\u0646\u062f\u0633\u064a\u0629\u0627\u0633\u062a\u062e\u062f\u0627\u0645\u0627\u062a \u0625\u0636\u0627\u0641\u064a\u0629 \u0645\u062a\u0639\u062f\u062f\u0629\u0627\u0644\u0645\u0642\u0627\u0633: 5 \u0645 \u00d7 10 \u0633\u0645<\/p>","protected":false},"featured_media":63889,"comment_status":"open","ping_status":"closed","template":"","meta":[],"product_brand":[],"product_cat":[2466],"product_tag":[],"class_list":{"0":"post-63890","1":"product","2":"type-product","3":"status-publish","4":"has-post-thumbnail","6":"product_cat-outillage-et-bricolage","8":"first","9":"instock","10":"taxable","11":"shipping-taxable","12":"purchasable","13":"product-type-simple"},"jetpack_sharing_enabled":true,"_links":{"self":[{"href":"https:\/\/shoponlinedz.com\/en\/wp-json\/wp\/v2\/product\/63890","targetHints":{"allow":["GET"]}}],"collection":[{"href":"https:\/\/shoponlinedz.com\/en\/wp-json\/wp\/v2\/product"}],"about":[{"href":"https:\/\/shoponlinedz.com\/en\/wp-json\/wp\/v2\/types\/product"}],"replies":[{"embeddable":true,"href":"https:\/\/shoponlinedz.com\/en\/wp-json\/wp\/v2\/comments?post=63890"}],"version-history":[{"count":0,"href":"https:\/\/shoponlinedz.com\/en\/wp-json\/wp\/v2\/product\/63890\/revisions"}],"wp:featuredmedia":[{"embeddable":true,"href":"https:\/\/shoponlinedz.com\/en\/wp-json\/wp\/v2\/media\/63889"}],"wp:attachment":[{"href":"https:\/\/shoponlinedz.com\/en\/wp-json\/wp\/v2\/media?parent=63890"}],"wp:term":[{"taxonomy":"product_brand","embeddable":true,"href":"https:\/\/shoponlinedz.com\/en\/wp-json\/wp\/v2\/product_brand?post=63890"},{"taxonomy":"product_cat","embeddable":true,"href":"https:\/\/shoponlinedz.com\/en\/wp-json\/wp\/v2\/product_cat?post=63890"},{"taxonomy":"product_tag","embeddable":true,"href":"https:\/\/shoponlinedz.com\/en\/wp-json\/wp\/v2\/product_tag?post=63890"}],"curies":[{"name":"wp","href":"https:\/\/api.w.org\/{rel}","templated":true}]}}