{"id":63833,"date":"2026-01-06T19:55:51","date_gmt":"2026-01-06T19:55:51","guid":{"rendered":"https:\/\/shoponlinedz.com\/product\/cadenas-dalarme-etanche-a-sirene-110-decibels\/"},"modified":"2026-02-16T16:02:02","modified_gmt":"2026-02-16T15:02:02","slug":"cadenas-dalarme-etanche-a-sirene-110-decibels","status":"publish","type":"product","link":"https:\/\/shoponlinedz.com\/en\/product\/cadenas-dalarme-etanche-a-sirene-110-decibels\/","title":{"rendered":"Cadenas d&#8217;alarme \u00e9tanche \u00e0 sir\u00e8ne 110 d\u00e9cibels"},"content":{"rendered":"<figure class=\"attachment attachment--preview\" data-trix-attachment=\"{&quot;contentType&quot;:&quot;image&quot;,&quot;height&quot;:1024,&quot;url&quot;:&quot;https:\/\/sawaqli.fra1.cdn.digitaloceanspaces.com\/3428\/f72e685035160cb17457cd9b13d615a0.jpg&quot;,&quot;width&quot;:1024}\" data-trix-content-type=\"image\"><img decoding=\"async\" class=\"aligncenter\" src=\"https:\/\/sawaqli.fra1.cdn.digitaloceanspaces.com\/3428\/f72e685035160cb17457cd9b13d615a0.jpg\" width=\"1024\" height=\"1024\" \/><figcaption class=\"attachment__caption\"><\/figcaption><\/figure>\n<figure class=\"attachment attachment--preview\" data-trix-attachment=\"{&quot;contentType&quot;:&quot;image&quot;,&quot;height&quot;:1024,&quot;url&quot;:&quot;https:\/\/sawaqli.fra1.cdn.digitaloceanspaces.com\/3429\/H5046a2f5c0eb4e3e84ba2839126e76d7v.jpg&quot;,&quot;width&quot;:1024}\" data-trix-content-type=\"image\"><img decoding=\"async\" class=\"aligncenter\" src=\"https:\/\/sawaqli.fra1.cdn.digitaloceanspaces.com\/3429\/H5046a2f5c0eb4e3e84ba2839126e76d7v.jpg\" width=\"1024\" height=\"1024\" \/><figcaption class=\"attachment__caption\"><\/figcaption><\/figure>\n<figure class=\"attachment attachment--preview\" data-trix-attachment=\"{&quot;contentType&quot;:&quot;image&quot;,&quot;height&quot;:1024,&quot;url&quot;:&quot;https:\/\/sawaqli.fra1.cdn.digitaloceanspaces.com\/3430\/Hd1c4093895ce49cbb99aad661b4c17fe1.jpg&quot;,&quot;width&quot;:1024}\" data-trix-content-type=\"image\"><img decoding=\"async\" class=\"aligncenter\" src=\"https:\/\/sawaqli.fra1.cdn.digitaloceanspaces.com\/3430\/Hd1c4093895ce49cbb99aad661b4c17fe1.jpg\" width=\"1024\" height=\"1024\" \/><figcaption class=\"attachment__caption\"><\/figcaption><\/figure>\n<figure class=\"attachment attachment--preview\" data-trix-attachment=\"{&quot;contentType&quot;:&quot;image&quot;,&quot;height&quot;:1024,&quot;url&quot;:&quot;https:\/\/sawaqli.fra1.cdn.digitaloceanspaces.com\/3431\/319267825_821891405578553_8176786050895381138_n.jpg&quot;,&quot;width&quot;:1024}\" data-trix-content-type=\"image\"><img decoding=\"async\" class=\"aligncenter\" src=\"https:\/\/sawaqli.fra1.cdn.digitaloceanspaces.com\/3431\/319267825_821891405578553_8176786050895381138_n.jpg\" width=\"1024\" height=\"1024\" \/><figcaption class=\"attachment__caption\"><\/figcaption><\/figure>\n<figure class=\"attachment attachment--preview\" data-trix-attachment=\"{&quot;contentType&quot;:&quot;image&quot;,&quot;height&quot;:1024,&quot;url&quot;:&quot;https:\/\/sawaqli.fra1.cdn.digitaloceanspaces.com\/3432\/alarm-lock-500x500-1.jpg&quot;,&quot;width&quot;:1024}\" data-trix-content-type=\"image\"><img decoding=\"async\" class=\"aligncenter\" src=\"https:\/\/sawaqli.fra1.cdn.digitaloceanspaces.com\/3432\/alarm-lock-500x500-1.jpg\" width=\"1024\" height=\"1024\" \/><figcaption class=\"attachment__caption\"><\/figcaption><\/figure>\n<p style=\"text-align: center;\">","protected":false},"excerpt":{"rendered":"<p>\u0642\u0641\u0644 \u0625\u0646\u0630\u0627\u0631 \u0645\u062a\u0639\u062f\u062f \u0627\u0644\u0627\u0633\u062a\u062e\u062f\u0627\u0645\u0627\u062a\u064a\u062c\u0645\u0639 \u0628\u064a\u0646 \u0648\u0638\u064a\u0641\u0629 \u0627\u0644\u0642\u0641\u0644 \u0648\u0627\u0644\u0625\u0646\u0630\u0627\u0631.\u0625\u0646\u0630\u0627\u0631 \u0645\u062f\u0645\u062c \u064a\u0635\u062f\u0631 \u0635\u0648\u062a\u064b\u0627 \u0639\u0627\u0644\u064a\u064b\u0627 \u0639\u0646\u062f \u0627\u0644\u0627\u0647\u062a\u0632\u0627\u0632 \u0623\u0648 \u0627\u0644\u0636\u0631\u0628.\u064a\u062d\u062a\u0648\u064a \u0639\u0644\u0649 \u062f\u0627\u0626\u0631\u0629 \u0639\u0627\u0644\u064a\u0629 \u0627\u0644\u062a\u0642\u0646\u064a\u0629 \u0648\u0634\u0631\u064a\u062d\u0629 \u0627\u0633\u062a\u0634\u0639\u0627\u0631 \u0631\u0642\u0645\u064a\u0629.\u062d\u0627\u0644\u062a\u0627\u0646: \u0642\u0641\u0644 \u0645\u064a\u0643\u0627\u0646\u064a\u0643\u064a \u0623\u0648 \u0625\u0646\u0630\u0627\u0631.\u0627\u0633\u062a\u0647\u0644\u0627\u0643 \u0637\u0627\u0642\u0629 \u0645\u0646\u062e\u0641\u0636 \u0648\u0625\u0646\u0630\u0627\u0631 \u0645\u0648\u062b\u0648\u0642.\u0645\u0642\u0627\u0648\u0645 \u0644\u0644\u062a\u0622\u0643\u0644 \u0648\u0627\u0644\u0645\u0627\u0621\u060c \u0645\u0646\u0627\u0633\u0628 \u0644\u0644\u0623\u0628\u0648\u0627\u0628\u060c \u0627\u0644\u0646\u0648\u0627\u0641\u0630\u060c \u0627\u0644\u062f\u0631\u0627\u062c\u0627\u062a\u060c \u0627\u0644\u062d\u0627\u0648\u064a\u0627\u062a\u060c \u0627\u0644\u062d\u062f\u0627\u0626\u0642 \u0648\u063a\u064a\u0631\u0647\u0627.\u064a\u0639\u0645\u0644 \u0628\u0633\u062a \u0628\u0637\u0627\u0631\u064a\u0627\u062a \u0632\u0631\u064a\u0629\u060c \u0648\u064a\u0623\u062a\u064a \u0645\u0639 3 \u0645\u0641\u0627\u062a\u064a\u062d.\u0627\u0644\u0623\u0628\u0639\u0627\u062f: 70\u00d796\u00d744 \u0645\u0645\u0627\u0644\u0648\u0632\u0646: 375\u063a\u0627\u0644\u0645\u0627\u062f\u0629: \u0633\u0628\u0627\u0626\u0643 \u0627\u0644\u0632\u0646\u0643<\/p>","protected":false},"featured_media":63832,"comment_status":"open","ping_status":"closed","template":"","meta":[],"product_brand":[],"product_cat":[2466],"product_tag":[],"class_list":{"0":"post-63833","1":"product","2":"type-product","3":"status-publish","4":"has-post-thumbnail","6":"product_cat-outillage-et-bricolage","8":"first","9":"instock","10":"taxable","11":"shipping-taxable","12":"purchasable","13":"product-type-simple"},"jetpack_sharing_enabled":true,"_links":{"self":[{"href":"https:\/\/shoponlinedz.com\/en\/wp-json\/wp\/v2\/product\/63833","targetHints":{"allow":["GET"]}}],"collection":[{"href":"https:\/\/shoponlinedz.com\/en\/wp-json\/wp\/v2\/product"}],"about":[{"href":"https:\/\/shoponlinedz.com\/en\/wp-json\/wp\/v2\/types\/product"}],"replies":[{"embeddable":true,"href":"https:\/\/shoponlinedz.com\/en\/wp-json\/wp\/v2\/comments?post=63833"}],"version-history":[{"count":0,"href":"https:\/\/shoponlinedz.com\/en\/wp-json\/wp\/v2\/product\/63833\/revisions"}],"wp:featuredmedia":[{"embeddable":true,"href":"https:\/\/shoponlinedz.com\/en\/wp-json\/wp\/v2\/media\/63832"}],"wp:attachment":[{"href":"https:\/\/shoponlinedz.com\/en\/wp-json\/wp\/v2\/media?parent=63833"}],"wp:term":[{"taxonomy":"product_brand","embeddable":true,"href":"https:\/\/shoponlinedz.com\/en\/wp-json\/wp\/v2\/product_brand?post=63833"},{"taxonomy":"product_cat","embeddable":true,"href":"https:\/\/shoponlinedz.com\/en\/wp-json\/wp\/v2\/product_cat?post=63833"},{"taxonomy":"product_tag","embeddable":true,"href":"https:\/\/shoponlinedz.com\/en\/wp-json\/wp\/v2\/product_tag?post=63833"}],"curies":[{"name":"wp","href":"https:\/\/api.w.org\/{rel}","templated":true}]}}