{"id":63667,"date":"2026-01-06T19:49:10","date_gmt":"2026-01-06T19:49:10","guid":{"rendered":"https:\/\/shoponlinedz.com\/product\/gilet-de-sueur-debardeur-polymere-amincissement-perte-de-poids-fitness-gym-sueur\/"},"modified":"2026-02-16T16:02:09","modified_gmt":"2026-02-16T15:02:09","slug":"gilet-de-sueur-debardeur-polymere-amincissement-perte-de-poids-fitness-gym-sueur","status":"publish","type":"product","link":"https:\/\/shoponlinedz.com\/en\/product\/gilet-de-sueur-debardeur-polymere-amincissement-perte-de-poids-fitness-gym-sueur\/","title":{"rendered":"Gilet de sueur D\u00e9bardeur Polym\u00e8re amincissement perte de poids Fitness Gym sueur"},"content":{"rendered":"<figure class=\"attachment attachment--preview\" data-trix-attachment=\"{&quot;contentType&quot;:&quot;image&quot;,&quot;height&quot;:1024,&quot;url&quot;:&quot;https:\/\/sawaqli.fra1.cdn.digitaloceanspaces.com\/3844\/305653558_7939071936165845_6078785710457999994_n.jpg&quot;,&quot;width&quot;:1024}\" data-trix-content-type=\"image\"><img decoding=\"async\" class=\"aligncenter\" src=\"https:\/\/sawaqli.fra1.cdn.digitaloceanspaces.com\/3844\/305653558_7939071936165845_6078785710457999994_n.jpg\" width=\"1024\" height=\"1024\" \/><figcaption class=\"attachment__caption\"><\/figcaption><\/figure>\n<figure class=\"attachment attachment--preview\" data-trix-attachment=\"{&quot;contentType&quot;:&quot;image&quot;,&quot;height&quot;:1024,&quot;url&quot;:&quot;https:\/\/sawaqli.fra1.cdn.digitaloceanspaces.com\/3845\/Sweat-maker2xl-3xl-01-1024.jpg&quot;,&quot;width&quot;:1024}\" data-trix-content-type=\"image\"><img decoding=\"async\" class=\"aligncenter\" src=\"https:\/\/sawaqli.fra1.cdn.digitaloceanspaces.com\/3845\/Sweat-maker2xl-3xl-01-1024.jpg\" width=\"1024\" height=\"1024\" \/><figcaption class=\"attachment__caption\"><\/figcaption><\/figure>\n<figure class=\"attachment attachment--preview\" data-trix-attachment=\"{&quot;contentType&quot;:&quot;image&quot;,&quot;height&quot;:1024,&quot;url&quot;:&quot;https:\/\/sawaqli.fra1.cdn.digitaloceanspaces.com\/3846\/Sweat-maker2xl-3xl-03-1024.jpg&quot;,&quot;width&quot;:1024}\" data-trix-content-type=\"image\"><img decoding=\"async\" class=\"aligncenter\" src=\"https:\/\/sawaqli.fra1.cdn.digitaloceanspaces.com\/3846\/Sweat-maker2xl-3xl-03-1024.jpg\" width=\"1024\" height=\"1024\" \/><figcaption class=\"attachment__caption\"><\/figcaption><\/figure>\n<figure class=\"attachment attachment--preview\" data-trix-attachment=\"{&quot;contentType&quot;:&quot;image&quot;,&quot;height&quot;:1024,&quot;url&quot;:&quot;https:\/\/sawaqli.fra1.cdn.digitaloceanspaces.com\/3847\/1.jpg&quot;,&quot;width&quot;:1024}\" data-trix-content-type=\"image\"><img decoding=\"async\" class=\"aligncenter\" src=\"https:\/\/sawaqli.fra1.cdn.digitaloceanspaces.com\/3847\/1.jpg\" width=\"1024\" height=\"1024\" \/><figcaption class=\"attachment__caption\"><\/figcaption><\/figure>\n<p style=\"text-align: center;\">","protected":false},"excerpt":{"rendered":"<p>PRINCIPALES CARACT\u00c9RISTIQUES micro-\u00e9lastique et br\u00fbleur de graisse Utilise un tissu polym\u00e8re qui retient la chaleur pour acc\u00e9l\u00e9rer votre chaleur naturelle et favoriser la transpiration. Pendant l\u2019entra\u00eenement et les activit\u00e9s quotidiennes cr\u00e9e une exp\u00e9rience semblable \u00e0 celle d\u2019un sauuna. Gr\u00e2ce au tissu de compression performant, vous aurez instantan\u00e9ment l\u2019air ,plus mince en le mettant. Va tordre votre ventre et fa\u00e7onner votre taille, vous lisser et vous rendre tellement mieux. Portez le pour une sensation de ventre plat, de taille arrondie et de taille en sablier. L\u00e9ger, confortable, \u00e0 s\u00e9chage rapide; Lavable en machine et durable.<\/p>","protected":false},"featured_media":63666,"comment_status":"open","ping_status":"closed","template":"","meta":[],"product_brand":[],"product_cat":[2468],"product_tag":[],"class_list":{"0":"post-63667","1":"product","2":"type-product","3":"status-publish","4":"has-post-thumbnail","6":"product_cat-sport","8":"first","9":"instock","10":"taxable","11":"shipping-taxable","12":"purchasable","13":"product-type-simple"},"jetpack_sharing_enabled":true,"_links":{"self":[{"href":"https:\/\/shoponlinedz.com\/en\/wp-json\/wp\/v2\/product\/63667","targetHints":{"allow":["GET"]}}],"collection":[{"href":"https:\/\/shoponlinedz.com\/en\/wp-json\/wp\/v2\/product"}],"about":[{"href":"https:\/\/shoponlinedz.com\/en\/wp-json\/wp\/v2\/types\/product"}],"replies":[{"embeddable":true,"href":"https:\/\/shoponlinedz.com\/en\/wp-json\/wp\/v2\/comments?post=63667"}],"version-history":[{"count":0,"href":"https:\/\/shoponlinedz.com\/en\/wp-json\/wp\/v2\/product\/63667\/revisions"}],"wp:featuredmedia":[{"embeddable":true,"href":"https:\/\/shoponlinedz.com\/en\/wp-json\/wp\/v2\/media\/63666"}],"wp:attachment":[{"href":"https:\/\/shoponlinedz.com\/en\/wp-json\/wp\/v2\/media?parent=63667"}],"wp:term":[{"taxonomy":"product_brand","embeddable":true,"href":"https:\/\/shoponlinedz.com\/en\/wp-json\/wp\/v2\/product_brand?post=63667"},{"taxonomy":"product_cat","embeddable":true,"href":"https:\/\/shoponlinedz.com\/en\/wp-json\/wp\/v2\/product_cat?post=63667"},{"taxonomy":"product_tag","embeddable":true,"href":"https:\/\/shoponlinedz.com\/en\/wp-json\/wp\/v2\/product_tag?post=63667"}],"curies":[{"name":"wp","href":"https:\/\/api.w.org\/{rel}","templated":true}]}}