{"id":63649,"date":"2026-01-06T19:48:30","date_gmt":"2026-01-06T19:48:30","guid":{"rendered":"https:\/\/shoponlinedz.com\/product\/boite-de-rangement-pour-maquillage-et-cosmetiques-avec-3-tiroirs\/"},"modified":"2026-02-16T16:02:10","modified_gmt":"2026-02-16T15:02:10","slug":"boite-de-rangement-pour-maquillage-et-cosmetiques-avec-3-tiroirs","status":"publish","type":"product","link":"https:\/\/shoponlinedz.com\/en\/product\/boite-de-rangement-pour-maquillage-et-cosmetiques-avec-3-tiroirs\/","title":{"rendered":"Bo\u00eete De Rangement Pour Maquillage Et Cosm\u00e9tiques Avec 3 Tiroirs"},"content":{"rendered":"<figure class=\"attachment attachment--preview\" data-trix-attachment=\"{&quot;contentType&quot;:&quot;image&quot;,&quot;height&quot;:1024,&quot;url&quot;:&quot;https:\/\/sawaqli.fra1.cdn.digitaloceanspaces.com\/4007\/WhatsApp-Image-2023-05-25-at-1.13.49-PM.jpeg&quot;,&quot;width&quot;:1024}\" data-trix-content-type=\"image\"><img decoding=\"async\" class=\"aligncenter\" src=\"https:\/\/sawaqli.fra1.cdn.digitaloceanspaces.com\/4007\/WhatsApp-Image-2023-05-25-at-1.13.49-PM.jpeg\" width=\"1024\" height=\"1024\" \/><figcaption class=\"attachment__caption\"><\/figcaption><\/figure>\n<figure class=\"attachment attachment--preview\" data-trix-attachment=\"{&quot;contentType&quot;:&quot;image&quot;,&quot;height&quot;:1024,&quot;url&quot;:&quot;https:\/\/sawaqli.fra1.cdn.digitaloceanspaces.com\/4008\/Bo-te-de-rangement-cosm-tique-de-grande-capacit-outil-de-maquillage-bijoux-de-bureau-contenant.jpg&quot;,&quot;width&quot;:1024}\" data-trix-content-type=\"image\"><img decoding=\"async\" class=\"aligncenter\" src=\"https:\/\/sawaqli.fra1.cdn.digitaloceanspaces.com\/4008\/Bo-te-de-rangement-cosm-tique-de-grande-capacit-outil-de-maquillage-bijoux-de-bureau-contenant.jpg\" width=\"1024\" height=\"1024\" \/><figcaption class=\"attachment__caption\"><\/figcaption><\/figure>\n<figure class=\"attachment attachment--preview\" data-trix-attachment=\"{&quot;contentType&quot;:&quot;image&quot;,&quot;height&quot;:1024,&quot;url&quot;:&quot;https:\/\/sawaqli.fra1.cdn.digitaloceanspaces.com\/4009\/1200x1165.jpg&quot;,&quot;width&quot;:1024}\" data-trix-content-type=\"image\"><img decoding=\"async\" class=\"aligncenter\" src=\"https:\/\/sawaqli.fra1.cdn.digitaloceanspaces.com\/4009\/1200x1165.jpg\" width=\"1024\" height=\"1024\" \/><figcaption class=\"attachment__caption\"><\/figcaption><\/figure>\n<figure class=\"attachment attachment--preview\" data-trix-attachment=\"{&quot;contentType&quot;:&quot;image&quot;,&quot;height&quot;:1024,&quot;url&quot;:&quot;https:\/\/sawaqli.fra1.cdn.digitaloceanspaces.com\/4010\/Bo-te-de-rangement-de-maquillage-tanche-et-anti-poussi-re-pour-filles-trousse-de-maquillage.jpg&quot;,&quot;width&quot;:1024}\" data-trix-content-type=\"image\"><img decoding=\"async\" class=\"aligncenter\" src=\"https:\/\/sawaqli.fra1.cdn.digitaloceanspaces.com\/4010\/Bo-te-de-rangement-de-maquillage-tanche-et-anti-poussi-re-pour-filles-trousse-de-maquillage.jpg\" width=\"1024\" height=\"1024\" \/><figcaption class=\"attachment__caption\"><\/figcaption><\/figure>\n<figure class=\"attachment attachment--preview\" data-trix-attachment=\"{&quot;contentType&quot;:&quot;image&quot;,&quot;height&quot;:1024,&quot;url&quot;:&quot;https:\/\/sawaqli.fra1.cdn.digitaloceanspaces.com\/4011\/981x1200.jpg&quot;,&quot;width&quot;:1024}\" data-trix-content-type=\"image\"><img decoding=\"async\" class=\"aligncenter\" src=\"https:\/\/sawaqli.fra1.cdn.digitaloceanspaces.com\/4011\/981x1200.jpg\" width=\"1024\" height=\"1024\" \/><figcaption class=\"attachment__caption\"><\/figcaption><\/figure>\n<p style=\"text-align: center;\">","protected":false},"excerpt":{"rendered":"<p>Organisateur pratique pour cosm\u00e9tiques : les organisateurs de maquillage sont la solution parfaite si vous cherchez \u00e0 simplifier votre routine de beaut\u00e9 et d\u00e9sencombrer votre maison en une seule \u00e9tape facile.Grande capacit\u00e9 : le premier niveau de l\u2019organisateur de maquillage avec rotation bilat\u00e9rale vous permet de choisir vos produits de soins de la peau facilement. Les 2 tiroirs de rangement inf\u00e9rieurs permettent de ranger s\u00e9par\u00e9ment les rouges \u00e0 l\u00e8vres, gels \u00e0 l\u00e8vres, pinceaux de maquillage, crayons \u00e0 sourcils, b\u00e2tons de fond de teint, gadgets de beaut\u00e9, colliers, bagues et plus encore.R\u00e9sistant \u00e0 la poussi\u00e8re et imperm\u00e9able \u00e0 l\u2019eau \u2013 Le tiroir de rangement de maquillage avec couvercle est id\u00e9al pour ranger les articles de beaut\u00e9 personnels proprement et rend le comptoir de votre commode ou salle de bains bien rang\u00e9.Dimensions : 34,7 x 28,5 x 18,2 cm. L\u2019organisateur de cosm\u00e9tiques est fabriqu\u00e9 en mat\u00e9riau ABS de haute qualit\u00e9 et respectueux de l\u2019environnement, durable et robuste. Facile \u00e0 transporter, surtout lors de vos d\u00e9placements.Un cadeau parfait pour les femmes \u00e0 la page : simplifiez votre routine de beaut\u00e9 avec la solution de rangement de cosm\u00e9tiques. Id\u00e9al pour les anniversaires, No\u00ebl, le Nouvel An, la Saint-Valentin, la f\u00eate des M\u00e8res et plus encore.<\/p>","protected":false},"featured_media":63648,"comment_status":"open","ping_status":"closed","template":"","meta":[],"product_brand":[],"product_cat":[2457],"product_tag":[],"class_list":{"0":"post-63649","1":"product","2":"type-product","3":"status-publish","4":"has-post-thumbnail","6":"product_cat-soins-et-beaute","8":"first","9":"instock","10":"taxable","11":"shipping-taxable","12":"purchasable","13":"product-type-simple"},"jetpack_sharing_enabled":true,"_links":{"self":[{"href":"https:\/\/shoponlinedz.com\/en\/wp-json\/wp\/v2\/product\/63649","targetHints":{"allow":["GET"]}}],"collection":[{"href":"https:\/\/shoponlinedz.com\/en\/wp-json\/wp\/v2\/product"}],"about":[{"href":"https:\/\/shoponlinedz.com\/en\/wp-json\/wp\/v2\/types\/product"}],"replies":[{"embeddable":true,"href":"https:\/\/shoponlinedz.com\/en\/wp-json\/wp\/v2\/comments?post=63649"}],"version-history":[{"count":0,"href":"https:\/\/shoponlinedz.com\/en\/wp-json\/wp\/v2\/product\/63649\/revisions"}],"wp:featuredmedia":[{"embeddable":true,"href":"https:\/\/shoponlinedz.com\/en\/wp-json\/wp\/v2\/media\/63648"}],"wp:attachment":[{"href":"https:\/\/shoponlinedz.com\/en\/wp-json\/wp\/v2\/media?parent=63649"}],"wp:term":[{"taxonomy":"product_brand","embeddable":true,"href":"https:\/\/shoponlinedz.com\/en\/wp-json\/wp\/v2\/product_brand?post=63649"},{"taxonomy":"product_cat","embeddable":true,"href":"https:\/\/shoponlinedz.com\/en\/wp-json\/wp\/v2\/product_cat?post=63649"},{"taxonomy":"product_tag","embeddable":true,"href":"https:\/\/shoponlinedz.com\/en\/wp-json\/wp\/v2\/product_tag?post=63649"}],"curies":[{"name":"wp","href":"https:\/\/api.w.org\/{rel}","templated":true}]}}