{"id":63452,"date":"2026-01-06T19:39:34","date_gmt":"2026-01-06T19:39:34","guid":{"rendered":"https:\/\/shoponlinedz.com\/product\/machine-a-crepes-sinbo-sp5208\/"},"modified":"2026-02-16T16:02:16","modified_gmt":"2026-02-16T15:02:16","slug":"machine-a-crepes-sinbo-sp5208","status":"publish","type":"product","link":"https:\/\/shoponlinedz.com\/en\/product\/machine-a-crepes-sinbo-sp5208\/","title":{"rendered":"Machine \u00e0 Cr\u00eapes Sinbo SP5208"},"content":{"rendered":"<figure class=\"attachment attachment--preview\" data-trix-attachment=\"{&quot;contentType&quot;:&quot;image&quot;,&quot;height&quot;:1024,&quot;url&quot;:&quot;https:\/\/sawaqli.fra1.cdn.digitaloceanspaces.com\/4477\/Set-de-rangement-4.jpg&quot;,&quot;width&quot;:1024}\" data-trix-content-type=\"image\"><img decoding=\"async\" class=\"aligncenter\" src=\"https:\/\/sawaqli.fra1.cdn.digitaloceanspaces.com\/4477\/Set-de-rangement-4.jpg\" width=\"1024\" height=\"1024\" \/><figcaption class=\"attachment__caption\"><\/figcaption><\/figure>\n<figure class=\"attachment attachment--preview\" data-trix-attachment=\"{&quot;contentType&quot;:&quot;image&quot;,&quot;height&quot;:1024,&quot;url&quot;:&quot;https:\/\/sawaqli.fra1.cdn.digitaloceanspaces.com\/4478\/sinbo-sp-5208.jpg5_.jpg&quot;,&quot;width&quot;:1024}\" data-trix-content-type=\"image\"><img decoding=\"async\" class=\"aligncenter\" src=\"https:\/\/sawaqli.fra1.cdn.digitaloceanspaces.com\/4478\/sinbo-sp-5208.jpg5_.jpg\" width=\"1024\" height=\"1024\" \/><figcaption class=\"attachment__caption\"><\/figcaption><\/figure>\n<figure class=\"attachment attachment--preview\" data-trix-attachment=\"{&quot;contentType&quot;:&quot;image&quot;,&quot;height&quot;:1024,&quot;url&quot;:&quot;https:\/\/sawaqli.fra1.cdn.digitaloceanspaces.com\/4479\/Set-de-rangement-5.jpg&quot;,&quot;width&quot;:1024}\" data-trix-content-type=\"image\"><img decoding=\"async\" class=\"aligncenter\" src=\"https:\/\/sawaqli.fra1.cdn.digitaloceanspaces.com\/4479\/Set-de-rangement-5.jpg\" width=\"1024\" height=\"1024\" \/><figcaption class=\"attachment__caption\"><\/figcaption><\/figure>\n<figure class=\"attachment attachment--preview\" data-trix-attachment=\"{&quot;contentType&quot;:&quot;image&quot;,&quot;height&quot;:1024,&quot;url&quot;:&quot;https:\/\/sawaqli.fra1.cdn.digitaloceanspaces.com\/4480\/sinbo-sp-5208.jpg6_.jpg&quot;,&quot;width&quot;:1024}\" data-trix-content-type=\"image\"><img decoding=\"async\" class=\"aligncenter\" src=\"https:\/\/sawaqli.fra1.cdn.digitaloceanspaces.com\/4480\/sinbo-sp-5208.jpg6_.jpg\" width=\"1024\" height=\"1024\" \/><figcaption class=\"attachment__caption\"><\/figcaption><\/figure>\n<figure class=\"attachment attachment--preview\" data-trix-attachment=\"{&quot;contentType&quot;:&quot;image&quot;,&quot;height&quot;:1024,&quot;url&quot;:&quot;https:\/\/sawaqli.fra1.cdn.digitaloceanspaces.com\/4481\/61s-HqwIlWL.jpg&quot;,&quot;width&quot;:1024}\" data-trix-content-type=\"image\"><img decoding=\"async\" class=\"aligncenter\" src=\"https:\/\/sawaqli.fra1.cdn.digitaloceanspaces.com\/4481\/61s-HqwIlWL.jpg\" width=\"1024\" height=\"1024\" \/><figcaption class=\"attachment__caption\"><\/figcaption><\/figure>\n<p style=\"text-align: center\">","protected":false},"excerpt":{"rendered":"<p>\u062c\u0647\u0627\u0632 \u0637\u0647\u064a \u0643\u0647\u0631\u0628\u0627\u0626\u064a (\u0635\u0641\u064a\u062d\u0629 \u0633\u0627\u062e\u0646\u0629)\u0627\u0644\u0645\u0627\u062f\u0629: \u062d\u062f\u064a\u062f \u0645\u0633\u0628\u0648\u0643 \u0645\u0637\u0644\u064a \u0628\u0627\u0644\u0623\u0644\u0645\u0646\u064a\u0648\u0645.\u0627\u0644\u0644\u0648\u0646: \u0623\u0628\u064a\u0636.\u0642\u0637\u0631 \u0627\u0644\u0635\u0641\u064a\u062d\u0629: 20 \u0633\u0645.\u0627\u0644\u0642\u062f\u0631\u0629: 650 \u0648\u0627\u0637 \u2013 AC230V, 50Hz.\u0627\u0644\u0645\u0645\u064a\u0632\u0627\u062a:\u0633\u0637\u062d \u0645\u0627\u0646\u0639 \u0644\u0644\u0627\u0644\u062a\u0635\u0627\u0642 \u0633\u0647\u0644 \u0627\u0644\u062a\u0646\u0638\u064a\u0641.\u0645\u0624\u0634\u0631 \u0636\u0648\u0626\u064a \u0645\u0639 \u0645\u0641\u062a\u0627\u062d \u062a\u0634\u063a\u064a\u0644 \u0644\u0644\u062a\u062d\u0643\u0645 \u0627\u0644\u0633\u0647\u0644.\u0645\u0642\u0628\u0636 \u0644\u0644\u062a\u0639\u0644\u064a\u0642.\u062a\u0635\u0645\u064a\u0645 \u0645\u062a\u064a\u0646 \u0648\u062c\u0648\u062f\u0629 \u0639\u0627\u0644\u064a\u0629. p\u00e9cialis\u00e9e dans la cuisson de la p\u00e2te sucr\u00e9e ou sal\u00e9e, la machine \u00e0 cr\u00eapes vous permet de faire des p\u00e2tisseries plus saines en cuisinant peu.Le produit, qui se distingue par sa surface antiadh\u00e9sive, est en plastique. Pour une utilisation facile, le produit avec interrupteur de voyant est fourni avec une poign\u00e9e suspendue.Les casseroles, qui vous permettent de faire des merveilles dans la cuisine en peu de temps avec la plaque de cuisson chaude, sont connect\u00e9es au syst\u00e8me \u00e9lectrique.Les utilisateurs sont invit\u00e9s \u00e0 faire attention \u00e0 ces d\u00e9tails pour une utilisation \u00e0 long terme du plafond:Avant le nettoyage, il est important de nettoyer le toit \u00e9lectronique avec des mat\u00e9riaux non alcooliques et non abrasifs. Il est recommand\u00e9 de nettoyer avec un chiffon humide apr\u00e8s chaque utilisation pour \u00e9liminer les r\u00e9sidus qui adh\u00e9reraient \u00e0 la plaque. L\u2019appareil ne n\u00e9cessite aucune maintenance p\u00e9riodique autre qu\u2019un bref nettoyage. Avant la premi\u00e8re utilisation, l\u2019appareil doit \u00eatre saupoudr\u00e9 avec un chiffon doux et humide, puis utilis\u00e9 apr\u00e8s s\u00e9chage. Apr\u00e8s un temps de pr\u00e9chauffage d\u2019environ 3 minutes, la machine est pr\u00eate \u00e0 \u00eatre utilis\u00e9e, m\u00eame dans les dortoirs des \u00e9tudiants.le plafond ne doit pas \u00eatre utilis\u00e9 sur la plaque de cuisson au gaz s\u2019il n\u2019y a pas d\u2019\u00e9lectricit\u00e9. Les couteaux tranchants, les fourchettes et les pinces qui touchent la plaque de cuisson peuvent provoquer des \u00e9raflures et des griffes ind\u00e9sirables.Caract\u00e9ristiques techniques :TYPE | machine \u00e0 cr\u00eapesMARQUE | SinboREF | SP 5208PUISSANCE | 700 WDIAM\u00c8TRE | 20 cmSURFACE DE CUISSON | Plaque en antiadh\u00e9sifR\u00c9GLAGE DE LA CHALEUR | 1<\/p>","protected":false},"featured_media":63451,"comment_status":"open","ping_status":"closed","template":"","meta":[],"product_brand":[],"product_cat":[2456],"product_tag":[],"class_list":{"0":"post-63452","1":"product","2":"type-product","3":"status-publish","4":"has-post-thumbnail","6":"product_cat-cuisine","8":"first","9":"outofstock","10":"taxable","11":"shipping-taxable","12":"purchasable","13":"product-type-simple"},"jetpack_sharing_enabled":true,"_links":{"self":[{"href":"https:\/\/shoponlinedz.com\/en\/wp-json\/wp\/v2\/product\/63452","targetHints":{"allow":["GET"]}}],"collection":[{"href":"https:\/\/shoponlinedz.com\/en\/wp-json\/wp\/v2\/product"}],"about":[{"href":"https:\/\/shoponlinedz.com\/en\/wp-json\/wp\/v2\/types\/product"}],"replies":[{"embeddable":true,"href":"https:\/\/shoponlinedz.com\/en\/wp-json\/wp\/v2\/comments?post=63452"}],"version-history":[{"count":0,"href":"https:\/\/shoponlinedz.com\/en\/wp-json\/wp\/v2\/product\/63452\/revisions"}],"wp:featuredmedia":[{"embeddable":true,"href":"https:\/\/shoponlinedz.com\/en\/wp-json\/wp\/v2\/media\/63451"}],"wp:attachment":[{"href":"https:\/\/shoponlinedz.com\/en\/wp-json\/wp\/v2\/media?parent=63452"}],"wp:term":[{"taxonomy":"product_brand","embeddable":true,"href":"https:\/\/shoponlinedz.com\/en\/wp-json\/wp\/v2\/product_brand?post=63452"},{"taxonomy":"product_cat","embeddable":true,"href":"https:\/\/shoponlinedz.com\/en\/wp-json\/wp\/v2\/product_cat?post=63452"},{"taxonomy":"product_tag","embeddable":true,"href":"https:\/\/shoponlinedz.com\/en\/wp-json\/wp\/v2\/product_tag?post=63452"}],"curies":[{"name":"wp","href":"https:\/\/api.w.org\/{rel}","templated":true}]}}