{"id":63396,"date":"2026-01-06T19:37:09","date_gmt":"2026-01-06T19:37:09","guid":{"rendered":"https:\/\/shoponlinedz.com\/product\/techwood-robot-petrin-professionel-12l-2000w-tro-1226\/"},"modified":"2026-02-16T16:02:18","modified_gmt":"2026-02-16T15:02:18","slug":"techwood-robot-petrin-professionel-12l-2000w-tro-1226","status":"publish","type":"product","link":"https:\/\/shoponlinedz.com\/en\/product\/techwood-robot-petrin-professionel-12l-2000w-tro-1226\/","title":{"rendered":"Techwood Robot P\u00e9trin Professionel 12L 2000W TRO-1226"},"content":{"rendered":"<figure class=\"attachment attachment--preview\" data-trix-attachment=\"{&quot;contentType&quot;:&quot;image&quot;,&quot;height&quot;:1024,&quot;url&quot;:&quot;https:\/\/sawaqli.fra1.cdn.digitaloceanspaces.com\/4541\/38-cm-22.jpg&quot;,&quot;width&quot;:1024}\" data-trix-content-type=\"image\"><img decoding=\"async\" class=\"aligncenter\" src=\"https:\/\/sawaqli.fra1.cdn.digitaloceanspaces.com\/4541\/38-cm-22.jpg\" width=\"1024\" height=\"1024\" \/><figcaption class=\"attachment__caption\"><\/figcaption><\/figure>\n<figure class=\"attachment attachment--preview\" data-trix-attachment=\"{&quot;contentType&quot;:&quot;image&quot;,&quot;height&quot;:1024,&quot;url&quot;:&quot;https:\/\/sawaqli.fra1.cdn.digitaloceanspaces.com\/4542\/techwood-robot-1.jpg&quot;,&quot;width&quot;:1024}\" data-trix-content-type=\"image\"><img decoding=\"async\" class=\"aligncenter\" src=\"https:\/\/sawaqli.fra1.cdn.digitaloceanspaces.com\/4542\/techwood-robot-1.jpg\" width=\"1024\" height=\"1024\" \/><figcaption class=\"attachment__caption\"><\/figcaption><\/figure>\n<figure class=\"attachment attachment--preview\" data-trix-attachment=\"{&quot;contentType&quot;:&quot;image&quot;,&quot;height&quot;:1024,&quot;url&quot;:&quot;https:\/\/sawaqli.fra1.cdn.digitaloceanspaces.com\/4543\/techwood-robot.jpg&quot;,&quot;width&quot;:1024}\" data-trix-content-type=\"image\"><img decoding=\"async\" class=\"aligncenter\" src=\"https:\/\/sawaqli.fra1.cdn.digitaloceanspaces.com\/4543\/techwood-robot.jpg\" width=\"1024\" height=\"1024\" \/><figcaption class=\"attachment__caption\"><\/figcaption><\/figure>\n<figure class=\"attachment attachment--preview\" data-trix-attachment=\"{&quot;contentType&quot;:&quot;image&quot;,&quot;height&quot;:1024,&quot;url&quot;:&quot;https:\/\/sawaqli.fra1.cdn.digitaloceanspaces.com\/4544\/techwood-petrin.jpg&quot;,&quot;width&quot;:1024}\" data-trix-content-type=\"image\"><img decoding=\"async\" class=\"aligncenter\" src=\"https:\/\/sawaqli.fra1.cdn.digitaloceanspaces.com\/4544\/techwood-petrin.jpg\" width=\"1024\" height=\"1024\" \/><figcaption class=\"attachment__caption\"><\/figcaption><\/figure>\n<p style=\"text-align: center;\">","protected":false},"excerpt":{"rendered":"<p>\u0639\u062c\u0627\u0646\u0629 12 \u0644\u062a\u0631 \u2013 \u0642\u0648\u0629 2000 \u0648\u0627\u0637 \u2013 \u0645\u0646 Techwood TRO-1226 \u0625\u0630\u0627 \u0643\u0646\u062a \u0645\u0646 \u0639\u0634\u0627\u0642 \u0627\u0644\u0645\u0639\u062c\u0646\u0627\u062a \u0648\u0627\u0644\u062d\u0644\u0648\u064a\u0627\u062a \u0641\u0647\u0630\u0627 \u0627\u0644\u062c\u0647\u0627\u0632 \u0647\u0648 \u062e\u064a\u0627\u0631\u0643 \u0627\u0644\u0645\u062b\u0627\u0644\u064a. \u2013 \u0645\u062d\u0631\u0643 \u0642\u0648\u064a 2000 \u0648\u0627\u0637 \u0645\u0639 \u0642\u0627\u0639\u062f\u0629 \u062b\u0627\u0628\u062a\u0629 \u0645\u0642\u0627\u0648\u0645\u0629 \u0644\u0644\u0627\u0646\u0632\u0644\u0627\u0642. \u2013 \u0648\u0639\u0627\u0621 \u0645\u0646 \u0627\u0644\u0633\u062a\u0627\u0646\u0644\u0633 \u0633\u062a\u064a\u0644 \u0633\u0639\u0629 12 \u0644\u062a\u0631 \u0644\u062a\u062d\u0636\u064a\u0631 \u0643\u0645\u064a\u0627\u062a \u0643\u0628\u064a\u0631\u0629 \u0628\u0633\u0647\u0648\u0644\u0629. \u2013 6 \u0633\u0631\u0639\u0627\u062a\u060c \u0645\u0639 \u062e\u0637\u0627\u0641\u0627\u062a \u0639\u062c\u0646 \u0648\u062e\u0641\u0642\u060c \u063a\u0637\u0627\u0621 \u0634\u0641\u0627\u0641 \u0628\u0641\u062a\u062d\u0629 \u0625\u0636\u0627\u0641\u0629. \u2013 \u062a\u0635\u0645\u064a\u0645 \u0639\u0645\u0644\u064a \u064a\u0646\u0627\u0633\u0628 \u0643\u0644 \u0627\u0644\u0645\u0637\u0627\u0628\u062e \u0648\u0633\u0647\u0644 \u0627\u0644\u0635\u064a\u0627\u0646\u0629.Caract\u00e9ristiques techniques :TYPE | Robot P\u00e9trinMARQUE | TechwoodR\u00c9F\u00c9RENCE | TRO-1226PUISSANCE | 2000WCAPACIT\u00c9 | 12LMAT\u00c9RIAU DE LA LAME | Acier InoxydableDIMENSIONS | \u200e24.6 x 31.5 Cm<\/p>","protected":false},"featured_media":63395,"comment_status":"open","ping_status":"closed","template":"","meta":[],"product_brand":[],"product_cat":[2456],"product_tag":[],"class_list":{"0":"post-63396","1":"product","2":"type-product","3":"status-publish","4":"has-post-thumbnail","6":"product_cat-cuisine","8":"first","9":"instock","10":"taxable","11":"shipping-taxable","12":"purchasable","13":"product-type-simple"},"jetpack_sharing_enabled":true,"_links":{"self":[{"href":"https:\/\/shoponlinedz.com\/en\/wp-json\/wp\/v2\/product\/63396","targetHints":{"allow":["GET"]}}],"collection":[{"href":"https:\/\/shoponlinedz.com\/en\/wp-json\/wp\/v2\/product"}],"about":[{"href":"https:\/\/shoponlinedz.com\/en\/wp-json\/wp\/v2\/types\/product"}],"replies":[{"embeddable":true,"href":"https:\/\/shoponlinedz.com\/en\/wp-json\/wp\/v2\/comments?post=63396"}],"version-history":[{"count":0,"href":"https:\/\/shoponlinedz.com\/en\/wp-json\/wp\/v2\/product\/63396\/revisions"}],"wp:featuredmedia":[{"embeddable":true,"href":"https:\/\/shoponlinedz.com\/en\/wp-json\/wp\/v2\/media\/63395"}],"wp:attachment":[{"href":"https:\/\/shoponlinedz.com\/en\/wp-json\/wp\/v2\/media?parent=63396"}],"wp:term":[{"taxonomy":"product_brand","embeddable":true,"href":"https:\/\/shoponlinedz.com\/en\/wp-json\/wp\/v2\/product_brand?post=63396"},{"taxonomy":"product_cat","embeddable":true,"href":"https:\/\/shoponlinedz.com\/en\/wp-json\/wp\/v2\/product_cat?post=63396"},{"taxonomy":"product_tag","embeddable":true,"href":"https:\/\/shoponlinedz.com\/en\/wp-json\/wp\/v2\/product_tag?post=63396"}],"curies":[{"name":"wp","href":"https:\/\/api.w.org\/{rel}","templated":true}]}}