{"id":63312,"date":"2026-01-06T19:33:31","date_gmt":"2026-01-06T19:33:31","guid":{"rendered":"https:\/\/shoponlinedz.com\/product\/poele-a-crepes-oeufs-avec-4-trous-en-aluminium-antiadhesive\/"},"modified":"2026-02-16T16:02:20","modified_gmt":"2026-02-16T15:02:20","slug":"poele-a-crepes-oeufs-avec-4-trous-en-aluminium-antiadhesive","status":"publish","type":"product","link":"https:\/\/shoponlinedz.com\/en\/product\/poele-a-crepes-oeufs-avec-4-trous-en-aluminium-antiadhesive\/","title":{"rendered":"Po\u00eale \u00e0 cr\u00eapes &#038; oeufs avec 4 trous en aluminium antiadh\u00e9sive"},"content":{"rendered":"<figure class=\"attachment attachment--preview\" data-trix-attachment=\"{&quot;contentType&quot;:&quot;image&quot;,&quot;height&quot;:1024,&quot;url&quot;:&quot;https:\/\/sawaqli.fra1.cdn.digitaloceanspaces.com\/4779\/309087410_5887145814630341_4005090124442321090_n.png&quot;,&quot;width&quot;:1024}\" data-trix-content-type=\"image\"><img decoding=\"async\" class=\"aligncenter\" src=\"https:\/\/sawaqli.fra1.cdn.digitaloceanspaces.com\/4779\/309087410_5887145814630341_4005090124442321090_n.png\" width=\"1024\" height=\"1024\" \/><figcaption class=\"attachment__caption\"><\/figcaption><\/figure>\n<figure class=\"attachment attachment--preview\" data-trix-attachment=\"{&quot;contentType&quot;:&quot;image&quot;,&quot;height&quot;:1024,&quot;url&quot;:&quot;https:\/\/sawaqli.fra1.cdn.digitaloceanspaces.com\/4780\/309820674_5100573696715261_8871233481190946675_n.jpg&quot;,&quot;width&quot;:1024}\" data-trix-content-type=\"image\"><img decoding=\"async\" class=\"aligncenter\" src=\"https:\/\/sawaqli.fra1.cdn.digitaloceanspaces.com\/4780\/309820674_5100573696715261_8871233481190946675_n.jpg\" width=\"1024\" height=\"1024\" \/><figcaption class=\"attachment__caption\"><\/figcaption><\/figure>\n<figure class=\"attachment attachment--preview\" data-trix-attachment=\"{&quot;contentType&quot;:&quot;image&quot;,&quot;height&quot;:1024,&quot;url&quot;:&quot;https:\/\/sawaqli.fra1.cdn.digitaloceanspaces.com\/4781\/309578386_5940044456006334_1698571074901472515_n.jpg&quot;,&quot;width&quot;:1024}\" data-trix-content-type=\"image\"><img decoding=\"async\" class=\"aligncenter\" src=\"https:\/\/sawaqli.fra1.cdn.digitaloceanspaces.com\/4781\/309578386_5940044456006334_1698571074901472515_n.jpg\" width=\"1024\" height=\"1024\" \/><figcaption class=\"attachment__caption\"><\/figcaption><\/figure>\n<figure class=\"attachment attachment--preview\" data-trix-attachment=\"{&quot;contentType&quot;:&quot;image&quot;,&quot;height&quot;:1024,&quot;url&quot;:&quot;https:\/\/sawaqli.fra1.cdn.digitaloceanspaces.com\/4782\/308802840_5858957174163964_6514996961202600845_n.jpg&quot;,&quot;width&quot;:1024}\" data-trix-content-type=\"image\"><img decoding=\"async\" class=\"aligncenter\" src=\"https:\/\/sawaqli.fra1.cdn.digitaloceanspaces.com\/4782\/308802840_5858957174163964_6514996961202600845_n.jpg\" width=\"1024\" height=\"1024\" \/><figcaption class=\"attachment__caption\"><\/figcaption><\/figure>\n<p style=\"text-align: center;\">","protected":false},"excerpt":{"rendered":"<p>\u0645\u0642\u0644\u0627\u0629 \u063a\u064a\u0631 \u0644\u0627\u0635\u0642\u0629\u0645\u0635\u0646\u0648\u0639\u0629 \u0645\u0646 \u0633\u0628\u064a\u0643\u0629 \u0627\u0644\u0623\u0644\u0645\u0646\u064a\u0648\u0645 \u0628\u0633\u0637\u062d \u063a\u064a\u0631 \u0644\u0627\u0635\u0642.\u0645\u062b\u0627\u0644\u064a\u0629 \u0644\u0642\u0644\u064a \u0627\u0644\u0628\u064a\u0636 \u0648\u0634\u0631\u0627\u0626\u062d \u0627\u0644\u0644\u062d\u0645 \u0648\u0627\u0644\u0628\u0627\u0646 \u0643\u064a\u0643.\u062c\u0633\u0645 \u0633\u0645\u064a\u0643 \u0630\u0648 \u0633\u0639\u0629 \u0643\u0628\u064a\u0631\u0629 \u0644\u0633\u0647\u0648\u0644\u0629 \u0627\u0644\u0637\u0647\u064a.\u062a\u0635\u0645\u064a\u0645 \u0623\u0646\u064a\u0642 \u0628\u0645\u0642\u0628\u0636 \u0645\u0631\u064a\u062d \u0648\u0642\u0627\u0639\u062f\u0629 \u0633\u0645\u064a\u0643\u0629 \u0644\u0645\u0646\u0639 \u0627\u0644\u0627\u062d\u062a\u0631\u0627\u0642.\u062a\u0648\u0635\u064a\u0644 \u062d\u0631\u0627\u0631\u064a \u0645\u0645\u062a\u0627\u0632 \u0644\u062a\u0642\u0644\u064a\u0644 \u0648\u0642\u062a \u0625\u0639\u062f\u0627\u062f \u0627\u0644\u0641\u0637\u0648\u0631.\u0645\u0646\u0627\u0633\u0628\u0629 \u0644\u0644\u0627\u0633\u062a\u062e\u062f\u0627\u0645 \u0639\u0644\u0649 \u0645\u0648\u0627\u0642\u062f \u0627\u0644\u063a\u0627\u0632.https:\/\/www.youtube.com\/shorts\/4ho3AlTDVl8<\/p>","protected":false},"featured_media":63311,"comment_status":"open","ping_status":"closed","template":"","meta":[],"product_brand":[],"product_cat":[2455],"product_tag":[],"class_list":{"0":"post-63312","1":"product","2":"type-product","3":"status-publish","4":"has-post-thumbnail","6":"product_cat-maison","8":"first","9":"instock","10":"taxable","11":"shipping-taxable","12":"purchasable","13":"product-type-simple"},"jetpack_sharing_enabled":true,"_links":{"self":[{"href":"https:\/\/shoponlinedz.com\/en\/wp-json\/wp\/v2\/product\/63312","targetHints":{"allow":["GET"]}}],"collection":[{"href":"https:\/\/shoponlinedz.com\/en\/wp-json\/wp\/v2\/product"}],"about":[{"href":"https:\/\/shoponlinedz.com\/en\/wp-json\/wp\/v2\/types\/product"}],"replies":[{"embeddable":true,"href":"https:\/\/shoponlinedz.com\/en\/wp-json\/wp\/v2\/comments?post=63312"}],"version-history":[{"count":0,"href":"https:\/\/shoponlinedz.com\/en\/wp-json\/wp\/v2\/product\/63312\/revisions"}],"wp:featuredmedia":[{"embeddable":true,"href":"https:\/\/shoponlinedz.com\/en\/wp-json\/wp\/v2\/media\/63311"}],"wp:attachment":[{"href":"https:\/\/shoponlinedz.com\/en\/wp-json\/wp\/v2\/media?parent=63312"}],"wp:term":[{"taxonomy":"product_brand","embeddable":true,"href":"https:\/\/shoponlinedz.com\/en\/wp-json\/wp\/v2\/product_brand?post=63312"},{"taxonomy":"product_cat","embeddable":true,"href":"https:\/\/shoponlinedz.com\/en\/wp-json\/wp\/v2\/product_cat?post=63312"},{"taxonomy":"product_tag","embeddable":true,"href":"https:\/\/shoponlinedz.com\/en\/wp-json\/wp\/v2\/product_tag?post=63312"}],"curies":[{"name":"wp","href":"https:\/\/api.w.org\/{rel}","templated":true}]}}