{"id":63215,"date":"2026-01-06T19:29:31","date_gmt":"2026-01-06T19:29:31","guid":{"rendered":"https:\/\/shoponlinedz.com\/product\/mini-hachoir-electrique-portable-rechargeable-250-ml\/"},"modified":"2026-02-16T16:02:22","modified_gmt":"2026-02-16T15:02:22","slug":"mini-hachoir-electrique-portable-rechargeable-250-ml","status":"publish","type":"product","link":"https:\/\/shoponlinedz.com\/en\/product\/mini-hachoir-electrique-portable-rechargeable-250-ml\/","title":{"rendered":"Mini Hachoir \u00e9lectrique Portable Rechargeable 250 ML"},"content":{"rendered":"<figure class=\"attachment attachment--preview\" data-trix-attachment=\"{&quot;contentType&quot;:&quot;image&quot;,&quot;height&quot;:1024,&quot;url&quot;:&quot;https:\/\/sawaqli.fra1.cdn.digitaloceanspaces.com\/5010\/60a1ead14f141900ccc67384-large.jpg&quot;,&quot;width&quot;:1024}\" data-trix-content-type=\"image\"><img decoding=\"async\" class=\"aligncenter\" src=\"https:\/\/sawaqli.fra1.cdn.digitaloceanspaces.com\/5010\/60a1ead14f141900ccc67384-large.jpg\" width=\"1024\" height=\"1024\" \/><figcaption class=\"attachment__caption\"><\/figcaption><\/figure>\n<figure class=\"attachment attachment--preview\" data-trix-attachment=\"{&quot;contentType&quot;:&quot;image&quot;,&quot;height&quot;:1024,&quot;url&quot;:&quot;https:\/\/sawaqli.fra1.cdn.digitaloceanspaces.com\/5011\/312449898_5472225946206419_1236700528411209514_n.jpg&quot;,&quot;width&quot;:1024}\" data-trix-content-type=\"image\"><img decoding=\"async\" class=\"aligncenter\" src=\"https:\/\/sawaqli.fra1.cdn.digitaloceanspaces.com\/5011\/312449898_5472225946206419_1236700528411209514_n.jpg\" width=\"1024\" height=\"1024\" \/><figcaption class=\"attachment__caption\"><\/figcaption><\/figure>\n<figure class=\"attachment attachment--preview\" data-trix-attachment=\"{&quot;contentType&quot;:&quot;image&quot;,&quot;height&quot;:1024,&quot;url&quot;:&quot;https:\/\/sawaqli.fra1.cdn.digitaloceanspaces.com\/5012\/310777510_5493134120799194_839378958662341138_n.jpg&quot;,&quot;width&quot;:1024}\" data-trix-content-type=\"image\"><img decoding=\"async\" class=\"aligncenter\" src=\"https:\/\/sawaqli.fra1.cdn.digitaloceanspaces.com\/5012\/310777510_5493134120799194_839378958662341138_n.jpg\" width=\"1024\" height=\"1024\" \/><figcaption class=\"attachment__caption\"><\/figcaption><\/figure>\n<figure class=\"attachment attachment--preview\" data-trix-attachment=\"{&quot;contentType&quot;:&quot;image&quot;,&quot;height&quot;:1024,&quot;url&quot;:&quot;https:\/\/sawaqli.fra1.cdn.digitaloceanspaces.com\/5013\/311342114_4527830454008307_3920823113644643888_n.jpg&quot;,&quot;width&quot;:1024}\" data-trix-content-type=\"image\"><img decoding=\"async\" class=\"aligncenter\" src=\"https:\/\/sawaqli.fra1.cdn.digitaloceanspaces.com\/5013\/311342114_4527830454008307_3920823113644643888_n.jpg\" width=\"1024\" height=\"1024\" \/><figcaption class=\"attachment__caption\"><\/figcaption><\/figure>\n<figure class=\"attachment attachment--preview\" data-trix-attachment=\"{&quot;contentType&quot;:&quot;image&quot;,&quot;height&quot;:1024,&quot;url&quot;:&quot;https:\/\/sawaqli.fra1.cdn.digitaloceanspaces.com\/34837\/mix11.jpg&quot;,&quot;width&quot;:1024}\" data-trix-content-type=\"image\"><img decoding=\"async\" class=\"aligncenter\" src=\"https:\/\/sawaqli.fra1.cdn.digitaloceanspaces.com\/34837\/mix11.jpg\" width=\"1024\" height=\"1024\" \/><figcaption class=\"attachment__caption\"><\/figcaption><\/figure>\n<p style=\"text-align: center;\">","protected":false},"excerpt":{"rendered":"<p>Mini broyeur \u00e9lectrique pour aliments, ail, l\u00e9gumes, broyeur, presse pour noix, viande, fruits, oignon Rechargeable, processeur multifonctionCaract\u00e9ristique:-Dites adieu au branchement, le chargement USB est disponible partout, sans limitation d\u2019espace. Charge pendant 3 heures, vous pouvez utiliser 50 fois.Petit et exquis, d\u2019une seule main. D\u00e9barrassez-vous de la conception encombrante du grand corps.Capacit\u00e9 id\u00e9ale, pas plus, pas moins. Les plats d\u2019accompagnement et les sauces \u00e0 tremper dans la vie sont juste parfaits.Forte puissance, faible consommation d\u2019\u00e9nergie, et le fonctionnement des basses n\u2019est pas d\u00e9rangeant.Une petite quantit\u00e9 de nourriture peut \u00eatre fine et sans r\u00e9sidu.Lame en forme de S en acier inoxydable, lame de cyclone \u00e0 trois lames, lib\u00e9ration compl\u00e8te des nutriments.Facile \u00e0 nettoyer et \u00e0 d\u00e9monter, rendant le nettoyage plus pratique.Param\u00e8tre:Mode d\u2019alimentation: USBPuissance nominale: 30WTension nominale: 5-8VCapacit\u00e9 de la batterie: 1200mAhTemps de charge: environ 3 heuresAutonomie de la batterie: environ 50 foisD\u00e9cibel: 30dbMat\u00e9riel: ABSCouleur: blanc\/rose\/vertCapacit\u00e9: 250 ml<\/p>","protected":false},"featured_media":63214,"comment_status":"open","ping_status":"closed","template":"","meta":[],"product_brand":[],"product_cat":[2456],"product_tag":[],"class_list":{"0":"post-63215","1":"product","2":"type-product","3":"status-publish","4":"has-post-thumbnail","6":"product_cat-cuisine","8":"first","9":"instock","10":"taxable","11":"shipping-taxable","12":"purchasable","13":"product-type-simple"},"jetpack_sharing_enabled":true,"_links":{"self":[{"href":"https:\/\/shoponlinedz.com\/en\/wp-json\/wp\/v2\/product\/63215","targetHints":{"allow":["GET"]}}],"collection":[{"href":"https:\/\/shoponlinedz.com\/en\/wp-json\/wp\/v2\/product"}],"about":[{"href":"https:\/\/shoponlinedz.com\/en\/wp-json\/wp\/v2\/types\/product"}],"replies":[{"embeddable":true,"href":"https:\/\/shoponlinedz.com\/en\/wp-json\/wp\/v2\/comments?post=63215"}],"version-history":[{"count":0,"href":"https:\/\/shoponlinedz.com\/en\/wp-json\/wp\/v2\/product\/63215\/revisions"}],"wp:featuredmedia":[{"embeddable":true,"href":"https:\/\/shoponlinedz.com\/en\/wp-json\/wp\/v2\/media\/63214"}],"wp:attachment":[{"href":"https:\/\/shoponlinedz.com\/en\/wp-json\/wp\/v2\/media?parent=63215"}],"wp:term":[{"taxonomy":"product_brand","embeddable":true,"href":"https:\/\/shoponlinedz.com\/en\/wp-json\/wp\/v2\/product_brand?post=63215"},{"taxonomy":"product_cat","embeddable":true,"href":"https:\/\/shoponlinedz.com\/en\/wp-json\/wp\/v2\/product_cat?post=63215"},{"taxonomy":"product_tag","embeddable":true,"href":"https:\/\/shoponlinedz.com\/en\/wp-json\/wp\/v2\/product_tag?post=63215"}],"curies":[{"name":"wp","href":"https:\/\/api.w.org\/{rel}","templated":true}]}}