{"id":63203,"date":"2026-01-06T19:29:01","date_gmt":"2026-01-06T19:29:01","guid":{"rendered":"https:\/\/shoponlinedz.com\/product\/mini-melangeur-electrique-fouet-a-cafe-mousseur-fouet-batteur-a-oeufs\/"},"modified":"2026-02-16T16:02:22","modified_gmt":"2026-02-16T15:02:22","slug":"mini-melangeur-electrique-fouet-a-cafe-mousseur-fouet-batteur-a-oeufs","status":"publish","type":"product","link":"https:\/\/shoponlinedz.com\/en\/product\/mini-melangeur-electrique-fouet-a-cafe-mousseur-fouet-batteur-a-oeufs\/","title":{"rendered":"Mini m\u00e9langeur \u00e9lectrique fouet \u00e0 caf\u00e9 mousseur fouet batteur \u00e0 oeufs"},"content":{"rendered":"<figure class=\"attachment attachment--preview\" data-trix-attachment=\"{&quot;contentType&quot;:&quot;image&quot;,&quot;height&quot;:1024,&quot;url&quot;:&quot;https:\/\/sawaqli.fra1.cdn.digitaloceanspaces.com\/22758\/Mousseur-cnc.jpg&quot;,&quot;width&quot;:1024}\" data-trix-content-type=\"image\"><img decoding=\"async\" class=\"aligncenter\" src=\"https:\/\/sawaqli.fra1.cdn.digitaloceanspaces.com\/22758\/Mousseur-cnc.jpg\" width=\"1024\" height=\"1024\" \/><figcaption class=\"attachment__caption\"><\/figcaption><\/figure>\n<figure class=\"attachment attachment--preview\" data-trix-attachment=\"{&quot;contentType&quot;:&quot;image&quot;,&quot;height&quot;:1024,&quot;url&quot;:&quot;https:\/\/sawaqli.fra1.cdn.digitaloceanspaces.com\/5060\/%D8%A7%D9%84%D9%81%D9%88%D9%84%D8%A7%D8%B0-%D8%A7%D9%84%D9%85%D9%82%D8%A7%D9%88%D9%85-%D9%84%D9%84%D8%B5%D8%AF%D8%A3-17.jpg&quot;,&quot;width&quot;:1024}\" data-trix-content-type=\"image\"><img decoding=\"async\" class=\"aligncenter\" src=\"https:\/\/sawaqli.fra1.cdn.digitaloceanspaces.com\/5060\/%D8%A7%D9%84%D9%81%D9%88%D9%84%D8%A7%D8%B0-%D8%A7%D9%84%D9%85%D9%82%D8%A7%D9%88%D9%85-%D9%84%D9%84%D8%B5%D8%AF%D8%A3-17.jpg\" width=\"1024\" height=\"1024\" \/><figcaption class=\"attachment__caption\"><\/figcaption><\/figure>\n<figure class=\"attachment attachment--preview\" data-trix-attachment=\"{&quot;contentType&quot;:&quot;image&quot;,&quot;height&quot;:1024,&quot;url&quot;:&quot;https:\/\/sawaqli.fra1.cdn.digitaloceanspaces.com\/5061\/ca1040d383dd7cfcf698c61245519281.jpg&quot;,&quot;width&quot;:1024}\" data-trix-content-type=\"image\"><img decoding=\"async\" class=\"aligncenter\" src=\"https:\/\/sawaqli.fra1.cdn.digitaloceanspaces.com\/5061\/ca1040d383dd7cfcf698c61245519281.jpg\" width=\"1024\" height=\"1024\" \/><figcaption class=\"attachment__caption\"><\/figcaption><\/figure>\n<figure class=\"attachment attachment--preview\" data-trix-attachment=\"{&quot;contentType&quot;:&quot;image&quot;,&quot;height&quot;:1024,&quot;url&quot;:&quot;https:\/\/sawaqli.fra1.cdn.digitaloceanspaces.com\/5062\/51doZAgNV8L._AC_SY679_.jpg&quot;,&quot;width&quot;:1024}\" data-trix-content-type=\"image\"><img decoding=\"async\" class=\"aligncenter\" src=\"https:\/\/sawaqli.fra1.cdn.digitaloceanspaces.com\/5062\/51doZAgNV8L._AC_SY679_.jpg\" width=\"1024\" height=\"1024\" \/><figcaption class=\"attachment__caption\"><\/figcaption><\/figure>\n<figure class=\"attachment attachment--preview\" data-trix-attachment=\"{&quot;contentType&quot;:&quot;image&quot;,&quot;height&quot;:1024,&quot;url&quot;:&quot;https:\/\/sawaqli.fra1.cdn.digitaloceanspaces.com\/5063\/WhatsApp-Image-2022-05-22-at-16.38.39-1.jpeg&quot;,&quot;width&quot;:1024}\" data-trix-content-type=\"image\"><img decoding=\"async\" class=\"aligncenter\" src=\"https:\/\/sawaqli.fra1.cdn.digitaloceanspaces.com\/5063\/WhatsApp-Image-2022-05-22-at-16.38.39-1.jpeg\" width=\"1024\" height=\"1024\" \/><figcaption class=\"attachment__caption\"><\/figcaption><\/figure>\n<p style=\"text-align: center;\">","protected":false},"excerpt":{"rendered":"<p>\u0627\u0633\u0645 \u0627\u0644\u0645\u0646\u062a\u062c: \u062e\u0641\u0651\u0627\u0642 \u0628\u064a\u0636 \u0643\u0647\u0631\u0628\u0627\u0626\u064a \u0627\u0644\u0645\u0627\u062f\u0629: PP + \u0633\u062a\u0627\u0646\u0644\u0633 \u0633\u062a\u064a\u0644 \u0646\u0648\u0639 \u0627\u0644\u0628\u0637\u0627\u0631\u064a\u0629: 2 \u0628\u0637\u0627\u0631\u064a\u0627\u062a AA (\u063a\u064a\u0631 \u0645\u0634\u0645\u0648\u0644\u0629) \u0627\u0644\u0645\u0645\u064a\u0632\u0627\u062a: \u0643\u0647\u0631\u0628\u0627\u0626\u064a \u2013 \u0633\u0647\u0644 \u0627\u0644\u0627\u0633\u062a\u062e\u062f\u0627\u0645 \u2013 \u0645\u062a\u064a\u0646 \u0627\u0644\u062d\u062c\u0645: 21 \u00d7 5 \u00d7 4.5 \u0633\u0645<\/p>","protected":false},"featured_media":63202,"comment_status":"open","ping_status":"closed","template":"","meta":[],"product_brand":[],"product_cat":[2456],"product_tag":[],"class_list":{"0":"post-63203","1":"product","2":"type-product","3":"status-publish","4":"has-post-thumbnail","6":"product_cat-cuisine","8":"first","9":"instock","10":"taxable","11":"shipping-taxable","12":"purchasable","13":"product-type-simple"},"jetpack_sharing_enabled":true,"_links":{"self":[{"href":"https:\/\/shoponlinedz.com\/en\/wp-json\/wp\/v2\/product\/63203","targetHints":{"allow":["GET"]}}],"collection":[{"href":"https:\/\/shoponlinedz.com\/en\/wp-json\/wp\/v2\/product"}],"about":[{"href":"https:\/\/shoponlinedz.com\/en\/wp-json\/wp\/v2\/types\/product"}],"replies":[{"embeddable":true,"href":"https:\/\/shoponlinedz.com\/en\/wp-json\/wp\/v2\/comments?post=63203"}],"version-history":[{"count":0,"href":"https:\/\/shoponlinedz.com\/en\/wp-json\/wp\/v2\/product\/63203\/revisions"}],"wp:featuredmedia":[{"embeddable":true,"href":"https:\/\/shoponlinedz.com\/en\/wp-json\/wp\/v2\/media\/63202"}],"wp:attachment":[{"href":"https:\/\/shoponlinedz.com\/en\/wp-json\/wp\/v2\/media?parent=63203"}],"wp:term":[{"taxonomy":"product_brand","embeddable":true,"href":"https:\/\/shoponlinedz.com\/en\/wp-json\/wp\/v2\/product_brand?post=63203"},{"taxonomy":"product_cat","embeddable":true,"href":"https:\/\/shoponlinedz.com\/en\/wp-json\/wp\/v2\/product_cat?post=63203"},{"taxonomy":"product_tag","embeddable":true,"href":"https:\/\/shoponlinedz.com\/en\/wp-json\/wp\/v2\/product_tag?post=63203"}],"curies":[{"name":"wp","href":"https:\/\/api.w.org\/{rel}","templated":true}]}}