{"id":63158,"date":"2026-01-06T19:27:04","date_gmt":"2026-01-06T19:27:04","guid":{"rendered":"https:\/\/shoponlinedz.com\/product\/%d8%ac%d9%87%d8%a7%d8%b2-%d8%aa%d8%b3%d8%a8%d9%8a%d8%ad-%d8%b1%d9%82%d9%85%d9%8a-%d9%85%d8%ad%d9%85%d9%88%d9%84%d8%8c-%d8%b3%d8%a8%d8%ad%d8%a9-%d8%b5%d9%84%d8%a7%d8%a9-%d9%85%d8%b9-%d8%b9%d8%af%d8%a7\/"},"modified":"2026-02-16T16:02:23","modified_gmt":"2026-02-16T15:02:23","slug":"%d8%ac%d9%87%d8%a7%d8%b2-%d8%aa%d8%b3%d8%a8%d9%8a%d8%ad-%d8%b1%d9%82%d9%85%d9%8a-%d9%85%d8%ad%d9%85%d9%88%d9%84%d8%8c-%d8%b3%d8%a8%d8%ad%d8%a9-%d8%b5%d9%84%d8%a7%d8%a9-%d9%85%d8%b9-%d8%b9%d8%af%d8%a7","status":"publish","type":"product","link":"https:\/\/shoponlinedz.com\/en\/product\/%d8%ac%d9%87%d8%a7%d8%b2-%d8%aa%d8%b3%d8%a8%d9%8a%d8%ad-%d8%b1%d9%82%d9%85%d9%8a-%d9%85%d8%ad%d9%85%d9%88%d9%84%d8%8c-%d8%b3%d8%a8%d8%ad%d8%a9-%d8%b5%d9%84%d8%a7%d8%a9-%d9%85%d8%b9-%d8%b9%d8%af%d8%a7\/","title":{"rendered":"\u062c\u0647\u0627\u0632 \u062a\u0633\u0628\u064a\u062d \u0631\u0642\u0645\u064a \u0645\u062d\u0645\u0648\u0644\u060c \u0633\u0628\u062d\u0629 \u0635\u0644\u0627\u0629 \u0645\u0639 \u0639\u062f\u0627\u062f \u0631\u0642\u0645\u064a \u0648\u0628\u0648\u0635\u0644\u0629"},"content":{"rendered":"<figure class=\"attachment attachment--preview\" data-trix-attachment=\"{&quot;contentType&quot;:&quot;image&quot;,&quot;height&quot;:1024,&quot;url&quot;:&quot;https:\/\/sawaqli.fra1.cdn.digitaloceanspaces.com\/5128\/38-cm-2-2.jpg&quot;,&quot;width&quot;:1024}\" data-trix-content-type=\"image\"><img decoding=\"async\" class=\"aligncenter\" src=\"https:\/\/sawaqli.fra1.cdn.digitaloceanspaces.com\/5128\/38-cm-2-2.jpg\" width=\"1024\" height=\"1024\" \/><figcaption class=\"attachment__caption\"><\/figcaption><\/figure>\n<figure class=\"attachment attachment--preview\" data-trix-attachment=\"{&quot;contentType&quot;:&quot;image&quot;,&quot;height&quot;:1024,&quot;url&quot;:&quot;https:\/\/sawaqli.fra1.cdn.digitaloceanspaces.com\/5129\/41jtktW20L.jpg&quot;,&quot;width&quot;:1024}\" data-trix-content-type=\"image\"><img decoding=\"async\" class=\"aligncenter\" src=\"https:\/\/sawaqli.fra1.cdn.digitaloceanspaces.com\/5129\/41jtktW20L.jpg\" width=\"1024\" height=\"1024\" \/><figcaption class=\"attachment__caption\"><\/figcaption><\/figure>\n<figure class=\"attachment attachment--preview\" data-trix-attachment=\"{&quot;contentType&quot;:&quot;image&quot;,&quot;height&quot;:1024,&quot;url&quot;:&quot;https:\/\/sawaqli.fra1.cdn.digitaloceanspaces.com\/5130\/61w9uTLd53L._SL1500_.jpg&quot;,&quot;width&quot;:1024}\" data-trix-content-type=\"image\"><img decoding=\"async\" class=\"aligncenter\" src=\"https:\/\/sawaqli.fra1.cdn.digitaloceanspaces.com\/5130\/61w9uTLd53L._SL1500_.jpg\" width=\"1024\" height=\"1024\" \/><figcaption class=\"attachment__caption\"><\/figcaption><\/figure>\n<figure class=\"attachment attachment--preview\" data-trix-attachment=\"{&quot;contentType&quot;:&quot;image&quot;,&quot;height&quot;:1024,&quot;url&quot;:&quot;https:\/\/sawaqli.fra1.cdn.digitaloceanspaces.com\/5131\/71aWNDvWdzL._SL1500_.jpg&quot;,&quot;width&quot;:1024}\" data-trix-content-type=\"image\"><img decoding=\"async\" class=\"aligncenter\" src=\"https:\/\/sawaqli.fra1.cdn.digitaloceanspaces.com\/5131\/71aWNDvWdzL._SL1500_.jpg\" width=\"1024\" height=\"1024\" \/><figcaption class=\"attachment__caption\"><\/figcaption><\/figure>\n<figure class=\"attachment attachment--preview\" data-trix-attachment=\"{&quot;contentType&quot;:&quot;image&quot;,&quot;height&quot;:1024,&quot;url&quot;:&quot;https:\/\/sawaqli.fra1.cdn.digitaloceanspaces.com\/5132\/c832910f8464ebfd7989f4256b90441a.jpg&quot;,&quot;width&quot;:1024}\" data-trix-content-type=\"image\"><img decoding=\"async\" class=\"aligncenter\" src=\"https:\/\/sawaqli.fra1.cdn.digitaloceanspaces.com\/5132\/c832910f8464ebfd7989f4256b90441a.jpg\" width=\"1024\" height=\"1024\" \/><figcaption class=\"attachment__caption\"><\/figcaption><\/figure>\n<p style=\"text-align: center;\">","protected":false},"excerpt":{"rendered":"<p>\u0627\u0644\u0645\u0648\u0627\u0635\u0641\u0627\u062a:\u062a\u0635\u0645\u064a\u0645 \u0635\u063a\u064a\u0631 \u0648\u0645\u0636\u063a\u0648\u0637\u060c \u0634\u0627\u0634\u0629 LCD \u0628\u062e\u0645\u0633\u0629 \u0623\u0631\u0642\u0627\u0645.\u0625\u064a\u0642\u0627\u0641 \u062a\u0634\u063a\u064a\u0644 \u062a\u0644\u0642\u0627\u0626\u064a \u0644\u062a\u0648\u0641\u064a\u0631 \u0627\u0644\u0637\u0627\u0642\u0629 \u062f\u0648\u0646 \u0645\u0633\u062d \u0627\u0644\u0628\u064a\u0627\u0646\u0627\u062a.\u0634\u0643\u0644 \u062f\u0627\u0626\u0631\u064a \u0642\u0627\u0628\u0644 \u0644\u0644\u062a\u0639\u062f\u064a\u0644\u060c \u0639\u062f\u0651 \u062f\u0642\u064a\u0642 \u0648\u0644\u0645\u0633\u0629 \u0645\u0631\u064a\u062d\u0629 \u062c\u062f\u0627\u064b.\u0639\u0645\u0644\u064a \u0648\u0645\u0646\u0627\u0633\u0628 \u0644\u062c\u0645\u064a\u0639 \u0623\u0645\u0627\u0643\u0646 \u0627\u0644\u062d\u064a\u0627\u0629.\u0627\u0644\u0645\u0627\u062f\u0629: \u0628\u0644\u0627\u0633\u062a\u064a\u0643\u0627\u0644\u0637\u0627\u0642\u0629: \u0628\u0637\u0627\u0631\u064a\u0629 \u0632\u0631 (\u0645\u0631\u0641\u0642\u0629)\u0627\u0644\u0623\u0644\u0648\u0627\u0646 \u0627\u0644\u0645\u062a\u0627\u062d\u0629: \u062e\u0634\u0628 \u0627\u0644\u0635\u0646\u062f\u0644\u060c \u0627\u0644\u0645\u0627\u0647\u0648\u063a\u0627\u0646\u064a\u060c \u0623\u0633\u0648\u062f\u060c \u0628\u0646\u064a \u0642\u0647\u0648\u0629\u060c \u0623\u0628\u064a\u0636\u0627\u0644\u062d\u062c\u0645: \u062a\u0642\u0631\u064a\u0628\u0627\u064b 112 \u00d7 47 \u0645\u0644\u0645 Le chapelet \u00e9lectronique musulman, un compteur de doigt \u00e0 la pointe de la technologie, tr\u00e8s l\u00e9ger pour transporter et facile au maintien, dot\u00e9 de deux boutons, un pour incr\u00e9menter le compteur et le deuxi\u00e8me pour la remise \u00e0 z\u00e9ro. Le compteur peut atteindre la valeur de 99 999. il est disponible en plusieurs coloris.Perles de chapelet \u00e9lectronique num\u00e9rique LCD Grain de bois compteur de comptage avec boussole Portable gland de poche jeu de doigt outil de Relaxation de d\u00e9compression pour la m\u00e9ditation de pri\u00e8re musulmane Caract\u00e9ristique: 1. Conception petite et compacte, \u00e9cran LCD \u00e0 5 chiffres. 2. \u00c9teignez automatiquement l&#8217;alimentation (\u00e9conomie d&#8217;\u00e9nergie) sans effacer les donn\u00e9es. 3. Forme ronde r\u00e9glable, nombre de roulement, comptage pr\u00e9cis, sensation tactile tr\u00e8s confortable. 4. Pratique et commode, convenable \u00e0 tous les lieux de la vie.Livr\u00e9 avec une boussole. Avec lumi\u00e8res LED, affichage r\u00e9tro\u00e9clair\u00e9. Il y a un trou de rangement \u00e0 l&#8217;arri\u00e8re pour ranger les puces d&#8217;encens. Fonction\/objectif: pri\u00e8re musulmane, relaxation et r\u00e9duction du stress, mouvement des doigts, comptage de r\u00e9citation,<\/p>","protected":false},"featured_media":63157,"comment_status":"open","ping_status":"closed","template":"","meta":[],"product_brand":[],"product_cat":[2461],"product_tag":[],"class_list":{"0":"post-63158","1":"product","2":"type-product","3":"status-publish","4":"has-post-thumbnail","6":"product_cat-divers","8":"first","9":"instock","10":"taxable","11":"shipping-taxable","12":"purchasable","13":"product-type-simple"},"jetpack_sharing_enabled":true,"_links":{"self":[{"href":"https:\/\/shoponlinedz.com\/en\/wp-json\/wp\/v2\/product\/63158","targetHints":{"allow":["GET"]}}],"collection":[{"href":"https:\/\/shoponlinedz.com\/en\/wp-json\/wp\/v2\/product"}],"about":[{"href":"https:\/\/shoponlinedz.com\/en\/wp-json\/wp\/v2\/types\/product"}],"replies":[{"embeddable":true,"href":"https:\/\/shoponlinedz.com\/en\/wp-json\/wp\/v2\/comments?post=63158"}],"version-history":[{"count":0,"href":"https:\/\/shoponlinedz.com\/en\/wp-json\/wp\/v2\/product\/63158\/revisions"}],"wp:featuredmedia":[{"embeddable":true,"href":"https:\/\/shoponlinedz.com\/en\/wp-json\/wp\/v2\/media\/63157"}],"wp:attachment":[{"href":"https:\/\/shoponlinedz.com\/en\/wp-json\/wp\/v2\/media?parent=63158"}],"wp:term":[{"taxonomy":"product_brand","embeddable":true,"href":"https:\/\/shoponlinedz.com\/en\/wp-json\/wp\/v2\/product_brand?post=63158"},{"taxonomy":"product_cat","embeddable":true,"href":"https:\/\/shoponlinedz.com\/en\/wp-json\/wp\/v2\/product_cat?post=63158"},{"taxonomy":"product_tag","embeddable":true,"href":"https:\/\/shoponlinedz.com\/en\/wp-json\/wp\/v2\/product_tag?post=63158"}],"curies":[{"name":"wp","href":"https:\/\/api.w.org\/{rel}","templated":true}]}}