{"id":63081,"date":"2026-01-06T19:23:43","date_gmt":"2026-01-06T19:23:43","guid":{"rendered":"https:\/\/shoponlinedz.com\/product\/horloge-numerique-de-projection-lcd-a-led-alarme-vocale-fonction-snooze-thermometre\/"},"modified":"2026-02-16T16:02:24","modified_gmt":"2026-02-16T15:02:24","slug":"horloge-numerique-de-projection-lcd-a-led-alarme-vocale-fonction-snooze-thermometre","status":"publish","type":"product","link":"https:\/\/shoponlinedz.com\/en\/product\/horloge-numerique-de-projection-lcd-a-led-alarme-vocale-fonction-snooze-thermometre\/","title":{"rendered":"Horloge num\u00e9rique de Projection LCD \u00e0 LED, alarme vocale, fonction Snooze, thermom\u00e8tre"},"content":{"rendered":"<figure class=\"attachment attachment--preview\" data-trix-attachment=\"{&quot;contentType&quot;:&quot;image&quot;,&quot;height&quot;:1024,&quot;url&quot;:&quot;https:\/\/sawaqli.fra1.cdn.digitaloceanspaces.com\/23997\/Horloge-PM-CNC.jpg&quot;,&quot;width&quot;:1024}\" data-trix-content-type=\"image\"><img decoding=\"async\" class=\"aligncenter\" src=\"https:\/\/sawaqli.fra1.cdn.digitaloceanspaces.com\/23997\/Horloge-PM-CNC.jpg\" width=\"1024\" height=\"1024\" \/><figcaption class=\"attachment__caption\"><\/figcaption><\/figure>\n<figure class=\"attachment attachment--preview\" data-trix-attachment=\"{&quot;contentType&quot;:&quot;image&quot;,&quot;height&quot;:1024,&quot;url&quot;:&quot;https:\/\/sawaqli.fra1.cdn.digitaloceanspaces.com\/5354\/0-3.jpg&quot;,&quot;width&quot;:1024}\" data-trix-content-type=\"image\"><img decoding=\"async\" class=\"aligncenter\" src=\"https:\/\/sawaqli.fra1.cdn.digitaloceanspaces.com\/5354\/0-3.jpg\" width=\"1024\" height=\"1024\" \/><figcaption class=\"attachment__caption\"><\/figcaption><\/figure>\n<figure class=\"attachment attachment--preview\" data-trix-attachment=\"{&quot;contentType&quot;:&quot;image&quot;,&quot;height&quot;:1024,&quot;url&quot;:&quot;https:\/\/sawaqli.fra1.cdn.digitaloceanspaces.com\/5355\/6-1.jpg&quot;,&quot;width&quot;:1024}\" data-trix-content-type=\"image\"><img decoding=\"async\" class=\"aligncenter\" src=\"https:\/\/sawaqli.fra1.cdn.digitaloceanspaces.com\/5355\/6-1.jpg\" width=\"1024\" height=\"1024\" \/><figcaption class=\"attachment__caption\"><\/figcaption><\/figure>\n<figure class=\"attachment attachment--preview\" data-trix-attachment=\"{&quot;contentType&quot;:&quot;image&quot;,&quot;height&quot;:1024,&quot;url&quot;:&quot;https:\/\/sawaqli.fra1.cdn.digitaloceanspaces.com\/5356\/2-1.jpg&quot;,&quot;width&quot;:1024}\" data-trix-content-type=\"image\"><img decoding=\"async\" class=\"aligncenter\" src=\"https:\/\/sawaqli.fra1.cdn.digitaloceanspaces.com\/5356\/2-1.jpg\" width=\"1024\" height=\"1024\" \/><figcaption class=\"attachment__caption\"><\/figcaption><\/figure>\n<figure class=\"attachment attachment--preview\" data-trix-attachment=\"{&quot;contentType&quot;:&quot;image&quot;,&quot;height&quot;:1024,&quot;url&quot;:&quot;https:\/\/sawaqli.fra1.cdn.digitaloceanspaces.com\/5357\/4-2.jpg&quot;,&quot;width&quot;:1024}\" data-trix-content-type=\"image\"><img decoding=\"async\" class=\"aligncenter\" src=\"https:\/\/sawaqli.fra1.cdn.digitaloceanspaces.com\/5357\/4-2.jpg\" width=\"1024\" height=\"1024\" \/><figcaption class=\"attachment__caption\"><\/figcaption><\/figure>\n<p style=\"text-align: center;\">","protected":false},"excerpt":{"rendered":"<p>\u0633\u0627\u0639\u0629 \u0645\u0646\u0628\u0647\u0629 \u0631\u0642\u0645\u064a\u0629 \u0645\u0639 \u0639\u0631\u0636 \u0627\u0644\u0648\u0642\u062a \u0628\u0627\u0644\u0635\u0648\u062a \u0648\u0627\u0644\u0625\u0633\u0642\u0627\u0637 \u0627\u0644\u0636\u0648\u0626\u064a\u062f\u0639\u0648\u0629 \u0635\u0648\u062a\u064a\u0629 + \u0625\u0633\u0642\u0627\u0637 \u0627\u0644\u0648\u0642\u062a: \u0628\u0644\u0645\u0633\u0629 \u0632\u0631 \u064a\u064f\u0638\u0647\u0631 \u0627\u0644\u0648\u0642\u062a \u0639\u0644\u0649 \u0623\u064a \u0633\u0637\u062d \u0644\u0645\u062f\u0629 10 \u062b\u0648\u0627\u0646\u064d.\u0625\u0639\u062f\u0627\u062f\u0627\u062a \u0645\u062a\u0639\u062f\u062f\u0629: \u062a\u0639\u062f\u064a\u0644 \u0627\u0644\u0633\u0627\u0639\u0629\u060c \u0627\u0644\u0645\u0646\u0628\u0647\u060c \u0627\u0644\u062a\u0646\u0628\u064a\u0647 \u0627\u0644\u0635\u0648\u062a\u064a\u060c \u062a\u0628\u062f\u064a\u0644 \u0646\u0638\u0627\u0645 12\/24 \u0633\u0627\u0639\u0629\u060c \u0648\u0627\u062e\u062a\u064a\u0627\u0631 \u2103\/\u2109.\u0634\u0627\u0634\u0629 LCD \u0643\u0628\u064a\u0631\u0629 52 \u0645\u0645: \u0644\u0639\u0631\u0636 \u0627\u0644\u0648\u0642\u062a\u060c \u0627\u0644\u062d\u0631\u0627\u0631\u0629\u060c \u0648\u0623\u064a\u0642\u0648\u0646\u0627\u062a \u0627\u0644\u0645\u0646\u0628\u0647 \u0628\u0648\u0636\u0648\u062d.\u062a\u0635\u0645\u064a\u0645 \u0639\u0635\u0631\u064a: \u0623\u0632\u0631\u0627\u0631 \u0645\u062e\u0641\u064a\u0629\u060c \u062d\u062c\u0645 \u0635\u063a\u064a\u0631 \u0648\u062e\u0641\u064a\u0641 \u0645\u062b\u0627\u0644\u064a \u0644\u0644\u0633\u0641\u0631. \u0627\u0644\u0645\u0648\u0627\u0635\u0641\u0627\u062a: \u062a\u0639\u0645\u0644 \u0628\u0640 3 \u0628\u0637\u0627\u0631\u064a\u0627\u062a AAA (\u063a\u064a\u0631 \u0645\u0631\u0641\u0642\u0629) \u2013 \u0645\u0627\u062f\u0629 \u0628\u0644\u0627\u0633\u062a\u064a\u0643 \u2013 \u0627\u0644\u0644\u0648\u0646: \u0623\u0633\u0648\u062f \u0623\u0648 \u0623\u0628\u064a\u0636 \u2013 \u0627\u0644\u062d\u062c\u0645: 78\u00d797 \u0645\u0645. \u0627\u0644\u0645\u062d\u062a\u0648\u064a\u0627\u062a: \u0633\u0627\u0639\u0629 \u0645\u0646\u0628\u0647 + \u0643\u062a\u064a\u0628 \u0625\u0631\u0634\u0627\u062f\u0627\u062a.<\/p>","protected":false},"featured_media":63080,"comment_status":"open","ping_status":"closed","template":"","meta":[],"product_brand":[],"product_cat":[2463],"product_tag":[],"class_list":{"0":"post-63081","1":"product","2":"type-product","3":"status-publish","4":"has-post-thumbnail","6":"product_cat-electronique","8":"first","9":"instock","10":"taxable","11":"shipping-taxable","12":"purchasable","13":"product-type-simple"},"jetpack_sharing_enabled":true,"_links":{"self":[{"href":"https:\/\/shoponlinedz.com\/en\/wp-json\/wp\/v2\/product\/63081","targetHints":{"allow":["GET"]}}],"collection":[{"href":"https:\/\/shoponlinedz.com\/en\/wp-json\/wp\/v2\/product"}],"about":[{"href":"https:\/\/shoponlinedz.com\/en\/wp-json\/wp\/v2\/types\/product"}],"replies":[{"embeddable":true,"href":"https:\/\/shoponlinedz.com\/en\/wp-json\/wp\/v2\/comments?post=63081"}],"version-history":[{"count":0,"href":"https:\/\/shoponlinedz.com\/en\/wp-json\/wp\/v2\/product\/63081\/revisions"}],"wp:featuredmedia":[{"embeddable":true,"href":"https:\/\/shoponlinedz.com\/en\/wp-json\/wp\/v2\/media\/63080"}],"wp:attachment":[{"href":"https:\/\/shoponlinedz.com\/en\/wp-json\/wp\/v2\/media?parent=63081"}],"wp:term":[{"taxonomy":"product_brand","embeddable":true,"href":"https:\/\/shoponlinedz.com\/en\/wp-json\/wp\/v2\/product_brand?post=63081"},{"taxonomy":"product_cat","embeddable":true,"href":"https:\/\/shoponlinedz.com\/en\/wp-json\/wp\/v2\/product_cat?post=63081"},{"taxonomy":"product_tag","embeddable":true,"href":"https:\/\/shoponlinedz.com\/en\/wp-json\/wp\/v2\/product_tag?post=63081"}],"curies":[{"name":"wp","href":"https:\/\/api.w.org\/{rel}","templated":true}]}}