{"id":63048,"date":"2026-01-06T19:22:07","date_gmt":"2026-01-06T19:22:07","guid":{"rendered":"https:\/\/shoponlinedz.com\/product\/projecteur-mural-a-energie-solaire-en-forme-de-camera-avec-detecteur-de-mouvement-et-detecteur-jour-nuit\/"},"modified":"2026-02-16T16:02:25","modified_gmt":"2026-02-16T15:02:25","slug":"projecteur-mural-a-energie-solaire-en-forme-de-camera-avec-detecteur-de-mouvement-et-detecteur-jour-nuit","status":"publish","type":"product","link":"https:\/\/shoponlinedz.com\/en\/product\/projecteur-mural-a-energie-solaire-en-forme-de-camera-avec-detecteur-de-mouvement-et-detecteur-jour-nuit\/","title":{"rendered":"Projecteur mural \u00e0 energie solaire en forme de camera Avec D\u00e9tecteur De Mouvement et d\u00e9tecteur jour\/nuit"},"content":{"rendered":"<figure class=\"attachment attachment--preview\" data-trix-attachment=\"{&quot;contentType&quot;:&quot;image&quot;,&quot;height&quot;:1024,&quot;url&quot;:&quot;https:\/\/sawaqli.fra1.cdn.digitaloceanspaces.com\/5441\/4528915348_2.jpg&quot;,&quot;width&quot;:1024}\" data-trix-content-type=\"image\"><img decoding=\"async\" class=\"aligncenter\" src=\"https:\/\/sawaqli.fra1.cdn.digitaloceanspaces.com\/5441\/4528915348_2.jpg\" width=\"1024\" height=\"1024\" \/><figcaption class=\"attachment__caption\"><\/figcaption><\/figure>\n<figure class=\"attachment attachment--preview\" data-trix-attachment=\"{&quot;contentType&quot;:&quot;image&quot;,&quot;height&quot;:1024,&quot;url&quot;:&quot;https:\/\/sawaqli.fra1.cdn.digitaloceanspaces.com\/5442\/WhatsApp-Image-2022-09-28-at-4.51.17-PM-1.jpeg&quot;,&quot;width&quot;:1024}\" data-trix-content-type=\"image\"><img decoding=\"async\" class=\"aligncenter\" src=\"https:\/\/sawaqli.fra1.cdn.digitaloceanspaces.com\/5442\/WhatsApp-Image-2022-09-28-at-4.51.17-PM-1.jpeg\" width=\"1024\" height=\"1024\" \/><figcaption class=\"attachment__caption\"><\/figcaption><\/figure>\n<figure class=\"attachment attachment--preview\" data-trix-attachment=\"{&quot;contentType&quot;:&quot;image&quot;,&quot;height&quot;:1024,&quot;url&quot;:&quot;https:\/\/sawaqli.fra1.cdn.digitaloceanspaces.com\/5443\/WhatsApp-Image-2022-09-28-at-4.56.58-PM-1.jpeg&quot;,&quot;width&quot;:1024}\" data-trix-content-type=\"image\"><img decoding=\"async\" class=\"aligncenter\" src=\"https:\/\/sawaqli.fra1.cdn.digitaloceanspaces.com\/5443\/WhatsApp-Image-2022-09-28-at-4.56.58-PM-1.jpeg\" width=\"1024\" height=\"1024\" \/><figcaption class=\"attachment__caption\"><\/figcaption><\/figure>\n<figure class=\"attachment attachment--preview\" data-trix-attachment=\"{&quot;contentType&quot;:&quot;image&quot;,&quot;height&quot;:1024,&quot;url&quot;:&quot;https:\/\/sawaqli.fra1.cdn.digitaloceanspaces.com\/5444\/WhatsApp-Image-2022-09-28-at-4.51.17-PM-4.jpeg&quot;,&quot;width&quot;:1024}\" data-trix-content-type=\"image\"><img decoding=\"async\" class=\"aligncenter\" src=\"https:\/\/sawaqli.fra1.cdn.digitaloceanspaces.com\/5444\/WhatsApp-Image-2022-09-28-at-4.51.17-PM-4.jpeg\" width=\"1024\" height=\"1024\" \/><figcaption class=\"attachment__caption\"><\/figcaption><\/figure>\n<figure class=\"attachment attachment--preview\" data-trix-attachment=\"{&quot;contentType&quot;:&quot;image&quot;,&quot;height&quot;:1024,&quot;url&quot;:&quot;https:\/\/sawaqli.fra1.cdn.digitaloceanspaces.com\/5445\/WhatsApp-Image-2022-09-28-at-4.56.58-PM-3.jpeg&quot;,&quot;width&quot;:1024}\" data-trix-content-type=\"image\"><img decoding=\"async\" class=\"aligncenter\" src=\"https:\/\/sawaqli.fra1.cdn.digitaloceanspaces.com\/5445\/WhatsApp-Image-2022-09-28-at-4.56.58-PM-3.jpeg\" width=\"1024\" height=\"1024\" \/><figcaption class=\"attachment__caption\"><\/figcaption><\/figure>\n<p style=\"text-align: center;\">","protected":false},"excerpt":{"rendered":"<p>\u0645\u0635\u0628\u0627\u062d \u0634\u0645\u0633\u064a \u0630\u0643\u064a \u0645\u0636\u0627\u062f \u0644\u0644\u0633\u0631\u0642\u0629 \u2013 \u0628\u062a\u0642\u0646\u064a\u0629 LED\u0645\u0632\u0648\u0651\u062f \u0628\u0644\u0648\u062d \u0634\u0645\u0633\u064a \u0642\u0648\u064a 5.5V\/300mA \u0648\u0628\u0637\u0627\u0631\u064a\u0629 \u0644\u064a\u062b\u064a\u0648\u0645 1800mAh \u0644\u0625\u0636\u0627\u0621\u0629 \u062a\u062f\u0648\u0645 8-10 \u0633\u0627\u0639\u0627\u062a.\u0625\u0636\u0627\u0621\u0629 \u0642\u0648\u064a\u0629 360\u00b0 \u0628\u062f\u0648\u0646 \u0632\u0648\u0627\u064a\u0627 \u0645\u064a\u062a\u0629 \u0645\u0639 \u062d\u0645\u0627\u064a\u0629 \u0636\u062f \u0627\u0644\u0645\u0627\u0621 \u0628\u0645\u0639\u064a\u0627\u0631 IP65.\u0645\u062d\u0627\u0643\u0627\u0629 \u0636\u0648\u0621 \u062a\u062d\u0630\u064a\u0631\u064a \u0644\u064a\u0644\u064a \u0623\u062d\u0645\u0631 \u0648\u0627\u0645\u0636 \u0644\u0631\u062f\u0639 \u0627\u0644\u0644\u0635\u0648\u0635 \u0628\u062a\u0643\u0644\u0641\u0629 \u0645\u0646\u062e\u0641\u0636\u0629.\u0625\u0636\u0627\u0621\u0629 \u062a\u0644\u0642\u0627\u0626\u064a\u0629 \u0639\u0646\u062f \u062d\u0644\u0648\u0644 \u0627\u0644\u0644\u064a\u0644 \u0628\u0646\u0641\u0633 \u0642\u0648\u0629 \u0623\u0639\u0645\u062f\u0629 \u0627\u0644\u0625\u0646\u0627\u0631\u0629.\u062a\u0635\u0645\u064a\u0645 \u0645\u062f\u0645\u062c \u0648\u0643\u0641\u0627\u0621\u0629 \u0639\u0627\u0644\u064a\u0629 \u0645\u0639 \u0633\u0631\u0639\u0629 \u0634\u062d\u0646 \u0623\u0643\u0628\u0631 \u0628\u0641\u0636\u0644 \u0627\u0644\u0644\u0648\u062d \u0627\u0644\u0634\u0645\u0633\u064a \u0627\u0644\u0645\u0637\u0648\u0651\u0631.\u0645\u0635\u0646\u0648\u0639 \u0645\u0646 \u0645\u0648\u0627\u062f ABS + PC \u0645\u0642\u0627\u0648\u0645\u0629 \u0644\u0644\u0639\u0648\u0627\u0645\u0644 \u0627\u0644\u062e\u0627\u0631\u062c\u064a\u0629.<\/p>","protected":false},"featured_media":63047,"comment_status":"open","ping_status":"closed","template":"","meta":[],"product_brand":[],"product_cat":[2463],"product_tag":[],"class_list":{"0":"post-63048","1":"product","2":"type-product","3":"status-publish","4":"has-post-thumbnail","6":"product_cat-electronique","8":"first","9":"instock","10":"taxable","11":"shipping-taxable","12":"purchasable","13":"product-type-simple"},"jetpack_sharing_enabled":true,"_links":{"self":[{"href":"https:\/\/shoponlinedz.com\/en\/wp-json\/wp\/v2\/product\/63048","targetHints":{"allow":["GET"]}}],"collection":[{"href":"https:\/\/shoponlinedz.com\/en\/wp-json\/wp\/v2\/product"}],"about":[{"href":"https:\/\/shoponlinedz.com\/en\/wp-json\/wp\/v2\/types\/product"}],"replies":[{"embeddable":true,"href":"https:\/\/shoponlinedz.com\/en\/wp-json\/wp\/v2\/comments?post=63048"}],"version-history":[{"count":0,"href":"https:\/\/shoponlinedz.com\/en\/wp-json\/wp\/v2\/product\/63048\/revisions"}],"wp:featuredmedia":[{"embeddable":true,"href":"https:\/\/shoponlinedz.com\/en\/wp-json\/wp\/v2\/media\/63047"}],"wp:attachment":[{"href":"https:\/\/shoponlinedz.com\/en\/wp-json\/wp\/v2\/media?parent=63048"}],"wp:term":[{"taxonomy":"product_brand","embeddable":true,"href":"https:\/\/shoponlinedz.com\/en\/wp-json\/wp\/v2\/product_brand?post=63048"},{"taxonomy":"product_cat","embeddable":true,"href":"https:\/\/shoponlinedz.com\/en\/wp-json\/wp\/v2\/product_cat?post=63048"},{"taxonomy":"product_tag","embeddable":true,"href":"https:\/\/shoponlinedz.com\/en\/wp-json\/wp\/v2\/product_tag?post=63048"}],"curies":[{"name":"wp","href":"https:\/\/api.w.org\/{rel}","templated":true}]}}