{"id":62973,"date":"2026-01-06T19:19:29","date_gmt":"2026-01-06T19:19:29","guid":{"rendered":"https:\/\/shoponlinedz.com\/product\/car-x8-wireless-bluetooth-fm-transmitter-kit-usb-fast-charger-adapter-mp3-player\/"},"modified":"2026-02-16T16:02:26","modified_gmt":"2026-02-16T15:02:26","slug":"car-x8-wireless-bluetooth-fm-transmitter-kit-usb-fast-charger-adapter-mp3-player","status":"publish","type":"product","link":"https:\/\/shoponlinedz.com\/en\/product\/car-x8-wireless-bluetooth-fm-transmitter-kit-usb-fast-charger-adapter-mp3-player\/","title":{"rendered":"Car X8 Wireless Bluetooth FM Transmitter Kit USB Fast Charger Adapter Mp3 Player"},"content":{"rendered":"<figure class=\"attachment attachment--preview\" data-trix-attachment=\"{&quot;contentType&quot;:&quot;image&quot;,&quot;height&quot;:1024,&quot;url&quot;:&quot;https:\/\/sawaqli.fra1.cdn.digitaloceanspaces.com\/5979\/s-l1600.jpg&quot;,&quot;width&quot;:1024}\" data-trix-content-type=\"image\"><img decoding=\"async\" class=\"aligncenter\" src=\"https:\/\/sawaqli.fra1.cdn.digitaloceanspaces.com\/5979\/s-l1600.jpg\" width=\"1024\" height=\"1024\" \/><figcaption class=\"attachment__caption\"><\/figcaption><\/figure>\n<figure class=\"attachment attachment--preview\" data-trix-attachment=\"{&quot;contentType&quot;:&quot;image&quot;,&quot;height&quot;:1024,&quot;url&quot;:&quot;https:\/\/sawaqli.fra1.cdn.digitaloceanspaces.com\/5980\/S62fbba2bd44341eb91aee1f580af07a8v.jpg&quot;,&quot;width&quot;:1024}\" data-trix-content-type=\"image\"><img decoding=\"async\" class=\"aligncenter\" src=\"https:\/\/sawaqli.fra1.cdn.digitaloceanspaces.com\/5980\/S62fbba2bd44341eb91aee1f580af07a8v.jpg\" width=\"1024\" height=\"1024\" \/><figcaption class=\"attachment__caption\"><\/figcaption><\/figure>\n<figure class=\"attachment attachment--preview\" data-trix-attachment=\"{&quot;contentType&quot;:&quot;image&quot;,&quot;height&quot;:1024,&quot;url&quot;:&quot;https:\/\/sawaqli.fra1.cdn.digitaloceanspaces.com\/5981\/S953749f86cbf4e1783fa327cedd94a3fX.jpg&quot;,&quot;width&quot;:1024}\" data-trix-content-type=\"image\"><img decoding=\"async\" class=\"aligncenter\" src=\"https:\/\/sawaqli.fra1.cdn.digitaloceanspaces.com\/5981\/S953749f86cbf4e1783fa327cedd94a3fX.jpg\" width=\"1024\" height=\"1024\" \/><figcaption class=\"attachment__caption\"><\/figcaption><\/figure>\n<figure class=\"attachment attachment--preview\" data-trix-attachment=\"{&quot;contentType&quot;:&quot;image&quot;,&quot;height&quot;:1024,&quot;url&quot;:&quot;https:\/\/sawaqli.fra1.cdn.digitaloceanspaces.com\/5982\/Sb483ea7bae9e4f458d1697504990f30e0.jpg&quot;,&quot;width&quot;:1024}\" data-trix-content-type=\"image\"><img decoding=\"async\" class=\"aligncenter\" src=\"https:\/\/sawaqli.fra1.cdn.digitaloceanspaces.com\/5982\/Sb483ea7bae9e4f458d1697504990f30e0.jpg\" width=\"1024\" height=\"1024\" \/><figcaption class=\"attachment__caption\"><\/figcaption><\/figure>\n<figure class=\"attachment attachment--preview\" data-trix-attachment=\"{&quot;contentType&quot;:&quot;image&quot;,&quot;height&quot;:1024,&quot;url&quot;:&quot;https:\/\/sawaqli.fra1.cdn.digitaloceanspaces.com\/5983\/Scd1568410d95414e8318c0a650a765c5i.jpg&quot;,&quot;width&quot;:1024}\" data-trix-content-type=\"image\"><img decoding=\"async\" class=\"aligncenter\" src=\"https:\/\/sawaqli.fra1.cdn.digitaloceanspaces.com\/5983\/Scd1568410d95414e8318c0a650a765c5i.jpg\" width=\"1024\" height=\"1024\" \/><figcaption class=\"attachment__caption\"><\/figcaption><\/figure>\n<p style=\"text-align: center;\">","protected":false},"excerpt":{"rendered":"<p>Caract\u00e9ristiques:Tout neuf et de haute qualit\u00e9Ce produit adopte la technologie de transmission sans fil pleine fr\u00e9quence FM, prend en charge la lecture compatible Bluetooth et les appels mains libres compatibles Bluetooth.Avertissement de tension de batterie de voiture multifonction dans la voiture MP3 et le chargeur de voiture \u00e0 grande vitesse.Avec USB3.1A USB 1.0A d\u00e9tection de tension de batterie \u00e0 charge rapideL\u2019\u00e9cran LED peut afficher la fr\u00e9quence, le num\u00e9ro de la chanson et les informations d\u2019\u00e9tat de travailSupporte la fonction de m\u00e9moire de mise hors tension et charge le t\u00e9l\u00e9phone en m\u00eame temps-, prend en charge la charge tout en \u00e9coutant des chansonsFonction de r\u00e9duction du bruit, circuit de r\u00e9duction du bruit int\u00e9gr\u00e9, afin que l\u2019appel soit plus clairSp\u00e9cifications:Mod\u00e8le: Transmetteur FM compatible Bluetooth X8 pour voitureTaille du produit: environ 45x73x32mm\/1.77\u00d72.87\u00d71.26inMat\u00e9riel: -ABSTension: 12VType de port de sortie: Double USB 2.0, port TFCourant: chargeur de voiture 3.1A; chargeur de voiture 1.0A lecture USB\u00c9cran du produit: \u00e9cran LEDFonction de modulation de fr\u00e9quence FM: OuiTaille: 1.1 poucesTension d\u2019alimentation \u00e9lectrique: DC12-24VSource sonore: U-disque int\u00e9gr\u00e9 MP3Le forfait comprend:1x \u00c9metteur FM1x Manuel<\/p>","protected":false},"featured_media":62972,"comment_status":"open","ping_status":"closed","template":"","meta":[],"product_brand":[],"product_cat":[2458],"product_tag":[],"class_list":{"0":"post-62973","1":"product","2":"type-product","3":"status-publish","4":"has-post-thumbnail","6":"product_cat-accessoires-auto-moto","8":"first","9":"instock","10":"taxable","11":"shipping-taxable","12":"purchasable","13":"product-type-simple"},"jetpack_sharing_enabled":true,"_links":{"self":[{"href":"https:\/\/shoponlinedz.com\/en\/wp-json\/wp\/v2\/product\/62973","targetHints":{"allow":["GET"]}}],"collection":[{"href":"https:\/\/shoponlinedz.com\/en\/wp-json\/wp\/v2\/product"}],"about":[{"href":"https:\/\/shoponlinedz.com\/en\/wp-json\/wp\/v2\/types\/product"}],"replies":[{"embeddable":true,"href":"https:\/\/shoponlinedz.com\/en\/wp-json\/wp\/v2\/comments?post=62973"}],"version-history":[{"count":0,"href":"https:\/\/shoponlinedz.com\/en\/wp-json\/wp\/v2\/product\/62973\/revisions"}],"wp:featuredmedia":[{"embeddable":true,"href":"https:\/\/shoponlinedz.com\/en\/wp-json\/wp\/v2\/media\/62972"}],"wp:attachment":[{"href":"https:\/\/shoponlinedz.com\/en\/wp-json\/wp\/v2\/media?parent=62973"}],"wp:term":[{"taxonomy":"product_brand","embeddable":true,"href":"https:\/\/shoponlinedz.com\/en\/wp-json\/wp\/v2\/product_brand?post=62973"},{"taxonomy":"product_cat","embeddable":true,"href":"https:\/\/shoponlinedz.com\/en\/wp-json\/wp\/v2\/product_cat?post=62973"},{"taxonomy":"product_tag","embeddable":true,"href":"https:\/\/shoponlinedz.com\/en\/wp-json\/wp\/v2\/product_tag?post=62973"}],"curies":[{"name":"wp","href":"https:\/\/api.w.org\/{rel}","templated":true}]}}