{"id":62782,"date":"2026-01-06T19:11:58","date_gmt":"2026-01-06T19:11:58","guid":{"rendered":"https:\/\/shoponlinedz.com\/product\/boule-murale-en-forme-davocat-et-dherbe-a-chat-jouets-a-lecher-comestibles-friandises-rotatives-pour-chaton-360\/"},"modified":"2026-04-10T05:40:52","modified_gmt":"2026-04-10T04:40:52","slug":"boule-murale-en-forme-davocat-et-dherbe-a-chat-jouets-a-lecher-comestibles-friandises-rotatives-pour-chaton-360","status":"publish","type":"product","link":"https:\/\/shoponlinedz.com\/en\/product\/boule-murale-en-forme-davocat-et-dherbe-a-chat-jouets-a-lecher-comestibles-friandises-rotatives-pour-chaton-360\/","title":{"rendered":"Boule murale en forme d&#8217;avocat et d&#8217;herbe \u00e0 chat, jouets \u00e0 l\u00e9cher comestibles, friandises rotatives pour chaton, 360"},"content":{"rendered":"<figure class=\"attachment attachment--preview\" data-trix-attachment=\"{&quot;contentType&quot;:&quot;image&quot;,&quot;height&quot;:1024,&quot;url&quot;:&quot;https:\/\/sawaqli.fra1.cdn.digitaloceanspaces.com\/6878\/Boule-murale-en-forme-d-avocat-et-d-herbe-chat-jouets-l-cher-comestibles-friandises-rotatives.jpg_.png&quot;,&quot;width&quot;:1024}\" data-trix-content-type=\"image\"><img decoding=\"async\" class=\"aligncenter\" src=\"https:\/\/sawaqli.fra1.cdn.digitaloceanspaces.com\/6878\/Boule-murale-en-forme-d-avocat-et-d-herbe-chat-jouets-l-cher-comestibles-friandises-rotatives.jpg_.png\" width=\"1024\" height=\"1024\" \/><figcaption class=\"attachment__caption\"><\/figcaption><\/figure>\n<figure class=\"attachment attachment--preview\" data-trix-attachment=\"{&quot;contentType&quot;:&quot;image&quot;,&quot;height&quot;:1024,&quot;url&quot;:&quot;https:\/\/sawaqli.fra1.cdn.digitaloceanspaces.com\/6879\/Se232b68ed34d467e92c41a0769582e01E.jpg&quot;,&quot;width&quot;:1024}\" data-trix-content-type=\"image\"><img decoding=\"async\" class=\"aligncenter\" src=\"https:\/\/sawaqli.fra1.cdn.digitaloceanspaces.com\/6879\/Se232b68ed34d467e92c41a0769582e01E.jpg\" width=\"1024\" height=\"1024\" \/><figcaption class=\"attachment__caption\"><\/figcaption><\/figure>\n<figure class=\"attachment attachment--preview\" data-trix-attachment=\"{&quot;contentType&quot;:&quot;image&quot;,&quot;height&quot;:1024,&quot;url&quot;:&quot;https:\/\/sawaqli.fra1.cdn.digitaloceanspaces.com\/6880\/Sedb1e6b2da7b41448cf9e4efeb2954a9o.jpg&quot;,&quot;width&quot;:1024}\" data-trix-content-type=\"image\"><img decoding=\"async\" class=\"aligncenter\" src=\"https:\/\/sawaqli.fra1.cdn.digitaloceanspaces.com\/6880\/Sedb1e6b2da7b41448cf9e4efeb2954a9o.jpg\" width=\"1024\" height=\"1024\" \/><figcaption class=\"attachment__caption\"><\/figcaption><\/figure>\n<figure class=\"attachment attachment--preview\" data-trix-attachment=\"{&quot;contentType&quot;:&quot;image&quot;,&quot;height&quot;:1024,&quot;url&quot;:&quot;https:\/\/sawaqli.fra1.cdn.digitaloceanspaces.com\/6881\/S02083a0f930e4520b013bb3c08753963E.jpg&quot;,&quot;width&quot;:1024}\" data-trix-content-type=\"image\"><img decoding=\"async\" class=\"aligncenter\" src=\"https:\/\/sawaqli.fra1.cdn.digitaloceanspaces.com\/6881\/S02083a0f930e4520b013bb3c08753963E.jpg\" width=\"1024\" height=\"1024\" \/><figcaption class=\"attachment__caption\"><\/figcaption><\/figure>\n<figure class=\"attachment attachment--preview\" data-trix-attachment=\"{&quot;contentType&quot;:&quot;image&quot;,&quot;height&quot;:1024,&quot;url&quot;:&quot;https:\/\/sawaqli.fra1.cdn.digitaloceanspaces.com\/6882\/S12ac301256754d6db4a20abf93cb00d1N.jpg&quot;,&quot;width&quot;:1024}\" data-trix-content-type=\"image\"><img decoding=\"async\" class=\"aligncenter\" src=\"https:\/\/sawaqli.fra1.cdn.digitaloceanspaces.com\/6882\/S12ac301256754d6db4a20abf93cb00d1N.jpg\" width=\"1024\" height=\"1024\" \/><figcaption class=\"attachment__caption\"><\/figcaption><\/figure>\n<p style=\"text-align: center;\">","protected":false},"excerpt":{"rendered":"<p>\u0644\u0639\u0628\u0629 \u0627\u0644\u0642\u0637\u0637 (\u0646\u0639\u0646\u0627\u0639 \u0642\u0637\u0637 \u0639\u0644\u0649 \u0634\u0643\u0644 \u0623\u0641\u0648\u0643\u0627\u062f\u0648):\u062a\u0635\u0645\u064a\u0645 \u0641\u0631\u064a\u062f \u0648\u062c\u0630\u0627\u0628 \u064a\u062d\u0628\u0647 \u0627\u0644\u0642\u0637.\u064a\u064f\u062b\u0628\u062a \u0628\u0633\u0647\u0648\u0644\u0629 \u0639\u0644\u0649 \u0627\u0644\u062c\u062f\u0631\u0627\u0646 \u0623\u0648 \u0627\u0644\u0646\u0648\u0627\u0641\u0630 \u0623\u0648 \u0623\u064a \u0633\u0637\u062d \u0623\u0645\u0644\u0633.\u064a\u0633\u0627\u0639\u062f \u0639\u0644\u0649 \u062a\u0646\u0638\u064a\u0641 \u0623\u0633\u0646\u0627\u0646 \u0627\u0644\u0642\u0637 \u0648\u062a\u0642\u0644\u064a\u0644 \u0627\u0644\u0645\u0644\u0644 \u0648\u0627\u0633\u062a\u0647\u0644\u0627\u0643 \u0627\u0644\u0637\u0627\u0642\u0629 \u0627\u0644\u0632\u0627\u0626\u062f\u0629.\u0645\u0635\u0646\u0648\u0639 \u0645\u0646 \u0645\u0648\u0627\u062f \u0622\u0645\u0646\u0629: \u0646\u0639\u0646\u0627\u0639 \u0642\u0637\u0637 + \u0631\u0648\u062a\u064a\u0646 \u0641\u0636\u064a + \u0628\u0644\u0627\u0633\u062a\u064a\u0643.\u0643\u0631\u0629 \u062f\u0648\u0627\u0631\u0629 360\u00b0 \u0644\u0645\u0632\u064a\u062f \u0645\u0646 \u0627\u0644\u0645\u062a\u0639\u0629.\u062d\u062c\u0645 \u0627\u0644\u0644\u0639\u0628\u0629: \u200f6\u00d74.6 \u0633\u0645\u060c \u062d\u062c\u0645 \u0627\u0644\u0646\u0639\u0646\u0627\u0639: \u200f2.7 \u0633\u0645\u060c \u0627\u0644\u0648\u0632\u0646: \u200f25 \u062c\u0631\u0627\u0645.\u0627\u0644\u0645\u062d\u062a\u0648\u064a\u0627\u062a:\u0644\u0639\u0628\u0629 \u0646\u0639\u0646\u0627\u0639 \u0642\u0637\u0637 \u0648\u0627\u062d\u062f\u0629..<\/p>","protected":false},"featured_media":62781,"comment_status":"open","ping_status":"closed","template":"","meta":[],"product_brand":[],"product_cat":[2461],"product_tag":[],"class_list":{"0":"post-62782","1":"product","2":"type-product","3":"status-publish","4":"has-post-thumbnail","6":"product_cat-divers","8":"first","9":"outofstock","10":"taxable","11":"shipping-taxable","12":"purchasable","13":"product-type-simple"},"jetpack_sharing_enabled":true,"_links":{"self":[{"href":"https:\/\/shoponlinedz.com\/en\/wp-json\/wp\/v2\/product\/62782","targetHints":{"allow":["GET"]}}],"collection":[{"href":"https:\/\/shoponlinedz.com\/en\/wp-json\/wp\/v2\/product"}],"about":[{"href":"https:\/\/shoponlinedz.com\/en\/wp-json\/wp\/v2\/types\/product"}],"replies":[{"embeddable":true,"href":"https:\/\/shoponlinedz.com\/en\/wp-json\/wp\/v2\/comments?post=62782"}],"version-history":[{"count":0,"href":"https:\/\/shoponlinedz.com\/en\/wp-json\/wp\/v2\/product\/62782\/revisions"}],"wp:featuredmedia":[{"embeddable":true,"href":"https:\/\/shoponlinedz.com\/en\/wp-json\/wp\/v2\/media\/62781"}],"wp:attachment":[{"href":"https:\/\/shoponlinedz.com\/en\/wp-json\/wp\/v2\/media?parent=62782"}],"wp:term":[{"taxonomy":"product_brand","embeddable":true,"href":"https:\/\/shoponlinedz.com\/en\/wp-json\/wp\/v2\/product_brand?post=62782"},{"taxonomy":"product_cat","embeddable":true,"href":"https:\/\/shoponlinedz.com\/en\/wp-json\/wp\/v2\/product_cat?post=62782"},{"taxonomy":"product_tag","embeddable":true,"href":"https:\/\/shoponlinedz.com\/en\/wp-json\/wp\/v2\/product_tag?post=62782"}],"curies":[{"name":"wp","href":"https:\/\/api.w.org\/{rel}","templated":true}]}}