{"id":62764,"date":"2026-01-06T19:10:58","date_gmt":"2026-01-06T19:10:58","guid":{"rendered":"https:\/\/shoponlinedz.com\/product\/telecommande-universelle-intelligente-wifi-ir-2-4ghz-hub-de-controle-compatible-avec-alexa-google-home-tuya-smart-life\/"},"modified":"2026-02-16T16:02:30","modified_gmt":"2026-02-16T15:02:30","slug":"telecommande-universelle-intelligente-wifi-ir-2-4ghz-hub-de-controle-compatible-avec-alexa-google-home-tuya-smart-life","status":"publish","type":"product","link":"https:\/\/shoponlinedz.com\/en\/product\/telecommande-universelle-intelligente-wifi-ir-2-4ghz-hub-de-controle-compatible-avec-alexa-google-home-tuya-smart-life\/","title":{"rendered":"T\u00e9l\u00e9commande universelle intelligente Wifi-IR (2.4ghz) hub de contr\u00f4le compatible avec Alexa Google Home -Tuya Smart Life"},"content":{"rendered":"<figure class=\"attachment attachment--preview\" data-trix-attachment=\"{&quot;contentType&quot;:&quot;image&quot;,&quot;height&quot;:1024,&quot;url&quot;:&quot;https:\/\/sawaqli.fra1.cdn.digitaloceanspaces.com\/6893\/0-23.jpg&quot;,&quot;width&quot;:1024}\" data-trix-content-type=\"image\"><img decoding=\"async\" class=\"aligncenter\" src=\"https:\/\/sawaqli.fra1.cdn.digitaloceanspaces.com\/6893\/0-23.jpg\" width=\"1024\" height=\"1024\" \/><figcaption class=\"attachment__caption\"><\/figcaption><\/figure>\n<figure class=\"attachment attachment--preview\" data-trix-attachment=\"{&quot;contentType&quot;:&quot;image&quot;,&quot;height&quot;:1024,&quot;url&quot;:&quot;https:\/\/sawaqli.fra1.cdn.digitaloceanspaces.com\/6894\/1-21.jpg&quot;,&quot;width&quot;:1024}\" data-trix-content-type=\"image\"><img decoding=\"async\" class=\"aligncenter\" src=\"https:\/\/sawaqli.fra1.cdn.digitaloceanspaces.com\/6894\/1-21.jpg\" width=\"1024\" height=\"1024\" \/><figcaption class=\"attachment__caption\"><\/figcaption><\/figure>\n<figure class=\"attachment attachment--preview\" data-trix-attachment=\"{&quot;contentType&quot;:&quot;image&quot;,&quot;height&quot;:1024,&quot;url&quot;:&quot;https:\/\/sawaqli.fra1.cdn.digitaloceanspaces.com\/6895\/2-24.jpg&quot;,&quot;width&quot;:1024}\" data-trix-content-type=\"image\"><img decoding=\"async\" class=\"aligncenter\" src=\"https:\/\/sawaqli.fra1.cdn.digitaloceanspaces.com\/6895\/2-24.jpg\" width=\"1024\" height=\"1024\" \/><figcaption class=\"attachment__caption\"><\/figcaption><\/figure>\n<figure class=\"attachment attachment--preview\" data-trix-attachment=\"{&quot;contentType&quot;:&quot;image&quot;,&quot;height&quot;:1024,&quot;url&quot;:&quot;https:\/\/sawaqli.fra1.cdn.digitaloceanspaces.com\/6896\/3-25.jpg&quot;,&quot;width&quot;:1024}\" data-trix-content-type=\"image\"><img decoding=\"async\" class=\"aligncenter\" src=\"https:\/\/sawaqli.fra1.cdn.digitaloceanspaces.com\/6896\/3-25.jpg\" width=\"1024\" height=\"1024\" \/><figcaption class=\"attachment__caption\"><\/figcaption><\/figure>\n<figure class=\"attachment attachment--preview\" data-trix-attachment=\"{&quot;contentType&quot;:&quot;image&quot;,&quot;height&quot;:1024,&quot;url&quot;:&quot;https:\/\/sawaqli.fra1.cdn.digitaloceanspaces.com\/6897\/4-22.jpg&quot;,&quot;width&quot;:1024}\" data-trix-content-type=\"image\"><img decoding=\"async\" class=\"aligncenter\" src=\"https:\/\/sawaqli.fra1.cdn.digitaloceanspaces.com\/6897\/4-22.jpg\" width=\"1024\" height=\"1024\" \/><figcaption class=\"attachment__caption\"><\/figcaption><\/figure>\n<p style=\"text-align: center;\">","protected":false},"excerpt":{"rendered":"<p>\u062c\u0647\u0627\u0632 \u0627\u0644\u062a\u062d\u0643\u0645 \u0627\u0644\u0630\u0643\u064a WiFi-IR:\u064a\u062d\u0648\u0644 \u062c\u0645\u064a\u0639 \u0623\u062c\u0647\u0632\u0629 \u0627\u0644\u062a\u062d\u0643\u0645 \u0628\u0627\u0644\u0623\u0634\u0639\u0629 \u062a\u062d\u062a \u0627\u0644\u062d\u0645\u0631\u0627\u0621 \u0625\u0644\u0649 \u062c\u0647\u0627\u0632 \u0648\u0627\u062d\u062f \u0639\u0628\u0631 \u062a\u0637\u0628\u064a\u0642 Tuya Smart\/SmartLife.\u062a\u0634\u063a\u064a\u0644 \u0627\u0644\u0623\u062c\u0647\u0632\u0629 \u0639\u0646 \u0628\u064f\u0639\u062f \u0645\u0646 \u0623\u064a \u0645\u0643\u0627\u0646.\u064a\u062f\u0639\u0645 \u0623\u0643\u062b\u0631 \u0645\u0646 80,000 \u062c\u0647\u0627\u0632 \u064a\u0639\u0645\u0644 \u0628\u0627\u0644\u0623\u0634\u0639\u0629 \u062a\u062d\u062a \u0627\u0644\u062d\u0645\u0631\u0627\u0621 (TV\u060c \u0645\u0643\u064a\u0641\u060c \u0623\u062c\u0647\u0632\u0629 \u0635\u0648\u062a\u060c \u0648\u063a\u064a\u0631\u0647\u0627).\u0645\u062a\u0648\u0627\u0641\u0642 \u0645\u0639 Alexa \u0648 Google Home \u0644\u0644\u062a\u062d\u0643\u0645 \u0627\u0644\u0635\u0648\u062a\u064a.\u0625\u0645\u0643\u0627\u0646\u064a\u0629 \u0627\u0644\u062a\u0639\u0644\u0645 \u0627\u0644\u064a\u062f\u0648\u064a \u0625\u0630\u0627 \u0644\u0645 \u064a\u0643\u0646 \u0627\u0644\u062c\u0647\u0627\u0632 \u0645\u062f\u0639\u0648\u0645\u064b\u0627.\u064a\u0639\u0645\u0644 \u0641\u0642\u0637 \u0645\u0639 \u0634\u0628\u0643\u0629 WiFi 2.4G.\u0627\u0644\u0645\u0648\u0627\u0635\u0641\u0627\u062a:\u0627\u0644\u0637\u0627\u0642\u0629: DC 5V\/1A.\u062a\u0631\u062f\u062f IR: \u200f38KHz.\u062a\u063a\u0637\u064a\u0629 360\u00b0.\u062d\u062c\u0645 \u0627\u0644\u062c\u0647\u0627\u0632: \u200f66\u00d766\u00d725 \u0645\u0645.\u0627\u0644\u0648\u0632\u0646: \u200f25 \u062c\u0631\u0627\u0645.\u0627\u0644\u0645\u0627\u062f\u0629: ABS \u0645\u0642\u0627\u0648\u0645 \u0644\u0644\u062d\u0631\u064a\u0642.\u0627\u0644\u0645\u062d\u062a\u0648\u064a\u0627\u062a:\u062c\u0647\u0627\u0632 \u0627\u0644\u062a\u062d\u0643\u0645 \u0627\u0644\u0630\u0643\u064a.\u0643\u0627\u0628\u0644 USB.\u062f\u0644\u064a\u0644 \u0627\u0644\u0645\u0633\u062a\u062e\u062f\u0645 \u0628\u0627\u0644\u0625\u0646\u062c\u0644\u064a\u0632\u064a\u0629.<\/p>","protected":false},"featured_media":62763,"comment_status":"open","ping_status":"closed","template":"","meta":[],"product_brand":[],"product_cat":[2463],"product_tag":[],"class_list":{"0":"post-62764","1":"product","2":"type-product","3":"status-publish","4":"has-post-thumbnail","6":"product_cat-electronique","8":"first","9":"instock","10":"taxable","11":"shipping-taxable","12":"purchasable","13":"product-type-simple"},"jetpack_sharing_enabled":true,"_links":{"self":[{"href":"https:\/\/shoponlinedz.com\/en\/wp-json\/wp\/v2\/product\/62764","targetHints":{"allow":["GET"]}}],"collection":[{"href":"https:\/\/shoponlinedz.com\/en\/wp-json\/wp\/v2\/product"}],"about":[{"href":"https:\/\/shoponlinedz.com\/en\/wp-json\/wp\/v2\/types\/product"}],"replies":[{"embeddable":true,"href":"https:\/\/shoponlinedz.com\/en\/wp-json\/wp\/v2\/comments?post=62764"}],"version-history":[{"count":0,"href":"https:\/\/shoponlinedz.com\/en\/wp-json\/wp\/v2\/product\/62764\/revisions"}],"wp:featuredmedia":[{"embeddable":true,"href":"https:\/\/shoponlinedz.com\/en\/wp-json\/wp\/v2\/media\/62763"}],"wp:attachment":[{"href":"https:\/\/shoponlinedz.com\/en\/wp-json\/wp\/v2\/media?parent=62764"}],"wp:term":[{"taxonomy":"product_brand","embeddable":true,"href":"https:\/\/shoponlinedz.com\/en\/wp-json\/wp\/v2\/product_brand?post=62764"},{"taxonomy":"product_cat","embeddable":true,"href":"https:\/\/shoponlinedz.com\/en\/wp-json\/wp\/v2\/product_cat?post=62764"},{"taxonomy":"product_tag","embeddable":true,"href":"https:\/\/shoponlinedz.com\/en\/wp-json\/wp\/v2\/product_tag?post=62764"}],"curies":[{"name":"wp","href":"https:\/\/api.w.org\/{rel}","templated":true}]}}