{"id":62710,"date":"2026-01-06T19:08:47","date_gmt":"2026-01-06T19:08:47","guid":{"rendered":"https:\/\/shoponlinedz.com\/product\/dentifrice-pour-le-blanchiment-des-dents-correcteur-de-couleur-elimine-les-taches-50ml\/"},"modified":"2026-02-16T16:02:32","modified_gmt":"2026-02-16T15:02:32","slug":"dentifrice-pour-le-blanchiment-des-dents-correcteur-de-couleur-elimine-les-taches-50ml","status":"publish","type":"product","link":"https:\/\/shoponlinedz.com\/en\/product\/dentifrice-pour-le-blanchiment-des-dents-correcteur-de-couleur-elimine-les-taches-50ml\/","title":{"rendered":"Dentifrice pour le blanchiment des dents, correcteur de couleur, \u00e9limine les taches, 50ml"},"content":{"rendered":"<figure class=\"attachment attachment--preview\" data-trix-attachment=\"{&quot;contentType&quot;:&quot;image&quot;,&quot;height&quot;:1024,&quot;url&quot;:&quot;https:\/\/sawaqli.fra1.cdn.digitaloceanspaces.com\/25157\/EELHOE.jpg&quot;,&quot;width&quot;:1024}\" data-trix-content-type=\"image\"><img decoding=\"async\" class=\"aligncenter\" src=\"https:\/\/sawaqli.fra1.cdn.digitaloceanspaces.com\/25157\/EELHOE.jpg\" width=\"1024\" height=\"1024\" \/><figcaption class=\"attachment__caption\"><\/figcaption><\/figure>\n<figure class=\"attachment attachment--preview\" data-trix-attachment=\"{&quot;contentType&quot;:&quot;image&quot;,&quot;height&quot;:1024,&quot;url&quot;:&quot;https:\/\/sawaqli.fra1.cdn.digitaloceanspaces.com\/6906\/5FIVE45754.jpg&quot;,&quot;width&quot;:1024}\" data-trix-content-type=\"image\"><img decoding=\"async\" class=\"aligncenter\" src=\"https:\/\/sawaqli.fra1.cdn.digitaloceanspaces.com\/6906\/5FIVE45754.jpg\" width=\"1024\" height=\"1024\" \/><figcaption class=\"attachment__caption\"><\/figcaption><\/figure>\n<figure class=\"attachment attachment--preview\" data-trix-attachment=\"{&quot;contentType&quot;:&quot;image&quot;,&quot;height&quot;:1024,&quot;url&quot;:&quot;https:\/\/sawaqli.fra1.cdn.digitaloceanspaces.com\/6907\/0-19.jpg&quot;,&quot;width&quot;:1024}\" data-trix-content-type=\"image\"><img decoding=\"async\" class=\"aligncenter\" src=\"https:\/\/sawaqli.fra1.cdn.digitaloceanspaces.com\/6907\/0-19.jpg\" width=\"1024\" height=\"1024\" \/><figcaption class=\"attachment__caption\"><\/figcaption><\/figure>\n<figure class=\"attachment attachment--preview\" data-trix-attachment=\"{&quot;contentType&quot;:&quot;image&quot;,&quot;height&quot;:1024,&quot;url&quot;:&quot;https:\/\/sawaqli.fra1.cdn.digitaloceanspaces.com\/6908\/2-18.jpg&quot;,&quot;width&quot;:1024}\" data-trix-content-type=\"image\"><img decoding=\"async\" class=\"aligncenter\" src=\"https:\/\/sawaqli.fra1.cdn.digitaloceanspaces.com\/6908\/2-18.jpg\" width=\"1024\" height=\"1024\" \/><figcaption class=\"attachment__caption\"><\/figcaption><\/figure>\n<figure class=\"attachment attachment--preview\" data-trix-attachment=\"{&quot;contentType&quot;:&quot;image&quot;,&quot;height&quot;:1024,&quot;url&quot;:&quot;https:\/\/sawaqli.fra1.cdn.digitaloceanspaces.com\/6909\/3-21.jpg&quot;,&quot;width&quot;:1024}\" data-trix-content-type=\"image\"><img decoding=\"async\" class=\"aligncenter\" src=\"https:\/\/sawaqli.fra1.cdn.digitaloceanspaces.com\/6909\/3-21.jpg\" width=\"1024\" height=\"1024\" \/><figcaption class=\"attachment__caption\"><\/figcaption><\/figure>\n<p style=\"text-align: center;\">","protected":false},"excerpt":{"rendered":"<p>Description:La mousse ultra-fine nettoie et dissout efficacement les taches sur vos dents et nettoie votre bouche en profondeur, vous laissant une haleine fra\u00eeche et des gencives plus saines. La mousse nettoyante du dentifrice p\u00e9n\u00e8tre dans les fissures de l\u2019\u00e9mail des dents pour \u00e9liminer les particules alimentaires incrust\u00e9es et les taches profondes.Gel de blanchiment des dents violet-aide efficacement le nettoyage des dents et rend votre sourire plus beau!Le dentifrice violet fournit un effet blanchissant \u00e9vident pour vos dents et fournit une protection pour vos dents.Ce dentifrice violet a \u00e9t\u00e9 con\u00e7u dans un flacon de petite taille compacte et il est l\u00e9ger. La conception de type presse \u00e0 bouche de bouteille le rend plus pratique pour une utilisation.Dentifrice violet pour le blanchiment des dents, est un cadeau parfait pour votre famille, vos amis, etc.Caract\u00e9ristiques:Contenu Net: 50mlEfficacit\u00e9: \u00e9liminer efficacement les odeurs, rafra\u00eechir l\u2019haleine, blanchir les dents Instructions:1. Suivez les \u00e9tapes pour vous brosser les dents, prenez d\u2019abord une quantit\u00e9 de pois sur la brosse \u00e0 dents.2. Brossez ensuite vos dents avec du dentifrice r\u00e9gulier pendant 2 minutes comme d\u2019habitude.3. Rincez votre bouche \u00e0 l\u2019eau apr\u00e8s vous \u00eatre bross\u00e9 les dents.Liste:1 * Gel de blanchiment des dents violet<\/p>","protected":false},"featured_media":62709,"comment_status":"open","ping_status":"closed","template":"","meta":[],"product_brand":[],"product_cat":[2457],"product_tag":[],"class_list":{"0":"post-62710","1":"product","2":"type-product","3":"status-publish","4":"has-post-thumbnail","6":"product_cat-soins-et-beaute","8":"first","9":"instock","10":"taxable","11":"shipping-taxable","12":"purchasable","13":"product-type-simple"},"jetpack_sharing_enabled":true,"_links":{"self":[{"href":"https:\/\/shoponlinedz.com\/en\/wp-json\/wp\/v2\/product\/62710","targetHints":{"allow":["GET"]}}],"collection":[{"href":"https:\/\/shoponlinedz.com\/en\/wp-json\/wp\/v2\/product"}],"about":[{"href":"https:\/\/shoponlinedz.com\/en\/wp-json\/wp\/v2\/types\/product"}],"replies":[{"embeddable":true,"href":"https:\/\/shoponlinedz.com\/en\/wp-json\/wp\/v2\/comments?post=62710"}],"version-history":[{"count":0,"href":"https:\/\/shoponlinedz.com\/en\/wp-json\/wp\/v2\/product\/62710\/revisions"}],"wp:featuredmedia":[{"embeddable":true,"href":"https:\/\/shoponlinedz.com\/en\/wp-json\/wp\/v2\/media\/62709"}],"wp:attachment":[{"href":"https:\/\/shoponlinedz.com\/en\/wp-json\/wp\/v2\/media?parent=62710"}],"wp:term":[{"taxonomy":"product_brand","embeddable":true,"href":"https:\/\/shoponlinedz.com\/en\/wp-json\/wp\/v2\/product_brand?post=62710"},{"taxonomy":"product_cat","embeddable":true,"href":"https:\/\/shoponlinedz.com\/en\/wp-json\/wp\/v2\/product_cat?post=62710"},{"taxonomy":"product_tag","embeddable":true,"href":"https:\/\/shoponlinedz.com\/en\/wp-json\/wp\/v2\/product_tag?post=62710"}],"curies":[{"name":"wp","href":"https:\/\/api.w.org\/{rel}","templated":true}]}}