{"id":62678,"date":"2026-01-06T19:07:42","date_gmt":"2026-01-06T19:07:42","guid":{"rendered":"https:\/\/shoponlinedz.com\/product\/coupe-ongles-electrique-et-automatique-anti-eclaboussures-portable-pour-bebe-et-adulte\/"},"modified":"2026-02-16T16:02:33","modified_gmt":"2026-02-16T15:02:33","slug":"coupe-ongles-electrique-et-automatique-anti-eclaboussures-portable-pour-bebe-et-adulte","status":"publish","type":"product","link":"https:\/\/shoponlinedz.com\/en\/product\/coupe-ongles-electrique-et-automatique-anti-eclaboussures-portable-pour-bebe-et-adulte\/","title":{"rendered":"Coupe-ongles \u00e9lectrique et automatique, Anti \u00e9claboussures, Portable, pour b\u00e9b\u00e9 et adulte"},"content":{"rendered":"<figure class=\"attachment attachment--preview\" data-trix-attachment=\"{&quot;contentType&quot;:&quot;image&quot;,&quot;height&quot;:1024,&quot;url&quot;:&quot;https:\/\/sawaqli.fra1.cdn.digitaloceanspaces.com\/25154\/Coupe-ongle-%C3%A9l%C3%A9ctrique.jpg&quot;,&quot;width&quot;:1024}\" data-trix-content-type=\"image\"><img decoding=\"async\" class=\"aligncenter\" src=\"https:\/\/sawaqli.fra1.cdn.digitaloceanspaces.com\/25154\/Coupe-ongle-%C3%A9l%C3%A9ctrique.jpg\" width=\"1024\" height=\"1024\" \/><figcaption class=\"attachment__caption\"><\/figcaption><\/figure>\n<figure class=\"attachment attachment--preview\" data-trix-attachment=\"{&quot;contentType&quot;:&quot;image&quot;,&quot;height&quot;:1024,&quot;url&quot;:&quot;https:\/\/sawaqli.fra1.cdn.digitaloceanspaces.com\/7070\/3-28.jpg&quot;,&quot;width&quot;:1024}\" data-trix-content-type=\"image\"><img decoding=\"async\" class=\"aligncenter\" src=\"https:\/\/sawaqli.fra1.cdn.digitaloceanspaces.com\/7070\/3-28.jpg\" width=\"1024\" height=\"1024\" \/><figcaption class=\"attachment__caption\"><\/figcaption><\/figure>\n<figure class=\"attachment attachment--preview\" data-trix-attachment=\"{&quot;contentType&quot;:&quot;image&quot;,&quot;height&quot;:1024,&quot;url&quot;:&quot;https:\/\/sawaqli.fra1.cdn.digitaloceanspaces.com\/7071\/0-27.jpg&quot;,&quot;width&quot;:1024}\" data-trix-content-type=\"image\"><img decoding=\"async\" class=\"aligncenter\" src=\"https:\/\/sawaqli.fra1.cdn.digitaloceanspaces.com\/7071\/0-27.jpg\" width=\"1024\" height=\"1024\" \/><figcaption class=\"attachment__caption\"><\/figcaption><\/figure>\n<figure class=\"attachment attachment--preview\" data-trix-attachment=\"{&quot;contentType&quot;:&quot;image&quot;,&quot;height&quot;:1024,&quot;url&quot;:&quot;https:\/\/sawaqli.fra1.cdn.digitaloceanspaces.com\/7072\/1-25.jpg&quot;,&quot;width&quot;:1024}\" data-trix-content-type=\"image\"><img decoding=\"async\" class=\"aligncenter\" src=\"https:\/\/sawaqli.fra1.cdn.digitaloceanspaces.com\/7072\/1-25.jpg\" width=\"1024\" height=\"1024\" \/><figcaption class=\"attachment__caption\"><\/figcaption><\/figure>\n<figure class=\"attachment attachment--preview\" data-trix-attachment=\"{&quot;contentType&quot;:&quot;image&quot;,&quot;height&quot;:1024,&quot;url&quot;:&quot;https:\/\/sawaqli.fra1.cdn.digitaloceanspaces.com\/7073\/2-28.jpg&quot;,&quot;width&quot;:1024}\" data-trix-content-type=\"image\"><img decoding=\"async\" class=\"aligncenter\" src=\"https:\/\/sawaqli.fra1.cdn.digitaloceanspaces.com\/7073\/2-28.jpg\" width=\"1024\" height=\"1024\" \/><figcaption class=\"attachment__caption\"><\/figcaption><\/figure>\n<p style=\"text-align: center;\">","protected":false},"excerpt":{"rendered":"<p>\u0642\u0635\u0651\u0627\u0641\u0629 \u0623\u0638\u0627\u0641\u0631 \u0643\u0647\u0631\u0628\u0627\u0626\u064a\u0629\u062a\u0635\u0645\u064a\u0645 \u0622\u0645\u0646: \u0641\u062a\u062d\u0629 \u0645\u062e\u0635\u0635\u0629 \u0644\u062a\u062b\u0628\u064a\u062a \u0627\u0644\u0623\u0638\u0627\u0641\u0631 \u0645\u0639 \u062d\u0645\u0627\u064a\u0629 \u0627\u0644\u0623\u0635\u0627\u0628\u0639\u060c \u0645\u0646\u0627\u0633\u0628\u0629 \u0644\u0643\u0628\u0627\u0631 \u0627\u0644\u0633\u0646 \u0648\u0636\u0639\u0627\u0641 \u0627\u0644\u0646\u0638\u0631.\u0642\u0635 \u0633\u0631\u064a\u0639: \u062a\u0642\u0635 \u0627\u0644\u0638\u0641\u0631 \u062e\u0644\u0627\u0644 10 \u062b\u0648\u0627\u0646\u064d\u060c \u0628\u0634\u0641\u0631\u0629 \u062f\u0648\u0627\u0631\u0629 360\u00b0 \u0645\u0646\u0627\u0633\u0628\u0629 \u0644\u0644\u0623\u0638\u0627\u0641\u0631 \u0627\u0644\u0642\u0627\u0633\u064a\u0629. (\u0645\u0644\u0627\u062d\u0638\u0629: \u0644\u0627 \u062a\u0635\u0644\u062d \u0644\u0644\u0623\u0638\u0627\u0641\u0631 \u0627\u0644\u0633\u0645\u064a\u0643\u0629 \u062c\u062f\u064b\u0627)\u0639\u0645\u0644\u064a\u0629 \u0648\u0645\u062d\u0645\u0648\u0644\u0629: \u0632\u0631 \u0648\u0627\u062d\u062f \u0644\u0644\u0642\u0635 \u0648\u0627\u0644\u062a\u0646\u0639\u064a\u0645 \u0648\u062c\u0645\u0639 \u0627\u0644\u0628\u0642\u0627\u064a\u0627 \u062a\u0644\u0642\u0627\u0626\u064a\u064b\u0627\u060c \u0628\u062d\u062c\u0645 \u0635\u063a\u064a\u0631 \u064a\u0633\u0647\u0644 \u062d\u0645\u0644\u0647 \u0641\u064a \u0627\u0644\u062c\u064a\u0628 \u0623\u0648 \u0627\u0644\u062d\u0642\u064a\u0628\u0629.\u062d\u0627\u0641\u0638\u0629 \u0646\u0638\u064a\u0641\u0629: \u062a\u062c\u0645\u0639 \u0642\u0635\u0627\u0635\u0627\u062a \u0627\u0644\u0623\u0638\u0627\u0641\u0631 \u062a\u0644\u0642\u0627\u0626\u064a\u064b\u0627 \u0644\u0644\u062d\u0641\u0627\u0638 \u0639\u0644\u0649 \u0646\u0638\u0627\u0641\u0629 \u0627\u0644\u0645\u0643\u0627\u0646.\u0645\u0638\u0647\u0631 \u0623\u0646\u064a\u0642: \u0639\u0628\u0648\u0629 \u062c\u0645\u064a\u0644\u0629 \u062a\u0635\u0644\u062d \u0643\u0647\u062f\u064a\u0651\u0629 \u0644\u0644\u0623\u0647\u0644 \u0648\u0627\u0644\u0623\u0635\u062f\u0642\u0627\u0621.\u0627\u0644\u0645\u0648\u0627\u0635\u0641\u0627\u062a:\u0627\u0644\u0645\u0627\u062f\u0629: ABS \u0645\u0637\u0644\u064a \u0628\u0627\u0644\u0630\u0647\u0628\u0627\u0644\u062d\u062c\u0645: \u200e10.7\u00d710.7\u00d76 \u0633\u0645\u0627\u0644\u0648\u0632\u0646: 225 \u062c\u0645\u0627\u0644\u0623\u0644\u0648\u0627\u0646: \u0623\u062d\u0645\u0631 \/ \u0623\u0628\u064a\u0636 \/ \u0623\u0633\u0648\u062f \/ \u0628\u0646\u0641\u0633\u062c\u064a\u0627\u0644\u0628\u0637\u0627\u0631\u064a\u0629: 500mAh (3.7V)\u0627\u0644\u062c\u0647\u062f \u0648\u0627\u0644\u0637\u0627\u0642\u0629: 5V \/ 2.5W\u0645\u0633\u062a\u0648\u0649 \u0627\u0644\u0636\u0648\u0636\u0627\u0621: \u200e45 \u062f\u064a\u0633\u064a\u0628\u0644\u0627\u0644\u0639\u0644\u0628\u0629 \u062a\u0634\u0645\u0644: \u0642\u0635\u0651\u0627\u0641\u0629 \u0623\u0638\u0627\u0641\u0631 \u0643\u0647\u0631\u0628\u0627\u0626\u064a\u0629 + \u0643\u0627\u0628\u0644 \u0634\u062d\u0646 USB<\/p>","protected":false},"featured_media":62677,"comment_status":"open","ping_status":"closed","template":"","meta":[],"product_brand":[],"product_cat":[2457],"product_tag":[],"class_list":{"0":"post-62678","1":"product","2":"type-product","3":"status-publish","4":"has-post-thumbnail","6":"product_cat-soins-et-beaute","8":"first","9":"instock","10":"taxable","11":"shipping-taxable","12":"purchasable","13":"product-type-simple"},"jetpack_sharing_enabled":true,"_links":{"self":[{"href":"https:\/\/shoponlinedz.com\/en\/wp-json\/wp\/v2\/product\/62678","targetHints":{"allow":["GET"]}}],"collection":[{"href":"https:\/\/shoponlinedz.com\/en\/wp-json\/wp\/v2\/product"}],"about":[{"href":"https:\/\/shoponlinedz.com\/en\/wp-json\/wp\/v2\/types\/product"}],"replies":[{"embeddable":true,"href":"https:\/\/shoponlinedz.com\/en\/wp-json\/wp\/v2\/comments?post=62678"}],"version-history":[{"count":0,"href":"https:\/\/shoponlinedz.com\/en\/wp-json\/wp\/v2\/product\/62678\/revisions"}],"wp:featuredmedia":[{"embeddable":true,"href":"https:\/\/shoponlinedz.com\/en\/wp-json\/wp\/v2\/media\/62677"}],"wp:attachment":[{"href":"https:\/\/shoponlinedz.com\/en\/wp-json\/wp\/v2\/media?parent=62678"}],"wp:term":[{"taxonomy":"product_brand","embeddable":true,"href":"https:\/\/shoponlinedz.com\/en\/wp-json\/wp\/v2\/product_brand?post=62678"},{"taxonomy":"product_cat","embeddable":true,"href":"https:\/\/shoponlinedz.com\/en\/wp-json\/wp\/v2\/product_cat?post=62678"},{"taxonomy":"product_tag","embeddable":true,"href":"https:\/\/shoponlinedz.com\/en\/wp-json\/wp\/v2\/product_tag?post=62678"}],"curies":[{"name":"wp","href":"https:\/\/api.w.org\/{rel}","templated":true}]}}