{"id":62668,"date":"2026-01-06T19:07:18","date_gmt":"2026-01-06T19:07:18","guid":{"rendered":"https:\/\/shoponlinedz.com\/product\/pince-a-boutons-pression-en-metal-avec-pince-a-clip\/"},"modified":"2026-02-16T16:02:33","modified_gmt":"2026-02-16T15:02:33","slug":"pince-a-boutons-pression-en-metal-avec-pince-a-clip","status":"publish","type":"product","link":"https:\/\/shoponlinedz.com\/en\/product\/pince-a-boutons-pression-en-metal-avec-pince-a-clip\/","title":{"rendered":"Pince \u00e0 boutons-pression en m\u00e9tal avec pince \u00e0 clip"},"content":{"rendered":"<figure class=\"attachment attachment--preview\" data-trix-attachment=\"{&quot;contentType&quot;:&quot;image&quot;,&quot;height&quot;:1024,&quot;url&quot;:&quot;https:\/\/sawaqli.fra1.cdn.digitaloceanspaces.com\/7116\/0-30.jpg&quot;,&quot;width&quot;:1024}\" data-trix-content-type=\"image\"><img decoding=\"async\" class=\"aligncenter\" src=\"https:\/\/sawaqli.fra1.cdn.digitaloceanspaces.com\/7116\/0-30.jpg\" width=\"1024\" height=\"1024\" \/><figcaption class=\"attachment__caption\"><\/figcaption><\/figure>\n<figure class=\"attachment attachment--preview\" data-trix-attachment=\"{&quot;contentType&quot;:&quot;image&quot;,&quot;height&quot;:1024,&quot;url&quot;:&quot;https:\/\/sawaqli.fra1.cdn.digitaloceanspaces.com\/7117\/1-29.jpg&quot;,&quot;width&quot;:1024}\" data-trix-content-type=\"image\"><img decoding=\"async\" class=\"aligncenter\" src=\"https:\/\/sawaqli.fra1.cdn.digitaloceanspaces.com\/7117\/1-29.jpg\" width=\"1024\" height=\"1024\" \/><figcaption class=\"attachment__caption\"><\/figcaption><\/figure>\n<figure class=\"attachment attachment--preview\" data-trix-attachment=\"{&quot;contentType&quot;:&quot;image&quot;,&quot;height&quot;:1024,&quot;url&quot;:&quot;https:\/\/sawaqli.fra1.cdn.digitaloceanspaces.com\/7118\/2-32.jpg&quot;,&quot;width&quot;:1024}\" data-trix-content-type=\"image\"><img decoding=\"async\" class=\"aligncenter\" src=\"https:\/\/sawaqli.fra1.cdn.digitaloceanspaces.com\/7118\/2-32.jpg\" width=\"1024\" height=\"1024\" \/><figcaption class=\"attachment__caption\"><\/figcaption><\/figure>\n<figure class=\"attachment attachment--preview\" data-trix-attachment=\"{&quot;contentType&quot;:&quot;image&quot;,&quot;height&quot;:1024,&quot;url&quot;:&quot;https:\/\/sawaqli.fra1.cdn.digitaloceanspaces.com\/7119\/3-32.jpg&quot;,&quot;width&quot;:1024}\" data-trix-content-type=\"image\"><img decoding=\"async\" class=\"aligncenter\" src=\"https:\/\/sawaqli.fra1.cdn.digitaloceanspaces.com\/7119\/3-32.jpg\" width=\"1024\" height=\"1024\" \/><figcaption class=\"attachment__caption\"><\/figcaption><\/figure>\n<figure class=\"attachment attachment--preview\" data-trix-attachment=\"{&quot;contentType&quot;:&quot;image&quot;,&quot;height&quot;:1024,&quot;url&quot;:&quot;https:\/\/sawaqli.fra1.cdn.digitaloceanspaces.com\/7120\/4-28.jpg&quot;,&quot;width&quot;:1024}\" data-trix-content-type=\"image\"><img decoding=\"async\" class=\"aligncenter\" src=\"https:\/\/sawaqli.fra1.cdn.digitaloceanspaces.com\/7120\/4-28.jpg\" width=\"1024\" height=\"1024\" \/><figcaption class=\"attachment__caption\"><\/figcaption><\/figure>\n<p style=\"text-align: center;\">","protected":false},"excerpt":{"rendered":"<p>\u0645\u0648\u0627\u0635\u0641\u0627\u062a \u0645\u062c\u0645\u0648\u0639\u0629 \u0623\u0632\u0631\u0627\u0631 \u0627\u0644\u0636\u063a\u0637 (Snap Buttons Set):\u062a\u062d\u062a\u0648\u064a \u0627\u0644\u0645\u062c\u0645\u0648\u0639\u0629 \u0639\u0644\u0649: 50 \u063a\u0637\u0627\u0621 \u062d\u0644\u0642\u064a \u0645\u0641\u062a\u0648\u062d (25 \u0630\u0643\u0631 + 25 \u0623\u0646\u062b\u0649)\u060c 1 \u0643\u0645\u0627\u0634\u0629\u060c 2 \u0642\u0637\u0639 \u0645\u0637\u0627\u0637 \u0623\u0628\u064a\u0636 \u0644\u0635\u064a\u0627\u0646\u0629 \u0627\u0644\u062a\u062b\u0628\u064a\u062a.\u062c\u0648\u062f\u0629 \u0639\u0627\u0644\u064a\u0629: \u0623\u0632\u0631\u0627\u0631 \u0645\u0646 \u0627\u0644\u0646\u062d\u0627\u0633 \u0627\u0644\u0644\u0627\u0645\u0639 \u0645\u0642\u0627\u0648\u0645\u0629 \u0644\u0644\u0635\u062f\u0623 \u0648\u0645\u062a\u064a\u0646\u0629 \u0637\u0648\u064a\u0644\u0629 \u0627\u0644\u0623\u0645\u062f.\u0633\u0647\u0644\u0629 \u0627\u0644\u0627\u0633\u062a\u062e\u062f\u0627\u0645: \u0644\u0627 \u062d\u0627\u062c\u0629 \u0644\u0644\u0645\u0637\u0631\u0642\u0629 \u0623\u0648 \u0644\u0639\u0645\u0644 \u062b\u0642\u0648\u0628 \u0645\u0633\u0628\u0642\u0629\u060c \u0627\u0644\u0623\u0632\u0631\u0627\u0631 \u062a\u062b\u0628\u062a \u0628\u0633\u0647\u0648\u0644\u0629 \u0648\u0644\u0627 \u062a\u0633\u0642\u0637.\u0639\u0645\u0644\u064a\u0629 \u0648\u0645\u062d\u0645\u0648\u0644\u0629: \u062d\u062c\u0645 \u0627\u0644\u0623\u0632\u0631\u0627\u0631 9.5 \u0645\u0645 (3\/8 \u0625\u0646\u0634) \u0628\u0637\u0648\u0644 \u0634\u0648\u0643\u0629 3.5 \u0645\u0645 \u0644\u062a\u0644\u0628\u064a\u0629 \u0627\u062d\u062a\u064a\u0627\u062c\u0627\u062a \u0645\u062e\u062a\u0644\u0641\u0629 \u0641\u064a \u0627\u0644\u062d\u0631\u0641 \u0627\u0644\u064a\u062f\u0648\u064a\u0629 \u0648\u0635\u0646\u0627\u0639\u0629 \u0627\u0644\u0645\u0644\u0627\u0628\u0633.\u0627\u0633\u062a\u062e\u062f\u0627\u0645\u0627\u062a \u0645\u062a\u0639\u062f\u062f\u0629: \u0645\u0646\u0627\u0633\u0628\u0629 \u0644\u0644\u0642\u0645\u0635\u0627\u0646\u060c \u0627\u0644\u0642\u0628\u0639\u0627\u062a\u060c \u0627\u0644\u0633\u062a\u0627\u0626\u0631\u060c \u0627\u0644\u0623\u063a\u0637\u064a\u0629\u060c \u0627\u0644\u0645\u0639\u0627\u0637\u0641 \u0627\u0644\u0645\u0642\u0627\u0648\u0645\u0629 \u0644\u0644\u0645\u0627\u0621 \u0648\u063a\u064a\u0631\u0647\u0627.\u062a\u0641\u0627\u0635\u064a\u0644 \u0625\u0636\u0627\u0641\u064a\u0629:\u0627\u0644\u0646\u0648\u0639: \u0623\u0632\u0631\u0627\u0631 \u062d\u0644\u0642\u064a\u0651\u0629 (Anneau \u00e0 griffes)\u0627\u0644\u0645\u0627\u062f\u0629: \u0646\u062d\u0627\u0633 (Copper Snap)\u0627\u0644\u0644\u0648\u0646: \u0641\u0636\u064a\u062d\u062c\u0645 \u0627\u0644\u0643\u0645\u0627\u0634\u0629: 3\u00d715 \u0633\u0645 (1.2\u00d75.9 \u0625\u0646\u0634)\u0645\u062d\u062a\u0648\u064a\u0627\u062a \u0627\u0644\u0639\u0628\u0648\u0629:100 \u0632\u0631 \u0636\u063a\u0637 (25 \u0637\u0642\u0645 \u0643\u0627\u0645\u0644)2 \u0642\u0637\u0639 \u0645\u0637\u0627\u0637 \u0623\u0628\u064a\u06361 \u0643\u0645\u0627\u0634\u0629<\/p>","protected":false},"featured_media":62667,"comment_status":"open","ping_status":"closed","template":"","meta":[],"product_brand":[],"product_cat":[2466],"product_tag":[],"class_list":{"0":"post-62668","1":"product","2":"type-product","3":"status-publish","4":"has-post-thumbnail","6":"product_cat-outillage-et-bricolage","8":"first","9":"instock","10":"taxable","11":"shipping-taxable","12":"purchasable","13":"product-type-simple"},"jetpack_sharing_enabled":true,"_links":{"self":[{"href":"https:\/\/shoponlinedz.com\/en\/wp-json\/wp\/v2\/product\/62668","targetHints":{"allow":["GET"]}}],"collection":[{"href":"https:\/\/shoponlinedz.com\/en\/wp-json\/wp\/v2\/product"}],"about":[{"href":"https:\/\/shoponlinedz.com\/en\/wp-json\/wp\/v2\/types\/product"}],"replies":[{"embeddable":true,"href":"https:\/\/shoponlinedz.com\/en\/wp-json\/wp\/v2\/comments?post=62668"}],"version-history":[{"count":0,"href":"https:\/\/shoponlinedz.com\/en\/wp-json\/wp\/v2\/product\/62668\/revisions"}],"wp:featuredmedia":[{"embeddable":true,"href":"https:\/\/shoponlinedz.com\/en\/wp-json\/wp\/v2\/media\/62667"}],"wp:attachment":[{"href":"https:\/\/shoponlinedz.com\/en\/wp-json\/wp\/v2\/media?parent=62668"}],"wp:term":[{"taxonomy":"product_brand","embeddable":true,"href":"https:\/\/shoponlinedz.com\/en\/wp-json\/wp\/v2\/product_brand?post=62668"},{"taxonomy":"product_cat","embeddable":true,"href":"https:\/\/shoponlinedz.com\/en\/wp-json\/wp\/v2\/product_cat?post=62668"},{"taxonomy":"product_tag","embeddable":true,"href":"https:\/\/shoponlinedz.com\/en\/wp-json\/wp\/v2\/product_tag?post=62668"}],"curies":[{"name":"wp","href":"https:\/\/api.w.org\/{rel}","templated":true}]}}