{"id":62619,"date":"2026-01-06T19:05:21","date_gmt":"2026-01-06T19:05:21","guid":{"rendered":"https:\/\/shoponlinedz.com\/product\/thermometre-infrarouge-pour-mesure-la-temperature-corporel-gm320\/"},"modified":"2026-02-16T16:02:33","modified_gmt":"2026-02-16T15:02:33","slug":"thermometre-infrarouge-pour-mesure-la-temperature-corporel-gm320","status":"publish","type":"product","link":"https:\/\/shoponlinedz.com\/en\/product\/thermometre-infrarouge-pour-mesure-la-temperature-corporel-gm320\/","title":{"rendered":"Thermom\u00e8tre infrarouge pour Mesur\u00e9 la Temp\u00e9rature Corporel GM320"},"content":{"rendered":"<figure class=\"attachment attachment--preview\" data-trix-attachment=\"{&quot;contentType&quot;:&quot;image&quot;,&quot;height&quot;:1024,&quot;url&quot;:&quot;https:\/\/sawaqli.fra1.cdn.digitaloceanspaces.com\/7142\/GM320-Therye-com-infrarouge-pyrom-tre-industriel-odorde-temp-rature-laser-num-rique-58-716-1.jpg&quot;,&quot;width&quot;:1024}\" data-trix-content-type=\"image\"><img decoding=\"async\" class=\"aligncenter\" src=\"https:\/\/sawaqli.fra1.cdn.digitaloceanspaces.com\/7142\/GM320-Therye-com-infrarouge-pyrom-tre-industriel-odorde-temp-rature-laser-num-rique-58-716-1.jpg\" width=\"1024\" height=\"1024\" \/><figcaption class=\"attachment__caption\"><\/figcaption><\/figure>\n<figure class=\"attachment attachment--preview\" data-trix-attachment=\"{&quot;contentType&quot;:&quot;image&quot;,&quot;height&quot;:1024,&quot;url&quot;:&quot;https:\/\/sawaqli.fra1.cdn.digitaloceanspaces.com\/7143\/H579c88a074244f6885de9cec6f46ac1bn.jpg&quot;,&quot;width&quot;:1024}\" data-trix-content-type=\"image\"><img decoding=\"async\" class=\"aligncenter\" src=\"https:\/\/sawaqli.fra1.cdn.digitaloceanspaces.com\/7143\/H579c88a074244f6885de9cec6f46ac1bn.jpg\" width=\"1024\" height=\"1024\" \/><figcaption class=\"attachment__caption\"><\/figcaption><\/figure>\n<figure class=\"attachment attachment--preview\" data-trix-attachment=\"{&quot;contentType&quot;:&quot;image&quot;,&quot;height&quot;:1024,&quot;url&quot;:&quot;https:\/\/sawaqli.fra1.cdn.digitaloceanspaces.com\/7144\/Hf39ef8fc41174a1295d0a7278549083eE.jpg&quot;,&quot;width&quot;:1024}\" data-trix-content-type=\"image\"><img decoding=\"async\" class=\"aligncenter\" src=\"https:\/\/sawaqli.fra1.cdn.digitaloceanspaces.com\/7144\/Hf39ef8fc41174a1295d0a7278549083eE.jpg\" width=\"1024\" height=\"1024\" \/><figcaption class=\"attachment__caption\"><\/figcaption><\/figure>\n<figure class=\"attachment attachment--preview\" data-trix-attachment=\"{&quot;contentType&quot;:&quot;image&quot;,&quot;height&quot;:1024,&quot;url&quot;:&quot;https:\/\/sawaqli.fra1.cdn.digitaloceanspaces.com\/7145\/Hec6db033922e4ab2b96ee626f305b0845.jpg&quot;,&quot;width&quot;:1024}\" data-trix-content-type=\"image\"><img decoding=\"async\" class=\"aligncenter\" src=\"https:\/\/sawaqli.fra1.cdn.digitaloceanspaces.com\/7145\/Hec6db033922e4ab2b96ee626f305b0845.jpg\" width=\"1024\" height=\"1024\" \/><figcaption class=\"attachment__caption\"><\/figcaption><\/figure>\n<figure class=\"attachment attachment--preview\" data-trix-attachment=\"{&quot;contentType&quot;:&quot;image&quot;,&quot;height&quot;:1024,&quot;url&quot;:&quot;https:\/\/sawaqli.fra1.cdn.digitaloceanspaces.com\/7146\/GM320-Therye-com-infrarouge-pyrom-tre-industriel-odorde-temp-rature-laser-num-rique-58-716.jpg&quot;,&quot;width&quot;:1024}\" data-trix-content-type=\"image\"><img decoding=\"async\" class=\"aligncenter\" src=\"https:\/\/sawaqli.fra1.cdn.digitaloceanspaces.com\/7146\/GM320-Therye-com-infrarouge-pyrom-tre-industriel-odorde-temp-rature-laser-num-rique-58-716.jpg\" width=\"1024\" height=\"1024\" \/><figcaption class=\"attachment__caption\"><\/figcaption><\/figure>\n<p style=\"text-align: center;\">","protected":false},"excerpt":{"rendered":"<p>\u0627\u0644\u0646\u0642\u0627\u0637 \u0627\u0644\u0631\u0626\u064a\u0633\u064a\u0629 \u0644\u0645\u064a\u0632\u0627\u0646 \u0627\u0644\u062d\u0631\u0627\u0631\u0629 \u0628\u0627\u0644\u0623\u0634\u0639\u0629 \u062a\u062d\u062a \u0627\u0644\u062d\u0645\u0631\u0627\u0621:\u0633\u0647\u0644 \u0627\u0644\u062a\u0631\u0643\u064a\u0628 \u0648\u0627\u0644\u0627\u0633\u062a\u062e\u062f\u0627\u0645: \u062a\u0635\u0645\u064a\u0645 \u0628\u0633\u064a\u0637 \u064a\u062c\u0639\u0644 \u062a\u0634\u063a\u064a\u0644\u0647 \u0645\u0628\u0627\u0634\u0631\u064b\u0627 \u0644\u0644\u062c\u0645\u064a\u0639.\u0645\u0635\u0646\u0648\u0639 \u0645\u0646 \u062e\u0634\u0628 \u0639\u0627\u0644\u064a \u0627\u0644\u062c\u0648\u062f\u0629: \u0639\u062f\u0633\u0629 \u0628\u0635\u0631\u064a\u0629 \u0627\u062d\u062a\u0631\u0627\u0641\u064a\u0629 \u0645\u0639 \u0634\u0627\u0634\u0629 LCD \u0628\u0625\u0636\u0627\u0621\u0629 \u062e\u0644\u0641\u064a\u0629 \u0628\u064a\u0636\u0627\u0621 \u0648\u0647\u064a\u0643\u0644 \u062e\u0634\u0628\u064a \u0623\u0646\u064a\u0642.\u0625\u0636\u0627\u0621\u0629 \u0645\u0646\u062e\u0641\u0636\u0629 \u0648\u0648\u0627\u0636\u062d\u0629: \u0642\u0631\u0627\u0621\u0629 \u062f\u0642\u064a\u0642\u0629 \u0644\u062f\u0631\u062c\u0627\u062a \u0627\u0644\u062d\u0631\u0627\u0631\u0629 \u062d\u062a\u0649 \u0641\u064a \u0627\u0644\u0625\u0636\u0627\u0621\u0629 \u0627\u0644\u0636\u0639\u064a\u0641\u0629 \u0623\u0648 \u0627\u0644\u0642\u0648\u064a\u0629.\u0645\u062a\u064a\u0646 \u0648\u0641\u0639\u0627\u0644: \u0647\u064a\u0643\u0644 \u0645\u0646 \u0627\u0644\u0641\u0648\u0644\u0627\u0630 \u0627\u0644\u0645\u0642\u0627\u0648\u0645 \u0644\u0644\u0635\u062f\u0623 \u0645\u0642\u0627\u0648\u0645 \u0644\u0644\u0635\u062f\u0623 \u0648\u0627\u0644\u0631\u0637\u0648\u0628\u0629 \u0648\u064a\u0636\u0645\u0646 \u0637\u0648\u0644 \u0639\u0645\u0631 \u0627\u0644\u0645\u0646\u062a\u062c.\u0645\u0646\u0627\u0633\u0628 \u0644\u0644\u062f\u064a\u0643\u0648\u0631: \u0634\u0627\u0634\u0629 \u0643\u0628\u064a\u0631\u0629 \u0645\u0636\u064a\u0626\u0629 \u062a\u062c\u0639\u0644 \u0642\u0631\u0627\u0621\u0629 \u0627\u0644\u062d\u0631\u0627\u0631\u0629 \u0645\u0645\u0643\u0646\u0629 \u062d\u062a\u0649 \u0641\u064a \u0627\u0644\u0638\u0644\u0627\u0645\u060c \u0645\u062b\u0627\u0644\u064a \u0644\u0644\u0645\u0646\u0627\u0632\u0644 \u0648\u0627\u0644\u0645\u0643\u0627\u062a\u0628 \u0648\u0627\u0644\u0623\u0646\u0634\u0637\u0629 \u0627\u0644\u062e\u0627\u0631\u062c\u064a\u0629.\u0622\u0645\u0646 \u0648\u0633\u0647\u0644 \u0627\u0644\u062d\u0645\u0644: \u064a\u0645\u0643\u0646 \u0648\u0636\u0639\u0647 \u0641\u064a \u0627\u0644\u062c\u064a\u0628 \u0623\u0648 \u062a\u0639\u0644\u064a\u0642\u0647 \u0639\u0644\u0649 \u0627\u0644\u062d\u0642\u064a\u0628\u0629\u060c \u0645\u0648\u0641\u0631 \u0644\u0644\u0637\u0627\u0642\u0629 \u0648\u0622\u0645\u0646 \u0644\u0644\u0627\u0633\u062a\u062e\u062f\u0627\u0645.<\/p>","protected":false},"featured_media":62618,"comment_status":"open","ping_status":"closed","template":"","meta":[],"product_brand":[],"product_cat":[2463],"product_tag":[],"class_list":{"0":"post-62619","1":"product","2":"type-product","3":"status-publish","4":"has-post-thumbnail","6":"product_cat-electronique","8":"first","9":"instock","10":"taxable","11":"shipping-taxable","12":"purchasable","13":"product-type-simple"},"jetpack_sharing_enabled":true,"_links":{"self":[{"href":"https:\/\/shoponlinedz.com\/en\/wp-json\/wp\/v2\/product\/62619","targetHints":{"allow":["GET"]}}],"collection":[{"href":"https:\/\/shoponlinedz.com\/en\/wp-json\/wp\/v2\/product"}],"about":[{"href":"https:\/\/shoponlinedz.com\/en\/wp-json\/wp\/v2\/types\/product"}],"replies":[{"embeddable":true,"href":"https:\/\/shoponlinedz.com\/en\/wp-json\/wp\/v2\/comments?post=62619"}],"version-history":[{"count":0,"href":"https:\/\/shoponlinedz.com\/en\/wp-json\/wp\/v2\/product\/62619\/revisions"}],"wp:featuredmedia":[{"embeddable":true,"href":"https:\/\/shoponlinedz.com\/en\/wp-json\/wp\/v2\/media\/62618"}],"wp:attachment":[{"href":"https:\/\/shoponlinedz.com\/en\/wp-json\/wp\/v2\/media?parent=62619"}],"wp:term":[{"taxonomy":"product_brand","embeddable":true,"href":"https:\/\/shoponlinedz.com\/en\/wp-json\/wp\/v2\/product_brand?post=62619"},{"taxonomy":"product_cat","embeddable":true,"href":"https:\/\/shoponlinedz.com\/en\/wp-json\/wp\/v2\/product_cat?post=62619"},{"taxonomy":"product_tag","embeddable":true,"href":"https:\/\/shoponlinedz.com\/en\/wp-json\/wp\/v2\/product_tag?post=62619"}],"curies":[{"name":"wp","href":"https:\/\/api.w.org\/{rel}","templated":true}]}}