{"id":62529,"date":"2026-01-06T19:01:19","date_gmt":"2026-01-06T19:01:19","guid":{"rendered":"https:\/\/shoponlinedz.com\/product\/veilleuse-led-tactile-sans-fil-a-intensite-reglable-avec-chargeur-usb\/"},"modified":"2026-02-16T16:02:35","modified_gmt":"2026-02-16T15:02:35","slug":"veilleuse-led-tactile-sans-fil-a-intensite-reglable-avec-chargeur-usb","status":"publish","type":"product","link":"https:\/\/shoponlinedz.com\/en\/product\/veilleuse-led-tactile-sans-fil-a-intensite-reglable-avec-chargeur-usb\/","title":{"rendered":"Veilleuse LED Tactile Sans Fil \u00e0 Intensit\u00e9 R\u00e9glable avec Chargeur USB"},"content":{"rendered":"<figure class=\"attachment attachment--preview\" data-trix-attachment=\"{&quot;contentType&quot;:&quot;image&quot;,&quot;height&quot;:1024,&quot;url&quot;:&quot;https:\/\/sawaqli.fra1.cdn.digitaloceanspaces.com\/7565\/0-1.jpg&quot;,&quot;width&quot;:1024}\" data-trix-content-type=\"image\"><img decoding=\"async\" class=\"aligncenter\" src=\"https:\/\/sawaqli.fra1.cdn.digitaloceanspaces.com\/7565\/0-1.jpg\" width=\"1024\" height=\"1024\" \/><figcaption class=\"attachment__caption\"><\/figcaption><\/figure>\n<figure class=\"attachment attachment--preview\" data-trix-attachment=\"{&quot;contentType&quot;:&quot;image&quot;,&quot;height&quot;:1024,&quot;url&quot;:&quot;https:\/\/sawaqli.fra1.cdn.digitaloceanspaces.com\/7566\/1-1.jpg&quot;,&quot;width&quot;:1024}\" data-trix-content-type=\"image\"><img decoding=\"async\" class=\"aligncenter\" src=\"https:\/\/sawaqli.fra1.cdn.digitaloceanspaces.com\/7566\/1-1.jpg\" width=\"1024\" height=\"1024\" \/><figcaption class=\"attachment__caption\"><\/figcaption><\/figure>\n<figure class=\"attachment attachment--preview\" data-trix-attachment=\"{&quot;contentType&quot;:&quot;image&quot;,&quot;height&quot;:1024,&quot;url&quot;:&quot;https:\/\/sawaqli.fra1.cdn.digitaloceanspaces.com\/7567\/2.jpg&quot;,&quot;width&quot;:1024}\" data-trix-content-type=\"image\"><img decoding=\"async\" class=\"aligncenter\" src=\"https:\/\/sawaqli.fra1.cdn.digitaloceanspaces.com\/7567\/2.jpg\" width=\"1024\" height=\"1024\" \/><figcaption class=\"attachment__caption\"><\/figcaption><\/figure>\n<figure class=\"attachment attachment--preview\" data-trix-attachment=\"{&quot;contentType&quot;:&quot;image&quot;,&quot;height&quot;:1024,&quot;url&quot;:&quot;https:\/\/sawaqli.fra1.cdn.digitaloceanspaces.com\/7568\/3-1.jpg&quot;,&quot;width&quot;:1024}\" data-trix-content-type=\"image\"><img decoding=\"async\" class=\"aligncenter\" src=\"https:\/\/sawaqli.fra1.cdn.digitaloceanspaces.com\/7568\/3-1.jpg\" width=\"1024\" height=\"1024\" \/><figcaption class=\"attachment__caption\"><\/figcaption><\/figure>\n<figure class=\"attachment attachment--preview\" data-trix-attachment=\"{&quot;contentType&quot;:&quot;image&quot;,&quot;height&quot;:1024,&quot;url&quot;:&quot;https:\/\/sawaqli.fra1.cdn.digitaloceanspaces.com\/7569\/4-1.jpg&quot;,&quot;width&quot;:1024}\" data-trix-content-type=\"image\"><img decoding=\"async\" class=\"aligncenter\" src=\"https:\/\/sawaqli.fra1.cdn.digitaloceanspaces.com\/7569\/4-1.jpg\" width=\"1024\" height=\"1024\" \/><figcaption class=\"attachment__caption\"><\/figcaption><\/figure>\n<p style=\"text-align: center;\">","protected":false},"excerpt":{"rendered":"<p>\u0645\u0635\u0628\u0627\u062d \u0627\u0644\u0642\u0631\u0627\u0621\u0629 \u0628\u062b\u0644\u0627\u062b \u062f\u0631\u062c\u0627\u062a \u062d\u0631\u0627\u0631\u0629\u064a\u0648\u0641\u0631 \u062b\u0644\u0627\u062b \u062f\u0631\u062c\u0627\u062a \u062d\u0631\u0627\u0631\u0629 \u0644\u0644\u0636\u0648\u0621: \u0623\u0628\u064a\u0636\u060c \u062f\u0627\u0641\u0626\u060c \u0648\u0623\u0628\u064a\u0636 \u062f\u0627\u0641\u0626.\u0625\u0645\u0643\u0627\u0646\u064a\u0629 \u062a\u0639\u062f\u064a\u0644 \u0634\u062f\u0629 \u0627\u0644\u0625\u0636\u0627\u0621\u0629 \u0628\u0627\u0644\u0636\u063a\u0637 \u0627\u0644\u0645\u0637\u0648\u0651\u0644 \u0639\u0644\u0649 \u0632\u0631 \u0627\u0644\u062a\u0634\u063a\u064a\u0644.\u0628\u0637\u0627\u0631\u064a\u0629 \u0645\u062f\u0645\u062c\u0629 \u0633\u0639\u0629 1800mAh \u0642\u0627\u0628\u0644\u0629 \u0644\u0644\u0634\u062d\u0646\u060c \u062a\u0639\u0645\u0644 \u0644\u0645\u062f\u0629 6-8 \u0633\u0627\u0639\u0627\u062a \u0628\u0639\u062f \u0627\u0644\u0634\u062d\u0646 \u0627\u0644\u0643\u0627\u0645\u0644.\u064a\u0645\u0643\u0646 \u0627\u0633\u062a\u062e\u062f\u0627\u0645\u0647 \u0643\u0645\u0635\u0628\u0627\u062d \u0644\u064a\u0644\u064a\u060c \u0645\u0643\u062a\u0628\u064a\u060c \u0623\u0648 \u0637\u0627\u0648\u0644\u0629\u060c \u0645\u0646\u0627\u0633\u0628 \u0644\u0644\u0642\u0631\u0627\u0621\u0629\u060c \u0627\u0644\u062d\u064a\u0627\u0643\u0629\u060c \u0627\u0644\u062f\u0631\u0627\u0633\u0629 \u0648\u063a\u064a\u0631\u0647\u0627.\u062a\u0635\u0645\u064a\u0645 \u0646\u0627\u0639\u0645 \u0648\u0639\u0627\u0644\u064a \u0627\u0644\u062c\u0648\u062f\u0629 \u0645\u0646\u0627\u0633\u0628 \u0644\u0644\u0627\u0633\u062a\u062e\u062f\u0627\u0645 \u0627\u0644\u062f\u0627\u062e\u0644\u064a \u0648\u0627\u0644\u062e\u0627\u0631\u062c\u064a.<\/p>","protected":false},"featured_media":62528,"comment_status":"open","ping_status":"closed","template":"","meta":[],"product_brand":[],"product_cat":[2455],"product_tag":[],"class_list":{"0":"post-62529","1":"product","2":"type-product","3":"status-publish","4":"has-post-thumbnail","6":"product_cat-maison","8":"first","9":"instock","10":"taxable","11":"shipping-taxable","12":"purchasable","13":"product-type-simple"},"jetpack_sharing_enabled":true,"_links":{"self":[{"href":"https:\/\/shoponlinedz.com\/en\/wp-json\/wp\/v2\/product\/62529","targetHints":{"allow":["GET"]}}],"collection":[{"href":"https:\/\/shoponlinedz.com\/en\/wp-json\/wp\/v2\/product"}],"about":[{"href":"https:\/\/shoponlinedz.com\/en\/wp-json\/wp\/v2\/types\/product"}],"replies":[{"embeddable":true,"href":"https:\/\/shoponlinedz.com\/en\/wp-json\/wp\/v2\/comments?post=62529"}],"version-history":[{"count":0,"href":"https:\/\/shoponlinedz.com\/en\/wp-json\/wp\/v2\/product\/62529\/revisions"}],"wp:featuredmedia":[{"embeddable":true,"href":"https:\/\/shoponlinedz.com\/en\/wp-json\/wp\/v2\/media\/62528"}],"wp:attachment":[{"href":"https:\/\/shoponlinedz.com\/en\/wp-json\/wp\/v2\/media?parent=62529"}],"wp:term":[{"taxonomy":"product_brand","embeddable":true,"href":"https:\/\/shoponlinedz.com\/en\/wp-json\/wp\/v2\/product_brand?post=62529"},{"taxonomy":"product_cat","embeddable":true,"href":"https:\/\/shoponlinedz.com\/en\/wp-json\/wp\/v2\/product_cat?post=62529"},{"taxonomy":"product_tag","embeddable":true,"href":"https:\/\/shoponlinedz.com\/en\/wp-json\/wp\/v2\/product_tag?post=62529"}],"curies":[{"name":"wp","href":"https:\/\/api.w.org\/{rel}","templated":true}]}}