{"id":62514,"date":"2026-01-06T19:00:30","date_gmt":"2026-01-06T19:00:30","guid":{"rendered":"https:\/\/shoponlinedz.com\/product\/desodorisant-solaire-en-forme-dhelicoptere-pour-voiture\/"},"modified":"2026-02-16T16:02:36","modified_gmt":"2026-02-16T15:02:36","slug":"desodorisant-solaire-en-forme-dhelicoptere-pour-voiture","status":"publish","type":"product","link":"https:\/\/shoponlinedz.com\/en\/product\/desodorisant-solaire-en-forme-dhelicoptere-pour-voiture\/","title":{"rendered":"D\u00e9sodorisant solaire en forme d&#8217;h\u00e9licopt\u00e8re pour voiture"},"content":{"rendered":"<figure class=\"attachment attachment--preview\" data-trix-attachment=\"{&quot;contentType&quot;:&quot;image&quot;,&quot;height&quot;:1024,&quot;url&quot;:&quot;https:\/\/sawaqli.fra1.cdn.digitaloceanspaces.com\/7663\/Touret-SDFZEGmeu1254ds45sdsDDDlesd45.jpg&quot;,&quot;width&quot;:1024}\" data-trix-content-type=\"image\"><img decoding=\"async\" class=\"aligncenter\" src=\"https:\/\/sawaqli.fra1.cdn.digitaloceanspaces.com\/7663\/Touret-SDFZEGmeu1254ds45sdsDDDlesd45.jpg\" width=\"1024\" height=\"1024\" \/><figcaption class=\"attachment__caption\"><\/figcaption><\/figure>\n<figure class=\"attachment attachment--preview\" data-trix-attachment=\"{&quot;contentType&quot;:&quot;image&quot;,&quot;height&quot;:1024,&quot;url&quot;:&quot;https:\/\/sawaqli.fra1.cdn.digitaloceanspaces.com\/7664\/0-6.jpg&quot;,&quot;width&quot;:1024}\" data-trix-content-type=\"image\"><img decoding=\"async\" class=\"aligncenter\" src=\"https:\/\/sawaqli.fra1.cdn.digitaloceanspaces.com\/7664\/0-6.jpg\" width=\"1024\" height=\"1024\" \/><figcaption class=\"attachment__caption\"><\/figcaption><\/figure>\n<figure class=\"attachment attachment--preview\" data-trix-attachment=\"{&quot;contentType&quot;:&quot;image&quot;,&quot;height&quot;:1024,&quot;url&quot;:&quot;https:\/\/sawaqli.fra1.cdn.digitaloceanspaces.com\/7665\/1-7.jpg&quot;,&quot;width&quot;:1024}\" data-trix-content-type=\"image\"><img decoding=\"async\" class=\"aligncenter\" src=\"https:\/\/sawaqli.fra1.cdn.digitaloceanspaces.com\/7665\/1-7.jpg\" width=\"1024\" height=\"1024\" \/><figcaption class=\"attachment__caption\"><\/figcaption><\/figure>\n<figure class=\"attachment attachment--preview\" data-trix-attachment=\"{&quot;contentType&quot;:&quot;image&quot;,&quot;height&quot;:1024,&quot;url&quot;:&quot;https:\/\/sawaqli.fra1.cdn.digitaloceanspaces.com\/7666\/2-7.jpg&quot;,&quot;width&quot;:1024}\" data-trix-content-type=\"image\"><img decoding=\"async\" class=\"aligncenter\" src=\"https:\/\/sawaqli.fra1.cdn.digitaloceanspaces.com\/7666\/2-7.jpg\" width=\"1024\" height=\"1024\" \/><figcaption class=\"attachment__caption\"><\/figcaption><\/figure>\n<figure class=\"attachment attachment--preview\" data-trix-attachment=\"{&quot;contentType&quot;:&quot;image&quot;,&quot;height&quot;:1024,&quot;url&quot;:&quot;https:\/\/sawaqli.fra1.cdn.digitaloceanspaces.com\/7667\/3-8.jpg&quot;,&quot;width&quot;:1024}\" data-trix-content-type=\"image\"><img decoding=\"async\" class=\"aligncenter\" src=\"https:\/\/sawaqli.fra1.cdn.digitaloceanspaces.com\/7667\/3-8.jpg\" width=\"1024\" height=\"1024\" \/><figcaption class=\"attachment__caption\"><\/figcaption><\/figure>\n<p style=\"text-align: center;\">","protected":false},"excerpt":{"rendered":"<p>\u0645\u0646\u0642\u0651\u064a \u0647\u0648\u0627\u0621 \u0644\u0644\u0633\u064a\u0627\u0631\u0629 \u0645\u0639 \u0642\u0627\u0639\u062f\u0629 \u062e\u0634\u0628\u064a\u0629 \u0644\u0644\u0631\u0627\u0626\u062d\u0629\u0627\u0644\u0644\u0648\u0646: \u0641\u0636\u064a \/ \u0623\u0632\u0631\u0642 \/ \u0623\u062d\u0645\u0631 \/ \u0623\u0633\u0648\u062f\u0627\u0644\u0648\u0632\u0646: \u062d\u0648\u0627\u0644\u064a 170 \u062c\u0645\u0627\u0644\u0645\u0645\u064a\u0632\u0627\u062a:\u0647\u062f\u064a\u0629 \u0645\u062b\u0627\u0644\u064a\u0629 \u0644\u0644\u0639\u0627\u0626\u0644\u0629 \u0648\u0627\u0644\u0623\u0635\u062f\u0642\u0627\u0621.\u0642\u0627\u0639\u062f\u0629 \u0645\u0646 \u062e\u0634\u0628 \u0627\u0644\u0632\u0627\u0646 \u0644\u062d\u0641\u0638 \u0627\u0644\u0639\u0637\u0631 \u0644\u0641\u062a\u0631\u0629 \u0623\u0637\u0648\u0644.\u062a\u0635\u0645\u064a\u0645 \u0623\u0646\u064a\u0642 \u0648\u0635\u063a\u064a\u0631 \u0627\u0644\u062d\u062c\u0645 \u0645\u0646\u0627\u0633\u0628 \u0644\u0644\u0633\u064a\u0627\u0631\u0627\u062a.<\/p>","protected":false},"featured_media":62513,"comment_status":"open","ping_status":"closed","template":"","meta":[],"product_brand":[],"product_cat":[2463],"product_tag":[],"class_list":{"0":"post-62514","1":"product","2":"type-product","3":"status-publish","4":"has-post-thumbnail","6":"product_cat-electronique","8":"first","9":"instock","10":"taxable","11":"shipping-taxable","12":"purchasable","13":"product-type-simple"},"jetpack_sharing_enabled":true,"_links":{"self":[{"href":"https:\/\/shoponlinedz.com\/en\/wp-json\/wp\/v2\/product\/62514","targetHints":{"allow":["GET"]}}],"collection":[{"href":"https:\/\/shoponlinedz.com\/en\/wp-json\/wp\/v2\/product"}],"about":[{"href":"https:\/\/shoponlinedz.com\/en\/wp-json\/wp\/v2\/types\/product"}],"replies":[{"embeddable":true,"href":"https:\/\/shoponlinedz.com\/en\/wp-json\/wp\/v2\/comments?post=62514"}],"version-history":[{"count":0,"href":"https:\/\/shoponlinedz.com\/en\/wp-json\/wp\/v2\/product\/62514\/revisions"}],"wp:featuredmedia":[{"embeddable":true,"href":"https:\/\/shoponlinedz.com\/en\/wp-json\/wp\/v2\/media\/62513"}],"wp:attachment":[{"href":"https:\/\/shoponlinedz.com\/en\/wp-json\/wp\/v2\/media?parent=62514"}],"wp:term":[{"taxonomy":"product_brand","embeddable":true,"href":"https:\/\/shoponlinedz.com\/en\/wp-json\/wp\/v2\/product_brand?post=62514"},{"taxonomy":"product_cat","embeddable":true,"href":"https:\/\/shoponlinedz.com\/en\/wp-json\/wp\/v2\/product_cat?post=62514"},{"taxonomy":"product_tag","embeddable":true,"href":"https:\/\/shoponlinedz.com\/en\/wp-json\/wp\/v2\/product_tag?post=62514"}],"curies":[{"name":"wp","href":"https:\/\/api.w.org\/{rel}","templated":true}]}}