{"id":62311,"date":"2026-01-06T18:51:16","date_gmt":"2026-01-06T18:51:16","guid":{"rendered":"https:\/\/shoponlinedz.com\/product\/clavier-et-pad-sans-fil-tricolor-retroeclaire-usb-multimedia-controle\/"},"modified":"2026-02-16T16:02:39","modified_gmt":"2026-02-16T15:02:39","slug":"clavier-et-pad-sans-fil-tricolor-retroeclaire-usb-multimedia-controle","status":"publish","type":"product","link":"https:\/\/shoponlinedz.com\/en\/product\/clavier-et-pad-sans-fil-tricolor-retroeclaire-usb-multimedia-controle\/","title":{"rendered":"Clavier et Pad sans fil Tricolor r\u00e9tro\u00e9clair\u00e9 USB multim\u00e9dia contr\u00f4le"},"content":{"rendered":"<figure class=\"attachment attachment--preview\" data-trix-attachment=\"{&quot;contentType&quot;:&quot;image&quot;,&quot;height&quot;:1024,&quot;url&quot;:&quot;https:\/\/sawaqli.fra1.cdn.digitaloceanspaces.com\/38418\/air-mouse-cnc.jpg&quot;,&quot;width&quot;:1024}\" data-trix-content-type=\"image\"><img decoding=\"async\" class=\"aligncenter\" src=\"https:\/\/sawaqli.fra1.cdn.digitaloceanspaces.com\/38418\/air-mouse-cnc.jpg\" width=\"1024\" height=\"1024\" \/><figcaption class=\"attachment__caption\"><\/figcaption><\/figure>\n<figure class=\"attachment attachment--preview\" data-trix-attachment=\"{&quot;contentType&quot;:&quot;image&quot;,&quot;height&quot;:1024,&quot;url&quot;:&quot;https:\/\/sawaqli.fra1.cdn.digitaloceanspaces.com\/38419\/Clavier-Gamer-sans-fil-4G-Mini-clavier-Rechargeable-92-touches-t-l-commande-tactile-avec-r.jpg_Q90.jpg_-1.jpg&quot;,&quot;width&quot;:1024}\" data-trix-content-type=\"image\"><img decoding=\"async\" class=\"aligncenter\" src=\"https:\/\/sawaqli.fra1.cdn.digitaloceanspaces.com\/38419\/Clavier-Gamer-sans-fil-4G-Mini-clavier-Rechargeable-92-touches-t-l-commande-tactile-avec-r.jpg_Q90.jpg_-1.jpg\" width=\"1024\" height=\"1024\" \/><figcaption class=\"attachment__caption\"><\/figcaption><\/figure>\n<figure class=\"attachment attachment--preview\" data-trix-attachment=\"{&quot;contentType&quot;:&quot;image&quot;,&quot;height&quot;:1024,&quot;url&quot;:&quot;https:\/\/sawaqli.fra1.cdn.digitaloceanspaces.com\/38420\/H4506088a85ca471e931c24ba7af49c25q.jpg&quot;,&quot;width&quot;:1024}\" data-trix-content-type=\"image\"><img decoding=\"async\" class=\"aligncenter\" src=\"https:\/\/sawaqli.fra1.cdn.digitaloceanspaces.com\/38420\/H4506088a85ca471e931c24ba7af49c25q.jpg\" width=\"1024\" height=\"1024\" \/><figcaption class=\"attachment__caption\"><\/figcaption><\/figure>\n<figure class=\"attachment attachment--preview\" data-trix-attachment=\"{&quot;contentType&quot;:&quot;image&quot;,&quot;height&quot;:1024,&quot;url&quot;:&quot;https:\/\/sawaqli.fra1.cdn.digitaloceanspaces.com\/38421\/H20d215bf521845bd959e32f38f618e90T.jpg&quot;,&quot;width&quot;:1024}\" data-trix-content-type=\"image\"><img decoding=\"async\" class=\"aligncenter\" src=\"https:\/\/sawaqli.fra1.cdn.digitaloceanspaces.com\/38421\/H20d215bf521845bd959e32f38f618e90T.jpg\" width=\"1024\" height=\"1024\" \/><figcaption class=\"attachment__caption\"><\/figcaption><\/figure>\n<figure class=\"attachment attachment--preview\" data-trix-attachment=\"{&quot;contentType&quot;:&quot;image&quot;,&quot;height&quot;:1024,&quot;url&quot;:&quot;https:\/\/sawaqli.fra1.cdn.digitaloceanspaces.com\/38422\/Hd7efd49e08d049d2bb36e7173b332309x.jpg&quot;,&quot;width&quot;:1024}\" data-trix-content-type=\"image\"><img decoding=\"async\" class=\"aligncenter\" src=\"https:\/\/sawaqli.fra1.cdn.digitaloceanspaces.com\/38422\/Hd7efd49e08d049d2bb36e7173b332309x.jpg\" width=\"1024\" height=\"1024\" \/><figcaption class=\"attachment__caption\"><\/figcaption><\/figure>\n<p style=\"text-align: center;\">","protected":false},"excerpt":{"rendered":"<p>\u0627\u0644\u0645\u0645\u064a\u0632\u0627\u062a:\u064a\u0645\u0643\u0646 \u062a\u0648\u0635\u064a\u0644\u0647 \u0628\u062c\u0647\u0627\u0632 \u0643\u0645\u0628\u064a\u0648\u062a\u0631 \u0645\u0643\u062a\u0628\u064a\u060c \u0643\u0645\u0628\u064a\u0648\u062a\u0631 \u0645\u062d\u0645\u0648\u0644\u060c \u062a\u0644\u0641\u0627\u0632 \u0627\u0644\u0633\u064a\u0627\u0631\u0629\u060c HTPC\u060c \u0634\u0627\u0634\u0629 \u0643\u0628\u064a\u0631\u0629\u060c \u062a\u0644\u0641\u0627\u0632 \u0630\u0643\u064a\u060c \u0645\u0634\u063a\u0644 \u0634\u0628\u0643\u064a\u060c \u062c\u0647\u0627\u0632 \u0627\u0633\u062a\u0642\u0628\u0627\u0644 Android \u0623\u0648 X-BOX.\u0644\u0648\u062d\u0629 \u0645\u0641\u0627\u062a\u064a\u062d \u0644\u0627\u0633\u0644\u0643\u064a\u0629 \u0645\u062d\u0645\u0648\u0644\u0629 \u0648\u0645\u0631\u064a\u062d\u0629 \u0628\u0644\u0645\u0633\u0629 \u0648\u062a\u0635\u0645\u064a\u0645 \u0623\u0646\u064a\u0642.\u0644\u0648\u062d\u0629 \u0645\u0641\u0627\u062a\u064a\u062d QWERTY \u062a\u0636\u0645 92 \u0645\u0641\u062a\u0627\u062d\u0627\u064b.\u062a\u0635\u0645\u064a\u0645 \u0645\u0631\u064a\u062d \u0628\u0645\u0638\u0647\u0631 \u0623\u0646\u064a\u0642.\u0644\u0648\u062d\u0629 \u0644\u0645\u0633 \u0623\u0643\u0628\u0631 \u0645\u0639 \u0632\u0631\u064a\u0646 \u0644\u0645\u062d\u0627\u0643\u0627\u0629 \u0627\u0644\u0641\u0623\u0631\u0629.\u0645\u0635\u0646\u0648\u0639\u0629 \u0645\u0646 \u0645\u0648\u0627\u062f \u0635\u062f\u064a\u0642\u0629 \u0644\u0644\u0628\u064a\u0626\u0629 \u0648\u0645\u062a\u0648\u0627\u0641\u0642\u0629 \u0645\u0639 \u0645\u0639\u0627\u064a\u064a\u0631 ROHS.\u062a\u0642\u0646\u064a\u0629 \u0645\u0637\u0627\u0628\u0642\u0629 \u0630\u0643\u064a\u0629 \u062a\u0645\u0646\u0639 \u0641\u0642\u062f\u0627\u0646 \u062c\u0647\u0627\u0632 \u0627\u0644\u0627\u0633\u062a\u0642\u0628\u0627\u0644.\u0645\u0641\u0627\u062a\u064a\u062d \u062a\u0634\u063a\u064a\u0644 \u0633\u0631\u064a\u0639\u0629 \u0644\u0627\u0633\u062a\u062e\u062f\u0627\u0645 \u0623\u0633\u0647\u0644.\u0627\u0644\u0645\u0648\u0627\u0635\u0641\u0627\u062a:\u0627\u0644\u0645\u0627\u062f\u0629: \u0628\u0644\u0627\u0633\u062a\u064a\u0643\u0646\u0637\u0627\u0642 \u0627\u0644\u0625\u0631\u0633\u0627\u0644: \u062d\u062a\u0649 10 \u0623\u0645\u062a\u0627\u0631\u062c\u0647\u062f \u0627\u0644\u062a\u0634\u063a\u064a\u0644: 3.3 \u0641\u0648\u0644\u062a\u062a\u064a\u0627\u0631 \u0627\u0644\u062a\u0634\u063a\u064a\u0644: \u0623\u0642\u0644 \u0645\u0646 50mA\u062a\u064a\u0627\u0631 \u0627\u0644\u0634\u062d\u0646: \u0623\u0642\u0644 \u0645\u0646 300mA\u062a\u064a\u0627\u0631 \u0648\u0636\u0639 \u0627\u0644\u0633\u0643\u0648\u0646: \u0623\u0642\u0644 \u0645\u0646 1mA\u0646\u0648\u0639 \u0627\u0644\u0628\u0637\u0627\u0631\u064a\u0629: \u0644\u064a\u062b\u064a\u0648\u0645 \u0642\u0627\u0628\u0644\u0629 \u0644\u0625\u0639\u0627\u062f\u0629 \u0627\u0644\u0634\u062d\u0646\u0646\u0648\u0639 \u0627\u0644\u0634\u062d\u0646: USB\u0623\u0646\u0638\u0645\u0629 \u0627\u0644\u062a\u0634\u063a\u064a\u0644 \u0627\u0644\u0645\u062a\u0648\u0627\u0641\u0642\u0629: Windows 2000\/XP\/Vista\/CE\/7\/8\/10\u060c Linux\u060c Android\u0646\u0637\u0627\u0642 \u062a\u0631\u062f\u062f \u0627\u0644\u0627\u0633\u062a\u062c\u0627\u0628\u0629: 2.403GHz ~ 2.480GHz\u0627\u0644\u0644\u0648\u0646: \u0623\u0633\u0648\u062f\u0627\u0644\u0623\u0628\u0639\u0627\u062f: 14.68 \u00d7 9.75 \u00d7 1.9 \u0633\u0645\u0645\u062d\u062a\u0648\u064a\u0627\u062a \u0627\u0644\u0639\u0628\u0648\u0629:1 \u00d7 \u0644\u0648\u062d\u0629 \u0645\u0641\u0627\u062a\u064a\u062d \u0644\u0627\u0633\u0644\u0643\u064a\u0629<\/p>","protected":false},"featured_media":62310,"comment_status":"open","ping_status":"closed","template":"","meta":[],"product_brand":[],"product_cat":[2463],"product_tag":[],"class_list":{"0":"post-62311","1":"product","2":"type-product","3":"status-publish","4":"has-post-thumbnail","6":"product_cat-electronique","8":"first","9":"instock","10":"taxable","11":"shipping-taxable","12":"purchasable","13":"product-type-simple"},"jetpack_sharing_enabled":true,"_links":{"self":[{"href":"https:\/\/shoponlinedz.com\/en\/wp-json\/wp\/v2\/product\/62311","targetHints":{"allow":["GET"]}}],"collection":[{"href":"https:\/\/shoponlinedz.com\/en\/wp-json\/wp\/v2\/product"}],"about":[{"href":"https:\/\/shoponlinedz.com\/en\/wp-json\/wp\/v2\/types\/product"}],"replies":[{"embeddable":true,"href":"https:\/\/shoponlinedz.com\/en\/wp-json\/wp\/v2\/comments?post=62311"}],"version-history":[{"count":0,"href":"https:\/\/shoponlinedz.com\/en\/wp-json\/wp\/v2\/product\/62311\/revisions"}],"wp:featuredmedia":[{"embeddable":true,"href":"https:\/\/shoponlinedz.com\/en\/wp-json\/wp\/v2\/media\/62310"}],"wp:attachment":[{"href":"https:\/\/shoponlinedz.com\/en\/wp-json\/wp\/v2\/media?parent=62311"}],"wp:term":[{"taxonomy":"product_brand","embeddable":true,"href":"https:\/\/shoponlinedz.com\/en\/wp-json\/wp\/v2\/product_brand?post=62311"},{"taxonomy":"product_cat","embeddable":true,"href":"https:\/\/shoponlinedz.com\/en\/wp-json\/wp\/v2\/product_cat?post=62311"},{"taxonomy":"product_tag","embeddable":true,"href":"https:\/\/shoponlinedz.com\/en\/wp-json\/wp\/v2\/product_tag?post=62311"}],"curies":[{"name":"wp","href":"https:\/\/api.w.org\/{rel}","templated":true}]}}