{"id":62268,"date":"2026-01-06T18:49:44","date_gmt":"2026-01-06T18:49:44","guid":{"rendered":"https:\/\/shoponlinedz.com\/product\/sac-a-dos-et-landau-pour-bebe-pliable-3in1\/"},"modified":"2026-02-16T16:02:39","modified_gmt":"2026-02-16T15:02:39","slug":"sac-a-dos-et-landau-pour-bebe-pliable-3in1","status":"publish","type":"product","link":"https:\/\/shoponlinedz.com\/en\/product\/sac-a-dos-et-landau-pour-bebe-pliable-3in1\/","title":{"rendered":"Sac \u00e0 dos et landau pour b\u00e9b\u00e9 pliable 3in1"},"content":{"rendered":"<figure class=\"attachment attachment--preview\" data-trix-attachment=\"{&quot;contentType&quot;:&quot;image&quot;,&quot;height&quot;:1024,&quot;url&quot;:&quot;https:\/\/sawaqli.fra1.cdn.digitaloceanspaces.com\/24228\/Sac-Landau-cnc.jpg&quot;,&quot;width&quot;:1024}\" data-trix-content-type=\"image\"><img decoding=\"async\" class=\"aligncenter\" src=\"https:\/\/sawaqli.fra1.cdn.digitaloceanspaces.com\/24228\/Sac-Landau-cnc.jpg\" width=\"1024\" height=\"1024\" \/><figcaption class=\"attachment__caption\"><\/figcaption><\/figure>\n<figure class=\"attachment attachment--preview\" data-trix-attachment=\"{&quot;contentType&quot;:&quot;image&quot;,&quot;height&quot;:1024,&quot;url&quot;:&quot;https:\/\/sawaqli.fra1.cdn.digitaloceanspaces.com\/5831\/WhatsApp-Image-2023-08-23-at-9.49.52-AM-1-600x6.webp&quot;,&quot;width&quot;:1024}\" data-trix-content-type=\"image\"><img decoding=\"async\" class=\"aligncenter\" src=\"https:\/\/sawaqli.fra1.cdn.digitaloceanspaces.com\/5831\/WhatsApp-Image-2023-08-23-at-9.49.52-AM-1-600x6.webp\" width=\"1024\" height=\"1024\" \/><figcaption class=\"attachment__caption\"><\/figcaption><\/figure>\n<figure class=\"attachment attachment--preview\" data-trix-attachment=\"{&quot;contentType&quot;:&quot;image&quot;,&quot;height&quot;:1024,&quot;url&quot;:&quot;https:\/\/sawaqli.fra1.cdn.digitaloceanspaces.com\/5825\/314633204_5609451805758677_8953799363688075456_n.webp&quot;,&quot;width&quot;:1024}\" data-trix-content-type=\"image\"><img decoding=\"async\" class=\"aligncenter\" src=\"https:\/\/sawaqli.fra1.cdn.digitaloceanspaces.com\/5825\/314633204_5609451805758677_8953799363688075456_n.webp\" width=\"1024\" height=\"1024\" \/><figcaption class=\"attachment__caption\"><\/figcaption><\/figure>\n<figure class=\"attachment attachment--preview\" data-trix-attachment=\"{&quot;contentType&quot;:&quot;image&quot;,&quot;height&quot;:1024,&quot;url&quot;:&quot;https:\/\/sawaqli.fra1.cdn.digitaloceanspaces.com\/5826\/81UTRTW8G2S_213934935482_7-(1).webp&quot;,&quot;width&quot;:1024}\" data-trix-content-type=\"image\"><img decoding=\"async\" class=\"aligncenter\" src=\"https:\/\/sawaqli.fra1.cdn.digitaloceanspaces.com\/5826\/81UTRTW8G2S_213934935482_7-(1).webp\" width=\"1024\" height=\"1024\" \/><figcaption class=\"attachment__caption\"><\/figcaption><\/figure>\n<figure class=\"attachment attachment--preview\" data-trix-attachment=\"{&quot;contentType&quot;:&quot;image&quot;,&quot;height&quot;:1024,&quot;url&quot;:&quot;https:\/\/sawaqli.fra1.cdn.digitaloceanspaces.com\/5827\/D_NQ_NP_890305-MLM49582363631_042022-O.webp&quot;,&quot;width&quot;:1024}\" data-trix-content-type=\"image\"><img decoding=\"async\" class=\"aligncenter\" src=\"https:\/\/sawaqli.fra1.cdn.digitaloceanspaces.com\/5827\/D_NQ_NP_890305-MLM49582363631_042022-O.webp\" width=\"1024\" height=\"1024\" \/><figcaption class=\"attachment__caption\"><\/figcaption><\/figure>\n<p style=\"text-align: center;\">","protected":false},"excerpt":{"rendered":"<p>\u062d\u0642\u064a\u0628\u0629 \u062d\u0641\u0627\u0636\u0627\u062a \u0644\u0644\u0623\u0645\u0647\u0627\u062a \u0645\u0639 \u0633\u0631\u064a\u0631 \u0642\u0627\u0628\u0644 \u0644\u0644\u0637\u064a\u0627\u0644\u0645\u0627\u062f\u0629: \u0628\u0648\u0644\u064a\u0633\u062a\u0631 \u0645\u0642\u0627\u0648\u0645 \u0644\u0644\u0645\u0627\u0621\u0627\u0644\u0623\u0644\u0648\u0627\u0646 \u0627\u0644\u0645\u062a\u0648\u0641\u0631\u0629: \u0623\u062e\u0636\u0631 \/ \u0623\u0632\u0631\u0642 \u0633\u0645\u0627\u0648\u064a \/ \u0628\u0646\u0641\u0633\u062c\u064a \/ \u062c\u0645\u0628\u0631\u064a\u0627\u0644\u062d\u062c\u0645: 32 \u00d7 20 \u00d7 41 \u0633\u0645\u0645\u062d\u062a\u0648\u064a\u0627\u062a \u0627\u0644\u0639\u0628\u0648\u0629: \u062d\u0642\u064a\u0628\u0629 \u062d\u0641\u0627\u0636\u0627\u062a \u0644\u0644\u0623\u0645\u0647\u0627\u062a + \u0645\u0641\u0631\u0634 \u0625\u0633\u0641\u0646\u062c\u064a\u0637\u0631\u064a\u0642\u0629 \u0637\u064a \u0627\u0644\u0633\u0631\u064a\u0631:\u0641\u0643 \u0627\u0644\u062f\u0639\u0627\u0645\u0629 \u0627\u0644\u0648\u0633\u0637\u064a\u0629 \u0623\u0648\u0644\u0627\u064b \u062b\u0645 \u0636\u0639\u0647\u0627 \u0628\u0634\u0643\u0644 \u0645\u0633\u0637\u062d \u0625\u0644\u0649 \u0627\u0644\u0646\u0635\u0641.\u0642\u0628\u0644 \u0627\u0644\u0637\u064a\u060c \u0627\u062c\u0639\u0644 \u0627\u0644\u0633\u0631\u064a\u0631 \u0645\u0633\u062a\u0648\u064a\u064b\u0627 \u0648\u0627\u0636\u063a\u0637 \u0639\u0644\u0649 \u0634\u0643\u0644 X \u0628\u062f\u0648\u0646 \u0639\u0646\u0641.\u062b\u0628\u0651\u062a \u0627\u0644\u0633\u062d\u0651\u0627\u0628 \u0627\u0644\u062e\u0644\u0641\u064a \u0645\u0639 \u0627\u0644\u0623\u0645\u0627\u0645\u064a \u0648\u0627\u0633\u062d\u0628\u0647 \u0628\u0631\u0641\u0642 \u0645\u0639 \u0627\u0644\u062a\u0623\u0643\u062f \u0645\u0646 \u062a\u062b\u0628\u064a\u062a \u0627\u0644\u0642\u0641\u0644 \u062c\u064a\u062f\u064b\u0627.<\/p>","protected":false},"featured_media":62267,"comment_status":"open","ping_status":"closed","template":"","meta":[],"product_brand":[],"product_cat":[2467],"product_tag":[],"class_list":{"0":"post-62268","1":"product","2":"type-product","3":"status-publish","4":"has-post-thumbnail","6":"product_cat-maternite","8":"first","9":"instock","10":"taxable","11":"shipping-taxable","12":"purchasable","13":"product-type-simple"},"jetpack_sharing_enabled":true,"_links":{"self":[{"href":"https:\/\/shoponlinedz.com\/en\/wp-json\/wp\/v2\/product\/62268","targetHints":{"allow":["GET"]}}],"collection":[{"href":"https:\/\/shoponlinedz.com\/en\/wp-json\/wp\/v2\/product"}],"about":[{"href":"https:\/\/shoponlinedz.com\/en\/wp-json\/wp\/v2\/types\/product"}],"replies":[{"embeddable":true,"href":"https:\/\/shoponlinedz.com\/en\/wp-json\/wp\/v2\/comments?post=62268"}],"version-history":[{"count":0,"href":"https:\/\/shoponlinedz.com\/en\/wp-json\/wp\/v2\/product\/62268\/revisions"}],"wp:featuredmedia":[{"embeddable":true,"href":"https:\/\/shoponlinedz.com\/en\/wp-json\/wp\/v2\/media\/62267"}],"wp:attachment":[{"href":"https:\/\/shoponlinedz.com\/en\/wp-json\/wp\/v2\/media?parent=62268"}],"wp:term":[{"taxonomy":"product_brand","embeddable":true,"href":"https:\/\/shoponlinedz.com\/en\/wp-json\/wp\/v2\/product_brand?post=62268"},{"taxonomy":"product_cat","embeddable":true,"href":"https:\/\/shoponlinedz.com\/en\/wp-json\/wp\/v2\/product_cat?post=62268"},{"taxonomy":"product_tag","embeddable":true,"href":"https:\/\/shoponlinedz.com\/en\/wp-json\/wp\/v2\/product_tag?post=62268"}],"curies":[{"name":"wp","href":"https:\/\/api.w.org\/{rel}","templated":true}]}}