{"id":62156,"date":"2026-01-06T18:45:30","date_gmt":"2026-01-06T18:45:30","guid":{"rendered":"https:\/\/shoponlinedz.com\/product\/kemei-rasoir-electrique-complet-du-corps-pour-hommes-etanche-affichage-numerique-lcd-systeme-flottant-3d-km-1941s\/"},"modified":"2026-02-16T16:02:41","modified_gmt":"2026-02-16T15:02:41","slug":"kemei-rasoir-electrique-complet-du-corps-pour-hommes-etanche-affichage-numerique-lcd-systeme-flottant-3d-km-1941s","status":"publish","type":"product","link":"https:\/\/shoponlinedz.com\/en\/product\/kemei-rasoir-electrique-complet-du-corps-pour-hommes-etanche-affichage-numerique-lcd-systeme-flottant-3d-km-1941s\/","title":{"rendered":"Kemei rasoir \u00e9lectrique complet du corps pour hommes , \u00e9tanche, affichage num\u00e9rique LCD, syst\u00e8me flottant 3D, KM-1941s"},"content":{"rendered":"<figure class=\"attachment attachment--preview\" data-trix-attachment=\"{&quot;contentType&quot;:&quot;image&quot;,&quot;height&quot;:1024,&quot;url&quot;:&quot;https:\/\/sawaqli.fra1.cdn.digitaloceanspaces.com\/9202\/ZERCXW54SDF54D.jpg&quot;,&quot;width&quot;:1024}\" data-trix-content-type=\"image\"><img decoding=\"async\" class=\"aligncenter\" src=\"https:\/\/sawaqli.fra1.cdn.digitaloceanspaces.com\/9202\/ZERCXW54SDF54D.jpg\" width=\"1024\" height=\"1024\" \/><figcaption class=\"attachment__caption\"><\/figcaption><\/figure>\n<figure class=\"attachment attachment--preview\" data-trix-attachment=\"{&quot;contentType&quot;:&quot;image&quot;,&quot;height&quot;:1024,&quot;url&quot;:&quot;https:\/\/sawaqli.fra1.cdn.digitaloceanspaces.com\/9203\/87sdlkjouiyrzmq.jpg&quot;,&quot;width&quot;:1024}\" data-trix-content-type=\"image\"><img decoding=\"async\" class=\"aligncenter\" src=\"https:\/\/sawaqli.fra1.cdn.digitaloceanspaces.com\/9203\/87sdlkjouiyrzmq.jpg\" width=\"1024\" height=\"1024\" \/><figcaption class=\"attachment__caption\"><\/figcaption><\/figure>\n<figure class=\"attachment attachment--preview\" data-trix-attachment=\"{&quot;contentType&quot;:&quot;image&quot;,&quot;height&quot;:1024,&quot;url&quot;:&quot;https:\/\/sawaqli.fra1.cdn.digitaloceanspaces.com\/9204\/54NVB.jpg&quot;,&quot;width&quot;:1024}\" data-trix-content-type=\"image\"><img decoding=\"async\" class=\"aligncenter\" src=\"https:\/\/sawaqli.fra1.cdn.digitaloceanspaces.com\/9204\/54NVB.jpg\" width=\"1024\" height=\"1024\" \/><figcaption class=\"attachment__caption\"><\/figcaption><\/figure>\n<figure class=\"attachment attachment--preview\" data-trix-attachment=\"{&quot;contentType&quot;:&quot;image&quot;,&quot;height&quot;:1024,&quot;url&quot;:&quot;https:\/\/sawaqli.fra1.cdn.digitaloceanspaces.com\/9205\/87sdf2s2dfesq.jpg&quot;,&quot;width&quot;:1024}\" data-trix-content-type=\"image\"><img decoding=\"async\" class=\"aligncenter\" src=\"https:\/\/sawaqli.fra1.cdn.digitaloceanspaces.com\/9205\/87sdf2s2dfesq.jpg\" width=\"1024\" height=\"1024\" \/><figcaption class=\"attachment__caption\"><\/figcaption><\/figure>\n<figure class=\"attachment attachment--preview\" data-trix-attachment=\"{&quot;contentType&quot;:&quot;image&quot;,&quot;height&quot;:1024,&quot;url&quot;:&quot;https:\/\/sawaqli.fra1.cdn.digitaloceanspaces.com\/9206\/654gdmlkjkhlklksqzz.jpg&quot;,&quot;width&quot;:1024}\" data-trix-content-type=\"image\"><img decoding=\"async\" class=\"aligncenter\" src=\"https:\/\/sawaqli.fra1.cdn.digitaloceanspaces.com\/9206\/654gdmlkjkhlklksqzz.jpg\" width=\"1024\" height=\"1024\" \/><figcaption class=\"attachment__caption\"><\/figcaption><\/figure>\n<p style=\"text-align: center;\">","protected":false},"excerpt":{"rendered":"<p>\u0627\u0644\u0645\u064a\u0632\u0627\u062a:\u062a\u0635\u0645\u064a\u0645 \u0645\u0642\u0627\u0648\u0645 \u0644\u0644\u0645\u0627\u0621 IPX6 \u2013 \u062c\u0633\u0645 \u0643\u0627\u0645\u0644 \u0642\u0627\u0628\u0644 \u0644\u0644\u063a\u0633\u0644\u062d\u0644\u0627\u0642\u0629 \u062c\u0627\u0641\u0629 \u0623\u0648 \u0631\u0637\u0628\u0629 \u0645\u0639 \u0625\u0645\u0643\u0627\u0646\u064a\u0629 \u0627\u0633\u062a\u062e\u062f\u0627\u0645 \u0643\u0631\u064a\u0645 \u0627\u0644\u062d\u0644\u0627\u0642\u0629\u0645\u062d\u0631\u0643 \u0639\u0627\u0644\u064a \u0627\u0644\u0633\u0631\u0639\u0629 \u0648\u0645\u0646\u062e\u0641\u0636 \u0627\u0644\u0636\u0648\u0636\u0627\u0621\u0628\u0637\u0627\u0631\u064a\u0629 \u0644\u064a\u062b\u064a\u0648\u0645 800mAh\u0634\u0627\u0634\u0629 LCD \u062a\u0639\u0631\u0636 \u0645\u0633\u062a\u0648\u0649 \u0627\u0644\u0634\u062d\u0646 \u0648\u0627\u0644\u0637\u0627\u0642\u0629 \u0648\u0627\u0644\u062a\u0646\u0628\u064a\u0647 \u0644\u0644\u062a\u0646\u0638\u064a\u0641 \u0648\u0642\u0641\u0644 \u0627\u0644\u0633\u0641\u0631\u0625\u0645\u0643\u0627\u0646\u064a\u0629 \u0627\u0644\u0639\u0645\u0644 \u0628\u0633\u0644\u0643 \u0623\u0648 \u0644\u0627\u0633\u0644\u0643\u064a\u064b\u0627\u0646\u0648\u0639 \u0627\u0644\u062c\u0647\u0627\u0632: \u0642\u0627\u0628\u0644 \u0644\u0625\u0639\u0627\u062f\u0629 \u0627\u0644\u0634\u062d\u0646\u0645\u062f\u0629 \u0627\u0644\u0627\u0633\u062a\u062e\u062f\u0627\u0645: 60-90 \u062f\u0642\u064a\u0642\u0629\u0645\u062f\u0629 \u0627\u0644\u0634\u062d\u0646: 2-5 \u0633\u0627\u0639\u0627\u062a\u0627\u0644\u062c\u0647\u062f: 100-240V, 50\/60Hz\u0627\u0644\u0645\u0627\u062f\u0629: ABS\u0645\u062d\u062a\u0648\u064a\u0627\u062a \u0627\u0644\u0639\u0628\u0648\u0629:\u0645\u0627\u0643\u064a\u0646\u0629 \u062d\u0644\u0627\u0642\u0629\u063a\u0637\u0627\u0621 \u062d\u0645\u0627\u064a\u0629\u0634\u0627\u062d\u0646\u0641\u0631\u0634\u0627\u0629 \u062a\u0646\u0638\u064a\u0641\u062f\u0644\u064a\u0644 \u0627\u0633\u062a\u062e\u062f\u0627\u0645<\/p>","protected":false},"featured_media":62155,"comment_status":"open","ping_status":"closed","template":"","meta":[],"product_brand":[],"product_cat":[2463],"product_tag":[],"class_list":{"0":"post-62156","1":"product","2":"type-product","3":"status-publish","4":"has-post-thumbnail","6":"product_cat-electronique","8":"first","9":"instock","10":"taxable","11":"shipping-taxable","12":"purchasable","13":"product-type-simple"},"jetpack_sharing_enabled":true,"_links":{"self":[{"href":"https:\/\/shoponlinedz.com\/en\/wp-json\/wp\/v2\/product\/62156","targetHints":{"allow":["GET"]}}],"collection":[{"href":"https:\/\/shoponlinedz.com\/en\/wp-json\/wp\/v2\/product"}],"about":[{"href":"https:\/\/shoponlinedz.com\/en\/wp-json\/wp\/v2\/types\/product"}],"replies":[{"embeddable":true,"href":"https:\/\/shoponlinedz.com\/en\/wp-json\/wp\/v2\/comments?post=62156"}],"version-history":[{"count":0,"href":"https:\/\/shoponlinedz.com\/en\/wp-json\/wp\/v2\/product\/62156\/revisions"}],"wp:featuredmedia":[{"embeddable":true,"href":"https:\/\/shoponlinedz.com\/en\/wp-json\/wp\/v2\/media\/62155"}],"wp:attachment":[{"href":"https:\/\/shoponlinedz.com\/en\/wp-json\/wp\/v2\/media?parent=62156"}],"wp:term":[{"taxonomy":"product_brand","embeddable":true,"href":"https:\/\/shoponlinedz.com\/en\/wp-json\/wp\/v2\/product_brand?post=62156"},{"taxonomy":"product_cat","embeddable":true,"href":"https:\/\/shoponlinedz.com\/en\/wp-json\/wp\/v2\/product_cat?post=62156"},{"taxonomy":"product_tag","embeddable":true,"href":"https:\/\/shoponlinedz.com\/en\/wp-json\/wp\/v2\/product_tag?post=62156"}],"curies":[{"name":"wp","href":"https:\/\/api.w.org\/{rel}","templated":true}]}}