{"id":62024,"date":"2026-01-06T18:39:52","date_gmt":"2026-01-06T18:39:52","guid":{"rendered":"https:\/\/shoponlinedz.com\/product\/support-de-telephone-portable-etanche-pour-velo-moto-reglable-a-360\/"},"modified":"2026-02-16T16:02:43","modified_gmt":"2026-02-16T15:02:43","slug":"support-de-telephone-portable-etanche-pour-velo-moto-reglable-a-360","status":"publish","type":"product","link":"https:\/\/shoponlinedz.com\/en\/product\/support-de-telephone-portable-etanche-pour-velo-moto-reglable-a-360\/","title":{"rendered":"Support de t\u00e9l\u00e9phone portable \u00e9tanche pour v\u00e9lo moto r\u00e9glable \u00e0 360 \u00b0"},"content":{"rendered":"<figure class=\"attachment attachment--preview\" data-trix-attachment=\"{&quot;contentType&quot;:&quot;image&quot;,&quot;height&quot;:1024,&quot;url&quot;:&quot;https:\/\/sawaqli.fra1.cdn.digitaloceanspaces.com\/9903\/87545dflfjndkdfdlklkllk-1.jpg&quot;,&quot;width&quot;:1024}\" data-trix-content-type=\"image\"><img decoding=\"async\" class=\"aligncenter\" src=\"https:\/\/sawaqli.fra1.cdn.digitaloceanspaces.com\/9903\/87545dflfjndkdfdlklkllk-1.jpg\" width=\"1024\" height=\"1024\" \/><figcaption class=\"attachment__caption\"><\/figcaption><\/figure>\n<figure class=\"attachment attachment--preview\" data-trix-attachment=\"{&quot;contentType&quot;:&quot;image&quot;,&quot;height&quot;:1024,&quot;url&quot;:&quot;https:\/\/sawaqli.fra1.cdn.digitaloceanspaces.com\/9904\/5487512sdf12g1wsd5f4g5swfdg.jpg&quot;,&quot;width&quot;:1024}\" data-trix-content-type=\"image\"><img decoding=\"async\" class=\"aligncenter\" src=\"https:\/\/sawaqli.fra1.cdn.digitaloceanspaces.com\/9904\/5487512sdf12g1wsd5f4g5swfdg.jpg\" width=\"1024\" height=\"1024\" \/><figcaption class=\"attachment__caption\"><\/figcaption><\/figure>\n<figure class=\"attachment attachment--preview\" data-trix-attachment=\"{&quot;contentType&quot;:&quot;image&quot;,&quot;height&quot;:1024,&quot;url&quot;:&quot;https:\/\/sawaqli.fra1.cdn.digitaloceanspaces.com\/9905\/524sdf574g5ds21qd4f5qsdf451sd54fgf-1.jpg&quot;,&quot;width&quot;:1024}\" data-trix-content-type=\"image\"><img decoding=\"async\" class=\"aligncenter\" src=\"https:\/\/sawaqli.fra1.cdn.digitaloceanspaces.com\/9905\/524sdf574g5ds21qd4f5qsdf451sd54fgf-1.jpg\" width=\"1024\" height=\"1024\" \/><figcaption class=\"attachment__caption\"><\/figcaption><\/figure>\n<figure class=\"attachment attachment--preview\" data-trix-attachment=\"{&quot;contentType&quot;:&quot;image&quot;,&quot;height&quot;:1024,&quot;url&quot;:&quot;https:\/\/sawaqli.fra1.cdn.digitaloceanspaces.com\/9906\/xwcvswf5421d51f00dsf.jpg&quot;,&quot;width&quot;:1024}\" data-trix-content-type=\"image\"><img decoding=\"async\" class=\"aligncenter\" src=\"https:\/\/sawaqli.fra1.cdn.digitaloceanspaces.com\/9906\/xwcvswf5421d51f00dsf.jpg\" width=\"1024\" height=\"1024\" \/><figcaption class=\"attachment__caption\"><\/figcaption><\/figure>\n<figure class=\"attachment attachment--preview\" data-trix-attachment=\"{&quot;contentType&quot;:&quot;image&quot;,&quot;height&quot;:1024,&quot;url&quot;:&quot;https:\/\/sawaqli.fra1.cdn.digitaloceanspaces.com\/9907\/71L3D0ZFU6L._AC_SL1500_-1.jpg&quot;,&quot;width&quot;:1024}\" data-trix-content-type=\"image\"><img decoding=\"async\" class=\"aligncenter\" src=\"https:\/\/sawaqli.fra1.cdn.digitaloceanspaces.com\/9907\/71L3D0ZFU6L._AC_SL1500_-1.jpg\" width=\"1024\" height=\"1024\" \/><figcaption class=\"attachment__caption\"><\/figcaption><\/figure>\n<p style=\"text-align: center;\">","protected":false},"excerpt":{"rendered":"<p>\u0648\u0635\u0641 \u0627\u0644\u0645\u0646\u062a\u062c: \u0627\u0644\u0627\u0633\u0645: \u062d\u0627\u0645\u0644 \u0647\u0627\u062a\u0641 \u0645\u0642\u0627\u0648\u0645 \u0644\u0644\u0645\u0627\u0621 \u0644\u0644\u062f\u0631\u0627\u062c\u0627\u062a \u0627\u0644\u0647\u0648\u0627\u0626\u064a\u0629 \u0648\u0627\u0644\u0646\u0627\u0631\u064a\u0629 \u0627\u0644\u0645\u0627\u062f\u0629: ABS + TPU + \u0646\u0627\u064a\u0644\u0648\u0646 \u0645\u0639 \u0623\u0644\u064a\u0627\u0641 \u0627\u0644\u0648\u0638\u064a\u0641\u0629: \u0645\u0642\u0627\u0648\u0645 \u0644\u0644\u0645\u0627\u0621 \u0628\u0627\u0644\u0643\u0627\u0645\u0644\u0627\u0644\u0645\u0645\u064a\u0632\u0627\u062a:\u062a\u0635\u0645\u064a\u0645 \u0643\u0628\u064a\u0631 \u0627\u0644\u062d\u062c\u0645\u060c \u0645\u0646\u0627\u0633\u0628 \u0644\u0645\u0639\u0638\u0645 \u0627\u0644\u0647\u0648\u0627\u062a\u0641 \u062d\u062a\u0649 \u200e6.7 \u0628\u0648\u0635\u0629\u062d\u0644\u0642\u0629 \u0645\u0627\u0646\u0639\u0629 \u0644\u0644\u062a\u0633\u0631\u0628 \u0645\u062f\u0645\u062c\u0629 \u0644\u0645\u0642\u0627\u0648\u0645\u0629 \u0627\u0644\u0623\u0645\u0637\u0627\u0631\u062f\u0648\u0631\u0627\u0646 360\u00b0 \u0644\u0632\u0627\u0648\u064a\u0629 \u0639\u0631\u0636 \u0645\u0631\u0646\u0629\u0642\u0627\u0639\u062f\u0629 \u0642\u0627\u0628\u0644\u0629 \u0644\u0644\u0637\u064a \u0644\u0636\u0628\u0637 \u0627\u0644\u0648\u0636\u0639\u064a\u0627\u062a \u0627\u0644\u0645\u062e\u062a\u0644\u0641\u0629\u062a\u062b\u0628\u064a\u062a \u0645\u063a\u0646\u0627\u0637\u064a\u0633\u064a \u062f\u0627\u062e\u0644\u064a \u064a\u062d\u0627\u0641\u0638 \u0639\u0644\u0649 \u0627\u0644\u0647\u0627\u062a\u0641 \u062b\u0627\u0628\u062a\u064b\u0627\u0646\u0627\u0641\u0630\u0629 \u062e\u0644\u0641\u064a\u0629 \u062a\u0633\u0645\u062d \u0628\u0627\u0644\u062a\u0635\u0648\u064a\u0631 \u062f\u0648\u0646 \u0625\u062e\u0631\u0627\u062c \u0627\u0644\u0647\u0627\u062a\u0641\u0645\u0646\u0641\u0630 \u0641\u064a \u0627\u0644\u0623\u0633\u0641\u0644 \u0644\u062a\u0648\u0635\u064a\u0644 \u0627\u0644\u0634\u0627\u062d\u0646 \u0623\u0648 \u0633\u0645\u0627\u0639\u0627\u062a \u0627\u0644\u0631\u0623\u0633\u0645\u062d\u062a\u0648\u064a\u0627\u062a \u0627\u0644\u0639\u0628\u0648\u0629:\u062d\u0642\u064a\u0628\u0629 \u0647\u0627\u062a\u0641 \u0645\u0642\u0627\u0648\u0645\u0629 \u0644\u0644\u0645\u0627\u0621 \u00d71\u0642\u0627\u0639\u062f\u0629 \u062a\u062b\u0628\u064a\u062a \u00d71\u0634\u0631\u064a\u062d\u0629 \u0645\u063a\u0646\u0627\u0637\u064a\u0633\u064a\u0629 \u00d71\u0645\u0641\u062a\u0627\u062d \u0635\u063a\u064a\u0631 \u00d71\u0635\u0646\u062f\u0648\u0642 \u062a\u0639\u0628\u0626\u0629 \u00d71<\/p>","protected":false},"featured_media":62023,"comment_status":"open","ping_status":"closed","template":"","meta":[],"product_brand":[],"product_cat":[2458],"product_tag":[],"class_list":{"0":"post-62024","1":"product","2":"type-product","3":"status-publish","4":"has-post-thumbnail","6":"product_cat-accessoires-auto-moto","8":"first","9":"instock","10":"taxable","11":"shipping-taxable","12":"purchasable","13":"product-type-simple"},"jetpack_sharing_enabled":true,"_links":{"self":[{"href":"https:\/\/shoponlinedz.com\/en\/wp-json\/wp\/v2\/product\/62024","targetHints":{"allow":["GET"]}}],"collection":[{"href":"https:\/\/shoponlinedz.com\/en\/wp-json\/wp\/v2\/product"}],"about":[{"href":"https:\/\/shoponlinedz.com\/en\/wp-json\/wp\/v2\/types\/product"}],"replies":[{"embeddable":true,"href":"https:\/\/shoponlinedz.com\/en\/wp-json\/wp\/v2\/comments?post=62024"}],"version-history":[{"count":0,"href":"https:\/\/shoponlinedz.com\/en\/wp-json\/wp\/v2\/product\/62024\/revisions"}],"wp:featuredmedia":[{"embeddable":true,"href":"https:\/\/shoponlinedz.com\/en\/wp-json\/wp\/v2\/media\/62023"}],"wp:attachment":[{"href":"https:\/\/shoponlinedz.com\/en\/wp-json\/wp\/v2\/media?parent=62024"}],"wp:term":[{"taxonomy":"product_brand","embeddable":true,"href":"https:\/\/shoponlinedz.com\/en\/wp-json\/wp\/v2\/product_brand?post=62024"},{"taxonomy":"product_cat","embeddable":true,"href":"https:\/\/shoponlinedz.com\/en\/wp-json\/wp\/v2\/product_cat?post=62024"},{"taxonomy":"product_tag","embeddable":true,"href":"https:\/\/shoponlinedz.com\/en\/wp-json\/wp\/v2\/product_tag?post=62024"}],"curies":[{"name":"wp","href":"https:\/\/api.w.org\/{rel}","templated":true}]}}