{"id":61905,"date":"2026-01-06T18:34:24","date_gmt":"2026-01-06T18:34:24","guid":{"rendered":"https:\/\/shoponlinedz.com\/product\/boule-dequilibre-de-bureau-a-mouvement-perpetueldecor-anti-stress\/"},"modified":"2026-02-16T16:40:16","modified_gmt":"2026-02-16T15:40:16","slug":"boule-dequilibre-de-bureau-a-mouvement-perpetueldecor-anti-stress","status":"publish","type":"product","link":"https:\/\/shoponlinedz.com\/en\/product\/boule-dequilibre-de-bureau-a-mouvement-perpetueldecor-anti-stress\/","title":{"rendered":"Boule d&#8217;\u00e9quilibre de bureau \u00e0 mouvement perp\u00e9tuel,d\u00e9cor anti-stress"},"content":{"rendered":"<figure class=\"attachment attachment--preview\" data-trix-attachment=\"{&quot;contentType&quot;:&quot;image&quot;,&quot;height&quot;:1024,&quot;url&quot;:&quot;https:\/\/sawaqli.fra1.cdn.digitaloceanspaces.com\/10123\/dfdfsf00000sds.jpg&quot;,&quot;width&quot;:1024}\" data-trix-content-type=\"image\"><img decoding=\"async\" class=\"aligncenter\" src=\"https:\/\/sawaqli.fra1.cdn.digitaloceanspaces.com\/10123\/dfdfsf00000sds.jpg\" width=\"1024\" height=\"1024\" \/><figcaption class=\"attachment__caption\"><\/figcaption><\/figure>\n<figure class=\"attachment attachment--preview\" data-trix-attachment=\"{&quot;contentType&quot;:&quot;image&quot;,&quot;height&quot;:1024,&quot;url&quot;:&quot;https:\/\/sawaqli.fra1.cdn.digitaloceanspaces.com\/10124\/00001sd54sd5fjgku.jpg&quot;,&quot;width&quot;:1024}\" data-trix-content-type=\"image\"><img decoding=\"async\" class=\"aligncenter\" src=\"https:\/\/sawaqli.fra1.cdn.digitaloceanspaces.com\/10124\/00001sd54sd5fjgku.jpg\" width=\"1024\" height=\"1024\" \/><figcaption class=\"attachment__caption\"><\/figcaption><\/figure>\n<figure class=\"attachment attachment--preview\" data-trix-attachment=\"{&quot;contentType&quot;:&quot;image&quot;,&quot;height&quot;:1024,&quot;url&quot;:&quot;https:\/\/sawaqli.fra1.cdn.digitaloceanspaces.com\/10125\/ggghhghghxdfsza.jpg&quot;,&quot;width&quot;:1024}\" data-trix-content-type=\"image\"><img decoding=\"async\" class=\"aligncenter\" src=\"https:\/\/sawaqli.fra1.cdn.digitaloceanspaces.com\/10125\/ggghhghghxdfsza.jpg\" width=\"1024\" height=\"1024\" \/><figcaption class=\"attachment__caption\"><\/figcaption><\/figure>\n<figure class=\"attachment attachment--preview\" data-trix-attachment=\"{&quot;contentType&quot;:&quot;image&quot;,&quot;height&quot;:1024,&quot;url&quot;:&quot;https:\/\/sawaqli.fra1.cdn.digitaloceanspaces.com\/10126\/qsdfvqfqdstgbscrtf.jpg&quot;,&quot;width&quot;:1024}\" data-trix-content-type=\"image\"><img decoding=\"async\" class=\"aligncenter\" src=\"https:\/\/sawaqli.fra1.cdn.digitaloceanspaces.com\/10126\/qsdfvqfqdstgbscrtf.jpg\" width=\"1024\" height=\"1024\" \/><figcaption class=\"attachment__caption\"><\/figcaption><\/figure>\n<figure class=\"attachment attachment--preview\" data-trix-attachment=\"{&quot;contentType&quot;:&quot;image&quot;,&quot;height&quot;:1024,&quot;url&quot;:&quot;https:\/\/sawaqli.fra1.cdn.digitaloceanspaces.com\/10127\/zaerhfvqtrfgv.jpg&quot;,&quot;width&quot;:1024}\" data-trix-content-type=\"image\"><img decoding=\"async\" class=\"aligncenter\" src=\"https:\/\/sawaqli.fra1.cdn.digitaloceanspaces.com\/10127\/zaerhfvqtrfgv.jpg\" width=\"1024\" height=\"1024\" \/><figcaption class=\"attachment__caption\"><\/figcaption><\/figure>\n<p style=\"text-align: center;\">","protected":false},"excerpt":{"rendered":"<p>\u0627\u0644\u0645\u0648\u0627\u0635\u0641\u0627\u062a: \u0646\u0648\u0639 \u0627\u0644\u0645\u0646\u062a\u062c: \u0643\u0631\u0629 \u0627\u0644\u062d\u0631\u0643\u0629 \u0627\u0644\u062f\u0627\u0626\u0645\u0629 \u0627\u0644\u0645\u0627\u062f\u0629: \u0628\u0644\u0627\u0633\u062a\u064a\u0643 + \u0645\u0639\u062f\u0646 \u062d\u062c\u0645 \u0627\u0644\u0645\u0646\u062a\u062c \u0628\u0639\u062f \u0627\u0644\u062a\u0631\u0643\u064a\u0628: \u062d\u0648\u0627\u0644\u064a \u200e10.8\u00d710.8\u00d727.5 \u0633\u0645 (\u200e4.3\u00d74.3\u00d710.8 \u0628\u0648\u0635\u0629) \u0627\u0644\u0628\u0637\u0627\u0631\u064a\u0627\u062a: \u0627\u0644\u0642\u0627\u0639\u062f\u0629 \u062a\u062d\u062a\u0627\u062c \u0625\u0644\u0649 4 \u0628\u0637\u0627\u0631\u064a\u0627\u062a AA (\u063a\u064a\u0631 \u0645\u0631\u0641\u0642\u0629) \u0645\u062d\u062a\u0648\u064a\u0627\u062a \u0627\u0644\u0639\u0628\u0648\u0629:\u0642\u0627\u0639\u062f\u0629 \u00d71\u0642\u0637\u0639\u062a\u0627\u0646 \u0644\u0644\u062a\u0639\u0644\u064a\u0642 \u00d72\u062d\u0627\u0645\u0644 \u0643\u0631\u0629 \u0645\u0639\u062f\u0646\u064a\u0629 \u0645\u0644\u0648\u0651\u0646\u0629 \u00d71<\/p>","protected":false},"featured_media":61904,"comment_status":"open","ping_status":"closed","template":"","meta":[],"product_brand":[],"product_cat":[2460],"product_tag":[],"class_list":{"0":"post-61905","1":"product","2":"type-product","3":"status-publish","4":"has-post-thumbnail","6":"product_cat-decoration","8":"first","9":"instock","10":"taxable","11":"shipping-taxable","12":"purchasable","13":"product-type-simple"},"jetpack_sharing_enabled":true,"_links":{"self":[{"href":"https:\/\/shoponlinedz.com\/en\/wp-json\/wp\/v2\/product\/61905","targetHints":{"allow":["GET"]}}],"collection":[{"href":"https:\/\/shoponlinedz.com\/en\/wp-json\/wp\/v2\/product"}],"about":[{"href":"https:\/\/shoponlinedz.com\/en\/wp-json\/wp\/v2\/types\/product"}],"replies":[{"embeddable":true,"href":"https:\/\/shoponlinedz.com\/en\/wp-json\/wp\/v2\/comments?post=61905"}],"version-history":[{"count":0,"href":"https:\/\/shoponlinedz.com\/en\/wp-json\/wp\/v2\/product\/61905\/revisions"}],"wp:featuredmedia":[{"embeddable":true,"href":"https:\/\/shoponlinedz.com\/en\/wp-json\/wp\/v2\/media\/61904"}],"wp:attachment":[{"href":"https:\/\/shoponlinedz.com\/en\/wp-json\/wp\/v2\/media?parent=61905"}],"wp:term":[{"taxonomy":"product_brand","embeddable":true,"href":"https:\/\/shoponlinedz.com\/en\/wp-json\/wp\/v2\/product_brand?post=61905"},{"taxonomy":"product_cat","embeddable":true,"href":"https:\/\/shoponlinedz.com\/en\/wp-json\/wp\/v2\/product_cat?post=61905"},{"taxonomy":"product_tag","embeddable":true,"href":"https:\/\/shoponlinedz.com\/en\/wp-json\/wp\/v2\/product_tag?post=61905"}],"curies":[{"name":"wp","href":"https:\/\/api.w.org\/{rel}","templated":true}]}}