{"id":61768,"date":"2026-01-06T18:28:35","date_gmt":"2026-01-06T18:28:35","guid":{"rendered":"https:\/\/shoponlinedz.com\/product\/rasoir-electrique-indolore-avec-lumiere-led-pour-epilation-instantanee-du-menton-levre-superieure\/"},"modified":"2026-02-16T16:40:19","modified_gmt":"2026-02-16T15:40:19","slug":"rasoir-electrique-indolore-avec-lumiere-led-pour-epilation-instantanee-du-menton-levre-superieure","status":"publish","type":"product","link":"https:\/\/shoponlinedz.com\/en\/product\/rasoir-electrique-indolore-avec-lumiere-led-pour-epilation-instantanee-du-menton-levre-superieure\/","title":{"rendered":"Rasoir \u00e9lectrique indolore avec lumi\u00e8re LED pour \u00e9pilation instantan\u00e9e du menton\/l\u00e8vre sup\u00e9rieure"},"content":{"rendered":"<figure class=\"attachment attachment--preview\" data-trix-attachment=\"{&quot;contentType&quot;:&quot;image&quot;,&quot;height&quot;:1024,&quot;url&quot;:&quot;https:\/\/sawaqli.fra1.cdn.digitaloceanspaces.com\/11008\/flawless-face-duo.jpg&quot;,&quot;width&quot;:1024}\" data-trix-content-type=\"image\"><img decoding=\"async\" class=\"aligncenter\" src=\"https:\/\/sawaqli.fra1.cdn.digitaloceanspaces.com\/11008\/flawless-face-duo.jpg\" width=\"1024\" height=\"1024\" \/><figcaption class=\"attachment__caption\"><\/figcaption><\/figure>\n<figure class=\"attachment attachment--preview\" data-trix-attachment=\"{&quot;contentType&quot;:&quot;image&quot;,&quot;height&quot;:1024,&quot;url&quot;:&quot;https:\/\/sawaqli.fra1.cdn.digitaloceanspaces.com\/10918\/61jglkUDkqL._AC_SX679_.jpg&quot;,&quot;width&quot;:1024}\" data-trix-content-type=\"image\"><img decoding=\"async\" class=\"aligncenter\" src=\"https:\/\/sawaqli.fra1.cdn.digitaloceanspaces.com\/10918\/61jglkUDkqL._AC_SX679_.jpg\" width=\"1024\" height=\"1024\" \/><figcaption class=\"attachment__caption\"><\/figcaption><\/figure>\n<figure class=\"attachment attachment--preview\" data-trix-attachment=\"{&quot;contentType&quot;:&quot;image&quot;,&quot;height&quot;:1024,&quot;url&quot;:&quot;https:\/\/sawaqli.fra1.cdn.digitaloceanspaces.com\/10920\/51sDHWU5c7L._AC_SX679_.jpg&quot;,&quot;width&quot;:1024}\" data-trix-content-type=\"image\"><img decoding=\"async\" class=\"aligncenter\" src=\"https:\/\/sawaqli.fra1.cdn.digitaloceanspaces.com\/10920\/51sDHWU5c7L._AC_SX679_.jpg\" width=\"1024\" height=\"1024\" \/><figcaption class=\"attachment__caption\"><\/figcaption><\/figure>\n<figure class=\"attachment attachment--preview\" data-trix-attachment=\"{&quot;contentType&quot;:&quot;image&quot;,&quot;height&quot;:1024,&quot;url&quot;:&quot;https:\/\/sawaqli.fra1.cdn.digitaloceanspaces.com\/10922\/61spsSdv4zL._AC_SX679_.jpg&quot;,&quot;width&quot;:1024}\" data-trix-content-type=\"image\"><img decoding=\"async\" class=\"aligncenter\" src=\"https:\/\/sawaqli.fra1.cdn.digitaloceanspaces.com\/10922\/61spsSdv4zL._AC_SX679_.jpg\" width=\"1024\" height=\"1024\" \/><figcaption class=\"attachment__caption\"><\/figcaption><\/figure>\n<figure class=\"attachment attachment--preview\" data-trix-attachment=\"{&quot;contentType&quot;:&quot;image&quot;,&quot;height&quot;:1024,&quot;url&quot;:&quot;https:\/\/sawaqli.fra1.cdn.digitaloceanspaces.com\/10919\/61K-7OWg+BL._AC_SX679_.jpg&quot;,&quot;width&quot;:1024}\" data-trix-content-type=\"image\"><img decoding=\"async\" class=\"aligncenter\" src=\"https:\/\/sawaqli.fra1.cdn.digitaloceanspaces.com\/10919\/61K-7OWg+BL._AC_SX679_.jpg\" width=\"1024\" height=\"1024\" \/><figcaption class=\"attachment__caption\"><\/figcaption><\/figure>\n<p style=\"text-align: center;\">","protected":false},"excerpt":{"rendered":"<p>\u064a\u062d\u062a\u0648\u064a \u062f\u064a\u0648 \u0639\u0644\u0649 \u0634\u0641\u0631\u0627\u062a \u0642\u0635 \u0645\u062a\u0639\u062f\u062f\u0629 \u062a\u062a\u064a\u062d \u0625\u0632\u0627\u0644\u0629 \u0634\u0639\u0631 \u0627\u0644\u0648\u062c\u0647 \u0628\u0634\u0643\u0644 \u0623\u0633\u0631\u0639 \u0648\u0623\u0643\u062b\u0631 \u0643\u0641\u0627\u0621\u0629\u0645\u062b\u0627\u0644\u064a\u0629 \u0644\u0625\u0632\u0627\u0644\u0629 \u0634\u0639\u0631 \u0627\u0644\u0648\u062c\u0647 \u0639\u0644\u0649 \u0627\u0644\u0641\u0648\u0631 \u0648\u0628\u062f\u0648\u0646 \u0623\u0644\u0645 \u0645\u0646 \u0627\u0644\u0634\u0641\u0627\u0647 \u0623\u0648 \u0627\u0644\u0630\u0642\u0646 \u0623\u0648 \u0627\u0644\u062e\u062f\u064a\u0646\u061b \u0628\u062f\u0648\u0646 \u062a\u0634\u0642\u0642\u0627\u062a \u0623\u0648 \u062d\u0631\u0648\u0642 \u0623\u0648 \u062a\u0647\u064a\u062c\u0644\u0637\u064a\u0641 \u0628\u0645\u0627 \u0641\u064a\u0647 \u0627\u0644\u0643\u0641\u0627\u064a\u0629 \u0644\u0644\u0627\u0633\u062a\u062e\u062f\u0627\u0645 \u0643\u0644 \u064a\u0648\u0645 &#8211; \u0644\u0627 \u064a\u0648\u062c\u062f \u0648\u0642\u062a \u062a\u0648\u0642\u0641 \u0641\u064a \u0627\u0646\u062a\u0638\u0627\u0631 \u0625\u0639\u0627\u062f\u0629 \u0627\u0644\u0646\u0645\u0648\u061b \u0644\u0627 \u064a\u0633\u0628\u0628 \u0627\u0644\u062d\u0633\u0627\u0633\u064a\u0629<\/p>","protected":false},"featured_media":61767,"comment_status":"open","ping_status":"closed","template":"","meta":[],"product_brand":[],"product_cat":[2457],"product_tag":[],"class_list":{"0":"post-61768","1":"product","2":"type-product","3":"status-publish","4":"has-post-thumbnail","6":"product_cat-soins-et-beaute","8":"first","9":"instock","10":"taxable","11":"shipping-taxable","12":"purchasable","13":"product-type-simple"},"jetpack_sharing_enabled":true,"_links":{"self":[{"href":"https:\/\/shoponlinedz.com\/en\/wp-json\/wp\/v2\/product\/61768","targetHints":{"allow":["GET"]}}],"collection":[{"href":"https:\/\/shoponlinedz.com\/en\/wp-json\/wp\/v2\/product"}],"about":[{"href":"https:\/\/shoponlinedz.com\/en\/wp-json\/wp\/v2\/types\/product"}],"replies":[{"embeddable":true,"href":"https:\/\/shoponlinedz.com\/en\/wp-json\/wp\/v2\/comments?post=61768"}],"version-history":[{"count":0,"href":"https:\/\/shoponlinedz.com\/en\/wp-json\/wp\/v2\/product\/61768\/revisions"}],"wp:featuredmedia":[{"embeddable":true,"href":"https:\/\/shoponlinedz.com\/en\/wp-json\/wp\/v2\/media\/61767"}],"wp:attachment":[{"href":"https:\/\/shoponlinedz.com\/en\/wp-json\/wp\/v2\/media?parent=61768"}],"wp:term":[{"taxonomy":"product_brand","embeddable":true,"href":"https:\/\/shoponlinedz.com\/en\/wp-json\/wp\/v2\/product_brand?post=61768"},{"taxonomy":"product_cat","embeddable":true,"href":"https:\/\/shoponlinedz.com\/en\/wp-json\/wp\/v2\/product_cat?post=61768"},{"taxonomy":"product_tag","embeddable":true,"href":"https:\/\/shoponlinedz.com\/en\/wp-json\/wp\/v2\/product_tag?post=61768"}],"curies":[{"name":"wp","href":"https:\/\/api.w.org\/{rel}","templated":true}]}}