{"id":61682,"date":"2026-01-06T18:24:54","date_gmt":"2026-01-06T18:24:54","guid":{"rendered":"https:\/\/shoponlinedz.com\/product\/not-available-product\/"},"modified":"2026-02-16T16:40:21","modified_gmt":"2026-02-16T15:40:21","slug":"not-available-product","status":"publish","type":"product","link":"https:\/\/shoponlinedz.com\/en\/product\/not-available-product\/","title":{"rendered":"NOT AVAILABLE PRODUCT"},"content":{"rendered":"","protected":false},"excerpt":{"rendered":"<p>5 modes La puissance de notre radiateur \u00e9lectrique est de 400 \u00e0 2000 W, contr\u00f4le segment\u00e9 pour mieux r\u00e9pondre \u00e0 vos diff\u00e9rents besoins.Chauffage rapide \u00e0 360 et 5 secondes : ce radiateur est \u00e0 360 degr\u00e9s, peut chauffer rapidement plusieurs personnes en m\u00eame tempsMultifonctionnel maison\/bureau\/ext\u00e9rieur, le radiateur soufflant peut non seulement chauffer, mais aussi s\u00e9cher du caf\u00e9\/th\u00e9\/v\u00eatements, etc.Silencieux\/s\u00fbr avec certification CE 15 dB ou moins, le rend silencieux et n&#8217;affecte pas le sommeil. Le four dot\u00e9 de la troisi\u00e8me g\u00e9n\u00e9ration de technologie de chauffage au quartz, protection automatique contre le n et la surchauffe, plus s\u00fbrCompact et l\u00e9ger : facile \u00e0 transporter, camping en plein air, peut \u00eatre utilis\u00e9 avec des voitures \u00e9lectriques, en fait un bon choix pour les activit\u00e9s hivernales en plein air | Power sourceCorded Electric | | Heating methodForced Air | Item weight2.04 Kilograms | | Heat output2000 Watts<\/p>","protected":false},"featured_media":0,"comment_status":"open","ping_status":"closed","template":"","meta":[],"product_brand":[],"product_cat":[2456],"product_tag":[],"class_list":{"0":"post-61682","1":"product","2":"type-product","3":"status-publish","5":"product_cat-cuisine","7":"first","8":"instock","9":"taxable","10":"shipping-taxable","11":"purchasable","12":"product-type-simple"},"jetpack_sharing_enabled":true,"_links":{"self":[{"href":"https:\/\/shoponlinedz.com\/en\/wp-json\/wp\/v2\/product\/61682","targetHints":{"allow":["GET"]}}],"collection":[{"href":"https:\/\/shoponlinedz.com\/en\/wp-json\/wp\/v2\/product"}],"about":[{"href":"https:\/\/shoponlinedz.com\/en\/wp-json\/wp\/v2\/types\/product"}],"replies":[{"embeddable":true,"href":"https:\/\/shoponlinedz.com\/en\/wp-json\/wp\/v2\/comments?post=61682"}],"version-history":[{"count":0,"href":"https:\/\/shoponlinedz.com\/en\/wp-json\/wp\/v2\/product\/61682\/revisions"}],"wp:attachment":[{"href":"https:\/\/shoponlinedz.com\/en\/wp-json\/wp\/v2\/media?parent=61682"}],"wp:term":[{"taxonomy":"product_brand","embeddable":true,"href":"https:\/\/shoponlinedz.com\/en\/wp-json\/wp\/v2\/product_brand?post=61682"},{"taxonomy":"product_cat","embeddable":true,"href":"https:\/\/shoponlinedz.com\/en\/wp-json\/wp\/v2\/product_cat?post=61682"},{"taxonomy":"product_tag","embeddable":true,"href":"https:\/\/shoponlinedz.com\/en\/wp-json\/wp\/v2\/product_tag?post=61682"}],"curies":[{"name":"wp","href":"https:\/\/api.w.org\/{rel}","templated":true}]}}