{"id":61676,"date":"2026-01-06T18:24:39","date_gmt":"2026-01-06T18:24:39","guid":{"rendered":"https:\/\/shoponlinedz.com\/product\/balance-de-cuisine-numerique-10kg-balance-de-cuisine-electronique-de-precision-1g\/"},"modified":"2026-02-16T16:40:21","modified_gmt":"2026-02-16T15:40:21","slug":"balance-de-cuisine-numerique-10kg-balance-de-cuisine-electronique-de-precision-1g","status":"publish","type":"product","link":"https:\/\/shoponlinedz.com\/en\/product\/balance-de-cuisine-numerique-10kg-balance-de-cuisine-electronique-de-precision-1g\/","title":{"rendered":"Balance de cuisine num\u00e9rique 10kg, Balance de cuisine \u00e9lectronique de pr\u00e9cision 1g"},"content":{"rendered":"<figure class=\"attachment attachment--preview\" data-trix-attachment=\"{&quot;contentType&quot;:&quot;image&quot;,&quot;height&quot;:1024,&quot;url&quot;:&quot;https:\/\/sawaqli.fra1.cdn.digitaloceanspaces.com\/11916\/189ddf11-a76e-420b-bdb6-f07002c76d7b.jpg&quot;,&quot;width&quot;:1024}\" data-trix-content-type=\"image\"><img decoding=\"async\" class=\"aligncenter\" src=\"https:\/\/sawaqli.fra1.cdn.digitaloceanspaces.com\/11916\/189ddf11-a76e-420b-bdb6-f07002c76d7b.jpg\" width=\"1024\" height=\"1024\" \/><figcaption class=\"attachment__caption\"><\/figcaption><\/figure>\n<figure class=\"attachment attachment--preview\" data-trix-attachment=\"{&quot;contentType&quot;:&quot;image&quot;,&quot;height&quot;:1024,&quot;url&quot;:&quot;https:\/\/sawaqli.fra1.cdn.digitaloceanspaces.com\/11917\/37e08231-5a42-4686-a829-d56a470167cf.jpg&quot;,&quot;width&quot;:1024}\" data-trix-content-type=\"image\"><img decoding=\"async\" class=\"aligncenter\" src=\"https:\/\/sawaqli.fra1.cdn.digitaloceanspaces.com\/11917\/37e08231-5a42-4686-a829-d56a470167cf.jpg\" width=\"1024\" height=\"1024\" \/><figcaption class=\"attachment__caption\"><\/figcaption><\/figure>\n<figure class=\"attachment attachment--preview\" data-trix-attachment=\"{&quot;contentType&quot;:&quot;image&quot;,&quot;height&quot;:1024,&quot;url&quot;:&quot;https:\/\/sawaqli.fra1.cdn.digitaloceanspaces.com\/11918\/634a113d-bb65-4308-8dc9-2de5fe2569f5.jpg&quot;,&quot;width&quot;:1024}\" data-trix-content-type=\"image\"><img decoding=\"async\" class=\"aligncenter\" src=\"https:\/\/sawaqli.fra1.cdn.digitaloceanspaces.com\/11918\/634a113d-bb65-4308-8dc9-2de5fe2569f5.jpg\" width=\"1024\" height=\"1024\" \/><figcaption class=\"attachment__caption\"><\/figcaption><\/figure>\n<figure class=\"attachment attachment--preview\" data-trix-attachment=\"{&quot;contentType&quot;:&quot;image&quot;,&quot;height&quot;:1024,&quot;url&quot;:&quot;https:\/\/sawaqli.fra1.cdn.digitaloceanspaces.com\/11919\/0f9e2e0e-757d-4b20-a050-29b5a115932d.jpg&quot;,&quot;width&quot;:1024}\" data-trix-content-type=\"image\"><img decoding=\"async\" class=\"aligncenter\" src=\"https:\/\/sawaqli.fra1.cdn.digitaloceanspaces.com\/11919\/0f9e2e0e-757d-4b20-a050-29b5a115932d.jpg\" width=\"1024\" height=\"1024\" \/><figcaption class=\"attachment__caption\"><\/figcaption><\/figure>\n<figure class=\"attachment attachment--preview\" data-trix-attachment=\"{&quot;contentType&quot;:&quot;image&quot;,&quot;height&quot;:1024,&quot;url&quot;:&quot;https:\/\/sawaqli.fra1.cdn.digitaloceanspaces.com\/11920\/e4a23003-d331-437c-bc30-e24a8c32fb87.jpg&quot;,&quot;width&quot;:1024}\" data-trix-content-type=\"image\"><img decoding=\"async\" class=\"aligncenter\" src=\"https:\/\/sawaqli.fra1.cdn.digitaloceanspaces.com\/11920\/e4a23003-d331-437c-bc30-e24a8c32fb87.jpg\" width=\"1024\" height=\"1024\" \/><figcaption class=\"attachment__caption\"><\/figcaption><\/figure>\n<p style=\"text-align: center;\">","protected":false},"excerpt":{"rendered":"<p>\u0645\u064a\u0632\u0627\u0646 \u0631\u0642\u0645\u064a \u062f\u0642\u064a\u0642\u0645\u0633\u062a\u0634\u0639\u0631 \u0639\u0627\u0644\u064a \u0627\u0644\u062f\u0642\u0629: \u0642\u0631\u0627\u0621\u0629 \u062f\u0642\u064a\u0642\u0629 \u062d\u062a\u0649 1 \u062c\u0631\u0627\u0645.\u0645\u062f\u0649 \u0627\u0644\u0648\u0632\u0646: 5 \u0643\u062c\u0645 \/ 10 \u0643\u062c\u0645.\u0648\u0638\u0627\u0626\u0641 \u0645\u062a\u0639\u062f\u062f\u0629: \u062a\u0635\u0641\u064a\u0631 \u064a\u062f\u0648\u064a\u060c \u0625\u064a\u0642\u0627\u0641 \u062a\u0644\u0642\u0627\u0626\u064a\u060c \u062a\u062d\u0648\u064a\u0644 \u0627\u0644\u0648\u062d\u062f\u0627\u062a.\u062a\u0646\u0628\u064a\u0647 \u0627\u0646\u062e\u0641\u0627\u0636 \u0627\u0644\u0628\u0637\u0627\u0631\u064a\u0629 \u0648\u0627\u0644\u062a\u062d\u0645\u064a\u0644 \u0627\u0644\u0632\u0627\u0626\u062f.\u0627\u0644\u062a\u063a\u0630\u064a\u0629: \u064a\u0639\u0645\u0644 \u0628\u0628\u0637\u0627\u0631\u064a\u062a\u064a\u0646 AAA (\u063a\u064a\u0631 \u0645\u0634\u0645\u0648\u0644\u062a\u064a\u0646).\u0627\u0644\u0634\u0627\u0634\u0629: LCD \u0648\u0627\u0636\u062d\u0629.\u0627\u0644\u0623\u0628\u0639\u0627\u062f: 22\u00d715\u00d73 \u0633\u0645.\u0645\u062d\u062a\u0648\u064a\u0627\u062a \u0627\u0644\u0639\u0628\u0648\u0629: 1\u00d7 \u0645\u064a\u0632\u0627\u0646 \u0625\u0644\u0643\u062a\u0631\u0648\u0646\u064a.<\/p>","protected":false},"featured_media":61675,"comment_status":"open","ping_status":"closed","template":"","meta":[],"product_brand":[],"product_cat":[2456],"product_tag":[],"class_list":{"0":"post-61676","1":"product","2":"type-product","3":"status-publish","4":"has-post-thumbnail","6":"product_cat-cuisine","8":"first","9":"instock","10":"taxable","11":"shipping-taxable","12":"purchasable","13":"product-type-simple"},"jetpack_sharing_enabled":true,"_links":{"self":[{"href":"https:\/\/shoponlinedz.com\/en\/wp-json\/wp\/v2\/product\/61676","targetHints":{"allow":["GET"]}}],"collection":[{"href":"https:\/\/shoponlinedz.com\/en\/wp-json\/wp\/v2\/product"}],"about":[{"href":"https:\/\/shoponlinedz.com\/en\/wp-json\/wp\/v2\/types\/product"}],"replies":[{"embeddable":true,"href":"https:\/\/shoponlinedz.com\/en\/wp-json\/wp\/v2\/comments?post=61676"}],"version-history":[{"count":0,"href":"https:\/\/shoponlinedz.com\/en\/wp-json\/wp\/v2\/product\/61676\/revisions"}],"wp:featuredmedia":[{"embeddable":true,"href":"https:\/\/shoponlinedz.com\/en\/wp-json\/wp\/v2\/media\/61675"}],"wp:attachment":[{"href":"https:\/\/shoponlinedz.com\/en\/wp-json\/wp\/v2\/media?parent=61676"}],"wp:term":[{"taxonomy":"product_brand","embeddable":true,"href":"https:\/\/shoponlinedz.com\/en\/wp-json\/wp\/v2\/product_brand?post=61676"},{"taxonomy":"product_cat","embeddable":true,"href":"https:\/\/shoponlinedz.com\/en\/wp-json\/wp\/v2\/product_cat?post=61676"},{"taxonomy":"product_tag","embeddable":true,"href":"https:\/\/shoponlinedz.com\/en\/wp-json\/wp\/v2\/product_tag?post=61676"}],"curies":[{"name":"wp","href":"https:\/\/api.w.org\/{rel}","templated":true}]}}