{"id":61643,"date":"2026-01-06T18:22:23","date_gmt":"2026-01-06T18:22:23","guid":{"rendered":"https:\/\/shoponlinedz.com\/product\/console-de-jeu-video-retro-avec-15000-jeux-integres-2-manette-sans-fil-4k-hdmi\/"},"modified":"2026-02-16T16:40:22","modified_gmt":"2026-02-16T15:40:22","slug":"console-de-jeu-video-retro-avec-15000-jeux-integres-2-manette-sans-fil-4k-hdmi","status":"publish","type":"product","link":"https:\/\/shoponlinedz.com\/en\/product\/console-de-jeu-video-retro-avec-15000-jeux-integres-2-manette-sans-fil-4k-hdmi\/","title":{"rendered":"Console de jeu vid\u00e9o r\u00e9tro avec 15000 jeux int\u00e9gr\u00e9s +2 manette sans fil 4K HDMI"},"content":{"rendered":"<figure class=\"attachment attachment--preview\" data-trix-attachment=\"{&quot;contentType&quot;:&quot;image&quot;,&quot;height&quot;:1024,&quot;url&quot;:&quot;https:\/\/sawaqli.fra1.cdn.digitaloceanspaces.com\/12021\/game-stick-4k.jpg&quot;,&quot;width&quot;:1024}\" data-trix-content-type=\"image\"><img decoding=\"async\" class=\"aligncenter\" src=\"https:\/\/sawaqli.fra1.cdn.digitaloceanspaces.com\/12021\/game-stick-4k.jpg\" width=\"1024\" height=\"1024\" \/><figcaption class=\"attachment__caption\"><\/figcaption><\/figure>\n<figure class=\"attachment attachment--preview\" data-trix-attachment=\"{&quot;contentType&quot;:&quot;image&quot;,&quot;height&quot;:1024,&quot;url&quot;:&quot;https:\/\/sawaqli.fra1.cdn.digitaloceanspaces.com\/12022\/H3f124521f3504a6ba808a89d999968f18-1.jpg&quot;,&quot;width&quot;:1024}\" data-trix-content-type=\"image\"><img decoding=\"async\" class=\"aligncenter\" src=\"https:\/\/sawaqli.fra1.cdn.digitaloceanspaces.com\/12022\/H3f124521f3504a6ba808a89d999968f18-1.jpg\" width=\"1024\" height=\"1024\" \/><figcaption class=\"attachment__caption\"><\/figcaption><\/figure>\n<figure class=\"attachment attachment--preview\" data-trix-attachment=\"{&quot;contentType&quot;:&quot;image&quot;,&quot;height&quot;:1024,&quot;url&quot;:&quot;https:\/\/sawaqli.fra1.cdn.digitaloceanspaces.com\/12023\/WhatsApp-Image-2023-03-18-at-5.27.17-PM-1.jpeg&quot;,&quot;width&quot;:1024}\" data-trix-content-type=\"image\"><img decoding=\"async\" class=\"aligncenter\" src=\"https:\/\/sawaqli.fra1.cdn.digitaloceanspaces.com\/12023\/WhatsApp-Image-2023-03-18-at-5.27.17-PM-1.jpeg\" width=\"1024\" height=\"1024\" \/><figcaption class=\"attachment__caption\"><\/figcaption><\/figure>\n<figure class=\"attachment attachment--preview\" data-trix-attachment=\"{&quot;contentType&quot;:&quot;image&quot;,&quot;height&quot;:1024,&quot;url&quot;:&quot;https:\/\/sawaqli.fra1.cdn.digitaloceanspaces.com\/12024\/WhatsApp-Image-2023-03-18-at-5.27.18-PM.jpeg&quot;,&quot;width&quot;:1024}\" data-trix-content-type=\"image\"><img decoding=\"async\" class=\"aligncenter\" src=\"https:\/\/sawaqli.fra1.cdn.digitaloceanspaces.com\/12024\/WhatsApp-Image-2023-03-18-at-5.27.18-PM.jpeg\" width=\"1024\" height=\"1024\" \/><figcaption class=\"attachment__caption\"><\/figcaption><\/figure>\n<figure class=\"attachment attachment--preview\" data-trix-attachment=\"{&quot;contentType&quot;:&quot;image&quot;,&quot;height&quot;:1024,&quot;url&quot;:&quot;https:\/\/sawaqli.fra1.cdn.digitaloceanspaces.com\/12025\/S62e13a6e9d344dcfae466aa1f02ed8357-1.jpg&quot;,&quot;width&quot;:1024}\" data-trix-content-type=\"image\"><img decoding=\"async\" class=\"aligncenter\" src=\"https:\/\/sawaqli.fra1.cdn.digitaloceanspaces.com\/12025\/S62e13a6e9d344dcfae466aa1f02ed8357-1.jpg\" width=\"1024\" height=\"1024\" \/><figcaption class=\"attachment__caption\"><\/figcaption><\/figure>\n<p style=\"text-align: center;\">","protected":false},"excerpt":{"rendered":"<p>\u062c\u0647\u0627\u0632 \u0623\u0644\u0639\u0627\u0628 \u062a\u0644\u0641\u0632\u064a\u0648\u0646\u064a \u0644\u0627\u0633\u0644\u0643\u064a\u062a\u0631\u0642\u064a\u0629 \u0627\u0644\u0634\u0631\u064a\u062d\u0629 \u0627\u0644\u0630\u0643\u064a\u0629: \u064a\u062d\u062a\u0648\u064a \u0639\u0644\u0649 \u0623\u0643\u062b\u0631 \u0645\u0646 15000 \u0644\u0639\u0628\u0629 \u06489 \u0645\u062d\u0627\u0643\u064a\u0627\u062a\u060c \u0645\u0639 \u0628\u0637\u0627\u0642\u0629 64GB.\u064a\u062f \u062a\u062d\u0643\u0645 \u0644\u0627\u0633\u0644\u0643\u064a\u0629 2.4GHz: \u062f\u0639\u0645 \u0627\u0644\u0644\u0639\u0628 \u0627\u0644\u062b\u0646\u0627\u0626\u064a \u062f\u0648\u0646 \u062a\u0623\u062e\u064a\u0631 \u062d\u062a\u0649 \u0645\u0633\u0627\u0641\u0629 10 \u0623\u0645\u062a\u0627\u0631.\u062f\u0639\u0645 \u0645\u062e\u0631\u062c HDMI: \u062c\u0648\u062f\u0629 \u0635\u0648\u0631\u0629 HD 1080P \u0644\u0644\u0627\u0633\u062a\u0645\u062a\u0627\u0639 \u0628\u0627\u0644\u0623\u0644\u0639\u0627\u0628 \u0639\u0644\u0649 \u0627\u0644\u0634\u0627\u0634\u0629 \u0627\u0644\u0643\u0628\u064a\u0631\u0629.\u062a\u0635\u0645\u064a\u0645 \u0635\u063a\u064a\u0631 \u0648\u062e\u0641\u064a\u0641: \u0637\u0648\u0644 102 \u0645\u0645\u060c \u0648\u0632\u0646 30 \u063a\u0631\u0627\u0645 \u0641\u0642\u0637\u060c \u0633\u0647\u0644 \u0627\u0644\u062d\u0645\u0644.\u0623\u0641\u0636\u0644 \u0647\u062f\u064a\u0629: \u0645\u062b\u0627\u0644\u064a\u0629 \u0644\u0645\u062d\u0628\u064a \u0627\u0644\u0623\u0644\u0639\u0627\u0628 \u0627\u0644\u0643\u0644\u0627\u0633\u064a\u0643\u064a\u0629 \u0648\u0627\u0644\u0639\u0627\u0626\u0644\u064a\u0629.\u0645\u062d\u062a\u0648\u064a\u0627\u062a \u0627\u0644\u0639\u0628\u0648\u0629:1\u00d7 \u062c\u0647\u0627\u0632 \u0623\u0644\u0639\u0627\u06282\u00d7 \u064a\u062f \u062a\u062d\u0643\u06451\u00d7 \u0643\u0627\u0628\u0644 \u0637\u0627\u0642\u06291\u00d7 \u0643\u0627\u0628\u0644 HDMI1\u00d7 \u0645\u0633\u062a\u0642\u0628\u0644 USB1\u00d7 \u062f\u0644\u064a\u0644 \u0627\u0644\u0645\u0633\u062a\u062e\u062f\u0645<\/p>","protected":false},"featured_media":61642,"comment_status":"open","ping_status":"closed","template":"","meta":[],"product_brand":[],"product_cat":[2459],"product_tag":[],"class_list":{"0":"post-61643","1":"product","2":"type-product","3":"status-publish","4":"has-post-thumbnail","6":"product_cat-jouet-gaming","8":"first","9":"instock","10":"taxable","11":"shipping-taxable","12":"purchasable","13":"product-type-simple"},"jetpack_sharing_enabled":true,"_links":{"self":[{"href":"https:\/\/shoponlinedz.com\/en\/wp-json\/wp\/v2\/product\/61643","targetHints":{"allow":["GET"]}}],"collection":[{"href":"https:\/\/shoponlinedz.com\/en\/wp-json\/wp\/v2\/product"}],"about":[{"href":"https:\/\/shoponlinedz.com\/en\/wp-json\/wp\/v2\/types\/product"}],"replies":[{"embeddable":true,"href":"https:\/\/shoponlinedz.com\/en\/wp-json\/wp\/v2\/comments?post=61643"}],"version-history":[{"count":0,"href":"https:\/\/shoponlinedz.com\/en\/wp-json\/wp\/v2\/product\/61643\/revisions"}],"wp:featuredmedia":[{"embeddable":true,"href":"https:\/\/shoponlinedz.com\/en\/wp-json\/wp\/v2\/media\/61642"}],"wp:attachment":[{"href":"https:\/\/shoponlinedz.com\/en\/wp-json\/wp\/v2\/media?parent=61643"}],"wp:term":[{"taxonomy":"product_brand","embeddable":true,"href":"https:\/\/shoponlinedz.com\/en\/wp-json\/wp\/v2\/product_brand?post=61643"},{"taxonomy":"product_cat","embeddable":true,"href":"https:\/\/shoponlinedz.com\/en\/wp-json\/wp\/v2\/product_cat?post=61643"},{"taxonomy":"product_tag","embeddable":true,"href":"https:\/\/shoponlinedz.com\/en\/wp-json\/wp\/v2\/product_tag?post=61643"}],"curies":[{"name":"wp","href":"https:\/\/api.w.org\/{rel}","templated":true}]}}